{"id":16460,"date":"2021-04-18T16:48:17","date_gmt":"2021-04-18T15:48:17","guid":{"rendered":"https:\/\/mamaterra.lt\/parduotuve\/uncategorized\/havajiesu-sandalkoks-pure-doterra-eteriska-ella-5ml\/"},"modified":"2021-04-18T16:48:17","modified_gmt":"2021-04-18T15:48:17","slug":"havaju-salas-sandalkoka-tyras-doterra-essential-oil-5ml","status":"publish","type":"product","link":"https:\/\/mamaterra.lt\/lv\/parduotuve\/eteriskas-ellas\/tiras-eteriskas-ellas\/havaju-salas-sandalkoka-tyras-doterra-essential-oil-5ml\/","title":{"rendered":"HAVAJIE\u0160U SANDALKOKS Pure doTERRA \u0113terisk\u0101 e\u013c\u013ca 5ml"},"content":{"rendered":"<p><strong>HAVAJIE\u0160U SANDALKOKA \u0113terisk\u0101 e\u013c\u013ca Pure doTERRA<\/strong><\/p>\n<p>Santalum paniculatum | 5ml<\/p>\n<p>&nbsp;<\/p>\n<p><strong>HAVAJIE\u0160U SANDALKOKS Pure doTERRA \u0113terisk\u0101 e\u013c\u013ca Apraksts:<\/strong><\/p>\n<p>DoTERRA Havaju salu santalkoka \u0113teriskajai e\u013c\u013cai, kas ieg\u016bta no atjaunojamiem avotiem Havaju sal\u0101s, ir da\u017e\u0101das labv\u0113l\u012bgas \u012bpa\u0161\u012bbas.<\/p>\n<ul>\n<li>Pal\u012bdz uzlabot \u0101das un matu izskatu<\/li>\n<li>Zem\u0113juma un pac\u0113luma efekts<\/li>\n<li>Uzlabo garast\u0101vokli<\/li>\n<\/ul>\n<p>&nbsp;<\/p>\n<p>Vair\u0101k par <strong>HAVAJIE\u0160U SANDALKOKS<\/strong> <strong> <\/strong><strong>doTERRA<\/strong><strong> <\/strong><strong>\u0112terisko e\u013c\u013cu <\/strong>atrad\u012bsit t\u0101l\u0101k redzamaj\u0101 videoklip\u0101.<\/p>\n<p><iframe title=\"\"Iliahi (Havaju salu sandalkoka) \u0113terisk\u0101 e\u013c\u013ca no skaist\u0101m Havaju sal\u0101m | Aiz pudeles\" src=\"https:\/\/www.youtube.com\/embed\/ku3VKtJ88nM\" width=\"853\" height=\"480\" frameborder=\"0\" allowfullscreen=\"allowfullscreen\"><\/iframe><\/p>\n","protected":false},"excerpt":{"rendered":"<ul>\n<li>Pal\u012bdz uzlabot \u0101das un matu izskatu<\/li>\n<li>Zem\u0113juma un pac\u0113luma efekts<\/li>\n<li>Uzlabo garast\u0101vokli<\/li>\n<\/ul>\n","protected":false},"featured_media":11530,"template":"","meta":{"site-sidebar-layout":"default","site-content-layout":"default","ast-site-content-layout":"default","site-content-style":"default","site-sidebar-style":"default","ast-global-header-display":"","ast-banner-title-visibility":"","ast-main-header-display":"","ast-hfb-above-header-display":"","ast-hfb-below-header-display":"","ast-hfb-mobile-header-display":"","site-post-title":"","ast-breadcrumbs-content":"","ast-featured-img":"","footer-sml-layout":"","ast-disable-related-posts":"","theme-transparent-header-meta":"default","adv-header-id-meta":"","stick-header-meta":"","header-above-stick-meta":"","header-main-stick-meta":"","header-below-stick-meta":"","astra-migrate-meta-layouts":"default","ast-page-background-enabled":"default","ast-page-background-meta":{"desktop":{"background-color":"","background-image":"","background-repeat":"repeat","background-position":"center center","background-size":"auto","background-attachment":"scroll","background-type":"","background-media":"","overlay-type":"","overlay-color":"","overlay-opacity":"","overlay-gradient":""},"tablet":{"background-color":"","background-image":"","background-repeat":"repeat","background-position":"center center","background-size":"auto","background-attachment":"scroll","background-type":"","background-media":"","overlay-type":"","overlay-color":"","overlay-opacity":"","overlay-gradient":""},"mobile":{"background-color":"","background-image":"","background-repeat":"repeat","background-position":"center center","background-size":"auto","background-attachment":"scroll","background-type":"","background-media":"","overlay-type":"","overlay-color":"","overlay-opacity":"","overlay-gradient":""}},"ast-content-background-meta":{"desktop":{"background-color":"var(--ast-global-color-5)","background-image":"","background-repeat":"repeat","background-position":"center center","background-size":"auto","background-attachment":"scroll","background-type":"","background-media":"","overlay-type":"","overlay-color":"","overlay-opacity":"","overlay-gradient":""},"tablet":{"background-color":"var(--ast-global-color-5)","background-image":"","background-repeat":"repeat","background-position":"center center","background-size":"auto","background-attachment":"scroll","background-type":"","background-media":"","overlay-type":"","overlay-color":"","overlay-opacity":"","overlay-gradient":""},"mobile":{"background-color":"var(--ast-global-color-5)","background-image":"","background-repeat":"repeat","background-position":"center center","background-size":"auto","background-attachment":"scroll","background-type":"","background-media":"","overlay-type":"","overlay-color":"","overlay-opacity":"","overlay-gradient":""}}},"product_brand":[],"product_cat":[600,604,613,602],"product_tag":[677,631,1183],"class_list":{"0":"post-16460","1":"product","2":"type-product","3":"status-publish","4":"has-post-thumbnail","6":"product_cat-eteriskas-ellas","7":"product_cat-higiena-un-adas-kopsana","8":"product_cat-miegam","9":"product_cat-tiras-eteriskas-ellas","10":"product_tag-5-ml-lv","11":"product_tag-eteriskas-ellas","12":"product_tag-hawaiian-sandalwood-lv","13":"desktop-align-left","14":"tablet-align-left","15":"mobile-align-left","17":"first","18":"instock","19":"sale","20":"taxable","21":"shipping-taxable","22":"purchasable","23":"product-type-simple"},"_links":{"self":[{"href":"https:\/\/mamaterra.lt\/lv\/wp-json\/wp\/v2\/product\/16460","targetHints":{"allow":["GET"]}}],"collection":[{"href":"https:\/\/mamaterra.lt\/lv\/wp-json\/wp\/v2\/product"}],"about":[{"href":"https:\/\/mamaterra.lt\/lv\/wp-json\/wp\/v2\/types\/product"}],"wp:featuredmedia":[{"embeddable":true,"href":"https:\/\/mamaterra.lt\/lv\/wp-json\/wp\/v2\/media\/11530"}],"wp:attachment":[{"href":"https:\/\/mamaterra.lt\/lv\/wp-json\/wp\/v2\/media?parent=16460"}],"wp:term":[{"taxonomy":"product_brand","embeddable":true,"href":"https:\/\/mamaterra.lt\/lv\/wp-json\/wp\/v2\/product_brand?post=16460"},{"taxonomy":"product_cat","embeddable":true,"href":"https:\/\/mamaterra.lt\/lv\/wp-json\/wp\/v2\/product_cat?post=16460"},{"taxonomy":"product_tag","embeddable":true,"href":"https:\/\/mamaterra.lt\/lv\/wp-json\/wp\/v2\/product_tag?post=16460"}],"curies":[{"name":"wp","href":"https:\/\/api.w.org\/{rel}","templated":true}]}}