{"id":16456,"date":"2021-04-18T16:46:04","date_gmt":"2021-04-18T15:46:04","guid":{"rendered":"https:\/\/mamaterra.lt\/parduotuve\/uncategorized\/roza-pipari-tira-doterra-eteriska-ella-5ml\/"},"modified":"2021-04-18T16:46:04","modified_gmt":"2021-04-18T15:46:04","slug":"roza-pipari-tirs-doterra-eteriska-ella-5ml","status":"publish","type":"product","link":"https:\/\/mamaterra.lt\/lv\/parduotuve\/eteriskas-ellas\/tiras-eteriskas-ellas\/roza-pipari-tirs-doterra-eteriska-ella-5ml\/","title":{"rendered":"ROZ\u0100 PIPARI T\u012bra doTERRA \u0113terisk\u0101 e\u013c\u013ca 5ml"},"content":{"rendered":"<p><strong>ROZ\u0100 PIPARI T\u012bra doTERRA \u0113terisk\u0101 e\u013c\u013ca<\/strong><\/p>\n<p>Schinus molle | 5ml<\/p>\n<p>&nbsp;<\/p>\n<p><strong>PINK PEPPER Pure doTERRA \u0113terisk\u0101 e\u013c\u013ca Apraksts:<\/strong><\/p>\n<p>Roz\u0101 piparu \u0113terisk\u0101 e\u013c\u013ca tiek destil\u0113ta no roz\u0101 piparu koka, ko inki uzskat\u012bja par sv\u0113tu koku.<\/p>\n<ul>\n<li>Sajaucot vienu vai divus pilienus ar doTERRA frakcion\u0113tu kokosriekstu e\u013c\u013cu, j\u016bs izveidosiet lielisku l\u012bdzekli s\u0101pju mazin\u0101\u0161anai<\/li>\n<li>Nodro\u0161ina modr\u012bbu<\/li>\n<li>Ar roz\u0101 piparu \u0113terisko e\u013c\u013cu j\u016bs varat aromatiz\u0113t p\u0101rtiku, nevis melnos piparus<\/li>\n<\/ul>\n<p>&nbsp;<\/p>\n<p>Vair\u0101k par <strong>PINK PEPPER<\/strong><strong> <\/strong><strong>doTERRA<\/strong><strong> <\/strong><strong>\u0112terisko e\u013c\u013cu <\/strong>atrad\u012bsit t\u0101l\u0101k redzamaj\u0101 videoklip\u0101.<\/p>\n<p><iframe title=\"doTERRA roz\u0101 piparu \u0113terisk\u0101s e\u013c\u013cas \u0101trie padomi\" src=\"https:\/\/www.youtube.com\/embed\/k9BfDZaNPlw\" width=\"853\" height=\"480\" frameborder=\"0\" allowfullscreen=\"allowfullscreen\"><\/iframe><\/p>\n","protected":false},"excerpt":{"rendered":"<ul>\n<li>Sajaucot vienu vai divus pilienus ar doTERRA frakcion\u0113tu kokosriekstu e\u013c\u013cu, j\u016bs izveidosiet lielisku l\u012bdzekli s\u0101pju mazin\u0101\u0161anai<\/li>\n<li>Nodro\u0161ina modr\u012bbu<\/li>\n<li>Ar roz\u0101 piparu \u0113terisko e\u013c\u013cu j\u016bs varat aromatiz\u0113t p\u0101rtiku, nevis melnos piparus<\/li>\n<\/ul>\n","protected":false},"featured_media":11420,"template":"","meta":{"site-sidebar-layout":"default","site-content-layout":"default","ast-site-content-layout":"default","site-content-style":"default","site-sidebar-style":"default","ast-global-header-display":"","ast-banner-title-visibility":"","ast-main-header-display":"","ast-hfb-above-header-display":"","ast-hfb-below-header-display":"","ast-hfb-mobile-header-display":"","site-post-title":"","ast-breadcrumbs-content":"","ast-featured-img":"","footer-sml-layout":"","ast-disable-related-posts":"","theme-transparent-header-meta":"default","adv-header-id-meta":"","stick-header-meta":"","header-above-stick-meta":"","header-main-stick-meta":"","header-below-stick-meta":"","astra-migrate-meta-layouts":"default","ast-page-background-enabled":"default","ast-page-background-meta":{"desktop":{"background-color":"","background-image":"","background-repeat":"repeat","background-position":"center center","background-size":"auto","background-attachment":"scroll","background-type":"","background-media":"","overlay-type":"","overlay-color":"","overlay-opacity":"","overlay-gradient":""},"tablet":{"background-color":"","background-image":"","background-repeat":"repeat","background-position":"center center","background-size":"auto","background-attachment":"scroll","background-type":"","background-media":"","overlay-type":"","overlay-color":"","overlay-opacity":"","overlay-gradient":""},"mobile":{"background-color":"","background-image":"","background-repeat":"repeat","background-position":"center center","background-size":"auto","background-attachment":"scroll","background-type":"","background-media":"","overlay-type":"","overlay-color":"","overlay-opacity":"","overlay-gradient":""}},"ast-content-background-meta":{"desktop":{"background-color":"var(--ast-global-color-5)","background-image":"","background-repeat":"repeat","background-position":"center center","background-size":"auto","background-attachment":"scroll","background-type":"","background-media":"","overlay-type":"","overlay-color":"","overlay-opacity":"","overlay-gradient":""},"tablet":{"background-color":"var(--ast-global-color-5)","background-image":"","background-repeat":"repeat","background-position":"center center","background-size":"auto","background-attachment":"scroll","background-type":"","background-media":"","overlay-type":"","overlay-color":"","overlay-opacity":"","overlay-gradient":""},"mobile":{"background-color":"var(--ast-global-color-5)","background-image":"","background-repeat":"repeat","background-position":"center center","background-size":"auto","background-attachment":"scroll","background-type":"","background-media":"","overlay-type":"","overlay-color":"","overlay-opacity":"","overlay-gradient":""}}},"product_brand":[],"product_cat":[600,602],"product_tag":[677,631,1008],"class_list":{"0":"post-16456","1":"product","2":"type-product","3":"status-publish","4":"has-post-thumbnail","6":"product_cat-eteriskas-ellas","7":"product_cat-tiras-eteriskas-ellas","8":"product_tag-5-ml-lv","9":"product_tag-eteriskas-ellas","10":"product_tag-pink-pepper-lv","11":"desktop-align-left","12":"tablet-align-left","13":"mobile-align-left","15":"first","16":"instock","17":"sale","18":"taxable","19":"shipping-taxable","20":"purchasable","21":"product-type-simple"},"_links":{"self":[{"href":"https:\/\/mamaterra.lt\/lv\/wp-json\/wp\/v2\/product\/16456","targetHints":{"allow":["GET"]}}],"collection":[{"href":"https:\/\/mamaterra.lt\/lv\/wp-json\/wp\/v2\/product"}],"about":[{"href":"https:\/\/mamaterra.lt\/lv\/wp-json\/wp\/v2\/types\/product"}],"wp:featuredmedia":[{"embeddable":true,"href":"https:\/\/mamaterra.lt\/lv\/wp-json\/wp\/v2\/media\/11420"}],"wp:attachment":[{"href":"https:\/\/mamaterra.lt\/lv\/wp-json\/wp\/v2\/media?parent=16456"}],"wp:term":[{"taxonomy":"product_brand","embeddable":true,"href":"https:\/\/mamaterra.lt\/lv\/wp-json\/wp\/v2\/product_brand?post=16456"},{"taxonomy":"product_cat","embeddable":true,"href":"https:\/\/mamaterra.lt\/lv\/wp-json\/wp\/v2\/product_cat?post=16456"},{"taxonomy":"product_tag","embeddable":true,"href":"https:\/\/mamaterra.lt\/lv\/wp-json\/wp\/v2\/product_tag?post=16456"}],"curies":[{"name":"wp","href":"https:\/\/api.w.org\/{rel}","templated":true}]}}