{"id":16455,"date":"2021-04-18T16:43:53","date_gmt":"2021-04-18T15:43:53","guid":{"rendered":"https:\/\/mamaterra.lt\/parduotuve\/uncategorized\/oregano-pure-doterra-eteriska-ella-15ml\/"},"modified":"2021-04-18T16:43:53","modified_gmt":"2021-04-18T15:43:53","slug":"oregano-pure-doterra-essential-oil-15ml","status":"publish","type":"product","link":"https:\/\/mamaterra.lt\/lv\/parduotuve\/eteriskas-ellas\/tiras-eteriskas-ellas\/oregano-pure-doterra-essential-oil-15ml\/","title":{"rendered":"OREGANO Pure doTERRA \u0113terisk\u0101 e\u013c\u013ca 15ml"},"content":{"rendered":"<p><strong>OREGANO Pure doTERRA \u0113terisk\u0101 e\u013c\u013ca<\/strong><\/p>\n<p>Origanum vulgare | 15ml<\/p>\n<p>&nbsp;<\/p>\n<p><strong>OREGANO Pure doTERRA \u0113terisk\u0101s e\u013c\u013cas apraksts:<\/strong><\/p>\n<p>Oregano \u0113teriskajai e\u013c\u013cai, kas ieg\u016bta no oregano lap\u0101m, ir daudz tradicion\u0101lu un modernu lietojumu.<\/p>\n<ul>\n<li>Pikanta, z\u0101laugu p\u0101rtikas gar\u0161viela<\/li>\n<li>Pie\u0161\u0137ir \u0101dai sildo\u0161u saj\u016btu (pirms e\u013c\u013cas uzkl\u0101\u0161anas uz \u0101das vienm\u0113r at\u0161\u0137aidiet to ar b\u0101zes e\u013c\u013cu)<\/li>\n<\/ul>\n<p>&nbsp;<\/p>\n<p>Vair\u0101k inform\u0101cijas par <strong>oregano <\/strong><strong>doTERRA<\/strong><strong> <\/strong><strong>\u0112terisko e\u013c\u013cu <\/strong>atrad\u012bsit t\u0101l\u0101k redzamaj\u0101 videoklip\u0101.<\/p>\n<p><iframe title=\"doTERRA\u00ae Oregano e\u013c\u013cas izmanto\u0161ana un priek\u0161roc\u012bbas\" src=\"https:\/\/www.youtube.com\/embed\/uOh4CyEy2hU\" width=\"853\" height=\"480\" frameborder=\"0\" allowfullscreen=\"allowfullscreen\"><\/iframe><\/p>\n","protected":false},"excerpt":{"rendered":"<ul>\n<li>Pikanta, z\u0101laugu p\u0101rtikas gar\u0161viela<\/li>\n<li>Pie\u0161\u0137ir \u0101dai sildo\u0161u saj\u016btu (pirms e\u013c\u013cas uzkl\u0101\u0161anas uz \u0101das vienm\u0113r at\u0161\u0137aidiet to ar b\u0101zes e\u013c\u013cu)<\/li>\n<\/ul>\n","protected":false},"featured_media":11496,"template":"","meta":{"site-sidebar-layout":"default","site-content-layout":"default","ast-site-content-layout":"default","site-content-style":"default","site-sidebar-style":"default","ast-global-header-display":"","ast-banner-title-visibility":"","ast-main-header-display":"","ast-hfb-above-header-display":"","ast-hfb-below-header-display":"","ast-hfb-mobile-header-display":"","site-post-title":"","ast-breadcrumbs-content":"","ast-featured-img":"","footer-sml-layout":"","ast-disable-related-posts":"","theme-transparent-header-meta":"default","adv-header-id-meta":"","stick-header-meta":"","header-above-stick-meta":"","header-main-stick-meta":"","header-below-stick-meta":"","astra-migrate-meta-layouts":"default","ast-page-background-enabled":"default","ast-page-background-meta":{"desktop":{"background-color":"","background-image":"","background-repeat":"repeat","background-position":"center center","background-size":"auto","background-attachment":"scroll","background-type":"","background-media":"","overlay-type":"","overlay-color":"","overlay-opacity":"","overlay-gradient":""},"tablet":{"background-color":"","background-image":"","background-repeat":"repeat","background-position":"center center","background-size":"auto","background-attachment":"scroll","background-type":"","background-media":"","overlay-type":"","overlay-color":"","overlay-opacity":"","overlay-gradient":""},"mobile":{"background-color":"","background-image":"","background-repeat":"repeat","background-position":"center center","background-size":"auto","background-attachment":"scroll","background-type":"","background-media":"","overlay-type":"","overlay-color":"","overlay-opacity":"","overlay-gradient":""}},"ast-content-background-meta":{"desktop":{"background-color":"var(--ast-global-color-5)","background-image":"","background-repeat":"repeat","background-position":"center center","background-size":"auto","background-attachment":"scroll","background-type":"","background-media":"","overlay-type":"","overlay-color":"","overlay-opacity":"","overlay-gradient":""},"tablet":{"background-color":"var(--ast-global-color-5)","background-image":"","background-repeat":"repeat","background-position":"center center","background-size":"auto","background-attachment":"scroll","background-type":"","background-media":"","overlay-type":"","overlay-color":"","overlay-opacity":"","overlay-gradient":""},"mobile":{"background-color":"var(--ast-global-color-5)","background-image":"","background-repeat":"repeat","background-position":"center center","background-size":"auto","background-attachment":"scroll","background-type":"","background-media":"","overlay-type":"","overlay-color":"","overlay-opacity":"","overlay-gradient":""}}},"product_brand":[],"product_cat":[600,617,610,602],"product_tag":[676,631,1064],"class_list":{"0":"post-16455","1":"product","2":"type-product","3":"status-publish","4":"has-post-thumbnail","6":"product_cat-eteriskas-ellas","7":"product_cat-gaisa-attirisana","8":"product_cat-imunitates-stiprinasanai","9":"product_cat-tiras-eteriskas-ellas","10":"product_tag-15-ml-lv","11":"product_tag-eteriskas-ellas","12":"product_tag-oregano-lv","13":"desktop-align-left","14":"tablet-align-left","15":"mobile-align-left","17":"first","18":"instock","19":"sale","20":"taxable","21":"shipping-taxable","22":"purchasable","23":"product-type-simple"},"_links":{"self":[{"href":"https:\/\/mamaterra.lt\/lv\/wp-json\/wp\/v2\/product\/16455","targetHints":{"allow":["GET"]}}],"collection":[{"href":"https:\/\/mamaterra.lt\/lv\/wp-json\/wp\/v2\/product"}],"about":[{"href":"https:\/\/mamaterra.lt\/lv\/wp-json\/wp\/v2\/types\/product"}],"wp:featuredmedia":[{"embeddable":true,"href":"https:\/\/mamaterra.lt\/lv\/wp-json\/wp\/v2\/media\/11496"}],"wp:attachment":[{"href":"https:\/\/mamaterra.lt\/lv\/wp-json\/wp\/v2\/media?parent=16455"}],"wp:term":[{"taxonomy":"product_brand","embeddable":true,"href":"https:\/\/mamaterra.lt\/lv\/wp-json\/wp\/v2\/product_brand?post=16455"},{"taxonomy":"product_cat","embeddable":true,"href":"https:\/\/mamaterra.lt\/lv\/wp-json\/wp\/v2\/product_cat?post=16455"},{"taxonomy":"product_tag","embeddable":true,"href":"https:\/\/mamaterra.lt\/lv\/wp-json\/wp\/v2\/product_tag?post=16455"}],"curies":[{"name":"wp","href":"https:\/\/api.w.org\/{rel}","templated":true}]}}