{"id":16448,"date":"2021-04-18T16:44:37","date_gmt":"2021-04-18T15:44:37","guid":{"rendered":"https:\/\/mamaterra.lt\/parduotuve\/uncategorized\/piparmetru-tira-doterra-eteriska-ella-15ml\/"},"modified":"2021-04-18T16:44:37","modified_gmt":"2021-04-18T15:44:37","slug":"piparmetru-tirais-doterra-eteriska-ella-15ml","status":"publish","type":"product","link":"https:\/\/mamaterra.lt\/lv\/parduotuve\/eteriskas-ellas\/tiras-eteriskas-ellas\/piparmetru-tirais-doterra-eteriska-ella-15ml\/","title":{"rendered":"PIPARM\u0112TRU t\u012br\u0101 doTERRA \u0113terisk\u0101 e\u013c\u013ca 15ml"},"content":{"rendered":"<p><strong>PIPARM\u0112TRU t\u012br\u0101 doTERRA \u0113terisk\u0101 e\u013c\u013ca<\/strong><\/p>\n<p>Mentha piperita | 15ml<\/p>\n<p>&nbsp;<\/p>\n<p><strong>PEPPERMINT Pure doTERRA \u0113terisk\u0101s e\u013c\u013cas apraksts:<\/strong><\/p>\n<p>Vienai no popul\u0101r\u0101kaj\u0101m \u2013 piparm\u0113tru \u0113teriskajai e\u013c\u013cai ir daudz labv\u0113l\u012bgu \u012bpa\u0161\u012bbu.<\/p>\n<ul>\n<li>Pie\u0161\u0137ir jutek\u013ciem sparu un asumu<\/li>\n<li>Mazina nepat\u012bkamu saj\u016btu ku\u0146\u0123\u012b<\/li>\n<li>Bie\u017ei pievieno zobu pastai un ko\u0161\u013c\u0101jamai gumijai mutes dobuma kop\u0161anai<\/li>\n<\/ul>\n<p>&nbsp;<\/p>\n<p>Vair\u0101k par<strong> PIPARM\u0112TRU<\/strong><strong>doTERRA<\/strong><strong> <\/strong><strong>\u0112terisko e\u013c\u013cu <\/strong>atrad\u012bsit t\u0101l\u0101k redzamaj\u0101 videoklip\u0101.<\/p>\n<p><iframe title=\"doTERRA\u00ae piparm\u0113tru e\u013c\u013cas izmanto\u0161ana un priek\u0161roc\u012bbas\" src=\"https:\/\/www.youtube.com\/embed\/DILz_VNQWlU\" width=\"853\" height=\"480\" frameborder=\"0\" allowfullscreen=\"allowfullscreen\"><\/iframe><\/p>\n","protected":false},"excerpt":{"rendered":"<ul>\n<li>Pie\u0161\u0137ir jutek\u013ciem sparu un asumu<\/li>\n<li>Mazina nepat\u012bkamu saj\u016btu ku\u0146\u0123\u012b<\/li>\n<li>Bie\u017ei pievieno zobu pastai un ko\u0161\u013c\u0101jamai gumijai mutes dobuma kop\u0161anai<\/li>\n<\/ul>\n","protected":false},"featured_media":11499,"template":"","meta":{"site-sidebar-layout":"default","site-content-layout":"default","ast-site-content-layout":"default","site-content-style":"default","site-sidebar-style":"default","ast-global-header-display":"","ast-banner-title-visibility":"","ast-main-header-display":"","ast-hfb-above-header-display":"","ast-hfb-below-header-display":"","ast-hfb-mobile-header-display":"","site-post-title":"","ast-breadcrumbs-content":"","ast-featured-img":"","footer-sml-layout":"","ast-disable-related-posts":"","theme-transparent-header-meta":"default","adv-header-id-meta":"","stick-header-meta":"","header-above-stick-meta":"","header-main-stick-meta":"","header-below-stick-meta":"","astra-migrate-meta-layouts":"default","ast-page-background-enabled":"default","ast-page-background-meta":{"desktop":{"background-color":"","background-image":"","background-repeat":"repeat","background-position":"center center","background-size":"auto","background-attachment":"scroll","background-type":"","background-media":"","overlay-type":"","overlay-color":"","overlay-opacity":"","overlay-gradient":""},"tablet":{"background-color":"","background-image":"","background-repeat":"repeat","background-position":"center center","background-size":"auto","background-attachment":"scroll","background-type":"","background-media":"","overlay-type":"","overlay-color":"","overlay-opacity":"","overlay-gradient":""},"mobile":{"background-color":"","background-image":"","background-repeat":"repeat","background-position":"center center","background-size":"auto","background-attachment":"scroll","background-type":"","background-media":"","overlay-type":"","overlay-color":"","overlay-opacity":"","overlay-gradient":""}},"ast-content-background-meta":{"desktop":{"background-color":"var(--ast-global-color-5)","background-image":"","background-repeat":"repeat","background-position":"center center","background-size":"auto","background-attachment":"scroll","background-type":"","background-media":"","overlay-type":"","overlay-color":"","overlay-opacity":"","overlay-gradient":""},"tablet":{"background-color":"var(--ast-global-color-5)","background-image":"","background-repeat":"repeat","background-position":"center center","background-size":"auto","background-attachment":"scroll","background-type":"","background-media":"","overlay-type":"","overlay-color":"","overlay-opacity":"","overlay-gradient":""},"mobile":{"background-color":"var(--ast-global-color-5)","background-image":"","background-repeat":"repeat","background-position":"center center","background-size":"auto","background-attachment":"scroll","background-type":"","background-media":"","overlay-type":"","overlay-color":"","overlay-opacity":"","overlay-gradient":""}}},"product_brand":[],"product_cat":[600,617,620,611,612,615,602],"product_tag":[676,631,1031,643],"class_list":{"0":"post-16448","1":"product","2":"type-product","3":"status-publish","4":"has-post-thumbnail","6":"product_cat-eteriskas-ellas","7":"product_cat-gaisa-attirisana","8":"product_cat-gremosanai","9":"product_cat-koncentresanas","10":"product_cat-masazai","11":"product_cat-no-odiem-un-ercem","12":"product_cat-tiras-eteriskas-ellas","13":"product_tag-15-ml-lv","14":"product_tag-eteriskas-ellas","15":"product_tag-peppermint-lv","16":"product_tag-populars","17":"desktop-align-left","18":"tablet-align-left","19":"mobile-align-left","21":"first","22":"instock","23":"sale","24":"featured","25":"taxable","26":"shipping-taxable","27":"purchasable","28":"product-type-simple"},"_links":{"self":[{"href":"https:\/\/mamaterra.lt\/lv\/wp-json\/wp\/v2\/product\/16448","targetHints":{"allow":["GET"]}}],"collection":[{"href":"https:\/\/mamaterra.lt\/lv\/wp-json\/wp\/v2\/product"}],"about":[{"href":"https:\/\/mamaterra.lt\/lv\/wp-json\/wp\/v2\/types\/product"}],"wp:featuredmedia":[{"embeddable":true,"href":"https:\/\/mamaterra.lt\/lv\/wp-json\/wp\/v2\/media\/11499"}],"wp:attachment":[{"href":"https:\/\/mamaterra.lt\/lv\/wp-json\/wp\/v2\/media?parent=16448"}],"wp:term":[{"taxonomy":"product_brand","embeddable":true,"href":"https:\/\/mamaterra.lt\/lv\/wp-json\/wp\/v2\/product_brand?post=16448"},{"taxonomy":"product_cat","embeddable":true,"href":"https:\/\/mamaterra.lt\/lv\/wp-json\/wp\/v2\/product_cat?post=16448"},{"taxonomy":"product_tag","embeddable":true,"href":"https:\/\/mamaterra.lt\/lv\/wp-json\/wp\/v2\/product_tag?post=16448"}],"curies":[{"name":"wp","href":"https:\/\/api.w.org\/{rel}","templated":true}]}}