{"id":16445,"date":"2021-04-18T16:47:02","date_gmt":"2021-04-18T15:47:02","guid":{"rendered":"https:\/\/mamaterra.lt\/parduotuve\/uncategorized\/rose-pure-doterra-eteriska-ella-5ml\/"},"modified":"2021-04-18T16:47:02","modified_gmt":"2021-04-18T15:47:02","slug":"rozu-tira-doterra-eteriska-ella-5ml","status":"publish","type":"product","link":"https:\/\/mamaterra.lt\/lv\/parduotuve\/eteriskas-ellas\/tiras-eteriskas-ellas\/rozu-tira-doterra-eteriska-ella-5ml\/","title":{"rendered":"ROSE Pure doTERRA \u0113terisk\u0101 e\u013c\u013ca 5ml"},"content":{"rendered":"<p><strong>ROSE Pure \u0113terisk\u0101 e\u013c\u013ca doTERRA<\/strong><\/p>\n<p>Rosa damascena | 5ml<\/p>\n<p>&nbsp;<\/p>\n<p><strong>ROSE Pure doTERRA \u0113terisk\u0101s e\u013c\u013cas apraksts:<\/strong><\/p>\n<p>Ro\u017eu \u0113terisk\u0101 e\u013c\u013ca, kas tiek uzskat\u012bta par e\u013c\u013cu karali, ir viena no p\u0101rsteidzo\u0161\u0101kaj\u0101m \u0113teriskaj\u0101m e\u013c\u013c\u0101m vis\u0101 pasaul\u0113. Ro\u017eu ziediem ir salds ziedu arom\u0101ts, kas tiek augstu nov\u0113rt\u0113ts parfim\u0113rij\u0101 un \u0113terisko e\u013c\u013cu r\u016bpniec\u012bb\u0101.<\/p>\n<ul>\n<li>Roz\u0113m ir salds ziedu arom\u0101ts, kas pace\u013c garast\u0101vokli<\/li>\n<li>Samazina \u0101das nepiln\u012bbas<\/li>\n<li>Pie\u0161\u0137ir \u0101dai vienm\u0113r\u012bgu toni un vesel\u012bgu izskatu<\/li>\n<\/ul>\n<p>&nbsp;<\/p>\n<p>Vair\u0101k par <strong>ROSE<\/strong><strong>doTERRA<\/strong><strong> <\/strong><strong>\u0112terisko e\u013c\u013cu <\/strong>atrad\u012bsit t\u0101l\u0101k redzamaj\u0101 videoklip\u0101.<\/p>\n<p><iframe title=\"doTERRA Roze\" src=\"https:\/\/www.youtube.com\/embed\/O6_-6AZS9Ak\" width=\"853\" height=\"480\" frameborder=\"0\" allowfullscreen=\"allowfullscreen\"><\/iframe><\/p>\n","protected":false},"excerpt":{"rendered":"<ul>\n<li>Roz\u0113m ir salds ziedu arom\u0101ts, kas pace\u013c garast\u0101vokli<\/li>\n<li>Samazina \u0101das nepiln\u012bbas<\/li>\n<li>Pie\u0161\u0137ir \u0101dai vienm\u0113r\u012bgu toni un vesel\u012bgu izskatu<\/li>\n<\/ul>\n","protected":false},"featured_media":11489,"template":"","meta":{"site-sidebar-layout":"default","site-content-layout":"default","ast-site-content-layout":"default","site-content-style":"default","site-sidebar-style":"default","ast-global-header-display":"","ast-banner-title-visibility":"","ast-main-header-display":"","ast-hfb-above-header-display":"","ast-hfb-below-header-display":"","ast-hfb-mobile-header-display":"","site-post-title":"","ast-breadcrumbs-content":"","ast-featured-img":"","footer-sml-layout":"","ast-disable-related-posts":"","theme-transparent-header-meta":"default","adv-header-id-meta":"","stick-header-meta":"","header-above-stick-meta":"","header-main-stick-meta":"","header-below-stick-meta":"","astra-migrate-meta-layouts":"default","ast-page-background-enabled":"default","ast-page-background-meta":{"desktop":{"background-color":"","background-image":"","background-repeat":"repeat","background-position":"center center","background-size":"auto","background-attachment":"scroll","background-type":"","background-media":"","overlay-type":"","overlay-color":"","overlay-opacity":"","overlay-gradient":""},"tablet":{"background-color":"","background-image":"","background-repeat":"repeat","background-position":"center center","background-size":"auto","background-attachment":"scroll","background-type":"","background-media":"","overlay-type":"","overlay-color":"","overlay-opacity":"","overlay-gradient":""},"mobile":{"background-color":"","background-image":"","background-repeat":"repeat","background-position":"center center","background-size":"auto","background-attachment":"scroll","background-type":"","background-media":"","overlay-type":"","overlay-color":"","overlay-opacity":"","overlay-gradient":""}},"ast-content-background-meta":{"desktop":{"background-color":"var(--ast-global-color-5)","background-image":"","background-repeat":"repeat","background-position":"center center","background-size":"auto","background-attachment":"scroll","background-type":"","background-media":"","overlay-type":"","overlay-color":"","overlay-opacity":"","overlay-gradient":""},"tablet":{"background-color":"var(--ast-global-color-5)","background-image":"","background-repeat":"repeat","background-position":"center center","background-size":"auto","background-attachment":"scroll","background-type":"","background-media":"","overlay-type":"","overlay-color":"","overlay-opacity":"","overlay-gradient":""},"mobile":{"background-color":"var(--ast-global-color-5)","background-image":"","background-repeat":"repeat","background-position":"center center","background-size":"auto","background-attachment":"scroll","background-type":"","background-media":"","overlay-type":"","overlay-color":"","overlay-opacity":"","overlay-gradient":""}}},"product_brand":[],"product_cat":[600,602],"product_tag":[677,631,1000],"class_list":{"0":"post-16445","1":"product","2":"type-product","3":"status-publish","4":"has-post-thumbnail","6":"product_cat-eteriskas-ellas","7":"product_cat-tiras-eteriskas-ellas","8":"product_tag-5-ml-lv","9":"product_tag-eteriskas-ellas","10":"product_tag-rose-lv","11":"desktop-align-left","12":"tablet-align-left","13":"mobile-align-left","15":"first","16":"instock","17":"taxable","18":"shipping-taxable","19":"purchasable","20":"product-type-simple"},"_links":{"self":[{"href":"https:\/\/mamaterra.lt\/lv\/wp-json\/wp\/v2\/product\/16445","targetHints":{"allow":["GET"]}}],"collection":[{"href":"https:\/\/mamaterra.lt\/lv\/wp-json\/wp\/v2\/product"}],"about":[{"href":"https:\/\/mamaterra.lt\/lv\/wp-json\/wp\/v2\/types\/product"}],"wp:featuredmedia":[{"embeddable":true,"href":"https:\/\/mamaterra.lt\/lv\/wp-json\/wp\/v2\/media\/11489"}],"wp:attachment":[{"href":"https:\/\/mamaterra.lt\/lv\/wp-json\/wp\/v2\/media?parent=16445"}],"wp:term":[{"taxonomy":"product_brand","embeddable":true,"href":"https:\/\/mamaterra.lt\/lv\/wp-json\/wp\/v2\/product_brand?post=16445"},{"taxonomy":"product_cat","embeddable":true,"href":"https:\/\/mamaterra.lt\/lv\/wp-json\/wp\/v2\/product_cat?post=16445"},{"taxonomy":"product_tag","embeddable":true,"href":"https:\/\/mamaterra.lt\/lv\/wp-json\/wp\/v2\/product_tag?post=16445"}],"curies":[{"name":"wp","href":"https:\/\/api.w.org\/{rel}","templated":true}]}}