{"id":16444,"date":"2021-04-18T16:49:13","date_gmt":"2021-04-18T15:49:13","guid":{"rendered":"https:\/\/mamaterra.lt\/parduotuve\/uncategorized\/spearmint-pure-doterra-eteriska-ella-15ml\/"},"modified":"2023-08-16T19:30:27","modified_gmt":"2023-08-16T18:30:27","slug":"spearmint-pure-doterra-essential-oil-15ml","status":"publish","type":"product","link":"https:\/\/mamaterra.lt\/lv\/parduotuve\/eteriskas-ellas\/tiras-eteriskas-ellas\/spearmint-pure-doterra-essential-oil-15ml\/","title":{"rendered":"SPEARMINT Pure doTERRA \u0113terisk\u0101 e\u013c\u013ca 15ml"},"content":{"rendered":"<p><strong>SPEARMINT Pure doTERRA \u0113terisk\u0101 e\u013c\u013ca<\/strong><\/p>\n<p>Mentha spicata | 15ml<\/p>\n<p>&nbsp;<\/p>\n<p><strong>Aprakstiet un izmantojiet SPEARMINT Pure doTERRA \u0113terisko e\u013c\u013cu:<\/strong><\/p>\n<p>Piparm\u0113tru sald\u0101s smar\u017eas d\u0113\u013c labi zin\u0101mo smilts\u0113rk\u0161\u0137u \u0113terisko e\u013c\u013cu bie\u017ei izmanto \u0113diena gatavo\u0161an\u0101, bet to var uzkl\u0101t ar\u012b uz \u0101das.<\/p>\n<ul>\n<li>Pirms zobu t\u012br\u012b\u0161anas uzkl\u0101jiet uz zobu birstes: tas dos svaigu elpu<\/li>\n<li>Maig\u0101ka alternat\u012bva, ja piparm\u0113tru \u0113terisk\u0101 e\u013c\u013ca ir p\u0101r\u0101k sp\u0113c\u012bga<\/li>\n<li>Pie\u0161\u0137ir papildu gar\u0161u desertiem, dz\u0113rieniem, sal\u0101tiem vai uzkod\u0101m<\/li>\n<\/ul>\n<p>&nbsp;<\/p>\n<p>Vair\u0101k par <strong>SPEARMINT <\/strong><strong>doTERRA<\/strong> <strong>\u0112terisko e\u013c\u013cu <\/strong>atrad\u012bsit t\u0101l\u0101k redzamaj\u0101 videoklip\u0101.<\/p>\n<p><iframe title=\"doTERRA Spearmint \u0113terisk\u0101 e\u013c\u013ca\" src=\"https:\/\/www.youtube.com\/embed\/nVeBT46rtkc\" width=\"853\" height=\"480\" frameborder=\"0\" allowfullscreen=\"allowfullscreen\"><\/iframe><\/p>\n","protected":false},"excerpt":{"rendered":"<ul>\n<li>Pirms zobu t\u012br\u012b\u0161anas uzkl\u0101jiet uz zobu birstes: tas dos svaigu elpu<\/li>\n<li>Maig\u0101ka alternat\u012bva, ja piparm\u0113tru \u0113terisk\u0101 e\u013c\u013ca ir p\u0101r\u0101k sp\u0113c\u012bga<\/li>\n<li>Pie\u0161\u0137ir papildu gar\u0161u desertiem, dz\u0113rieniem, sal\u0101tiem vai uzkod\u0101m<\/li>\n<\/ul>\n","protected":false},"featured_media":11487,"template":"","meta":{"site-sidebar-layout":"default","site-content-layout":"default","ast-site-content-layout":"default","site-content-style":"default","site-sidebar-style":"default","ast-global-header-display":"","ast-banner-title-visibility":"","ast-main-header-display":"","ast-hfb-above-header-display":"","ast-hfb-below-header-display":"","ast-hfb-mobile-header-display":"","site-post-title":"","ast-breadcrumbs-content":"","ast-featured-img":"","footer-sml-layout":"","ast-disable-related-posts":"","theme-transparent-header-meta":"default","adv-header-id-meta":"","stick-header-meta":"","header-above-stick-meta":"","header-main-stick-meta":"","header-below-stick-meta":"","astra-migrate-meta-layouts":"set","ast-page-background-enabled":"default","ast-page-background-meta":{"desktop":{"background-color":"","background-image":"","background-repeat":"repeat","background-position":"center center","background-size":"auto","background-attachment":"scroll","background-type":"","background-media":"","overlay-type":"","overlay-color":"","overlay-opacity":"","overlay-gradient":""},"tablet":{"background-color":"","background-image":"","background-repeat":"repeat","background-position":"center center","background-size":"auto","background-attachment":"scroll","background-type":"","background-media":"","overlay-type":"","overlay-color":"","overlay-opacity":"","overlay-gradient":""},"mobile":{"background-color":"","background-image":"","background-repeat":"repeat","background-position":"center center","background-size":"auto","background-attachment":"scroll","background-type":"","background-media":"","overlay-type":"","overlay-color":"","overlay-opacity":"","overlay-gradient":""}},"ast-content-background-meta":{"desktop":{"background-color":"var(--ast-global-color-5)","background-image":"","background-repeat":"repeat","background-position":"center center","background-size":"auto","background-attachment":"scroll","background-type":"","background-media":"","overlay-type":"","overlay-color":"","overlay-opacity":"","overlay-gradient":""},"tablet":{"background-color":"var(--ast-global-color-5)","background-image":"","background-repeat":"repeat","background-position":"center center","background-size":"auto","background-attachment":"scroll","background-type":"","background-media":"","overlay-type":"","overlay-color":"","overlay-opacity":"","overlay-gradient":""},"mobile":{"background-color":"var(--ast-global-color-5)","background-image":"","background-repeat":"repeat","background-position":"center center","background-size":"auto","background-attachment":"scroll","background-type":"","background-media":"","overlay-type":"","overlay-color":"","overlay-opacity":"","overlay-gradient":""}}},"product_brand":[],"product_cat":[600,602],"product_tag":[676,631,951],"class_list":{"0":"post-16444","1":"product","2":"type-product","3":"status-publish","4":"has-post-thumbnail","6":"product_cat-eteriskas-ellas","7":"product_cat-tiras-eteriskas-ellas","8":"product_tag-15-ml-lv","9":"product_tag-eteriskas-ellas","10":"product_tag-spearmint-lv","11":"desktop-align-left","12":"tablet-align-left","13":"mobile-align-left","15":"first","16":"instock","17":"sale","18":"taxable","19":"shipping-taxable","20":"purchasable","21":"product-type-simple"},"_links":{"self":[{"href":"https:\/\/mamaterra.lt\/lv\/wp-json\/wp\/v2\/product\/16444","targetHints":{"allow":["GET"]}}],"collection":[{"href":"https:\/\/mamaterra.lt\/lv\/wp-json\/wp\/v2\/product"}],"about":[{"href":"https:\/\/mamaterra.lt\/lv\/wp-json\/wp\/v2\/types\/product"}],"wp:featuredmedia":[{"embeddable":true,"href":"https:\/\/mamaterra.lt\/lv\/wp-json\/wp\/v2\/media\/11487"}],"wp:attachment":[{"href":"https:\/\/mamaterra.lt\/lv\/wp-json\/wp\/v2\/media?parent=16444"}],"wp:term":[{"taxonomy":"product_brand","embeddable":true,"href":"https:\/\/mamaterra.lt\/lv\/wp-json\/wp\/v2\/product_brand?post=16444"},{"taxonomy":"product_cat","embeddable":true,"href":"https:\/\/mamaterra.lt\/lv\/wp-json\/wp\/v2\/product_cat?post=16444"},{"taxonomy":"product_tag","embeddable":true,"href":"https:\/\/mamaterra.lt\/lv\/wp-json\/wp\/v2\/product_tag?post=16444"}],"curies":[{"name":"wp","href":"https:\/\/api.w.org\/{rel}","templated":true}]}}