{"id":16439,"date":"2021-04-18T16:50:09","date_gmt":"2021-04-18T15:50:09","guid":{"rendered":"https:\/\/mamaterra.lt\/parduotuve\/uncategorized\/tangerine-pure-doterra-eteriska-ella-15ml\/"},"modified":"2021-04-18T16:50:09","modified_gmt":"2021-04-18T15:50:09","slug":"sarkana-mandarina-mandarina-tira-doterra-eteriska-ella-15ml","status":"publish","type":"product","link":"https:\/\/mamaterra.lt\/lv\/parduotuve\/eteriskas-ellas\/tiras-eteriskas-ellas\/sarkana-mandarina-mandarina-tira-doterra-eteriska-ella-15ml\/","title":{"rendered":"TANGERINE Pure doTERRA \u0113terisk\u0101 e\u013c\u013ca 15ml"},"content":{"rendered":"<p><strong>Sarkan\u0101 mandar\u012bna (TANGER\u012aNA) \u0113terisk\u0101 e\u013c\u013ca Pure doTERRA<\/strong><\/p>\n<p>Citrus reticulata | 15ml<\/p>\n<p>&nbsp;<\/p>\n<p><strong>Sarkan\u0101 mandar\u012bna (TANGER\u012aNA) Pure doTERRA \u0113terisk\u0101s e\u013c\u013cas apraksts:<\/strong><\/p>\n<p>Sarkano mandar\u012bnu \u0113teriskajai e\u013c\u013cai ir salds, sp\u0113c\u012bgs arom\u0101ts, kas l\u012bdz\u012bgs cit\u0101m citrusaug\u013cu e\u013c\u013c\u0101m, kas ir pacil\u0101jo\u0161s. T\u0101pat k\u0101 visas citrusaug\u013cu \u0113terisk\u0101s e\u013c\u013cas n<strong>austas visos 3 veidos &#8211; \u0101r\u0113ji, arom\u0101tiski un iek\u0161\u0113ji.<\/strong><\/p>\n<ul>\n<li>Pacil\u0101jo\u0161s efekts<\/li>\n<li>Pie\u0161\u0137ir interesantu gar\u0161u ceptiem izstr\u0101d\u0101jumiem<\/li>\n<li>Uzkl\u0101jiet uz \u0101das un izbaudiet garast\u0101vokli izraiso\u0161o arom\u0101tu visas dienas garum\u0101<\/li>\n<\/ul>\n<p>&nbsp;<\/p>\n<p>Vair\u0101k par <strong>sarkano mandar\u012bnu (TANGER\u012aNU) <\/strong><strong>doTERRA<\/strong><strong> <\/strong><strong>\u0112terisko e\u013c\u013cu <\/strong>atrad\u012bsit t\u0101l\u0101k redzamaj\u0101 videoklip\u0101.<\/p>\n<p><iframe title=\"doTERRA mandar\u012bna \u0113terisk\u0101 e\u013c\u013ca\" src=\"https:\/\/www.youtube.com\/embed\/kzkhK3Q4WAA\" width=\"853\" height=\"480\" frameborder=\"0\" allowfullscreen=\"allowfullscreen\"><\/iframe><\/p>\n","protected":false},"excerpt":{"rendered":"<ul>\n<li>Pacil\u0101jo\u0161s efekts<\/li>\n<li>Pie\u0161\u0137ir interesantu gar\u0161u ceptiem izstr\u0101d\u0101jumiem<\/li>\n<li>Uzkl\u0101jiet uz \u0101das un izbaudiet garast\u0101vokli izraiso\u0161o arom\u0101tu visas dienas garum\u0101<\/li>\n<\/ul>\n","protected":false},"featured_media":11495,"template":"","meta":{"site-sidebar-layout":"default","site-content-layout":"default","ast-site-content-layout":"default","site-content-style":"default","site-sidebar-style":"default","ast-global-header-display":"","ast-banner-title-visibility":"","ast-main-header-display":"","ast-hfb-above-header-display":"","ast-hfb-below-header-display":"","ast-hfb-mobile-header-display":"","site-post-title":"","ast-breadcrumbs-content":"","ast-featured-img":"","footer-sml-layout":"","ast-disable-related-posts":"","theme-transparent-header-meta":"default","adv-header-id-meta":"","stick-header-meta":"","header-above-stick-meta":"","header-main-stick-meta":"","header-below-stick-meta":"","astra-migrate-meta-layouts":"default","ast-page-background-enabled":"default","ast-page-background-meta":{"desktop":{"background-color":"","background-image":"","background-repeat":"repeat","background-position":"center center","background-size":"auto","background-attachment":"scroll","background-type":"","background-media":"","overlay-type":"","overlay-color":"","overlay-opacity":"","overlay-gradient":""},"tablet":{"background-color":"","background-image":"","background-repeat":"repeat","background-position":"center center","background-size":"auto","background-attachment":"scroll","background-type":"","background-media":"","overlay-type":"","overlay-color":"","overlay-opacity":"","overlay-gradient":""},"mobile":{"background-color":"","background-image":"","background-repeat":"repeat","background-position":"center center","background-size":"auto","background-attachment":"scroll","background-type":"","background-media":"","overlay-type":"","overlay-color":"","overlay-opacity":"","overlay-gradient":""}},"ast-content-background-meta":{"desktop":{"background-color":"var(--ast-global-color-5)","background-image":"","background-repeat":"repeat","background-position":"center center","background-size":"auto","background-attachment":"scroll","background-type":"","background-media":"","overlay-type":"","overlay-color":"","overlay-opacity":"","overlay-gradient":""},"tablet":{"background-color":"var(--ast-global-color-5)","background-image":"","background-repeat":"repeat","background-position":"center center","background-size":"auto","background-attachment":"scroll","background-type":"","background-media":"","overlay-type":"","overlay-color":"","overlay-opacity":"","overlay-gradient":""},"mobile":{"background-color":"var(--ast-global-color-5)","background-image":"","background-repeat":"repeat","background-position":"center center","background-size":"auto","background-attachment":"scroll","background-type":"","background-media":"","overlay-type":"","overlay-color":"","overlay-opacity":"","overlay-gradient":""}}},"product_brand":[],"product_cat":[619,600,617,612,618,602],"product_tag":[676,631,970],"class_list":{"0":"post-16439","1":"product","2":"type-product","3":"status-publish","4":"has-post-thumbnail","6":"product_cat-berniem","7":"product_cat-eteriskas-ellas","8":"product_cat-gaisa-attirisana","9":"product_cat-masazai","10":"product_cat-nomierinosas","11":"product_cat-tiras-eteriskas-ellas","12":"product_tag-15-ml-lv","13":"product_tag-eteriskas-ellas","14":"product_tag-tangerine-lv","15":"desktop-align-left","16":"tablet-align-left","17":"mobile-align-left","19":"first","20":"instock","21":"taxable","22":"shipping-taxable","23":"purchasable","24":"product-type-simple"},"_links":{"self":[{"href":"https:\/\/mamaterra.lt\/lv\/wp-json\/wp\/v2\/product\/16439","targetHints":{"allow":["GET"]}}],"collection":[{"href":"https:\/\/mamaterra.lt\/lv\/wp-json\/wp\/v2\/product"}],"about":[{"href":"https:\/\/mamaterra.lt\/lv\/wp-json\/wp\/v2\/types\/product"}],"wp:featuredmedia":[{"embeddable":true,"href":"https:\/\/mamaterra.lt\/lv\/wp-json\/wp\/v2\/media\/11495"}],"wp:attachment":[{"href":"https:\/\/mamaterra.lt\/lv\/wp-json\/wp\/v2\/media?parent=16439"}],"wp:term":[{"taxonomy":"product_brand","embeddable":true,"href":"https:\/\/mamaterra.lt\/lv\/wp-json\/wp\/v2\/product_brand?post=16439"},{"taxonomy":"product_cat","embeddable":true,"href":"https:\/\/mamaterra.lt\/lv\/wp-json\/wp\/v2\/product_cat?post=16439"},{"taxonomy":"product_tag","embeddable":true,"href":"https:\/\/mamaterra.lt\/lv\/wp-json\/wp\/v2\/product_tag?post=16439"}],"curies":[{"name":"wp","href":"https:\/\/api.w.org\/{rel}","templated":true}]}}