{"id":16432,"date":"2021-04-18T16:43:22","date_gmt":"2021-04-18T15:43:22","guid":{"rendered":"https:\/\/mamaterra.lt\/parduotuve\/uncategorized\/myrrh-pure-doterra-eteriska-ella-15ml\/"},"modified":"2021-04-18T16:43:22","modified_gmt":"2021-04-18T15:43:22","slug":"mirres-tira-doterra-eteriska-ella-15ml","status":"publish","type":"product","link":"https:\/\/mamaterra.lt\/lv\/parduotuve\/eteriskas-ellas\/tiras-eteriskas-ellas\/mirres-tira-doterra-eteriska-ella-15ml\/","title":{"rendered":"MYRRH Pure doTERRA \u0113terisk\u0101 e\u013c\u013ca 15ml"},"content":{"rendered":"<p><strong>MYRRH Pure doTERRA \u0113terisk\u0101 e\u013c\u013ca<\/strong><\/p>\n<p>Commiphora myrrha | 15ml<\/p>\n<p>&nbsp;<\/p>\n<p><strong>MYRRH Pure doTERRA \u0113terisk\u0101s e\u013c\u013cas apraksts un sast\u0101vda\u013cas:<\/strong><\/p>\n<p>Mirres e\u013c\u013cai piem\u012bt sp\u0113c\u012bgas att\u012bro\u0161as \u012bpa\u0161\u012bbas, \u012bpa\u0161i labas smagan\u0101m, r\u012bklei, mutei, \u0101dai pie\u0161\u0137ir jaunekl\u012bgu izskatu, nomierina, ar savu arom\u0101tu var rad\u012bt iedvesmojo\u0161u atmosf\u0113ru.<\/p>\n<p>Senie ieraksti liecina, ka mira tika uzskat\u012bta par tik v\u0113rt\u012bgu, ka da\u017ereiz zelta un Mira cena par gramu bija vien\u0101da.<\/p>\n<p>Mirres \u0113terisk\u0101 e\u013c\u013ca tiek ieg\u016bta no neliela indie\u0161u mirres koka sve\u0137iem, un t\u0101 ir izmantota gadsimtiem ilgi, pateicoties t\u0101s iek\u0161\u0113jiem un \u0101r\u0113jiem ieguvumiem vesel\u012bbai.<\/p>\n<p>Mira vis\u0101 v\u0113stur\u0113 ir izmantota k\u0101 smar\u017eas, v\u012braks un vesel\u012bbai. Tas ir izmantots ar\u012b balzam\u0113\u0161anas un reli\u0123isk\u0101s ceremonij\u0101s. \u00b7<\/p>\n<p><strong>MYRRH Pure doTERRA \u0113terisk\u0101s e\u013c\u013cas izmanto\u0161ana:<\/strong><\/p>\n<ul>\n<li>Pievienojiet zobu pastai vienu vai divus pilienus Mirres e\u013c\u013cas, lai uzlabotu t\u012br\u012b\u0161anas efektu.\u00b7<\/li>\n<li>Tvaika mirres \u0113terisk\u0101 e\u013c\u013ca sabalans\u0113tas atmosf\u0113ras rad\u012b\u0161anai.\u00b7<\/li>\n<li>Pievieno savam losjonam\/mitrin\u0101t\u0101jam, lai samazin\u0101tu smalko l\u012bniju un grumbu par\u0101d\u012b\u0161anos.\u00b7<\/li>\n<li>Pievienojiet vienu vai divus pilienus \u016bdenim un skalojiet kaklu\u00b7<\/li>\n<li>Dzert 1 pilienu ar \u016bdeni\u00b7<\/li>\n<li>Var uzlabot j\u016bsu nagu do-it-yourself kr\u0113ma st\u0101vokli. 4 vienk\u0101r\u0161as sast\u0101vda\u013cas \u2013 \u0161\u012b sviests, bi\u0161u vasks, doTERRA frakcion\u0113ta kokosriekstu e\u013c\u013ca un mirres e\u013c\u013ca \u2013 \u0101tri pie\u0161\u0137irs j\u016bsu nagiem vesel\u012bgu izskatu. \u0160o mais\u012bjumu var lietot ar\u012b uz rok\u0101m, l\u016bp\u0101m vai jebkuras sausas \u0101das.<\/li>\n<li>Mirres \u0113terisk\u0101 e\u013c\u013ca atkl\u0101j dv\u0113seles saikni ar zemes M\u0101ti, k\u0101 ar\u012b ar M\u0101ti Zemi. Tas \u0101rst\u0113 agr\u012bn\u0101s b\u0113rn\u012bbas traumas &#8211; varb\u016bt j\u016bs uzaug\u0101t bez m\u0101tes, vai varb\u016bt j\u016bsu m\u0101te j\u016bs nem\u012bl\u0113ja t\u0101, k\u0101 j\u016bs v\u0113l\u0113j\u0101ties (j\u016bsu ac\u012bs k\u0101 b\u0113rns)- Mirres \u0113terisk\u0101 e\u013c\u013ca rada dro\u0161\u012bbas saj\u016btu, veicina uztic\u012bbu.<\/li>\n<\/ul>\n<p>V\u0113sturiski mirres \u0113terisk\u0101 e\u013c\u013ca ir izmantota daudzos veidos, s\u0101kot no medit\u0101cijas l\u012bdz balzam\u0113\u0161anai, un to joproj\u0101m bie\u017ei iesaka \u0161odien.<\/p>\n<p>&nbsp;<\/p>\n<p>Vair\u0101k inform\u0101cijas  <strong> <\/strong>  par <strong>mirres<\/strong> <strong>doTERRA<\/strong><strong> <\/strong><strong>\u0112terisko e\u013c\u013cu <\/strong>atrad\u012bsit t\u0101l\u0101k redzamaj\u0101 videoklip\u0101.<\/p>\n<p><iframe title=\"d\u014dTERRA mirres \u0113terisk\u0101 e\u013c\u013ca\" src=\"https:\/\/www.youtube.com\/embed\/foVE7H7r_nk\" width=\"853\" height=\"480\" frameborder=\"0\" allowfullscreen=\"allowfullscreen\"><\/iframe><\/p>\n","protected":false},"excerpt":{"rendered":"<ul>\n<li>Pal\u012bdz sajust emocion\u0101lo l\u012bdzsvaru un labsaj\u016btas saj\u016btu<\/li>\n<li>Lielisks t\u012br\u012b\u0161anas l\u012bdzeklis, \u012bpa\u0161i piem\u0113rots r\u012bklei un mutei<\/li>\n<li>Nomierina \u0101du, padara to t\u012bru un izskat\u0101s jaunekl\u012bga<\/li>\n<\/ul>\n","protected":false},"featured_media":11509,"template":"","meta":{"site-sidebar-layout":"default","site-content-layout":"default","ast-site-content-layout":"default","site-content-style":"default","site-sidebar-style":"default","ast-global-header-display":"","ast-banner-title-visibility":"","ast-main-header-display":"","ast-hfb-above-header-display":"","ast-hfb-below-header-display":"","ast-hfb-mobile-header-display":"","site-post-title":"","ast-breadcrumbs-content":"","ast-featured-img":"","footer-sml-layout":"","ast-disable-related-posts":"","theme-transparent-header-meta":"default","adv-header-id-meta":"","stick-header-meta":"","header-above-stick-meta":"","header-main-stick-meta":"","header-below-stick-meta":"","astra-migrate-meta-layouts":"default","ast-page-background-enabled":"default","ast-page-background-meta":{"desktop":{"background-color":"","background-image":"","background-repeat":"repeat","background-position":"center center","background-size":"auto","background-attachment":"scroll","background-type":"","background-media":"","overlay-type":"","overlay-color":"","overlay-opacity":"","overlay-gradient":""},"tablet":{"background-color":"","background-image":"","background-repeat":"repeat","background-position":"center center","background-size":"auto","background-attachment":"scroll","background-type":"","background-media":"","overlay-type":"","overlay-color":"","overlay-opacity":"","overlay-gradient":""},"mobile":{"background-color":"","background-image":"","background-repeat":"repeat","background-position":"center center","background-size":"auto","background-attachment":"scroll","background-type":"","background-media":"","overlay-type":"","overlay-color":"","overlay-opacity":"","overlay-gradient":""}},"ast-content-background-meta":{"desktop":{"background-color":"var(--ast-global-color-5)","background-image":"","background-repeat":"repeat","background-position":"center center","background-size":"auto","background-attachment":"scroll","background-type":"","background-media":"","overlay-type":"","overlay-color":"","overlay-opacity":"","overlay-gradient":""},"tablet":{"background-color":"var(--ast-global-color-5)","background-image":"","background-repeat":"repeat","background-position":"center center","background-size":"auto","background-attachment":"scroll","background-type":"","background-media":"","overlay-type":"","overlay-color":"","overlay-opacity":"","overlay-gradient":""},"mobile":{"background-color":"var(--ast-global-color-5)","background-image":"","background-repeat":"repeat","background-position":"center center","background-size":"auto","background-attachment":"scroll","background-type":"","background-media":"","overlay-type":"","overlay-color":"","overlay-opacity":"","overlay-gradient":""}}},"product_brand":[],"product_cat":[600,604,618,602],"product_tag":[676,631,1042],"class_list":{"0":"post-16432","1":"product","2":"type-product","3":"status-publish","4":"has-post-thumbnail","6":"product_cat-eteriskas-ellas","7":"product_cat-higiena-un-adas-kopsana","8":"product_cat-nomierinosas","9":"product_cat-tiras-eteriskas-ellas","10":"product_tag-15-ml-lv","11":"product_tag-eteriskas-ellas","12":"product_tag-myrrh-lv","13":"desktop-align-left","14":"tablet-align-left","15":"mobile-align-left","17":"first","18":"instock","19":"sale","20":"taxable","21":"shipping-taxable","22":"purchasable","23":"product-type-simple"},"_links":{"self":[{"href":"https:\/\/mamaterra.lt\/lv\/wp-json\/wp\/v2\/product\/16432","targetHints":{"allow":["GET"]}}],"collection":[{"href":"https:\/\/mamaterra.lt\/lv\/wp-json\/wp\/v2\/product"}],"about":[{"href":"https:\/\/mamaterra.lt\/lv\/wp-json\/wp\/v2\/types\/product"}],"wp:featuredmedia":[{"embeddable":true,"href":"https:\/\/mamaterra.lt\/lv\/wp-json\/wp\/v2\/media\/11509"}],"wp:attachment":[{"href":"https:\/\/mamaterra.lt\/lv\/wp-json\/wp\/v2\/media?parent=16432"}],"wp:term":[{"taxonomy":"product_brand","embeddable":true,"href":"https:\/\/mamaterra.lt\/lv\/wp-json\/wp\/v2\/product_brand?post=16432"},{"taxonomy":"product_cat","embeddable":true,"href":"https:\/\/mamaterra.lt\/lv\/wp-json\/wp\/v2\/product_cat?post=16432"},{"taxonomy":"product_tag","embeddable":true,"href":"https:\/\/mamaterra.lt\/lv\/wp-json\/wp\/v2\/product_tag?post=16432"}],"curies":[{"name":"wp","href":"https:\/\/api.w.org\/{rel}","templated":true}]}}