{"id":16428,"date":"2021-04-18T16:53:23","date_gmt":"2021-04-18T15:53:23","guid":{"rendered":"https:\/\/mamaterra.lt\/parduotuve\/uncategorized\/doterra-pelaski-pom-active-vegetable-duet-eterisko-ellu-maisijums-30ml\/"},"modified":"2024-11-17T23:24:40","modified_gmt":"2024-11-17T22:24:40","slug":"doterra-pelaski-pom-aktivs-darzeni-duets-essential-ella-maisijums-30ml","status":"publish","type":"product","link":"https:\/\/mamaterra.lt\/lv\/parduotuve\/higiena-un-adas-kopsana\/yarrow-pom-produktiem\/doterra-pelaski-pom-aktivs-darzeni-duets-essential-ella-maisijums-30ml\/","title":{"rendered":"doTERRA pela\u0161\u0137i | Pom Active Vegetable Duet (\u0113terisko e\u013c\u013cu mais\u012bjums) 30ml"},"content":{"rendered":"<p><strong>doTERRA pela\u0161\u0137i | Pom Active Vegetable Duet (\u0113terisko e\u013c\u013cu mais\u012bjums)<\/strong><\/p>\n<p>30ml<\/p>\n<p>&nbsp;<\/p>\n<p><strong>doTERRA pela\u0161\u0137i | Pom Active Herbal Duet apraksts un visp\u0101r\u012bg\u0101s funkcijas:<\/strong><\/p>\n<p>Pela\u0161\u0137i | Pom ir patent\u0113ts pela\u0161\u0137u \u0113terisk\u0101s e\u013c\u013cas mais\u012bjums no auksti spiestas gran\u0101t\u0101bolu s\u0113klu e\u013c\u013cas, ko izstr\u0101d\u0101ju\u0161i cien\u012bt\u0101ji, kas ir paredz\u0113ts \u0101das nomierin\u0101\u0161anai un nodro\u0161ina emociju nomierino\u0161u efektu visas dienas garum\u0101.<\/p>\n<ul>\n<li style=\"list-style-type: none;\">\n<ul>\n<li>Saglab\u0101 \u0101du jaunu un vesel\u012bgu izskatu<\/li>\n<li>Pal\u012bdz samazin\u0101t \u0101das nepiln\u012bbas<\/li>\n<li>Mas\u0101\u017eas laik\u0101 rada relaks\u0113jo\u0161u noska\u0146u<\/li>\n<\/ul>\n<\/li>\n<\/ul>\n<p>E\u013c\u013cas pela\u0161\u0137u \u0137\u012bmisk\u0101 sast\u0101va d\u0113\u013c| Pom ir noder\u012bgs \u0161\u016bnu, im\u016bnsist\u0113mas un nervu sist\u0113mas vesel\u012bbas uzlabo\u0161anai.* Viens no pela\u0161\u0137u | Pom e\u013c\u013cai ir \u0137\u012bmiskas sast\u0101vda\u013cas, kas paz\u012bstamas k\u0101 beta-kariofil\u0113ns (\u03b2-kariofil\u0113ns), ar iev\u0113rojamu labumu im\u016bnsist\u0113mai un \u0161\u016bnu sist\u0113m\u0101m. Lai stimul\u0113tu vesel\u012bgu im\u016bnreakciju, apsveriet iesp\u0113ju lietot vienu vai divus pilienus pela\u0161\u0137i dien\u0101| Pom, pievienojot e\u013c\u013cu vismaz 120ml \u0161\u0137idruma un norijot.<\/p>\n<p>Iek\u0161\u0113jai lieto\u0161anai pela\u0161\u0137i | Pom e\u013c\u013ca var pal\u012bdz\u0113t nodro\u0161in\u0101t organismu ar noder\u012bgiem antioksidantiem, stimul\u0113t vesel\u012bgu vielmai\u0146u un atjaunot jaun\u012bbas vitalit\u0101ti. Gan pela\u0161\u0137i, gan gran\u0101t\u0101bolu s\u0113klas var pal\u012bdz\u0113t mitrin\u0101t un atjaunot vesel\u012bgu \u0101du, k\u0101 ar\u012b samazin\u0101t \u0101das nepiln\u012bbas.<\/p>\n<p>Pela\u0161\u0137i| Pom e\u013c\u013cas \u012bpa\u0161\u012bbas var pal\u012bdz\u0113t nomierin\u0101t \u0137ermeni un pr\u0101tu.* Ja garast\u0101vok\u013ca kontrolei v\u0113laties izmantot \u0113terisk\u0101s e\u013c\u013cas, m\u0113\u0123iniet tvaic\u0113t pela\u0161\u0137i | Pom e\u013c\u013ca ziem\u0101 vai tum\u0161\u0101s, dr\u016bm\u0101s dien\u0101s. Nomierino\u0161a pela\u0161\u0137u e\u013c\u013cas un auksti spiestas gran\u0101t\u0101bolu s\u0113klu e\u013c\u013cas kombin\u0101cija pacels j\u016bsu garast\u0101vokli, arom\u0101ts piepild\u012bs j\u016bsu m\u0101ju un rad\u012bs nomierino\u0161u vidi.<\/p>\n<p>P\u0113c iek\u013cau\u0161anas \u0101das kop\u0161anas sh\u0113m\u0101 pela\u0161\u0137i | Pom var uzlabot sejas kr\u0101su- izl\u012bdzin\u0101t un dot jaun\u012bbu. Gan pela\u0161\u0137i, gan gran\u0101t\u0101bolu s\u0113klas var pal\u012bdz\u0113t mitrin\u0101t un atjaunot vesel\u012bgu \u0101du, k\u0101 ar\u012b samazin\u0101t \u0101das nepiln\u012bbas. \u0160\u012b \u0113terisk\u0101 e\u013c\u013ca k\u0101 \u012bpa\u0161s patent\u0113ts mais\u012bjums aktiviz\u0113 aizsarg\u0101jo\u0161os prote\u012bnus \u0101d\u0101, lai aizsarg\u0101tu sejas \u0101du no fermentiem, kas no\u0101rda kolag\u0113nu un samazina elast\u012bbu. Lai izmantotu atsvaidzino\u0161o un \u0101du aizsarg\u0101jo\u0161o pela\u0161\u0137i| Izmantojot Pom e\u013c\u013cas priek\u0161roc\u012bbas, katru r\u012btu un vakaru uzkl\u0101jiet divus pilienus uz sejas, kr\u016bt\u012bm, kakla un rok\u0101m.<\/p>\n<p>Turkl\u0101t <strong>\u0161is doTERRA \u0113terisko e\u013c\u013cu mais\u012bjums ir piem\u0113rots veg\u0101niem<\/strong>.<\/p>\n<p>Uz | no pela\u0161\u0137i Pom e\u013c\u013cas \u012bpa\u0161\u012bbas tas dod labumu, nodro\u0161inot \u0137ermenim m\u0113r\u0137tiec\u012bgus ieguvumus. T\u0101 k\u0101 e\u013c\u013ca nomierina \u0137ermeni un pr\u0101tu, to var izmantot k\u0101 da\u013cu no relaks\u0113jo\u0161as mas\u0101\u017eas p\u0113c garas un nogurdino\u0161as dienas. Lai izjustu m\u0113r\u0137a pela\u0161\u0137i | P\u0113c pom e\u013c\u013cas priek\u0161roc\u012bb\u0101m izmantojiet e\u013c\u013cu atjaunojo\u0161ai mas\u0101\u017eai, kas pal\u012bdz\u0113s mazin\u0101t spriedzi noteikt\u0101s viet\u0101s.<\/p>\n<p>&nbsp;<\/p>\n<p><strong>doTERRA pela\u0161\u0137i | Pom Active augu dueta sast\u0101vda\u013cas:<\/strong><\/p>\n<p>Pela\u0161\u0137u un gran\u0101t\u0101bolu e\u013c\u013cas \u0137\u012bmija.<\/p>\n<p><strong>Galven\u0101s \u0137\u012bmisk\u0101s sast\u0101vda\u013cas:<\/strong> Pun\u012bnsk\u0101be, \u03b2-kariofil\u0113ns, chamazulene.<\/p>\n<p>Ekskluz\u012bvaj\u0101 patent\u0113taj\u0101 doTERRA pela\u0161\u0137u | Pom mais\u012bjums satur \u0137\u012bmiskus komponentus, kas atbalsta \u0137ermeni, kad tos pat\u0113r\u0113 uz iek\u0161u. Ar \u0137\u012bmisk\u0101m sast\u0101vda\u013c\u0101m, piem\u0113ram, omega 5 punic sk\u0101bi, antioksidantiem, \u03b2-kariofil\u0113nu un chamazulene, pela\u0161\u0137i | Pom e\u013c\u013cas mais\u012bjums atbalsta im\u016bnsist\u0113mu un nervu sist\u0113mu, k\u0101 ar\u012b \u0161\u016bnu darb\u012bbu un atjauno.*<\/p>\n<p>&nbsp;<\/p>\n<p>Vair\u0101k par <strong>doTERRA pela\u0161\u0137u | Pom akt\u012bvais augu duets<\/strong><strong> <\/strong>To atrad\u012bsit t\u0101l\u0101k redzamaj\u0101 videoklip\u0101.<\/p>\n<p><iframe title=\"Dr Hill un Emily Wright apsprie\u017e doTERRA pela\u0161\u0137u\u00ae | priek\u0161roc\u012bbas Pom \u0113terisk\u0101 e\u013c\u013ca\" src=\"https:\/\/www.youtube.com\/embed\/1S5lyKUyK3s\" width=\"853\" height=\"480\" frameborder=\"0\" allowfullscreen=\"allowfullscreen\"><\/iframe><\/p>\n","protected":false},"excerpt":{"rendered":"<ul>\n<li>Saglab\u0101 \u0101du jaunu un vesel\u012bgu izskatu<\/li>\n<li>Pal\u012bdz samazin\u0101t \u0101das nepiln\u012bbas<\/li>\n<li>Mas\u0101\u017eas laik\u0101 rada relaks\u0113jo\u0161u noska\u0146u<\/li>\n<\/ul>\n","protected":false},"featured_media":11480,"template":"","meta":{"site-sidebar-layout":"default","site-content-layout":"default","ast-site-content-layout":"default","site-content-style":"default","site-sidebar-style":"default","ast-global-header-display":"","ast-banner-title-visibility":"","ast-main-header-display":"","ast-hfb-above-header-display":"","ast-hfb-below-header-display":"","ast-hfb-mobile-header-display":"","site-post-title":"","ast-breadcrumbs-content":"","ast-featured-img":"","footer-sml-layout":"","ast-disable-related-posts":"","theme-transparent-header-meta":"default","adv-header-id-meta":"","stick-header-meta":"","header-above-stick-meta":"","header-main-stick-meta":"","header-below-stick-meta":"","astra-migrate-meta-layouts":"default","ast-page-background-enabled":"default","ast-page-background-meta":{"desktop":{"background-color":"","background-image":"","background-repeat":"repeat","background-position":"center center","background-size":"auto","background-attachment":"scroll","background-type":"","background-media":"","overlay-type":"","overlay-color":"","overlay-opacity":"","overlay-gradient":""},"tablet":{"background-color":"","background-image":"","background-repeat":"repeat","background-position":"center center","background-size":"auto","background-attachment":"scroll","background-type":"","background-media":"","overlay-type":"","overlay-color":"","overlay-opacity":"","overlay-gradient":""},"mobile":{"background-color":"","background-image":"","background-repeat":"repeat","background-position":"center center","background-size":"auto","background-attachment":"scroll","background-type":"","background-media":"","overlay-type":"","overlay-color":"","overlay-opacity":"","overlay-gradient":""}},"ast-content-background-meta":{"desktop":{"background-color":"var(--ast-global-color-5)","background-image":"","background-repeat":"repeat","background-position":"center center","background-size":"auto","background-attachment":"scroll","background-type":"","background-media":"","overlay-type":"","overlay-color":"","overlay-opacity":"","overlay-gradient":""},"tablet":{"background-color":"var(--ast-global-color-5)","background-image":"","background-repeat":"repeat","background-position":"center center","background-size":"auto","background-attachment":"scroll","background-type":"","background-media":"","overlay-type":"","overlay-color":"","overlay-opacity":"","overlay-gradient":""},"mobile":{"background-color":"var(--ast-global-color-5)","background-image":"","background-repeat":"repeat","background-position":"center center","background-size":"auto","background-attachment":"scroll","background-type":"","background-media":"","overlay-type":"","overlay-color":"","overlay-opacity":"","overlay-gradient":""}}},"product_brand":[],"product_cat":[600,602,606],"product_tag":[689,631,1409],"class_list":{"0":"post-16428","1":"product","2":"type-product","3":"status-publish","4":"has-post-thumbnail","6":"product_cat-eteriskas-ellas","7":"product_cat-tiras-eteriskas-ellas","8":"product_cat-yarrow-pom-produktiem","9":"product_tag-30-ml-lv","10":"product_tag-eteriskas-ellas","11":"product_tag-yarrow-pom-lv","12":"desktop-align-left","13":"tablet-align-left","14":"mobile-align-left","16":"first","17":"instock","18":"sale","19":"taxable","20":"shipping-taxable","21":"purchasable","22":"product-type-simple"},"_links":{"self":[{"href":"https:\/\/mamaterra.lt\/lv\/wp-json\/wp\/v2\/product\/16428","targetHints":{"allow":["GET"]}}],"collection":[{"href":"https:\/\/mamaterra.lt\/lv\/wp-json\/wp\/v2\/product"}],"about":[{"href":"https:\/\/mamaterra.lt\/lv\/wp-json\/wp\/v2\/types\/product"}],"wp:featuredmedia":[{"embeddable":true,"href":"https:\/\/mamaterra.lt\/lv\/wp-json\/wp\/v2\/media\/11480"}],"wp:attachment":[{"href":"https:\/\/mamaterra.lt\/lv\/wp-json\/wp\/v2\/media?parent=16428"}],"wp:term":[{"taxonomy":"product_brand","embeddable":true,"href":"https:\/\/mamaterra.lt\/lv\/wp-json\/wp\/v2\/product_brand?post=16428"},{"taxonomy":"product_cat","embeddable":true,"href":"https:\/\/mamaterra.lt\/lv\/wp-json\/wp\/v2\/product_cat?post=16428"},{"taxonomy":"product_tag","embeddable":true,"href":"https:\/\/mamaterra.lt\/lv\/wp-json\/wp\/v2\/product_tag?post=16428"}],"curies":[{"name":"wp","href":"https:\/\/api.w.org\/{rel}","templated":true}]}}