{"id":16418,"date":"2021-04-18T16:51:58","date_gmt":"2021-04-18T15:51:58","guid":{"rendered":"https:\/\/mamaterra.lt\/parduotuve\/uncategorized\/aromats-goldenrod-vetiver-tira-doterra-eteriska-ella-15ml\/"},"modified":"2021-04-18T16:51:58","modified_gmt":"2021-04-18T15:51:58","slug":"aromats-zelts-vetiver-pure-doterra-essential-oil-15ml","status":"publish","type":"product","link":"https:\/\/mamaterra.lt\/lv\/parduotuve\/eteriskas-ellas\/tiras-eteriskas-ellas\/aromats-zelts-vetiver-pure-doterra-essential-oil-15ml\/","title":{"rendered":"Arom\u0101ts GoldenRod (VETIVER) T\u012bra doTERRA \u0113terisk\u0101 e\u013c\u013ca 15ml"},"content":{"rendered":"<p><strong>Arom\u0101ts GoldenRod (VETIVER) T\u012bra \u0113terisk\u0101 e\u013c\u013ca doTERRA<\/strong><\/p>\n<p>Vetiveria zizanioides | 15ml<\/p>\n<p>&nbsp;<\/p>\n<p><strong>T\u012bras doTERRA \u0113terisk\u0101s e\u013c\u013cas no smar\u017e\u012bg\u0101s zelta b\u0101rdas (VETIVER) apraksts:<\/strong><\/p>\n<p>Smar\u017e\u012bgs zeltainais stienis ir m\u012bl\u0113ts ar savu bag\u0101t\u012bgo, eksotisko komplekso arom\u0101tu, ko pla\u0161i izmanto smar\u017eu ra\u017eo\u0161an\u0101.<\/p>\n<ul>\n<li>Arom\u0101tisk\u0101 zelta dzelten\u0101 \u0113terisk\u0101 e\u013c\u013ca ir paz\u012bstama ar sav\u0101m zem\u0113juma \u012bpa\u0161\u012bb\u0101m<\/li>\n<li>Izmantojiet nomierino\u0161ai arom\u0101tiskai mas\u0101\u017eai<\/li>\n<li>Izmantojiet savos iecien\u012bt\u0101kajos arom\u0101tiskajos mais\u012bjumos k\u0101 zemes pamatnoti<\/li>\n<\/ul>\n<p>&nbsp;<\/p>\n<p>Pla\u0161\u0101ka inform\u0101cija par <strong>smar\u017e\u012bgo zeltainu (VETIVER)<\/strong><strong> <\/strong><strong>doTERRA<\/strong><strong> <\/strong><strong>\u0112terisko e\u013c\u013cu <\/strong>atrad\u012bsit t\u0101l\u0101k redzamaj\u0101 videoklip\u0101.<\/p>\n<p><iframe title=\"Vetiver e\u013c\u013cas izmanto\u0161ana un priek\u0161roc\u012bbas | doTERRA \u0113terisk\u0101s e\u013c\u013cas\" src=\"https:\/\/www.youtube.com\/embed\/3AY8sSF2VUA\" width=\"853\" height=\"480\" frameborder=\"0\" allowfullscreen=\"allowfullscreen\"><\/iframe><\/p>\n","protected":false},"excerpt":{"rendered":"<ul>\n<li>Arom\u0101tisk\u0101 zelta dzelten\u0101 \u0113terisk\u0101 e\u013c\u013ca ir paz\u012bstama ar sav\u0101m zem\u0113juma \u012bpa\u0161\u012bb\u0101m<\/li>\n<li>Izmantojiet nomierino\u0161ai arom\u0101tiskai mas\u0101\u017eai<\/li>\n<li>Izmantojiet savos iecien\u012bt\u0101kajos arom\u0101tiskajos mais\u012bjumos k\u0101 zemes pamatnoti<\/li>\n<\/ul>\n","protected":false},"featured_media":11421,"template":"","meta":{"site-sidebar-layout":"default","site-content-layout":"default","ast-site-content-layout":"default","site-content-style":"default","site-sidebar-style":"default","ast-global-header-display":"","ast-banner-title-visibility":"","ast-main-header-display":"","ast-hfb-above-header-display":"","ast-hfb-below-header-display":"","ast-hfb-mobile-header-display":"","site-post-title":"","ast-breadcrumbs-content":"","ast-featured-img":"","footer-sml-layout":"","ast-disable-related-posts":"","theme-transparent-header-meta":"default","adv-header-id-meta":"","stick-header-meta":"","header-above-stick-meta":"","header-main-stick-meta":"","header-below-stick-meta":"","astra-migrate-meta-layouts":"default","ast-page-background-enabled":"default","ast-page-background-meta":{"desktop":{"background-color":"","background-image":"","background-repeat":"repeat","background-position":"center center","background-size":"auto","background-attachment":"scroll","background-type":"","background-media":"","overlay-type":"","overlay-color":"","overlay-opacity":"","overlay-gradient":""},"tablet":{"background-color":"","background-image":"","background-repeat":"repeat","background-position":"center center","background-size":"auto","background-attachment":"scroll","background-type":"","background-media":"","overlay-type":"","overlay-color":"","overlay-opacity":"","overlay-gradient":""},"mobile":{"background-color":"","background-image":"","background-repeat":"repeat","background-position":"center center","background-size":"auto","background-attachment":"scroll","background-type":"","background-media":"","overlay-type":"","overlay-color":"","overlay-opacity":"","overlay-gradient":""}},"ast-content-background-meta":{"desktop":{"background-color":"var(--ast-global-color-5)","background-image":"","background-repeat":"repeat","background-position":"center center","background-size":"auto","background-attachment":"scroll","background-type":"","background-media":"","overlay-type":"","overlay-color":"","overlay-opacity":"","overlay-gradient":""},"tablet":{"background-color":"var(--ast-global-color-5)","background-image":"","background-repeat":"repeat","background-position":"center center","background-size":"auto","background-attachment":"scroll","background-type":"","background-media":"","overlay-type":"","overlay-color":"","overlay-opacity":"","overlay-gradient":""},"mobile":{"background-color":"var(--ast-global-color-5)","background-image":"","background-repeat":"repeat","background-position":"center center","background-size":"auto","background-attachment":"scroll","background-type":"","background-media":"","overlay-type":"","overlay-color":"","overlay-opacity":"","overlay-gradient":""}}},"product_brand":[],"product_cat":[600,613,618,602],"product_tag":[676,631,874],"class_list":{"0":"post-16418","1":"product","2":"type-product","3":"status-publish","4":"has-post-thumbnail","6":"product_cat-eteriskas-ellas","7":"product_cat-miegam","8":"product_cat-nomierinosas","9":"product_cat-tiras-eteriskas-ellas","10":"product_tag-15-ml-lv","11":"product_tag-eteriskas-ellas","12":"product_tag-vetiver-lv","13":"desktop-align-left","14":"tablet-align-left","15":"mobile-align-left","17":"first","18":"instock","19":"sale","20":"taxable","21":"shipping-taxable","22":"purchasable","23":"product-type-simple"},"_links":{"self":[{"href":"https:\/\/mamaterra.lt\/lv\/wp-json\/wp\/v2\/product\/16418","targetHints":{"allow":["GET"]}}],"collection":[{"href":"https:\/\/mamaterra.lt\/lv\/wp-json\/wp\/v2\/product"}],"about":[{"href":"https:\/\/mamaterra.lt\/lv\/wp-json\/wp\/v2\/types\/product"}],"wp:featuredmedia":[{"embeddable":true,"href":"https:\/\/mamaterra.lt\/lv\/wp-json\/wp\/v2\/media\/11421"}],"wp:attachment":[{"href":"https:\/\/mamaterra.lt\/lv\/wp-json\/wp\/v2\/media?parent=16418"}],"wp:term":[{"taxonomy":"product_brand","embeddable":true,"href":"https:\/\/mamaterra.lt\/lv\/wp-json\/wp\/v2\/product_brand?post=16418"},{"taxonomy":"product_cat","embeddable":true,"href":"https:\/\/mamaterra.lt\/lv\/wp-json\/wp\/v2\/product_cat?post=16418"},{"taxonomy":"product_tag","embeddable":true,"href":"https:\/\/mamaterra.lt\/lv\/wp-json\/wp\/v2\/product_tag?post=16418"}],"curies":[{"name":"wp","href":"https:\/\/api.w.org\/{rel}","templated":true}]}}