{"id":16414,"date":"2021-04-18T17:03:36","date_gmt":"2021-04-18T16:03:36","guid":{"rendered":"https:\/\/mamaterra.lt\/parduotuve\/uncategorized\/doterra-adaptiv-nomierinoss-eterisko-ellu-maisijums-15ml\/"},"modified":"2021-04-18T17:03:36","modified_gmt":"2021-04-18T16:03:36","slug":"doterra-adaptiv-nomierinoss-eterisko-ellu-maisijums-15ml","status":"publish","type":"product","link":"https:\/\/mamaterra.lt\/lv\/parduotuve\/eteriskas-ellas\/eterisko-ellu-maisijumi\/doterra-adaptiv-nomierinoss-eterisko-ellu-maisijums-15ml\/","title":{"rendered":"doTERRA ADAPTIV\u2122 nomierino\u0161s \u0113terisko e\u013c\u013cu mais\u012bjums 15ml"},"content":{"rendered":"<p><strong>doTERRA ADAPTIV\u2122 nomierino\u0161s \u0113terisko e\u013c\u013cu mais\u012bjums<\/strong><\/p>\n<p>15ml<\/p>\n<p>&nbsp;<\/p>\n<p><strong>doTERRA ADAPTIV\u2122 \u0113terisko e\u013c\u013cu mais\u012bjuma apraksts un sast\u0101vda\u013cas:<\/strong><\/p>\n<p>Adaptiv ir patent\u0113ts mais\u012bjums, kas sast\u0101v no savva\u013cas apels\u012bnu, lavandas, kokona, \u0161\u0137\u0113pu, aukstuma\u0123enta, magnolijas, rozmar\u012bna, neroli un \u012bstu sve\u0137u \u0113teriskaj\u0101m e\u013c\u013c\u0101m. Pie rokas ir Adaptiv \u2013 \u0161is mais\u012bjums noder\u0113s, ja v\u0113l\u0113sieties nomierin\u0101ties jaun\u0101 vid\u0113 vai nepaz\u012bstam\u0101 situ\u0101cij\u0101.v<\/p>\n<p>Kad stress un spriedze \u0161\u0137iet ne\u017e\u0113l\u012bgi, Adaptiv Calming Blend ir prec\u012bzs risin\u0101jums. Izmantojiet Adaptiv, lai piel\u0101gotos jaunai videi vai situ\u0101cij\u0101m.<\/p>\n<ul>\n<li>Tuvojoties svar\u012bgai san\u0101ksmei vai citiem svar\u012bgiem notikumiem, turiet Adaptiv Calming Blend rokas stiepiena att\u0101lum\u0101.<\/li>\n<li>S\u0101kotn\u0113jie p\u0113t\u012bjumi ir atkl\u0101ju\u0161i, ka lavandas, kas ir Adaptiv galven\u0101 sast\u0101vda\u013ca, smar\u017ea veicina vidi, kas veicina t\u0101du uzdevumu veik\u0161anu, kuriem nepiecie\u0161ama past\u0101v\u012bga uzman\u012bba.<\/li>\n<li>Lavanda, Magnolija, Neroli un Sweetgum mazina stresu, savuk\u0101rt savva\u013cas apels\u012bni un piparm\u0113tras dod ener\u0123iju un pac\u0113lumu.<\/li>\n<li>Copaiba un rozmar\u012bns mazina trauksmes saj\u016btu, t\u0101d\u0113j\u0101di papildinot nomierino\u0161o efektu.<\/li>\n<\/ul>\n<p>Neatkar\u012bgi no t\u0101, vai j\u016btaties noguris vai nemier\u012bgs, neizl\u0113m\u012bgs vai aizkaitin\u0101ms, Adaptiv Calming Blend pal\u012bdz j\u016bsu \u0137ermenim un pr\u0101tam saglab\u0101t l\u012bdzsvaru. Izmantojiet Adaptiv nomierino\u0161o mais\u012bjumu kop\u0101 ar Adaptiv kapsul\u0101m, lai ieg\u016btu siner\u0123iskus rezult\u0101tus.<\/p>\n<ul>\n<li>Pal\u012bdz uzlabot garast\u0101vokli<\/li>\n<li>Stiprina miera saj\u016btu<\/li>\n<li>Nomierina un pacil\u0101<\/li>\n<li>Pal\u012bdz efekt\u012bv\u0101k str\u0101d\u0101t vai m\u0101c\u012bties<\/li>\n<li>Nomierino\u0161s un relaks\u0113jo\u0161s arom\u0101ts<\/li>\n<\/ul>\n<p><strong>doTERRA ADAPTIV\u2122 \u0113terisko e\u013c\u013cu mais\u012bjuma lieto\u0161ana:<\/strong><\/p>\n<ul>\n<li>Pa\u0146emiet relaks\u0113jo\u0161u vannu ar Epsom s\u0101\u013ciem un tr\u012bs l\u012bdz \u010detriem pilieniem adaptiva mais\u012bjuma.<\/li>\n<li>Nomierino\u0161ai mas\u0101\u017eai sajauciet tr\u012bs pilienus ar frakcion\u0113tu kokosriekstu e\u013c\u013cu.<\/li>\n<li>Tvaiks difuzor\u0101 &#8211; j\u016bs stimul\u0113siet koncentr\u0113\u0161anos un mier\u012bgu dom\u0101\u0161anu.<\/li>\n<li>Uzkl\u0101jiet vienu pilienu uz plaukstas, berz\u0113jiet plaukstas un ieelpojiet. Ja nepiecie\u0161ams, dienas laik\u0101 ik p\u0113c da\u017e\u0101m stund\u0101m dzi\u013ci ieelpojiet Adaptiv no plaukst\u0101m.<\/li>\n<\/ul>\n<p>&nbsp;<\/p>\n<p>Vair\u0101k par <strong>doTERRA ADAPTIV\u2122 <\/strong>  <strong> <\/strong><strong>\u0112terisko e\u013c\u013cu mais\u012bjumu <\/strong>atrad\u012bsit t\u0101l\u0101k redzamaj\u0101 videoklip\u0101.<\/p>\n<p><iframe title=\"Ar ko doTERRA Adaptiv\u2122 at\u0161\u0137iras? (Tulkotie subtitri)\" src=\"https:\/\/www.youtube.com\/embed\/4OlH4bwZvC0\" width=\"853\" height=\"480\" frameborder=\"0\" allowfullscreen=\"allowfullscreen\"><\/iframe><\/p>\n","protected":false},"excerpt":{"rendered":"<ul>\n<li>Pal\u012bdz uzlabot garast\u0101vokli<\/li>\n<li>Stiprina miera saj\u016btu<\/li>\n<li>Nomierina un pacil\u0101<\/li>\n<li>Pal\u012bdz efekt\u012bv\u0101k str\u0101d\u0101t vai m\u0101c\u012bties<\/li>\n<\/ul>\n","protected":false},"featured_media":11559,"template":"","meta":{"site-sidebar-layout":"default","site-content-layout":"default","ast-site-content-layout":"default","site-content-style":"default","site-sidebar-style":"default","ast-global-header-display":"","ast-banner-title-visibility":"","ast-main-header-display":"","ast-hfb-above-header-display":"","ast-hfb-below-header-display":"","ast-hfb-mobile-header-display":"","site-post-title":"","ast-breadcrumbs-content":"","ast-featured-img":"","footer-sml-layout":"","ast-disable-related-posts":"","theme-transparent-header-meta":"default","adv-header-id-meta":"","stick-header-meta":"","header-above-stick-meta":"","header-main-stick-meta":"","header-below-stick-meta":"","astra-migrate-meta-layouts":"default","ast-page-background-enabled":"default","ast-page-background-meta":{"desktop":{"background-color":"","background-image":"","background-repeat":"repeat","background-position":"center center","background-size":"auto","background-attachment":"scroll","background-type":"","background-media":"","overlay-type":"","overlay-color":"","overlay-opacity":"","overlay-gradient":""},"tablet":{"background-color":"","background-image":"","background-repeat":"repeat","background-position":"center center","background-size":"auto","background-attachment":"scroll","background-type":"","background-media":"","overlay-type":"","overlay-color":"","overlay-opacity":"","overlay-gradient":""},"mobile":{"background-color":"","background-image":"","background-repeat":"repeat","background-position":"center center","background-size":"auto","background-attachment":"scroll","background-type":"","background-media":"","overlay-type":"","overlay-color":"","overlay-opacity":"","overlay-gradient":""}},"ast-content-background-meta":{"desktop":{"background-color":"var(--ast-global-color-5)","background-image":"","background-repeat":"repeat","background-position":"center center","background-size":"auto","background-attachment":"scroll","background-type":"","background-media":"","overlay-type":"","overlay-color":"","overlay-opacity":"","overlay-gradient":""},"tablet":{"background-color":"var(--ast-global-color-5)","background-image":"","background-repeat":"repeat","background-position":"center center","background-size":"auto","background-attachment":"scroll","background-type":"","background-media":"","overlay-type":"","overlay-color":"","overlay-opacity":"","overlay-gradient":""},"mobile":{"background-color":"var(--ast-global-color-5)","background-image":"","background-repeat":"repeat","background-position":"center center","background-size":"auto","background-attachment":"scroll","background-type":"","background-media":"","overlay-type":"","overlay-color":"","overlay-opacity":"","overlay-gradient":""}}},"product_brand":[],"product_cat":[619,600,601,613,618],"product_tag":[676,622,632],"class_list":{"0":"post-16414","1":"product","2":"type-product","3":"status-publish","4":"has-post-thumbnail","6":"product_cat-berniem","7":"product_cat-eteriskas-ellas","8":"product_cat-eterisko-ellu-maisijumi","9":"product_cat-miegam","10":"product_cat-nomierinosas","11":"product_tag-15-ml-lv","12":"product_tag-adaptiv-lv","13":"product_tag-eterisko-ellu-maisijumi","14":"desktop-align-left","15":"tablet-align-left","16":"mobile-align-left","18":"first","19":"instock","20":"featured","21":"taxable","22":"shipping-taxable","23":"purchasable","24":"product-type-simple"},"_links":{"self":[{"href":"https:\/\/mamaterra.lt\/lv\/wp-json\/wp\/v2\/product\/16414","targetHints":{"allow":["GET"]}}],"collection":[{"href":"https:\/\/mamaterra.lt\/lv\/wp-json\/wp\/v2\/product"}],"about":[{"href":"https:\/\/mamaterra.lt\/lv\/wp-json\/wp\/v2\/types\/product"}],"wp:featuredmedia":[{"embeddable":true,"href":"https:\/\/mamaterra.lt\/lv\/wp-json\/wp\/v2\/media\/11559"}],"wp:attachment":[{"href":"https:\/\/mamaterra.lt\/lv\/wp-json\/wp\/v2\/media?parent=16414"}],"wp:term":[{"taxonomy":"product_brand","embeddable":true,"href":"https:\/\/mamaterra.lt\/lv\/wp-json\/wp\/v2\/product_brand?post=16414"},{"taxonomy":"product_cat","embeddable":true,"href":"https:\/\/mamaterra.lt\/lv\/wp-json\/wp\/v2\/product_cat?post=16414"},{"taxonomy":"product_tag","embeddable":true,"href":"https:\/\/mamaterra.lt\/lv\/wp-json\/wp\/v2\/product_tag?post=16414"}],"curies":[{"name":"wp","href":"https:\/\/api.w.org\/{rel}","templated":true}]}}