{"id":16410,"date":"2021-04-18T16:52:48","date_gmt":"2021-04-18T15:52:48","guid":{"rendered":"https:\/\/mamaterra.lt\/parduotuve\/uncategorized\/bruklenes-wintergreen-tira-doterra-eteriska-ella-15ml\/"},"modified":"2021-04-18T16:52:48","modified_gmt":"2021-04-18T15:52:48","slug":"bruklenu-ziemzalo-pure-doterra-essential-oil-15ml","status":"publish","type":"product","link":"https:\/\/mamaterra.lt\/lv\/parduotuve\/eteriskas-ellas\/tiras-eteriskas-ellas\/bruklenu-ziemzalo-pure-doterra-essential-oil-15ml\/","title":{"rendered":"Br\u016bklenes (WINTERGREEN) T\u012bra doTERRA \u0113terisk\u0101 e\u013c\u013ca 15ml"},"content":{"rendered":"<p><strong>Br\u016bklenes (WINTERGREEN) T\u012bra doTERRA \u0113terisk\u0101 e\u013c\u013ca<\/strong><\/p>\n<p>Gaultheria fragrantissima | 15ml<\/p>\n<p>&nbsp;<\/p>\n<p><strong>Br\u016bkle\u0146u (WINTERGREEN) t\u012bras doTERRA \u0113terisk\u0101s e\u013c\u013cas apraksts:<\/strong><\/p>\n<p>Br\u016bkle\u0146u \u0113terisk\u0101 e\u013c\u013ca ir paz\u012bstama daudziem cilv\u0113kiem, jo to bie\u017ei izmanto saldumos vai ko\u0161\u013c\u0101jam\u0101 gumij\u0101.<\/p>\n<ul>\n<li>Bie\u017ei izmanto mutes dobuma higi\u0113nas l\u012bdzek\u013cos<\/li>\n<li>Iemas\u0113jiet rok\u0101s, mugur\u0101 un k\u0101j\u0101s, lai p\u0113c treni\u0146a izjustu prets\u0101pju un sasil\u0161anas efektu<\/li>\n<li>Izmantojiet, ja v\u0113laties saldu pacil\u0101jo\u0161u arom\u0101tu<\/li>\n<\/ul>\n<p>&nbsp;<\/p>\n<p>Vair\u0101k inform\u0101cijas par <strong>br\u016bklen\u0113m (WINTERGREEN) <\/strong><strong>doTERRA<\/strong><strong> <\/strong><strong>\u0112terisko e\u013c\u013cu <\/strong>atrad\u012bsit t\u0101l\u0101k redzamaj\u0101 videoklip\u0101.<\/p>\n<p><iframe title=\"doTERRA Wintergreen Oil - Nep\u0101la un doTERRA \u0113terisko e\u013c\u013cu at\u0161\u0137ir\u012bba\" src=\"https:\/\/www.youtube.com\/embed\/X6seOM-AFv4\" width=\"853\" height=\"480\" frameborder=\"0\" allowfullscreen=\"allowfullscreen\"><\/iframe><\/p>\n","protected":false},"excerpt":{"rendered":"<ul>\n<li>Bie\u017ei izmanto mutes dobuma higi\u0113nas l\u012bdzek\u013cos<\/li>\n<li>Iemas\u0113jiet rok\u0101s, mugur\u0101 un k\u0101j\u0101s, lai p\u0113c treni\u0146a izjustu prets\u0101pju un sasil\u0161anas efektu<\/li>\n<li>Izmantojiet, ja v\u0113laties saldu pacil\u0101jo\u0161u arom\u0101tu<\/li>\n<\/ul>\n","protected":false},"featured_media":11571,"template":"","meta":{"site-sidebar-layout":"default","site-content-layout":"default","ast-site-content-layout":"default","site-content-style":"default","site-sidebar-style":"default","ast-global-header-display":"","ast-banner-title-visibility":"","ast-main-header-display":"","ast-hfb-above-header-display":"","ast-hfb-below-header-display":"","ast-hfb-mobile-header-display":"","site-post-title":"","ast-breadcrumbs-content":"","ast-featured-img":"","footer-sml-layout":"","ast-disable-related-posts":"","theme-transparent-header-meta":"default","adv-header-id-meta":"","stick-header-meta":"","header-above-stick-meta":"","header-main-stick-meta":"","header-below-stick-meta":"","astra-migrate-meta-layouts":"default","ast-page-background-enabled":"default","ast-page-background-meta":{"desktop":{"background-color":"","background-image":"","background-repeat":"repeat","background-position":"center center","background-size":"auto","background-attachment":"scroll","background-type":"","background-media":"","overlay-type":"","overlay-color":"","overlay-opacity":"","overlay-gradient":""},"tablet":{"background-color":"","background-image":"","background-repeat":"repeat","background-position":"center center","background-size":"auto","background-attachment":"scroll","background-type":"","background-media":"","overlay-type":"","overlay-color":"","overlay-opacity":"","overlay-gradient":""},"mobile":{"background-color":"","background-image":"","background-repeat":"repeat","background-position":"center center","background-size":"auto","background-attachment":"scroll","background-type":"","background-media":"","overlay-type":"","overlay-color":"","overlay-opacity":"","overlay-gradient":""}},"ast-content-background-meta":{"desktop":{"background-color":"var(--ast-global-color-5)","background-image":"","background-repeat":"repeat","background-position":"center center","background-size":"auto","background-attachment":"scroll","background-type":"","background-media":"","overlay-type":"","overlay-color":"","overlay-opacity":"","overlay-gradient":""},"tablet":{"background-color":"var(--ast-global-color-5)","background-image":"","background-repeat":"repeat","background-position":"center center","background-size":"auto","background-attachment":"scroll","background-type":"","background-media":"","overlay-type":"","overlay-color":"","overlay-opacity":"","overlay-gradient":""},"mobile":{"background-color":"var(--ast-global-color-5)","background-image":"","background-repeat":"repeat","background-position":"center center","background-size":"auto","background-attachment":"scroll","background-type":"","background-media":"","overlay-type":"","overlay-color":"","overlay-opacity":"","overlay-gradient":""}}},"product_brand":[],"product_cat":[600,612,602],"product_tag":[676,631,890],"class_list":{"0":"post-16410","1":"product","2":"type-product","3":"status-publish","4":"has-post-thumbnail","6":"product_cat-eteriskas-ellas","7":"product_cat-masazai","8":"product_cat-tiras-eteriskas-ellas","9":"product_tag-15-ml-lv","10":"product_tag-eteriskas-ellas","11":"product_tag-wintergreen-lv","12":"desktop-align-left","13":"tablet-align-left","14":"mobile-align-left","16":"first","17":"outofstock","18":"taxable","19":"shipping-taxable","20":"purchasable","21":"product-type-simple"},"_links":{"self":[{"href":"https:\/\/mamaterra.lt\/lv\/wp-json\/wp\/v2\/product\/16410","targetHints":{"allow":["GET"]}}],"collection":[{"href":"https:\/\/mamaterra.lt\/lv\/wp-json\/wp\/v2\/product"}],"about":[{"href":"https:\/\/mamaterra.lt\/lv\/wp-json\/wp\/v2\/types\/product"}],"wp:featuredmedia":[{"embeddable":true,"href":"https:\/\/mamaterra.lt\/lv\/wp-json\/wp\/v2\/media\/11571"}],"wp:attachment":[{"href":"https:\/\/mamaterra.lt\/lv\/wp-json\/wp\/v2\/media?parent=16410"}],"wp:term":[{"taxonomy":"product_brand","embeddable":true,"href":"https:\/\/mamaterra.lt\/lv\/wp-json\/wp\/v2\/product_brand?post=16410"},{"taxonomy":"product_cat","embeddable":true,"href":"https:\/\/mamaterra.lt\/lv\/wp-json\/wp\/v2\/product_cat?post=16410"},{"taxonomy":"product_tag","embeddable":true,"href":"https:\/\/mamaterra.lt\/lv\/wp-json\/wp\/v2\/product_tag?post=16410"}],"curies":[{"name":"wp","href":"https:\/\/api.w.org\/{rel}","templated":true}]}}