{"id":16408,"date":"2021-04-18T17:16:11","date_gmt":"2021-04-18T16:16:11","guid":{"rendered":"https:\/\/mamaterra.lt\/parduotuve\/uncategorized\/doterra-citrus-bliss-uzmundrinoss-eterisko-ellu-maisijums-15ml\/"},"modified":"2021-04-18T17:16:11","modified_gmt":"2021-04-18T16:16:11","slug":"doterra-citrus-bliss-zvalumo-giving-essential-oil-blend-15ml","status":"publish","type":"product","link":"https:\/\/mamaterra.lt\/lv\/parduotuve\/eteriskas-ellas\/eterisko-ellu-maisijumi\/doterra-citrus-bliss-zvalumo-giving-essential-oil-blend-15ml\/","title":{"rendered":"doTERRA CITRUS BLISS\u2122 UZMUNDRINO\u0160S \u0112TERISKO E\u013b\u013bU MAIS\u012aJUMS 15ml"},"content":{"rendered":"<p><strong>doTERRA CITRUS BLISS\u2122 UZMUNDRINO\u0160S \u0112TERISKO E\u013b\u013bU MAIS\u012aJUMS<\/strong><\/p>\n<p>15ml<\/p>\n<p>&nbsp;<\/p>\n<p><strong>doTERRA CITRUS BLISS\u2122 \u0112terisko e\u013c\u013cu mais\u012bjuma apraksts un sast\u0101vda\u013cas:<\/strong><\/p>\n<p>\u0160is atsvaidzino\u0161ais savva\u013cas apels\u012bnu, citronu, greipfr\u016btu, bergamotes, sarkano mandar\u012bnu, za\u013co mandar\u012bnu, za\u013co mandar\u012bnu, laima, litsea, tonka pupi\u0146u un vani\u013cas absol\u016bta mais\u012bjums ir prieks pudel\u0113. Izplatiet CITRUS BLISS jebkur\u0101 viet\u0101, lai rad\u012btu pozit\u012bvu atmosf\u0113ru, vai izmantojiet to k\u0101 iedvesmojo\u0161u person\u012bgo arom\u0101tu. Turkl\u0101t doTERRA CITRUS BLISS, kas bag\u0101ts ar limon\u0113nu, ir sp\u0113c\u012bgas t\u012br\u012b\u0161anas \u012bpa\u0161\u012bbas un, sajaucot ar \u016bdeni, k\u013c\u016bst par sp\u0113c\u012bgu virsmas t\u012br\u012bt\u0101ju.<\/p>\n<p>Citrus Bliss, mais\u012bjumam, kas apvieno citrusaug\u013cu \u0113terisko e\u013c\u013cu galven\u0101s priek\u0161roc\u012bbas, piem\u012bt ener\u0123iju dodo\u0161as un atjaunojo\u0161as \u012bpa\u0161\u012bbas, kas var pacelt garast\u0101vokli.<\/p>\n<ul>\n<li>Citrus Bliss e\u013c\u013cu ar atsvaidzino\u0161\u0101m \u012bpa\u0161\u012bb\u0101m var tvaic\u0113t, ja v\u0113laties uzlabot garast\u0101vokli<\/li>\n<li>Mas\u0101\u017eas laik\u0101 izdala apburo\u0161u arom\u0101tu<\/li>\n<\/ul>\n<p>&nbsp;<\/p>\n<p>Vair\u0101k par <strong>doTERRA CITRUS BLISS\u2122<\/strong><strong> <\/strong><strong>\u0112terisko e\u013c\u013cu mais\u012bjumu <\/strong>atrad\u012bsit t\u0101l\u0101k redzamaj\u0101 videoklip\u0101.<\/p>\n<p><iframe title=\"doTERRA Citrus Bliss \u0113terisk\u0101s e\u013c\u013cas-DEOWA akad\u0113mijas grupa\" src=\"https:\/\/www.youtube.com\/embed\/a20DoKgsHZg\" width=\"853\" height=\"480\" frameborder=\"0\" allowfullscreen=\"allowfullscreen\"><\/iframe><\/p>\n","protected":false},"excerpt":{"rendered":"<ul>\n<li>Citrus Bliss e\u013c\u013cu ar atsvaidzino\u0161\u0101m \u012bpa\u0161\u012bb\u0101m var tvaic\u0113t, ja v\u0113laties uzlabot garast\u0101vokli<\/li>\n<li>Mas\u0101\u017eas laik\u0101 izdala apburo\u0161u arom\u0101tu<\/li>\n<\/ul>\n","protected":false},"featured_media":11566,"template":"","meta":{"site-sidebar-layout":"default","site-content-layout":"default","ast-site-content-layout":"default","site-content-style":"default","site-sidebar-style":"default","ast-global-header-display":"","ast-banner-title-visibility":"","ast-main-header-display":"","ast-hfb-above-header-display":"","ast-hfb-below-header-display":"","ast-hfb-mobile-header-display":"","site-post-title":"","ast-breadcrumbs-content":"","ast-featured-img":"","footer-sml-layout":"","ast-disable-related-posts":"","theme-transparent-header-meta":"default","adv-header-id-meta":"","stick-header-meta":"","header-above-stick-meta":"","header-main-stick-meta":"","header-below-stick-meta":"","astra-migrate-meta-layouts":"default","ast-page-background-enabled":"default","ast-page-background-meta":{"desktop":{"background-color":"","background-image":"","background-repeat":"repeat","background-position":"center center","background-size":"auto","background-attachment":"scroll","background-type":"","background-media":"","overlay-type":"","overlay-color":"","overlay-opacity":"","overlay-gradient":""},"tablet":{"background-color":"","background-image":"","background-repeat":"repeat","background-position":"center center","background-size":"auto","background-attachment":"scroll","background-type":"","background-media":"","overlay-type":"","overlay-color":"","overlay-opacity":"","overlay-gradient":""},"mobile":{"background-color":"","background-image":"","background-repeat":"repeat","background-position":"center center","background-size":"auto","background-attachment":"scroll","background-type":"","background-media":"","overlay-type":"","overlay-color":"","overlay-opacity":"","overlay-gradient":""}},"ast-content-background-meta":{"desktop":{"background-color":"var(--ast-global-color-5)","background-image":"","background-repeat":"repeat","background-position":"center center","background-size":"auto","background-attachment":"scroll","background-type":"","background-media":"","overlay-type":"","overlay-color":"","overlay-opacity":"","overlay-gradient":""},"tablet":{"background-color":"var(--ast-global-color-5)","background-image":"","background-repeat":"repeat","background-position":"center center","background-size":"auto","background-attachment":"scroll","background-type":"","background-media":"","overlay-type":"","overlay-color":"","overlay-opacity":"","overlay-gradient":""},"mobile":{"background-color":"var(--ast-global-color-5)","background-image":"","background-repeat":"repeat","background-position":"center center","background-size":"auto","background-attachment":"scroll","background-type":"","background-media":"","overlay-type":"","overlay-color":"","overlay-opacity":"","overlay-gradient":""}}},"product_brand":[],"product_cat":[600,601],"product_tag":[676,1293,632],"class_list":{"0":"post-16408","1":"product","2":"type-product","3":"status-publish","4":"has-post-thumbnail","6":"product_cat-eteriskas-ellas","7":"product_cat-eterisko-ellu-maisijumi","8":"product_tag-15-ml-lv","9":"product_tag-citrus-bliss-lv","10":"product_tag-eterisko-ellu-maisijumi","11":"desktop-align-left","12":"tablet-align-left","13":"mobile-align-left","15":"first","16":"instock","17":"taxable","18":"shipping-taxable","19":"purchasable","20":"product-type-simple"},"_links":{"self":[{"href":"https:\/\/mamaterra.lt\/lv\/wp-json\/wp\/v2\/product\/16408","targetHints":{"allow":["GET"]}}],"collection":[{"href":"https:\/\/mamaterra.lt\/lv\/wp-json\/wp\/v2\/product"}],"about":[{"href":"https:\/\/mamaterra.lt\/lv\/wp-json\/wp\/v2\/types\/product"}],"wp:featuredmedia":[{"embeddable":true,"href":"https:\/\/mamaterra.lt\/lv\/wp-json\/wp\/v2\/media\/11566"}],"wp:attachment":[{"href":"https:\/\/mamaterra.lt\/lv\/wp-json\/wp\/v2\/media?parent=16408"}],"wp:term":[{"taxonomy":"product_brand","embeddable":true,"href":"https:\/\/mamaterra.lt\/lv\/wp-json\/wp\/v2\/product_brand?post=16408"},{"taxonomy":"product_cat","embeddable":true,"href":"https:\/\/mamaterra.lt\/lv\/wp-json\/wp\/v2\/product_cat?post=16408"},{"taxonomy":"product_tag","embeddable":true,"href":"https:\/\/mamaterra.lt\/lv\/wp-json\/wp\/v2\/product_tag?post=16408"}],"curies":[{"name":"wp","href":"https:\/\/api.w.org\/{rel}","templated":true}]}}