{"id":16401,"date":"2021-04-18T17:04:58","date_gmt":"2021-04-18T16:04:58","guid":{"rendered":"https:\/\/mamaterra.lt\/parduotuve\/uncategorized\/doterra-anchor-stabilitate-kas-pieskir-eterisko-ellu-maisijumu-doterra-enkura-stabilizacijas-maisijums-5ml\/"},"modified":"2021-04-18T17:04:58","modified_gmt":"2021-04-18T16:04:58","slug":"doterra-enkurs-stabilitate-doving-essential-oil-blend-doterra-anchor-steadying-blend-5ml","status":"publish","type":"product","link":"https:\/\/mamaterra.lt\/lv\/parduotuve\/eteriskas-ellas\/eterisko-ellu-maisijumi\/doterra-enkurs-stabilitate-doving-essential-oil-blend-doterra-anchor-steadying-blend-5ml\/","title":{"rendered":"doTERRA ANCHOR\u2122 stabilit\u0101te, kas pie\u0161\u0137ir \u0113terisko e\u013c\u013cu mais\u012bjumu (doTERRA enkura stabiliz\u0101cijas mais\u012bjums) 5ml"},"content":{"rendered":"<p><strong>doTERRA ANCHOR\u2122 stabilit\u0101te, kas nodro\u0161ina \u0113terisko e\u013c\u013cu mais\u012bjumu (doTERRA enkura stabiliz\u0101cijas mais\u012bjums)<\/strong><\/p>\n<p>5ml<\/p>\n<p>&nbsp;<\/p>\n<p><strong>doTERRA ANCHOR\u2122 \u0113terisko e\u013c\u013cu mais\u012bjuma apraksts:<\/strong><\/p>\n<p>doTERRA Anchor mais\u012bjums, kas nodro\u0161ina stabilit\u0101ti, sniedz jums p\u0101rliec\u012bbu par sevi, lai j\u016bs var\u0113tu iesaist\u012bties jogas treni\u0146\u0101 un dz\u012bv\u0113 ar nomierino\u0161u sp\u0113ku.<\/p>\n<ul>\n<li>Enkura arom\u0101ts lieliski sapl\u016bst ar jogas medit\u0101cijas st\u0101ju s\u0113dus, sav\u012btu mugurkaulu un Bhu Mudra pozu<\/li>\n<li>Uzkl\u0101jiet uz pot\u012bt\u0113m, mugurkaula pamatnes un zol\u0113m, lai uzlabotu piln\u012bbas un miera saj\u016btu<\/li>\n<li>Veicina piln\u012bbas saj\u016btu un dod drosmi<\/li>\n<\/ul>\n<p>&nbsp;<\/p>\n<p>Vair\u0101k par <strong>doTERRA ANCHOR\u2122<\/strong><strong> <\/strong><strong>\u0112terisko e\u013c\u013cu mais\u012bjumu <\/strong>atrad\u012bsit t\u0101l\u0101k redzamaj\u0101 videoklip\u0101.<\/p>\n<p><iframe title=\"doTERRA enkura stabiliz\u0101cijas mais\u012bjums\" src=\"https:\/\/www.youtube.com\/embed\/QaaX-fDD3oE\" width=\"853\" height=\"480\" frameborder=\"0\" allowfullscreen=\"allowfullscreen\"><\/iframe><\/p>\n","protected":false},"excerpt":{"rendered":"<ul>\n<li>Enkura arom\u0101ts lieliski sapl\u016bst ar jogas medit\u0101cijas st\u0101ju s\u0113dus, sav\u012btu mugurkaulu un Bhu Mudra pozu<\/li>\n<li>Uzkl\u0101jiet uz pot\u012bt\u0113m, mugurkaula pamatnes un zol\u0113m, lai uzlabotu piln\u012bbas un miera saj\u016btu<\/li>\n<li>Veicina piln\u012bbas saj\u016btu un dod drosmi<\/li>\n<\/ul>\n","protected":false},"featured_media":11554,"template":"","meta":{"site-sidebar-layout":"default","site-content-layout":"default","ast-site-content-layout":"default","site-content-style":"default","site-sidebar-style":"default","ast-global-header-display":"","ast-banner-title-visibility":"","ast-main-header-display":"","ast-hfb-above-header-display":"","ast-hfb-below-header-display":"","ast-hfb-mobile-header-display":"","site-post-title":"","ast-breadcrumbs-content":"","ast-featured-img":"","footer-sml-layout":"","ast-disable-related-posts":"","theme-transparent-header-meta":"default","adv-header-id-meta":"","stick-header-meta":"","header-above-stick-meta":"","header-main-stick-meta":"","header-below-stick-meta":"","astra-migrate-meta-layouts":"default","ast-page-background-enabled":"default","ast-page-background-meta":{"desktop":{"background-color":"","background-image":"","background-repeat":"repeat","background-position":"center center","background-size":"auto","background-attachment":"scroll","background-type":"","background-media":"","overlay-type":"","overlay-color":"","overlay-opacity":"","overlay-gradient":""},"tablet":{"background-color":"","background-image":"","background-repeat":"repeat","background-position":"center center","background-size":"auto","background-attachment":"scroll","background-type":"","background-media":"","overlay-type":"","overlay-color":"","overlay-opacity":"","overlay-gradient":""},"mobile":{"background-color":"","background-image":"","background-repeat":"repeat","background-position":"center center","background-size":"auto","background-attachment":"scroll","background-type":"","background-media":"","overlay-type":"","overlay-color":"","overlay-opacity":"","overlay-gradient":""}},"ast-content-background-meta":{"desktop":{"background-color":"var(--ast-global-color-5)","background-image":"","background-repeat":"repeat","background-position":"center center","background-size":"auto","background-attachment":"scroll","background-type":"","background-media":"","overlay-type":"","overlay-color":"","overlay-opacity":"","overlay-gradient":""},"tablet":{"background-color":"var(--ast-global-color-5)","background-image":"","background-repeat":"repeat","background-position":"center center","background-size":"auto","background-attachment":"scroll","background-type":"","background-media":"","overlay-type":"","overlay-color":"","overlay-opacity":"","overlay-gradient":""},"mobile":{"background-color":"var(--ast-global-color-5)","background-image":"","background-repeat":"repeat","background-position":"center center","background-size":"auto","background-attachment":"scroll","background-type":"","background-media":"","overlay-type":"","overlay-color":"","overlay-opacity":"","overlay-gradient":""}}},"product_brand":[],"product_cat":[600,601],"product_tag":[677,1364,632],"class_list":{"0":"post-16401","1":"product","2":"type-product","3":"status-publish","4":"has-post-thumbnail","6":"product_cat-eteriskas-ellas","7":"product_cat-eterisko-ellu-maisijumi","8":"product_tag-5-ml-lv","9":"product_tag-anchor-lv","10":"product_tag-eterisko-ellu-maisijumi","11":"desktop-align-left","12":"tablet-align-left","13":"mobile-align-left","15":"first","16":"instock","17":"taxable","18":"shipping-taxable","19":"purchasable","20":"product-type-simple"},"_links":{"self":[{"href":"https:\/\/mamaterra.lt\/lv\/wp-json\/wp\/v2\/product\/16401","targetHints":{"allow":["GET"]}}],"collection":[{"href":"https:\/\/mamaterra.lt\/lv\/wp-json\/wp\/v2\/product"}],"about":[{"href":"https:\/\/mamaterra.lt\/lv\/wp-json\/wp\/v2\/types\/product"}],"wp:featuredmedia":[{"embeddable":true,"href":"https:\/\/mamaterra.lt\/lv\/wp-json\/wp\/v2\/media\/11554"}],"wp:attachment":[{"href":"https:\/\/mamaterra.lt\/lv\/wp-json\/wp\/v2\/media?parent=16401"}],"wp:term":[{"taxonomy":"product_brand","embeddable":true,"href":"https:\/\/mamaterra.lt\/lv\/wp-json\/wp\/v2\/product_brand?post=16401"},{"taxonomy":"product_cat","embeddable":true,"href":"https:\/\/mamaterra.lt\/lv\/wp-json\/wp\/v2\/product_cat?post=16401"},{"taxonomy":"product_tag","embeddable":true,"href":"https:\/\/mamaterra.lt\/lv\/wp-json\/wp\/v2\/product_tag?post=16401"}],"curies":[{"name":"wp","href":"https:\/\/api.w.org\/{rel}","templated":true}]}}