{"id":16397,"date":"2021-04-18T16:51:31","date_gmt":"2021-04-18T15:51:31","guid":{"rendered":"https:\/\/mamaterra.lt\/parduotuve\/uncategorized\/kurkuma-tira-doterra-eteriska-ella-15ml\/"},"modified":"2021-04-18T16:51:31","modified_gmt":"2021-04-18T15:51:31","slug":"kurkuma-tira-doterra-eteriska-ella-15ml","status":"publish","type":"product","link":"https:\/\/mamaterra.lt\/lv\/parduotuve\/eteriskas-ellas\/tiras-eteriskas-ellas\/kurkuma-tira-doterra-eteriska-ella-15ml\/","title":{"rendered":"KURKUMA T\u012bra doTERRA \u0113terisk\u0101 e\u013c\u013ca 15ml"},"content":{"rendered":"<p><strong>KURKUMA T\u012bra doTERRA \u0113terisk\u0101 e\u013c\u013ca<\/strong><\/p>\n<p>Curcuma longa | 15ml<\/p>\n<p>&nbsp;<\/p>\n<p><strong>KURKUMA Pure doTERRA \u0113terisk\u0101s e\u013c\u013cas apraksts un lietojumi:<\/strong><\/p>\n<p>Kurkumai ir silta pikanta gar\u0161a, kas lieliski gar\u0161os j\u016bsu iecien\u012bt\u0101kos s\u0101\u013cos \u0113dienus. Ar\u012b tas pal\u012bdz uztur\u0113t vesel\u012bgu \u0101das izskatu un stimul\u0113 garast\u0101vokli.<\/p>\n<ul>\n<li>Izmantojiet, lai uzlabotu atsevi\u0161\u0137u zonu st\u0101vokli vai k\u0101 masku visai sejai<\/li>\n<li>Pievienojiet 1-2 pilienus t\u0113jai vai \u016bdenim un izbaudiet delik\u0101to z\u0101\u013cu gar\u0161vielu<\/li>\n<\/ul>\n<p>&nbsp;<\/p>\n<p>Vair\u0101k par <strong>KURKUMA<\/strong><strong> <\/strong><strong>doTERRA<\/strong><strong> <\/strong><strong>\u0112terisko e\u013c\u013cu <\/strong>atrad\u012bsit t\u0101l\u0101k redzamaj\u0101 videoklip\u0101.<\/p>\n<p><iframe title=\"doTERRA Co-Impact Sourcing | doTERRA kurkuma \u0113terisk\u0101 e\u013c\u013ca\" src=\"https:\/\/www.youtube.com\/embed\/bXnB0ApBLdA\" width=\"897\" height=\"473\" frameborder=\"0\" allowfullscreen=\"allowfullscreen\"><\/iframe><\/p>\n","protected":false},"excerpt":{"rendered":"<ul>\n<li>Izmantojiet, lai uzlabotu atsevi\u0161\u0137u zonu st\u0101vokli vai k\u0101 masku visai sejai<\/li>\n<li>Pievienojiet 1-2 pilienus t\u0113jai vai \u016bdenim un izbaudiet delik\u0101to z\u0101\u013cu gar\u0161vielu<\/li>\n<\/ul>\n","protected":false},"featured_media":11570,"template":"","meta":{"site-sidebar-layout":"default","site-content-layout":"default","ast-site-content-layout":"default","site-content-style":"default","site-sidebar-style":"default","ast-global-header-display":"","ast-banner-title-visibility":"","ast-main-header-display":"","ast-hfb-above-header-display":"","ast-hfb-below-header-display":"","ast-hfb-mobile-header-display":"","site-post-title":"","ast-breadcrumbs-content":"","ast-featured-img":"","footer-sml-layout":"","ast-disable-related-posts":"","theme-transparent-header-meta":"default","adv-header-id-meta":"","stick-header-meta":"","header-above-stick-meta":"","header-main-stick-meta":"","header-below-stick-meta":"","astra-migrate-meta-layouts":"default","ast-page-background-enabled":"default","ast-page-background-meta":{"desktop":{"background-color":"","background-image":"","background-repeat":"repeat","background-position":"center center","background-size":"auto","background-attachment":"scroll","background-type":"","background-media":"","overlay-type":"","overlay-color":"","overlay-opacity":"","overlay-gradient":""},"tablet":{"background-color":"","background-image":"","background-repeat":"repeat","background-position":"center center","background-size":"auto","background-attachment":"scroll","background-type":"","background-media":"","overlay-type":"","overlay-color":"","overlay-opacity":"","overlay-gradient":""},"mobile":{"background-color":"","background-image":"","background-repeat":"repeat","background-position":"center center","background-size":"auto","background-attachment":"scroll","background-type":"","background-media":"","overlay-type":"","overlay-color":"","overlay-opacity":"","overlay-gradient":""}},"ast-content-background-meta":{"desktop":{"background-color":"var(--ast-global-color-5)","background-image":"","background-repeat":"repeat","background-position":"center center","background-size":"auto","background-attachment":"scroll","background-type":"","background-media":"","overlay-type":"","overlay-color":"","overlay-opacity":"","overlay-gradient":""},"tablet":{"background-color":"var(--ast-global-color-5)","background-image":"","background-repeat":"repeat","background-position":"center center","background-size":"auto","background-attachment":"scroll","background-type":"","background-media":"","overlay-type":"","overlay-color":"","overlay-opacity":"","overlay-gradient":""},"mobile":{"background-color":"var(--ast-global-color-5)","background-image":"","background-repeat":"repeat","background-position":"center center","background-size":"auto","background-attachment":"scroll","background-type":"","background-media":"","overlay-type":"","overlay-color":"","overlay-opacity":"","overlay-gradient":""}}},"product_brand":[],"product_cat":[600,602],"product_tag":[676,631,941],"class_list":{"0":"post-16397","1":"product","2":"type-product","3":"status-publish","4":"has-post-thumbnail","6":"product_cat-eteriskas-ellas","7":"product_cat-tiras-eteriskas-ellas","8":"product_tag-15-ml-lv","9":"product_tag-eteriskas-ellas","10":"product_tag-turmeric-lv","11":"desktop-align-left","12":"tablet-align-left","13":"mobile-align-left","15":"first","16":"instock","17":"taxable","18":"shipping-taxable","19":"purchasable","20":"product-type-simple"},"_links":{"self":[{"href":"https:\/\/mamaterra.lt\/lv\/wp-json\/wp\/v2\/product\/16397","targetHints":{"allow":["GET"]}}],"collection":[{"href":"https:\/\/mamaterra.lt\/lv\/wp-json\/wp\/v2\/product"}],"about":[{"href":"https:\/\/mamaterra.lt\/lv\/wp-json\/wp\/v2\/types\/product"}],"wp:featuredmedia":[{"embeddable":true,"href":"https:\/\/mamaterra.lt\/lv\/wp-json\/wp\/v2\/media\/11570"}],"wp:attachment":[{"href":"https:\/\/mamaterra.lt\/lv\/wp-json\/wp\/v2\/media?parent=16397"}],"wp:term":[{"taxonomy":"product_brand","embeddable":true,"href":"https:\/\/mamaterra.lt\/lv\/wp-json\/wp\/v2\/product_brand?post=16397"},{"taxonomy":"product_cat","embeddable":true,"href":"https:\/\/mamaterra.lt\/lv\/wp-json\/wp\/v2\/product_cat?post=16397"},{"taxonomy":"product_tag","embeddable":true,"href":"https:\/\/mamaterra.lt\/lv\/wp-json\/wp\/v2\/product_tag?post=16397"}],"curies":[{"name":"wp","href":"https:\/\/api.w.org\/{rel}","templated":true}]}}