{"id":16392,"date":"2021-04-18T17:05:51","date_gmt":"2021-04-18T16:05:51","guid":{"rendered":"https:\/\/mamaterra.lt\/parduotuve\/uncategorized\/doterra-aromatouch-eterisko-ellu-maisijums-masazai-15ml\/"},"modified":"2021-04-18T17:05:51","modified_gmt":"2021-04-18T16:05:51","slug":"doterra-aromatouch-essential-oil-blend-masazai-15ml","status":"publish","type":"product","link":"https:\/\/mamaterra.lt\/lv\/parduotuve\/eteriskas-ellas\/eterisko-ellu-maisijumi\/doterra-aromatouch-essential-oil-blend-masazai-15ml\/","title":{"rendered":"doTERRA AromaTouch\u2122 \u0113terisko e\u013c\u013cu mais\u012bjums mas\u0101\u017eai 15ml"},"content":{"rendered":"<p><strong>doTERRA AromaTouch\u2122 \u0113terisko e\u013c\u013cu mais\u012bjums mas\u0101\u017eai<\/strong><\/p>\n<p>15ml<\/p>\n<p>&nbsp;<\/p>\n<p><strong>doTERRA AromaTouch\u2122 \u0113terisko e\u013c\u013cu mais\u012bjuma apraksts un sast\u0101vda\u013cas:<\/strong><\/p>\n<p>\u0112terisk\u0101s e\u013c\u013cas jau sen tiek izmantotas mas\u0101\u017eai \u2013 tie\u0161i t\u0101p\u0113c doTERRA ir izveidojis patent\u0113tu mas\u0101\u017eas mais\u012bjumu, kas ietver nomierino\u0161as un relaks\u0113jo\u0161as \u0113terisk\u0101s e\u013c\u013cas, lai bag\u0101tin\u0101tu da\u017e\u0101das mas\u0101\u017eas tehnikas.<\/p>\n<ul>\n<li>Var pal\u012bdz\u0113t mazin\u0101t spriedzi un sniedz nomierino\u0161u saj\u016btu<\/li>\n<li>Ir nomierino\u0161a un relaks\u0113jo\u0161a iedarb\u012bba<\/li>\n<li>Bag\u0101tina jebkuru mas\u0101\u017eu ar nomierino\u0161u arom\u0101tu<\/li>\n<\/ul>\n<p>&nbsp;<\/p>\n<p>Vair\u0101k par <strong>doTERRA AromaTouch\u2122<\/strong><strong> <\/strong><strong>\u0112terisko e\u013c\u013cu mais\u012bjumu <\/strong>atrad\u012bsit t\u0101l\u0101k redzamaj\u0101 videoklip\u0101.<\/p>\n<p><iframe title=\"doTERRA Aromatouch \u0113terisko e\u013c\u013cu mais\u012bjums - emocion\u0101lais lietojums\" src=\"https:\/\/www.youtube.com\/embed\/YgEPkyIRU_g\" width=\"853\" height=\"480\" frameborder=\"0\" allowfullscreen=\"allowfullscreen\"><\/iframe><\/p>\n","protected":false},"excerpt":{"rendered":"<ul>\n<li>Var pal\u012bdz\u0113t mazin\u0101t spriedzi un sniedz nomierino\u0161u saj\u016btu<\/li>\n<li>Ir nomierino\u0161a un relaks\u0113jo\u0161a iedarb\u012bba<\/li>\n<li>Bag\u0101tina jebkuru mas\u0101\u017eu ar nomierino\u0161u arom\u0101tu<\/li>\n<\/ul>\n","protected":false},"featured_media":11557,"template":"","meta":{"site-sidebar-layout":"default","site-content-layout":"default","ast-site-content-layout":"default","site-content-style":"default","site-sidebar-style":"default","ast-global-header-display":"","ast-banner-title-visibility":"","ast-main-header-display":"","ast-hfb-above-header-display":"","ast-hfb-below-header-display":"","ast-hfb-mobile-header-display":"","site-post-title":"","ast-breadcrumbs-content":"","ast-featured-img":"","footer-sml-layout":"","ast-disable-related-posts":"","theme-transparent-header-meta":"default","adv-header-id-meta":"","stick-header-meta":"","header-above-stick-meta":"","header-main-stick-meta":"","header-below-stick-meta":"","astra-migrate-meta-layouts":"default","ast-page-background-enabled":"default","ast-page-background-meta":{"desktop":{"background-color":"","background-image":"","background-repeat":"repeat","background-position":"center center","background-size":"auto","background-attachment":"scroll","background-type":"","background-media":"","overlay-type":"","overlay-color":"","overlay-opacity":"","overlay-gradient":""},"tablet":{"background-color":"","background-image":"","background-repeat":"repeat","background-position":"center center","background-size":"auto","background-attachment":"scroll","background-type":"","background-media":"","overlay-type":"","overlay-color":"","overlay-opacity":"","overlay-gradient":""},"mobile":{"background-color":"","background-image":"","background-repeat":"repeat","background-position":"center center","background-size":"auto","background-attachment":"scroll","background-type":"","background-media":"","overlay-type":"","overlay-color":"","overlay-opacity":"","overlay-gradient":""}},"ast-content-background-meta":{"desktop":{"background-color":"var(--ast-global-color-5)","background-image":"","background-repeat":"repeat","background-position":"center center","background-size":"auto","background-attachment":"scroll","background-type":"","background-media":"","overlay-type":"","overlay-color":"","overlay-opacity":"","overlay-gradient":""},"tablet":{"background-color":"var(--ast-global-color-5)","background-image":"","background-repeat":"repeat","background-position":"center center","background-size":"auto","background-attachment":"scroll","background-type":"","background-media":"","overlay-type":"","overlay-color":"","overlay-opacity":"","overlay-gradient":""},"mobile":{"background-color":"var(--ast-global-color-5)","background-image":"","background-repeat":"repeat","background-position":"center center","background-size":"auto","background-attachment":"scroll","background-type":"","background-media":"","overlay-type":"","overlay-color":"","overlay-opacity":"","overlay-gradient":""}}},"product_brand":[],"product_cat":[600,601,612,618],"product_tag":[676,623,632],"class_list":{"0":"post-16392","1":"product","2":"type-product","3":"status-publish","4":"has-post-thumbnail","6":"product_cat-eteriskas-ellas","7":"product_cat-eterisko-ellu-maisijumi","8":"product_cat-masazai","9":"product_cat-nomierinosas","10":"product_tag-15-ml-lv","11":"product_tag-aromatouch-lv","12":"product_tag-eterisko-ellu-maisijumi","13":"desktop-align-left","14":"tablet-align-left","15":"mobile-align-left","17":"first","18":"instock","19":"sale","20":"featured","21":"taxable","22":"shipping-taxable","23":"purchasable","24":"product-type-simple"},"_links":{"self":[{"href":"https:\/\/mamaterra.lt\/lv\/wp-json\/wp\/v2\/product\/16392","targetHints":{"allow":["GET"]}}],"collection":[{"href":"https:\/\/mamaterra.lt\/lv\/wp-json\/wp\/v2\/product"}],"about":[{"href":"https:\/\/mamaterra.lt\/lv\/wp-json\/wp\/v2\/types\/product"}],"wp:featuredmedia":[{"embeddable":true,"href":"https:\/\/mamaterra.lt\/lv\/wp-json\/wp\/v2\/media\/11557"}],"wp:attachment":[{"href":"https:\/\/mamaterra.lt\/lv\/wp-json\/wp\/v2\/media?parent=16392"}],"wp:term":[{"taxonomy":"product_brand","embeddable":true,"href":"https:\/\/mamaterra.lt\/lv\/wp-json\/wp\/v2\/product_brand?post=16392"},{"taxonomy":"product_cat","embeddable":true,"href":"https:\/\/mamaterra.lt\/lv\/wp-json\/wp\/v2\/product_cat?post=16392"},{"taxonomy":"product_tag","embeddable":true,"href":"https:\/\/mamaterra.lt\/lv\/wp-json\/wp\/v2\/product_tag?post=16392"}],"curies":[{"name":"wp","href":"https:\/\/api.w.org\/{rel}","templated":true}]}}