{"id":16391,"date":"2021-04-18T16:53:58","date_gmt":"2021-04-18T15:53:58","guid":{"rendered":"https:\/\/mamaterra.lt\/parduotuve\/uncategorized\/smarziga-kanangs-ylang-ylang-tira-doterra-eteriska-ella-15ml\/"},"modified":"2021-04-18T16:53:58","modified_gmt":"2021-04-18T15:53:58","slug":"ylang-ylang-pure-doterra-essential-oil-15ml","status":"publish","type":"product","link":"https:\/\/mamaterra.lt\/lv\/parduotuve\/higiena-un-adas-kopsana\/salon-essentials-matu-kopsanas-lidzekli\/ylang-ylang-pure-doterra-essential-oil-15ml\/","title":{"rendered":"Smar\u017e\u012bg\u0101 Kanangs (YLANG YLANG) T\u012bra doTERRA \u0113terisk\u0101 e\u013c\u013ca 15ml"},"content":{"rendered":"<p><strong>Smar\u017e\u012bg\u0101 Kanangs (YLANG YLANG) T\u012bra doTERRA \u0113terisk\u0101 e\u013c\u013ca<\/strong><\/p>\n<p>Cananga odorata | 15ml<\/p>\n<p>&nbsp;<\/p>\n<p><strong>Smar\u017e\u012bg\u0101s Kanangs (YLANG YLANG) \u0113terisk\u0101s e\u013c\u013cas Pureo doTERRA apraksts un visp\u0101r\u012bg\u0101s \u012bpa\u0161\u012bbas:<\/strong><\/p>\n<ul>\n<li>Izmanto mas\u0101\u017eai, pal\u012bdz atp\u016bsties<\/li>\n<li>Atbalsta vesel\u012bgu \u0101das un matu izskatu<\/li>\n<li>Paaugstina garast\u0101vokli un tai ir nomierino\u0161a iedarb\u012bba<\/li>\n<\/ul>\n<p>Lietuvie\u0161u valod\u0101 t\u0101 ir smar\u017e\u012bga kananga &#8211; m\u016b\u017eza\u013c\u0161 koks, kas aug l\u012bdz 20 metru augstumam, ar p\u016bkaj\u0101m lap\u0101m un ziediem ar skaistiem dzelten\u012bgiem ziediem ar burv\u012bgu smar\u017eu.<br \/>\ndoTERRA Ylang Ylang e\u013c\u013ca tiek audz\u0113ta un destil\u0113ta Madagaskaras salas zieme\u013crietumu krast\u0101, ko sauc par Nosy Be. Smar\u017e\u012bgais kanoe koks aug pat tr\u012bs vai \u010detrus gadus, un tikai p\u0113c tam t\u0101s ziedi ir piem\u0113roti kvalitat\u012bvas e\u013c\u013cas ieg\u016b\u0161anai.<\/p>\n<p>Smar\u017ea ir \u013coti salda, pat smaga, t\u0101p\u0113c to visbie\u017e\u0101k sajauc ar cit\u0101m \u0113teriskaj\u0101m e\u013c\u013c\u0101m, lai t\u0101s v\u0101jin\u0101tu sald\u0101s smar\u017eas intensit\u0101ti.<\/p>\n<p>Kop\u0161 seniem laikiem Ylang Ylang e\u013c\u013ca tiek uzskat\u012bta par jutekliskuma un seksualit\u0101tes e\u013c\u013cu, t\u0101 m\u0113dza elpot un elpot jaunlaul\u0101to gult\u0101s, un l\u012bdz 1900. gadam \u0161o e\u013c\u013cu sauca par &#8220;nabadz\u012bgo jasm\u012bnu&#8221;, ko j\u016bs tagad neteiktu, jo augstas kvalit\u0101tes un t\u012bra e\u013c\u013ca nav l\u0113ta.<\/p>\n<p>\u0160ai e\u013c\u013cai ir nomierino\u0161a iedarb\u012bba uz nervu sist\u0113mu, t\u0101 darbojas k\u0101 afrodiziaks, regul\u0113 adrenal\u012bna l\u012bmeni, pal\u012bdz mazin\u0101t spriedzi, dod jautr\u012bbu, nov\u0113r\u0161 negat\u012bv\u0101s emocijas &#8211; dusmas, bailes un pal\u012bdz atg\u016bties no \u0161oka vai panikas l\u0113kmes.<\/p>\n<ul>\n<li>Ylang Ylang pal\u012bdz, kad elpo\u0161ana k\u013c\u016bst \u0101tr\u0101ka vai j\u016btaties saspringts, bet ir \u013coti svar\u012bgi to nevairot un pat\u0113r\u0113t m\u0113ren\u012bb\u0101, pret\u0113j\u0101 gad\u012bjum\u0101 ir iesp\u0113jams ieg\u016bt pret\u0113ju reakciju.<\/li>\n<li>\u0160\u012b e\u013c\u013ca pozit\u012bvi ietekm\u0113 reprodukt\u012bvo sist\u0113mu un regul\u0113 hormonu l\u012bmeni, labv\u0113l\u012bgi ietekm\u0113 visus \u0101das tipus, stimul\u0113 galvas \u0101du un stiprina matus.<\/li>\n<li>Atjauno \u0101du, var pal\u012bdz\u0113t l\u012bdzsvarot hormonus un lieliski baro sausus matus, stiprina tos un stimul\u0113 galvas \u0101du.<\/li>\n<\/ul>\n<p><strong>Smar\u017e\u012bgs Kanangs (YLANG YLANG) Tyro doTERRA \u0113terisk\u0101s e\u013c\u013cas emocion\u0101l\u0101 iedarb\u012bba:<\/strong><\/p>\n<ul>\n<li>Tas pal\u012bdz atbr\u012bvoties no ilgsto\u0161\u0101m emocion\u0101l\u0101m traum\u0101m, atbr\u012bvojas no dusm\u0101m un bail\u0113m, liek cilv\u0113kam justies jaunekl\u012bgam un rota\u013c\u012bgam, it k\u0101 vi\u0146\u0161 katr\u0101 no mums atbr\u012bvotu mazu un jautru b\u0113rnu.<\/li>\n<li>\u0160\u012b e\u013c\u013ca \u012bpa\u0161i pal\u012bdz skumjiem cilv\u0113kiem, kuri j\u016btas nom\u0101kti un it k\u0101 vi\u0146iem neb\u016btu ties\u012bbu b\u016bt jautriem un baud\u012bt dz\u012bvi. Process ir gar\u0161, bet \u013coti noder\u012bgs &#8211; Ylang Ylang ir k\u0101 \u0113diens m\u016bsu sirdij!<\/li>\n<li>\u0160ai e\u013c\u013cai ir liela ietekme uz sirdi ne tikai fizisk\u0101 , bet ar\u012b gar\u012bg\u0101 veid\u0101. To sauc par iek\u0161\u0113j\u0101 b\u0113rna e\u013c\u013cu un pal\u012bdz atbr\u012bvoties no b\u0113rn\u012bb\u0101 piedz\u012bvot\u0101s emocion\u0101l\u0101s traumas, kas nom\u0101c, trauc\u0113 pilnv\u0113rt\u012bga pieaugu\u0161\u0101 un atbild\u012bg\u0101 cilv\u0113ka dz\u012bvi, ietekm\u0113 attiec\u012bbas un blo\u0137\u0113 prieka, rota\u013c\u012bguma, va\u013c\u012bguma, intuit\u012bvuma saj\u016btas un trauc\u0113 emocion\u0101lajiem sakariem ar apk\u0101rt\u0113jiem cilv\u0113kiem.<\/li>\n<li>\u0160\u012b e\u013c\u013ca pal\u012bdz atbr\u012bvoties no \u0161\u012bm negat\u012bvaj\u0101m emocij\u0101m &#8211; stresa, skumj\u0101m, p\u0101rm\u0113r\u012bgas anal\u012bzes un v\u0113lmes visu regul\u0113t, nesp\u0113jas baud\u012bt dz\u012bvi un sevis ievieto\u0161anu kaut k\u0101d\u0101 spir\u0101lveida r\u0101m\u012b.<\/li>\n<\/ul>\n<p>&nbsp;<\/p>\n<p>Vair\u0101k inform\u0101cijas par <strong>smar\u017e\u012bgo kanangu (YLANG YLANG) doTERRA<\/strong><strong> <\/strong><strong>\u0112terisko e\u013c\u013cu <\/strong>atrad\u012bsit t\u0101l\u0101k redzamaj\u0101 videoklip\u0101.<\/p>\n<p><iframe title=\"doTERRA Ylang Ylang (tulkoti subtitri)\" src=\"https:\/\/www.youtube.com\/embed\/xGNGdoS1NZk\" width=\"853\" height=\"480\" frameborder=\"0\" allowfullscreen=\"allowfullscreen\"><\/iframe><\/p>\n","protected":false},"excerpt":{"rendered":"<ul>\n<li>Izmanto mas\u0101\u017eai, pal\u012bdz atp\u016bsties<\/li>\n<li>Atbalsta vesel\u012bgu \u0101das un matu izskatu<\/li>\n<li>Paaugstina garast\u0101vokli un tai ir nomierino\u0161a iedarb\u012bba<\/li>\n<\/ul>\n","protected":false},"featured_media":11516,"template":"","meta":{"site-sidebar-layout":"default","site-content-layout":"default","ast-site-content-layout":"default","site-content-style":"default","site-sidebar-style":"default","ast-global-header-display":"","ast-banner-title-visibility":"","ast-main-header-display":"","ast-hfb-above-header-display":"","ast-hfb-below-header-display":"","ast-hfb-mobile-header-display":"","site-post-title":"","ast-breadcrumbs-content":"","ast-featured-img":"","footer-sml-layout":"","ast-disable-related-posts":"","theme-transparent-header-meta":"default","adv-header-id-meta":"","stick-header-meta":"","header-above-stick-meta":"","header-main-stick-meta":"","header-below-stick-meta":"","astra-migrate-meta-layouts":"default","ast-page-background-enabled":"default","ast-page-background-meta":{"desktop":{"background-color":"","background-image":"","background-repeat":"repeat","background-position":"center center","background-size":"auto","background-attachment":"scroll","background-type":"","background-media":"","overlay-type":"","overlay-color":"","overlay-opacity":"","overlay-gradient":""},"tablet":{"background-color":"","background-image":"","background-repeat":"repeat","background-position":"center center","background-size":"auto","background-attachment":"scroll","background-type":"","background-media":"","overlay-type":"","overlay-color":"","overlay-opacity":"","overlay-gradient":""},"mobile":{"background-color":"","background-image":"","background-repeat":"repeat","background-position":"center center","background-size":"auto","background-attachment":"scroll","background-type":"","background-media":"","overlay-type":"","overlay-color":"","overlay-opacity":"","overlay-gradient":""}},"ast-content-background-meta":{"desktop":{"background-color":"var(--ast-global-color-5)","background-image":"","background-repeat":"repeat","background-position":"center center","background-size":"auto","background-attachment":"scroll","background-type":"","background-media":"","overlay-type":"","overlay-color":"","overlay-opacity":"","overlay-gradient":""},"tablet":{"background-color":"var(--ast-global-color-5)","background-image":"","background-repeat":"repeat","background-position":"center center","background-size":"auto","background-attachment":"scroll","background-type":"","background-media":"","overlay-type":"","overlay-color":"","overlay-opacity":"","overlay-gradient":""},"mobile":{"background-color":"var(--ast-global-color-5)","background-image":"","background-repeat":"repeat","background-position":"center center","background-size":"auto","background-attachment":"scroll","background-type":"","background-media":"","overlay-type":"","overlay-color":"","overlay-opacity":"","overlay-gradient":""}}},"product_brand":[],"product_cat":[600,613,618,605,614,602],"product_tag":[676,631,895],"class_list":{"0":"post-16391","1":"product","2":"type-product","3":"status-publish","4":"has-post-thumbnail","6":"product_cat-eteriskas-ellas","7":"product_cat-miegam","8":"product_cat-nomierinosas","9":"product_cat-salon-essentials-matu-kopsanas-lidzekli","10":"product_cat-sievietem","11":"product_cat-tiras-eteriskas-ellas","12":"product_tag-15-ml-lv","13":"product_tag-eteriskas-ellas","14":"product_tag-ylang-ylang-lv","15":"desktop-align-left","16":"tablet-align-left","17":"mobile-align-left","19":"first","20":"instock","21":"sale","22":"taxable","23":"shipping-taxable","24":"purchasable","25":"product-type-simple"},"_links":{"self":[{"href":"https:\/\/mamaterra.lt\/lv\/wp-json\/wp\/v2\/product\/16391","targetHints":{"allow":["GET"]}}],"collection":[{"href":"https:\/\/mamaterra.lt\/lv\/wp-json\/wp\/v2\/product"}],"about":[{"href":"https:\/\/mamaterra.lt\/lv\/wp-json\/wp\/v2\/types\/product"}],"wp:featuredmedia":[{"embeddable":true,"href":"https:\/\/mamaterra.lt\/lv\/wp-json\/wp\/v2\/media\/11516"}],"wp:attachment":[{"href":"https:\/\/mamaterra.lt\/lv\/wp-json\/wp\/v2\/media?parent=16391"}],"wp:term":[{"taxonomy":"product_brand","embeddable":true,"href":"https:\/\/mamaterra.lt\/lv\/wp-json\/wp\/v2\/product_brand?post=16391"},{"taxonomy":"product_cat","embeddable":true,"href":"https:\/\/mamaterra.lt\/lv\/wp-json\/wp\/v2\/product_cat?post=16391"},{"taxonomy":"product_tag","embeddable":true,"href":"https:\/\/mamaterra.lt\/lv\/wp-json\/wp\/v2\/product_tag?post=16391"}],"curies":[{"name":"wp","href":"https:\/\/api.w.org\/{rel}","templated":true}]}}