{"id":16386,"date":"2021-04-18T16:52:21","date_gmt":"2021-04-18T15:52:21","guid":{"rendered":"https:\/\/mamaterra.lt\/parduotuve\/uncategorized\/wild-orange-pure-doterra-eteriska-ella-15ml\/"},"modified":"2021-04-18T16:52:21","modified_gmt":"2021-04-18T15:52:21","slug":"savvalas-apelsinu-tirs-doterra-eteriska-ella-15ml","status":"publish","type":"product","link":"https:\/\/mamaterra.lt\/lv\/parduotuve\/eteriskas-ellas\/tiras-eteriskas-ellas\/savvalas-apelsinu-tirs-doterra-eteriska-ella-15ml\/","title":{"rendered":"WILD ORANGE Pure doTERRA \u0113terisk\u0101 e\u013c\u013ca 15ml"},"content":{"rendered":"<p><strong>WILD ORANGE Pure doTERRA \u0113terisk\u0101 e\u013c\u013ca<\/strong><\/p>\n<p>Citrus sinensis | 15ml<\/p>\n<p>&nbsp;<\/p>\n<p><strong>WILD ORANGE Pure doTERRA \u0113terisk\u0101s e\u013c\u013cas apraksts:<\/strong><\/p>\n<p>Savva\u013cas apels\u012bnu \u0113terisk\u0101 e\u013c\u013ca, kas izspiesta no miz\u0101m aukstum\u0101, izstaro ener\u0123iju dodo\u0161u citrusaug\u013cu arom\u0101tu, kas nevienu neatst\u0101j vienaldz\u012bgu un ienes tic\u012bbu un optimismu m\u016bsu ikdienas rut\u012bn\u0101, ka viss b\u016bs k\u0101rt\u012bb\u0101. Tas vienk\u0101r\u0161i un viegli pace\u013c pak\u013cauto noska\u0146ojumu, mazina stresu un klied\u0113 bailes un spriedzi.<\/p>\n<p><strong>Wild Orange Pure doTERRA \u0113terisk\u0101 e\u013c\u013ca tiek izmantota visos 3 veidos.<\/strong><\/p>\n<ul>\n<li>Apels\u012bnu e\u013c\u013ca var pal\u012bdz\u0113t mazin\u0101t ku\u0146\u0123a darb\u012bbas trauc\u0113jumus, ko izraisa stress un nervu vide<\/li>\n<li>Var dzert ar \u016bdeni, ko izmanto \u0113diena gatavo\u0161anai<\/li>\n<li>Toniz\u0113 \u0101du<\/li>\n<li>Ir sp\u0113c\u012bgs t\u012br\u012b\u0161anas l\u012bdzeklis &#8211; aerosols ar \u016bdeni virsmu t\u012br\u012b\u0161anai<\/li>\n<li>Nomierina nervus, paaugstina garast\u0101vokli, klied\u0113 dr\u016bmas domas<\/li>\n<li>Ide\u0101li piem\u0113rots b\u0113rniem ar aizciet\u0113jumiem vai l\u0113nu gremo\u0161anu<\/li>\n<li>Mazina musku\u013cu s\u0101pes<\/li>\n<li>Noder\u012bga pedantiskiem cilv\u0113kiem<\/li>\n<\/ul>\n<p>&nbsp;<\/p>\n<p>Vair\u0101k inform\u0101cijas par <strong>savva\u013cas apels\u012bnu (WILD ORANGE)<\/strong><strong> <\/strong><strong>doTERRA<\/strong><strong> <\/strong><strong>\u0112terisko e\u013c\u013cu <\/strong>atrad\u012bsit t\u0101l\u0101k redzamaj\u0101 videoklip\u0101.<\/p>\n<p><iframe title=\"Savva\u013cas apels\u012bnu e\u013c\u013ca - doTERRA ieg\u016bst Braz\u012blijas apels\u012bnu \u0113terisko e\u013c\u013cu\" src=\"https:\/\/www.youtube.com\/embed\/iBIVTFbx65E\" width=\"853\" height=\"480\" frameborder=\"0\" allowfullscreen=\"allowfullscreen\"><\/iframe><\/p>\n","protected":false},"excerpt":{"rendered":"<ul>\n<li>Lielisks t\u012br\u012b\u0161anas l\u012bdzeklis<\/li>\n<li>Atsvaidzina \u0101du<\/li>\n<li>Mazina musku\u013cu s\u0101pes<\/li>\n<li>Salds garast\u0101vokli uzlabojo\u0161s arom\u0101ts<\/li>\n<\/ul>\n","protected":false},"featured_media":11514,"template":"","meta":{"site-sidebar-layout":"default","site-content-layout":"default","ast-site-content-layout":"default","site-content-style":"default","site-sidebar-style":"default","ast-global-header-display":"","ast-banner-title-visibility":"","ast-main-header-display":"","ast-hfb-above-header-display":"","ast-hfb-below-header-display":"","ast-hfb-mobile-header-display":"","site-post-title":"","ast-breadcrumbs-content":"","ast-featured-img":"","footer-sml-layout":"","ast-disable-related-posts":"","theme-transparent-header-meta":"default","adv-header-id-meta":"","stick-header-meta":"","header-above-stick-meta":"","header-main-stick-meta":"","header-below-stick-meta":"","astra-migrate-meta-layouts":"default","ast-page-background-enabled":"default","ast-page-background-meta":{"desktop":{"background-color":"","background-image":"","background-repeat":"repeat","background-position":"center center","background-size":"auto","background-attachment":"scroll","background-type":"","background-media":"","overlay-type":"","overlay-color":"","overlay-opacity":"","overlay-gradient":""},"tablet":{"background-color":"","background-image":"","background-repeat":"repeat","background-position":"center center","background-size":"auto","background-attachment":"scroll","background-type":"","background-media":"","overlay-type":"","overlay-color":"","overlay-opacity":"","overlay-gradient":""},"mobile":{"background-color":"","background-image":"","background-repeat":"repeat","background-position":"center center","background-size":"auto","background-attachment":"scroll","background-type":"","background-media":"","overlay-type":"","overlay-color":"","overlay-opacity":"","overlay-gradient":""}},"ast-content-background-meta":{"desktop":{"background-color":"var(--ast-global-color-5)","background-image":"","background-repeat":"repeat","background-position":"center center","background-size":"auto","background-attachment":"scroll","background-type":"","background-media":"","overlay-type":"","overlay-color":"","overlay-opacity":"","overlay-gradient":""},"tablet":{"background-color":"var(--ast-global-color-5)","background-image":"","background-repeat":"repeat","background-position":"center center","background-size":"auto","background-attachment":"scroll","background-type":"","background-media":"","overlay-type":"","overlay-color":"","overlay-opacity":"","overlay-gradient":""},"mobile":{"background-color":"var(--ast-global-color-5)","background-image":"","background-repeat":"repeat","background-position":"center center","background-size":"auto","background-attachment":"scroll","background-type":"","background-media":"","overlay-type":"","overlay-color":"","overlay-opacity":"","overlay-gradient":""}}},"product_brand":[],"product_cat":[619,600,620,613,618,602],"product_tag":[676,631,643,884],"class_list":{"0":"post-16386","1":"product","2":"type-product","3":"status-publish","4":"has-post-thumbnail","6":"product_cat-berniem","7":"product_cat-eteriskas-ellas","8":"product_cat-gremosanai","9":"product_cat-miegam","10":"product_cat-nomierinosas","11":"product_cat-tiras-eteriskas-ellas","12":"product_tag-15-ml-lv","13":"product_tag-eteriskas-ellas","14":"product_tag-populars","15":"product_tag-wild-orange-lv","16":"desktop-align-left","17":"tablet-align-left","18":"mobile-align-left","20":"first","21":"instock","22":"taxable","23":"shipping-taxable","24":"purchasable","25":"product-type-simple"},"_links":{"self":[{"href":"https:\/\/mamaterra.lt\/lv\/wp-json\/wp\/v2\/product\/16386","targetHints":{"allow":["GET"]}}],"collection":[{"href":"https:\/\/mamaterra.lt\/lv\/wp-json\/wp\/v2\/product"}],"about":[{"href":"https:\/\/mamaterra.lt\/lv\/wp-json\/wp\/v2\/types\/product"}],"wp:featuredmedia":[{"embeddable":true,"href":"https:\/\/mamaterra.lt\/lv\/wp-json\/wp\/v2\/media\/11514"}],"wp:attachment":[{"href":"https:\/\/mamaterra.lt\/lv\/wp-json\/wp\/v2\/media?parent=16386"}],"wp:term":[{"taxonomy":"product_brand","embeddable":true,"href":"https:\/\/mamaterra.lt\/lv\/wp-json\/wp\/v2\/product_brand?post=16386"},{"taxonomy":"product_cat","embeddable":true,"href":"https:\/\/mamaterra.lt\/lv\/wp-json\/wp\/v2\/product_cat?post=16386"},{"taxonomy":"product_tag","embeddable":true,"href":"https:\/\/mamaterra.lt\/lv\/wp-json\/wp\/v2\/product_tag?post=16386"}],"curies":[{"name":"wp","href":"https:\/\/api.w.org\/{rel}","templated":true}]}}