{"id":16385,"date":"2021-04-18T17:15:07","date_gmt":"2021-04-18T16:15:07","guid":{"rendered":"https:\/\/mamaterra.lt\/parduotuve\/uncategorized\/doterra-cheer-garastavokla-celsanas-eterisko-ellu-maisijums-5ml\/"},"modified":"2021-04-18T17:15:07","modified_gmt":"2021-04-18T16:15:07","slug":"doterra-cheer-mood-lifting-blend-5ml","status":"publish","type":"product","link":"https:\/\/mamaterra.lt\/lv\/parduotuve\/eteriskas-ellas\/eterisko-ellu-maisijumi\/doterra-cheer-mood-lifting-blend-5ml\/","title":{"rendered":"doTERRA CHEER\u2122 garast\u0101vok\u013ca cel\u0161anas \u0113terisko e\u013c\u013cu mais\u012bjums 5ml"},"content":{"rendered":"<p><strong>doTERRA CHEER\u2122 garast\u0101vok\u013ca cel\u0161anas \u0113terisko e\u013c\u013cu mais\u012bjums<\/strong><\/p>\n<p>5ml<\/p>\n<p>&nbsp;<\/p>\n<p><strong>doTERRA CHEER\u2122 \u0113terisko e\u013c\u013cu mais\u012bjuma apraksts un sast\u0101vda\u013cas:<\/strong><\/p>\n<p>Garast\u0101vokli rosino\u0161ais citrusaug\u013cu un gar\u0161vielu e\u013c\u013cu mais\u012bjums doTERRA Cheer nodro\u0161ina apburo\u0161u laimes un pozit\u012bvisma uzpl\u016bdu, kas atdz\u012bvin\u0101s jebkuru dienu.<\/p>\n<ul>\n<li>Mudina izjust optimismu<\/li>\n<li>Uzlabo garast\u0101vokli visas dienas garum\u0101<\/li>\n<li>Mas\u0101\u017eas laik\u0101 izdala apburo\u0161u arom\u0101tu<\/li>\n<\/ul>\n<p>&nbsp;<\/p>\n<p>Vair\u0101k par <strong>doTERRA CHEER\u2122<\/strong><strong> <\/strong><strong>\u0112terisko e\u013c\u013cu mais\u012bjumu <\/strong>atrad\u012bsit t\u0101l\u0101k redzamaj\u0101 videoklip\u0101.<\/p>\n<p><iframe title=\"doTERRA Cheer - main\u012bt pasauli\" src=\"https:\/\/www.youtube.com\/embed\/TK2DBVvDWVk\" width=\"853\" height=\"480\" frameborder=\"0\" allowfullscreen=\"allowfullscreen\"><\/iframe><\/p>\n","protected":false},"excerpt":{"rendered":"<ul>\n<li>Mudina izjust optimismu<\/li>\n<li>Uzlabo garast\u0101vokli visas dienas garum\u0101<\/li>\n<li>Mas\u0101\u017eas laik\u0101 izdala apburo\u0161u arom\u0101tu<\/li>\n<\/ul>\n","protected":false},"featured_media":11551,"template":"","meta":{"site-sidebar-layout":"default","site-content-layout":"default","ast-site-content-layout":"default","site-content-style":"default","site-sidebar-style":"default","ast-global-header-display":"","ast-banner-title-visibility":"","ast-main-header-display":"","ast-hfb-above-header-display":"","ast-hfb-below-header-display":"","ast-hfb-mobile-header-display":"","site-post-title":"","ast-breadcrumbs-content":"","ast-featured-img":"","footer-sml-layout":"","ast-disable-related-posts":"","theme-transparent-header-meta":"default","adv-header-id-meta":"","stick-header-meta":"","header-above-stick-meta":"","header-main-stick-meta":"","header-below-stick-meta":"","astra-migrate-meta-layouts":"default","ast-page-background-enabled":"default","ast-page-background-meta":{"desktop":{"background-color":"","background-image":"","background-repeat":"repeat","background-position":"center center","background-size":"auto","background-attachment":"scroll","background-type":"","background-media":"","overlay-type":"","overlay-color":"","overlay-opacity":"","overlay-gradient":""},"tablet":{"background-color":"","background-image":"","background-repeat":"repeat","background-position":"center center","background-size":"auto","background-attachment":"scroll","background-type":"","background-media":"","overlay-type":"","overlay-color":"","overlay-opacity":"","overlay-gradient":""},"mobile":{"background-color":"","background-image":"","background-repeat":"repeat","background-position":"center center","background-size":"auto","background-attachment":"scroll","background-type":"","background-media":"","overlay-type":"","overlay-color":"","overlay-opacity":"","overlay-gradient":""}},"ast-content-background-meta":{"desktop":{"background-color":"var(--ast-global-color-5)","background-image":"","background-repeat":"repeat","background-position":"center center","background-size":"auto","background-attachment":"scroll","background-type":"","background-media":"","overlay-type":"","overlay-color":"","overlay-opacity":"","overlay-gradient":""},"tablet":{"background-color":"var(--ast-global-color-5)","background-image":"","background-repeat":"repeat","background-position":"center center","background-size":"auto","background-attachment":"scroll","background-type":"","background-media":"","overlay-type":"","overlay-color":"","overlay-opacity":"","overlay-gradient":""},"mobile":{"background-color":"var(--ast-global-color-5)","background-image":"","background-repeat":"repeat","background-position":"center center","background-size":"auto","background-attachment":"scroll","background-type":"","background-media":"","overlay-type":"","overlay-color":"","overlay-opacity":"","overlay-gradient":""}}},"product_brand":[],"product_cat":[600,601],"product_tag":[677,627,632],"class_list":{"0":"post-16385","1":"product","2":"type-product","3":"status-publish","4":"has-post-thumbnail","6":"product_cat-eteriskas-ellas","7":"product_cat-eterisko-ellu-maisijumi","8":"product_tag-5-ml-lv","9":"product_tag-cheer-lv","10":"product_tag-eterisko-ellu-maisijumi","11":"desktop-align-left","12":"tablet-align-left","13":"mobile-align-left","15":"first","16":"instock","17":"taxable","18":"shipping-taxable","19":"purchasable","20":"product-type-simple"},"_links":{"self":[{"href":"https:\/\/mamaterra.lt\/lv\/wp-json\/wp\/v2\/product\/16385","targetHints":{"allow":["GET"]}}],"collection":[{"href":"https:\/\/mamaterra.lt\/lv\/wp-json\/wp\/v2\/product"}],"about":[{"href":"https:\/\/mamaterra.lt\/lv\/wp-json\/wp\/v2\/types\/product"}],"wp:featuredmedia":[{"embeddable":true,"href":"https:\/\/mamaterra.lt\/lv\/wp-json\/wp\/v2\/media\/11551"}],"wp:attachment":[{"href":"https:\/\/mamaterra.lt\/lv\/wp-json\/wp\/v2\/media?parent=16385"}],"wp:term":[{"taxonomy":"product_brand","embeddable":true,"href":"https:\/\/mamaterra.lt\/lv\/wp-json\/wp\/v2\/product_brand?post=16385"},{"taxonomy":"product_cat","embeddable":true,"href":"https:\/\/mamaterra.lt\/lv\/wp-json\/wp\/v2\/product_cat?post=16385"},{"taxonomy":"product_tag","embeddable":true,"href":"https:\/\/mamaterra.lt\/lv\/wp-json\/wp\/v2\/product_tag?post=16385"}],"curies":[{"name":"wp","href":"https:\/\/api.w.org\/{rel}","templated":true}]}}