{"id":16384,"date":"2021-04-18T17:04:34","date_gmt":"2021-04-18T16:04:34","guid":{"rendered":"https:\/\/mamaterra.lt\/parduotuve\/uncategorized\/doterra-align-lidzsvars-kas-dod-eterisko-ellu-maisijumu-doterra-align-centering-blend-5ml\/"},"modified":"2021-04-18T17:04:34","modified_gmt":"2021-04-18T16:04:34","slug":"doterra-align-lidzsvars-doving-essential-oil-blend-doterra-align-centering-blend-5ml","status":"publish","type":"product","link":"https:\/\/mamaterra.lt\/lv\/parduotuve\/eteriskas-ellas\/eterisko-ellu-maisijumi\/doterra-align-lidzsvars-doving-essential-oil-blend-doterra-align-centering-blend-5ml\/","title":{"rendered":"doTERRA Align l\u012bdzsvars, kas dod \u0113terisko e\u013c\u013cu mais\u012bjumu (doTERRA Align\u2122 Centering Blend) 5ml"},"content":{"rendered":"<p><strong>doTERRA Align l\u012bdzsvars, kas dod \u0113terisko e\u013c\u013cu mais\u012bjumu (doTERRA Align\u2122 Centering Blend)<\/strong><\/p>\n<p>5ml<\/p>\n<p>&nbsp;<\/p>\n<p><strong>doTERRA Align\u2122 \u0113terisko e\u013c\u013cu mais\u012bjuma apraksts:<\/strong><\/p>\n<p>doTERRA Align\u2122 l\u012bdzsvaru dodo\u0161ais mais\u012bjums pal\u012bdz\u0113s jums justies p\u0101rliecin\u0101tiem un atv\u0113rties vis\u0101m iesp\u0113j\u0101m.<\/p>\n<ul>\n<li>Align mais\u012bjuma arom\u0101ts ir piln\u012bg\u0101 harmonij\u0101 ar jogas II karija pozu, tr\u012bsst\u016brveida pozu un v\u0101rtu pozu<\/li>\n<li>Uzkl\u0101jiet virs sirds, uz plaukstas loc\u012btav\u0101m un kakla, lai b\u016btu viegl\u0101k pie\u0146emt sevi un sajust pl\u016bstam\u012bbas saj\u016btu<\/li>\n<li>Izmantojiet Align mais\u012bjumu, ja v\u0113laties uzlabot koncentr\u0113\u0161an\u0101s sp\u0113jas un emp\u0101tiju<\/li>\n<\/ul>\n<p>&nbsp;<\/p>\n<p>Vair\u0101k par <strong>doTERRA Align\u2122<\/strong><strong> <\/strong><strong>\u0112terisko e\u013c\u013cu mais\u012bjumu <\/strong>atrad\u012bsit t\u0101l\u0101k redzamaj\u0101 videoklip\u0101.<\/p>\n<p><iframe title=\"\u017dilbino\u0161as doTERRA Align e\u013c\u013cas mais\u012bjuma priek\u0161roc\u012bbas (jogas kolekcijas 2. da\u013ca)\" src=\"https:\/\/www.youtube.com\/embed\/9tm5TqygSCY\" width=\"853\" height=\"480\" frameborder=\"0\" allowfullscreen=\"allowfullscreen\"><\/iframe><\/p>\n","protected":false},"excerpt":{"rendered":"<ul>\n<li>Align mais\u012bjuma arom\u0101ts ir piln\u012bg\u0101 harmonij\u0101 ar jogas II karija pozu, tr\u012bsst\u016brveida pozu un v\u0101rtu pozu<\/li>\n<li>Uzkl\u0101jiet virs sirds, uz plaukstas loc\u012btav\u0101m un kakla, lai b\u016btu viegl\u0101k pie\u0146emt sevi un sajust pl\u016bstam\u012bbas saj\u016btu<\/li>\n<li>Izmantojiet Align mais\u012bjumu, ja v\u0113laties uzlabot koncentr\u0113\u0161an\u0101s sp\u0113jas un emp\u0101tiju<\/li>\n<\/ul>\n","protected":false},"featured_media":11555,"template":"","meta":{"site-sidebar-layout":"default","site-content-layout":"default","ast-site-content-layout":"default","site-content-style":"default","site-sidebar-style":"default","ast-global-header-display":"","ast-banner-title-visibility":"","ast-main-header-display":"","ast-hfb-above-header-display":"","ast-hfb-below-header-display":"","ast-hfb-mobile-header-display":"","site-post-title":"","ast-breadcrumbs-content":"","ast-featured-img":"","footer-sml-layout":"","ast-disable-related-posts":"","theme-transparent-header-meta":"default","adv-header-id-meta":"","stick-header-meta":"","header-above-stick-meta":"","header-main-stick-meta":"","header-below-stick-meta":"","astra-migrate-meta-layouts":"default","ast-page-background-enabled":"default","ast-page-background-meta":{"desktop":{"background-color":"","background-image":"","background-repeat":"repeat","background-position":"center center","background-size":"auto","background-attachment":"scroll","background-type":"","background-media":"","overlay-type":"","overlay-color":"","overlay-opacity":"","overlay-gradient":""},"tablet":{"background-color":"","background-image":"","background-repeat":"repeat","background-position":"center center","background-size":"auto","background-attachment":"scroll","background-type":"","background-media":"","overlay-type":"","overlay-color":"","overlay-opacity":"","overlay-gradient":""},"mobile":{"background-color":"","background-image":"","background-repeat":"repeat","background-position":"center center","background-size":"auto","background-attachment":"scroll","background-type":"","background-media":"","overlay-type":"","overlay-color":"","overlay-opacity":"","overlay-gradient":""}},"ast-content-background-meta":{"desktop":{"background-color":"var(--ast-global-color-5)","background-image":"","background-repeat":"repeat","background-position":"center center","background-size":"auto","background-attachment":"scroll","background-type":"","background-media":"","overlay-type":"","overlay-color":"","overlay-opacity":"","overlay-gradient":""},"tablet":{"background-color":"var(--ast-global-color-5)","background-image":"","background-repeat":"repeat","background-position":"center center","background-size":"auto","background-attachment":"scroll","background-type":"","background-media":"","overlay-type":"","overlay-color":"","overlay-opacity":"","overlay-gradient":""},"mobile":{"background-color":"var(--ast-global-color-5)","background-image":"","background-repeat":"repeat","background-position":"center center","background-size":"auto","background-attachment":"scroll","background-type":"","background-media":"","overlay-type":"","overlay-color":"","overlay-opacity":"","overlay-gradient":""}}},"product_brand":[],"product_cat":[600,601],"product_tag":[677,1361,632],"class_list":{"0":"post-16384","1":"product","2":"type-product","3":"status-publish","4":"has-post-thumbnail","6":"product_cat-eteriskas-ellas","7":"product_cat-eterisko-ellu-maisijumi","8":"product_tag-5-ml-lv","9":"product_tag-align-lv","10":"product_tag-eterisko-ellu-maisijumi","11":"desktop-align-left","12":"tablet-align-left","13":"mobile-align-left","15":"first","16":"instock","17":"taxable","18":"shipping-taxable","19":"purchasable","20":"product-type-simple"},"_links":{"self":[{"href":"https:\/\/mamaterra.lt\/lv\/wp-json\/wp\/v2\/product\/16384","targetHints":{"allow":["GET"]}}],"collection":[{"href":"https:\/\/mamaterra.lt\/lv\/wp-json\/wp\/v2\/product"}],"about":[{"href":"https:\/\/mamaterra.lt\/lv\/wp-json\/wp\/v2\/types\/product"}],"wp:featuredmedia":[{"embeddable":true,"href":"https:\/\/mamaterra.lt\/lv\/wp-json\/wp\/v2\/media\/11555"}],"wp:attachment":[{"href":"https:\/\/mamaterra.lt\/lv\/wp-json\/wp\/v2\/media?parent=16384"}],"wp:term":[{"taxonomy":"product_brand","embeddable":true,"href":"https:\/\/mamaterra.lt\/lv\/wp-json\/wp\/v2\/product_brand?post=16384"},{"taxonomy":"product_cat","embeddable":true,"href":"https:\/\/mamaterra.lt\/lv\/wp-json\/wp\/v2\/product_cat?post=16384"},{"taxonomy":"product_tag","embeddable":true,"href":"https:\/\/mamaterra.lt\/lv\/wp-json\/wp\/v2\/product_tag?post=16384"}],"curies":[{"name":"wp","href":"https:\/\/api.w.org\/{rel}","templated":true}]}}