{"id":16380,"date":"2021-04-18T17:24:50","date_gmt":"2021-04-18T16:24:50","guid":{"rendered":"https:\/\/mamaterra.lt\/parduotuve\/uncategorized\/doterra-forgive-reconciliation-eterisko-ellu-maisijums-5ml\/"},"modified":"2024-02-12T14:14:26","modified_gmt":"2024-02-12T13:14:26","slug":"doterra-forgive-essential-oil-blend-5ml","status":"publish","type":"product","link":"https:\/\/mamaterra.lt\/lv\/parduotuve\/eteriskas-ellas\/eterisko-ellu-maisijumi\/doterra-forgive-essential-oil-blend-5ml\/","title":{"rendered":"doTERRA FORGIVE\u2122 Reconciliation \u0113terisko e\u013c\u013cu mais\u012bjums 5ml"},"content":{"rendered":"<p><strong>doTERRA FORGIVE\u2122 Reconciliation \u0113terisko e\u013c\u013cu mais\u012bjums<\/strong><\/p>\n<p>5 ml<\/p>\n<p>&nbsp;<\/p>\n<p><strong>doTERRA FORGIVE\u2122 \u0113terisko e\u013c\u013cu mais\u012bjuma apraksts un sast\u0101vda\u013cas:<\/strong><\/p>\n<p>Svaigais mais\u012bjuma doterra Arom\u0101ts Piedod koksnei pal\u012bdz atbr\u012bvot miera, relaks\u0101cijas un paciet\u012bbas saj\u016btas. Saska\u0146o\u0161anas mais\u012bjums doTERRA forgive, kas sast\u0101v no koku un gar\u0161augu \u0113teriskaj\u0101m e\u013c\u013c\u0101m, pal\u012bdz\u0113s jums izjust piedo\u0161anas, aizmirst\u012bbas un virz\u012bbas uz priek\u0161u atbr\u012bvojo\u0161o ietekmi.<\/p>\n<ul>\n<li>Rada nomierino\u0161u arom\u0101tu<\/li>\n<li>Pacil\u0101 un iedvesmo dom\u0101t pozit\u012bvi<\/li>\n<li>Pal\u012bdz sajust gandar\u012bjumu, atvieglojumu un paciet\u012bbu<\/li>\n<\/ul>\n<p>&nbsp;<\/p>\n<p>Vair\u0101k par <strong>doTERRA FORGIVE\u2122<\/strong><strong> <\/strong><strong>\u0112terisko e\u013c\u013cu mais\u012bjumu <\/strong>atrad\u012bsit t\u0101l\u0101k redzamaj\u0101 videoklip\u0101.<\/p>\n<p><iframe title=\"Izmantojot doTERRA FORGIVE \/\/ \u0113terisk\u0101s e\u013c\u013cas dusm\u0101m, neapmierin\u0101t\u012bbai, kaunam un daudz ko citu\" src=\"https:\/\/www.youtube.com\/embed\/G8vSKxPQnxI\" width=\"853\" height=\"480\" frameborder=\"0\" allowfullscreen=\"allowfullscreen\"><\/iframe><\/p>\n","protected":false},"excerpt":{"rendered":"<ul>\n<li>Rada nomierino\u0161u arom\u0101tu<\/li>\n<li>Pacil\u0101 un iedvesmo dom\u0101t pozit\u012bvi<\/li>\n<li>Pal\u012bdz sajust gandar\u012bjumu, atvieglojumu un paciet\u012bbu<\/li>\n<\/ul>\n","protected":false},"featured_media":11547,"template":"","meta":{"site-sidebar-layout":"default","site-content-layout":"default","ast-site-content-layout":"default","site-content-style":"default","site-sidebar-style":"default","ast-global-header-display":"","ast-banner-title-visibility":"","ast-main-header-display":"","ast-hfb-above-header-display":"","ast-hfb-below-header-display":"","ast-hfb-mobile-header-display":"","site-post-title":"","ast-breadcrumbs-content":"","ast-featured-img":"","footer-sml-layout":"","ast-disable-related-posts":"","theme-transparent-header-meta":"default","adv-header-id-meta":"","stick-header-meta":"","header-above-stick-meta":"","header-main-stick-meta":"","header-below-stick-meta":"","astra-migrate-meta-layouts":"default","ast-page-background-enabled":"default","ast-page-background-meta":{"desktop":{"background-color":"","background-image":"","background-repeat":"repeat","background-position":"center center","background-size":"auto","background-attachment":"scroll","background-type":"","background-media":"","overlay-type":"","overlay-color":"","overlay-opacity":"","overlay-gradient":""},"tablet":{"background-color":"","background-image":"","background-repeat":"repeat","background-position":"center center","background-size":"auto","background-attachment":"scroll","background-type":"","background-media":"","overlay-type":"","overlay-color":"","overlay-opacity":"","overlay-gradient":""},"mobile":{"background-color":"","background-image":"","background-repeat":"repeat","background-position":"center center","background-size":"auto","background-attachment":"scroll","background-type":"","background-media":"","overlay-type":"","overlay-color":"","overlay-opacity":"","overlay-gradient":""}},"ast-content-background-meta":{"desktop":{"background-color":"var(--ast-global-color-5)","background-image":"","background-repeat":"repeat","background-position":"center center","background-size":"auto","background-attachment":"scroll","background-type":"","background-media":"","overlay-type":"","overlay-color":"","overlay-opacity":"","overlay-gradient":""},"tablet":{"background-color":"var(--ast-global-color-5)","background-image":"","background-repeat":"repeat","background-position":"center center","background-size":"auto","background-attachment":"scroll","background-type":"","background-media":"","overlay-type":"","overlay-color":"","overlay-opacity":"","overlay-gradient":""},"mobile":{"background-color":"var(--ast-global-color-5)","background-image":"","background-repeat":"repeat","background-position":"center center","background-size":"auto","background-attachment":"scroll","background-type":"","background-media":"","overlay-type":"","overlay-color":"","overlay-opacity":"","overlay-gradient":""}}},"product_brand":[],"product_cat":[600,601],"product_tag":[677,632,1489],"class_list":{"0":"post-16380","1":"product","2":"type-product","3":"status-publish","4":"has-post-thumbnail","6":"product_cat-eteriskas-ellas","7":"product_cat-eterisko-ellu-maisijumi","8":"product_tag-5-ml-lv","9":"product_tag-eterisko-ellu-maisijumi","10":"product_tag-forgive-lv","11":"desktop-align-left","12":"tablet-align-left","13":"mobile-align-left","15":"first","16":"instock","17":"taxable","18":"shipping-taxable","19":"purchasable","20":"product-type-simple"},"_links":{"self":[{"href":"https:\/\/mamaterra.lt\/lv\/wp-json\/wp\/v2\/product\/16380","targetHints":{"allow":["GET"]}}],"collection":[{"href":"https:\/\/mamaterra.lt\/lv\/wp-json\/wp\/v2\/product"}],"about":[{"href":"https:\/\/mamaterra.lt\/lv\/wp-json\/wp\/v2\/types\/product"}],"wp:featuredmedia":[{"embeddable":true,"href":"https:\/\/mamaterra.lt\/lv\/wp-json\/wp\/v2\/media\/11547"}],"wp:attachment":[{"href":"https:\/\/mamaterra.lt\/lv\/wp-json\/wp\/v2\/media?parent=16380"}],"wp:term":[{"taxonomy":"product_brand","embeddable":true,"href":"https:\/\/mamaterra.lt\/lv\/wp-json\/wp\/v2\/product_brand?post=16380"},{"taxonomy":"product_cat","embeddable":true,"href":"https:\/\/mamaterra.lt\/lv\/wp-json\/wp\/v2\/product_cat?post=16380"},{"taxonomy":"product_tag","embeddable":true,"href":"https:\/\/mamaterra.lt\/lv\/wp-json\/wp\/v2\/product_tag?post=16380"}],"curies":[{"name":"wp","href":"https:\/\/api.w.org\/{rel}","templated":true}]}}