{"id":16375,"date":"2021-04-18T17:17:09","date_gmt":"2021-04-18T16:17:09","guid":{"rendered":"https:\/\/mamaterra.lt\/parduotuve\/uncategorized\/doterra-clarycalm-eterisko-ellu-maisijums-sievietem-10ml\/"},"modified":"2021-04-18T17:17:09","modified_gmt":"2021-04-18T16:17:09","slug":"doterra-clarycalm-essential-oil-blend-for-women-10ml","status":"publish","type":"product","link":"https:\/\/mamaterra.lt\/lv\/parduotuve\/eteriskas-ellas\/eterisko-ellu-maisijumi\/doterra-clarycalm-essential-oil-blend-for-women-10ml\/","title":{"rendered":"doTERRA clarycalm\u2122 \u0113terisko e\u013c\u013cu mais\u012bjums sieviet\u0113m 10ml"},"content":{"rendered":"<p><strong>doTERRA clarycalm\u2122 \u0113terisko e\u013c\u013cu mais\u012bjums sieviet\u0113m  <\/strong><\/p>\n<p>10ml pudele ar lod\u012b\u0161u aplikatoru<\/p>\n<p>&nbsp;<\/p>\n<p><strong>doTERRA clarycalm\u2122 \u0113terisko e\u013c\u013cu mais\u012bjums Apraksts:<\/strong><\/p>\n<p>Clarycalm e\u013c\u013ca, kas rad\u012bta \u012bpa\u0161i sieviet\u0113m, pal\u012bdz l\u012bdzsvarot garast\u0101vokli un nomierina sv\u0101rst\u012bg\u0101s emocijas visa m\u0113ne\u0161a garum\u0101.<\/p>\n<ul>\n<li>Pal\u012bdz uztur\u0113t emocion\u0101lo l\u012bdzsvaru visa m\u0113ne\u0161a garum\u0101<\/li>\n<li>Pal\u012bdz nomierin\u0101ties un l\u012bdzsvarot nikn\u0101s emocijas<\/li>\n<li>Uzkl\u0101jot uz \u0101das, tas darbojas atv\u0113sino\u0161i<\/li>\n<li>Samazina PMS simptomus, garast\u0101vok\u013ca sv\u0101rst\u012bbas<\/li>\n<li>Uzlabo visp\u0101r\u0113jo labsaj\u016btu<\/li>\n<li>Mazina menstru\u0101l\u0101s s\u0101pes<\/li>\n<li>Nom\u0101c karstuma vi\u013c\u0146us<\/li>\n<li>Uzkl\u0101jot uz \u0101das, clarycalm nodro\u0161ina atv\u0113sino\u0161u un nomierino\u0161u efektu.<\/li>\n<\/ul>\n<p><strong>doTERRA clarycalm\u2122 \u0113terisko e\u013c\u013cu mais\u012bjuma sast\u0101vda\u013cas:<\/strong><\/p>\n<p>Clary Sage, Lavanda, FCF Bergamot, Romie\u0161u kumel\u012bte, Ylang Ylang, Cedarwood, Geranium, Fenhelis, Burk\u0101nu s\u0113klas, Palmarosa un Vitex \u0113terisk\u0101s e\u013c\u013cas.<\/p>\n<p><strong>Doterra clarycalm\u2122 \u0113terisko e\u013c\u013cu mais\u012bjuma lieto\u0161ana:<\/strong><\/p>\n<ul>\n<li>E\u013c\u013cojiet v\u0113dera lejasda\u013cu s\u0101p\u012bgu menstru\u0101ciju, v\u0113dera uzp\u016b\u0161an\u0101s gad\u012bjum\u0101<\/li>\n<li>E\u013c\u013cojiet galvu, kad t\u0101 s\u0101p<\/li>\n<li>Emociju un hormonu l\u012bdzsvaro\u0161anai, karstuma mazin\u0101\u0161anai, iee\u013c\u013cojiet kaklu, plaukstas, pot\u012btes no r\u012btiem un vakaros<\/li>\n<\/ul>\n<p>&nbsp;<\/p>\n<p>Vair\u0101k inform\u0101cijas par <strong>doTERRA clarycalm\u2122<\/strong><strong> <\/strong><strong>\u0112terisko e\u013c\u013cu mais\u012bjumu <\/strong>atrad\u012bsit t\u0101l\u0101k redzamaj\u0101 videoklip\u0101.<\/p>\n<p><iframe title=\"Emociju l\u012bdzsvaro\u0161ana ar doTERRA ClaryCalm\u00ae\" src=\"https:\/\/www.youtube.com\/embed\/KCIRNZM0ELo\" width=\"853\" height=\"480\" frameborder=\"0\" allowfullscreen=\"allowfullscreen\"><\/iframe><\/p>\n","protected":false},"excerpt":{"rendered":"<ul>\n<li>Pal\u012bdz uztur\u0113t emocion\u0101lo l\u012bdzsvaru visa m\u0113ne\u0161a garum\u0101<\/li>\n<li>Pal\u012bdz nomierin\u0101ties un l\u012bdzsvarot nikn\u0101s emocijas<\/li>\n<li>Uzkl\u0101jot uz \u0101das, tas darbojas atv\u0113sino\u0161i<\/li>\n<li>Nom\u0101c menopauzes izrais\u012bto diskomfortu<\/li>\n<\/ul>\n","protected":false},"featured_media":11565,"template":"","meta":{"site-sidebar-layout":"default","site-content-layout":"default","ast-site-content-layout":"default","site-content-style":"default","site-sidebar-style":"default","ast-global-header-display":"","ast-banner-title-visibility":"","ast-main-header-display":"","ast-hfb-above-header-display":"","ast-hfb-below-header-display":"","ast-hfb-mobile-header-display":"","site-post-title":"","ast-breadcrumbs-content":"","ast-featured-img":"","footer-sml-layout":"","ast-disable-related-posts":"","theme-transparent-header-meta":"default","adv-header-id-meta":"","stick-header-meta":"","header-above-stick-meta":"","header-main-stick-meta":"","header-below-stick-meta":"","astra-migrate-meta-layouts":"default","ast-page-background-enabled":"default","ast-page-background-meta":{"desktop":{"background-color":"","background-image":"","background-repeat":"repeat","background-position":"center center","background-size":"auto","background-attachment":"scroll","background-type":"","background-media":"","overlay-type":"","overlay-color":"","overlay-opacity":"","overlay-gradient":""},"tablet":{"background-color":"","background-image":"","background-repeat":"repeat","background-position":"center center","background-size":"auto","background-attachment":"scroll","background-type":"","background-media":"","overlay-type":"","overlay-color":"","overlay-opacity":"","overlay-gradient":""},"mobile":{"background-color":"","background-image":"","background-repeat":"repeat","background-position":"center center","background-size":"auto","background-attachment":"scroll","background-type":"","background-media":"","overlay-type":"","overlay-color":"","overlay-opacity":"","overlay-gradient":""}},"ast-content-background-meta":{"desktop":{"background-color":"var(--ast-global-color-5)","background-image":"","background-repeat":"repeat","background-position":"center center","background-size":"auto","background-attachment":"scroll","background-type":"","background-media":"","overlay-type":"","overlay-color":"","overlay-opacity":"","overlay-gradient":""},"tablet":{"background-color":"var(--ast-global-color-5)","background-image":"","background-repeat":"repeat","background-position":"center center","background-size":"auto","background-attachment":"scroll","background-type":"","background-media":"","overlay-type":"","overlay-color":"","overlay-opacity":"","overlay-gradient":""},"mobile":{"background-color":"var(--ast-global-color-5)","background-image":"","background-repeat":"repeat","background-position":"center center","background-size":"auto","background-attachment":"scroll","background-type":"","background-media":"","overlay-type":"","overlay-color":"","overlay-opacity":"","overlay-gradient":""}}},"product_brand":[],"product_cat":[600,601,618,614],"product_tag":[682,1304,632],"class_list":{"0":"post-16375","1":"product","2":"type-product","3":"status-publish","4":"has-post-thumbnail","6":"product_cat-eteriskas-ellas","7":"product_cat-eterisko-ellu-maisijumi","8":"product_cat-nomierinosas","9":"product_cat-sievietem","10":"product_tag-10-ml-lv","11":"product_tag-clarycalm-lv","12":"product_tag-eterisko-ellu-maisijumi","13":"desktop-align-left","14":"tablet-align-left","15":"mobile-align-left","17":"first","18":"instock","19":"taxable","20":"shipping-taxable","21":"purchasable","22":"product-type-simple"},"_links":{"self":[{"href":"https:\/\/mamaterra.lt\/lv\/wp-json\/wp\/v2\/product\/16375","targetHints":{"allow":["GET"]}}],"collection":[{"href":"https:\/\/mamaterra.lt\/lv\/wp-json\/wp\/v2\/product"}],"about":[{"href":"https:\/\/mamaterra.lt\/lv\/wp-json\/wp\/v2\/types\/product"}],"wp:featuredmedia":[{"embeddable":true,"href":"https:\/\/mamaterra.lt\/lv\/wp-json\/wp\/v2\/media\/11565"}],"wp:attachment":[{"href":"https:\/\/mamaterra.lt\/lv\/wp-json\/wp\/v2\/media?parent=16375"}],"wp:term":[{"taxonomy":"product_brand","embeddable":true,"href":"https:\/\/mamaterra.lt\/lv\/wp-json\/wp\/v2\/product_brand?post=16375"},{"taxonomy":"product_cat","embeddable":true,"href":"https:\/\/mamaterra.lt\/lv\/wp-json\/wp\/v2\/product_cat?post=16375"},{"taxonomy":"product_tag","embeddable":true,"href":"https:\/\/mamaterra.lt\/lv\/wp-json\/wp\/v2\/product_tag?post=16375"}],"curies":[{"name":"wp","href":"https:\/\/api.w.org\/{rel}","templated":true}]}}