{"id":16367,"date":"2021-04-18T17:18:51","date_gmt":"2021-04-18T16:18:51","guid":{"rendered":"https:\/\/mamaterra.lt\/parduotuve\/uncategorized\/doterra-ddr-prime-atjaunojoss-eterisko-ellu-maisijums-15ml\/"},"modified":"2021-04-18T17:18:51","modified_gmt":"2021-04-18T16:18:51","slug":"doterra-ddr-prime-renewing-essential-oil-blend-15ml","status":"publish","type":"product","link":"https:\/\/mamaterra.lt\/lv\/parduotuve\/eteriskas-ellas\/eterisko-ellu-maisijumi\/doterra-ddr-prime-renewing-essential-oil-blend-15ml\/","title":{"rendered":"doTERRA DDR PRIME\u2122 ATJAUNOJO\u0160S \u0112TERISKO E\u013b\u013bU MAIS\u012aJUMS 15ml"},"content":{"rendered":"<p><strong>doterra ddr prime\u2122 atjaunojo\u0161s \u0113terisko e\u013c\u013cu mais\u012bjums<\/strong><\/p>\n<p>15ml<\/p>\n<p>&nbsp;<\/p>\n<p><strong>doTERRA DDR PRIME\u2122 \u0113terisko e\u013c\u013cu mais\u012bjuma apraksts un sast\u0101vda\u013cas:<\/strong><\/p>\n<p>DDR Prime apvieno krustnagli\u0146u, timi\u0101na un savva\u013cas apels\u012bnu \u0113terisk\u0101s e\u013c\u013cas, kur\u0101m ir antioksidanta iedarb\u012bba. \u0160is mais\u012bjums ir paredz\u0113ts, lai aizsarg\u0101tu \u0137ermeni un \u0161\u016bnas no oksidat\u012bv\u0101 stresa.<\/p>\n<ul>\n<li>Stiprina visp\u0101r\u0113jo \u0161\u016bnu vesel\u012bbu<\/li>\n<li>Pal\u012bdz uztur\u0113t \u0161\u016bnas veselas un nevainojamas<\/li>\n<li>Aizsarg\u0101 \u0137ermeni un \u0161\u016bnas no oksidat\u012bv\u0101 stresa<\/li>\n<\/ul>\n<p>&nbsp;<\/p>\n<p>Lai ieg\u016btu papildinform\u0101ciju par <strong>doTERRA DDR PRIME\u2122 <\/strong><strong>\u0113terisko e\u013c\u013cu mais\u012bjumu, <\/strong>skatiet t\u0101l\u0101k redzamo videoklipu.<\/p>\n<p><iframe title=\"doTERRA DDR Prime \u0113terisk\u0101s e\u013c\u013cas-DEOWA akad\u0113mijas grupa\" src=\"https:\/\/www.youtube.com\/embed\/ChRc2gQJpnQ\" width=\"853\" height=\"480\" frameborder=\"0\" allowfullscreen=\"allowfullscreen\"><\/iframe><\/p>\n","protected":false},"excerpt":{"rendered":"<ul>\n<li>Stiprina visp\u0101r\u0113jo \u0161\u016bnu vesel\u012bbu<\/li>\n<li>Pal\u012bdz uztur\u0113t \u0161\u016bnas veselas un nevainojamas<\/li>\n<li>Aizsarg\u0101 \u0137ermeni un \u0161\u016bnas no oksidat\u012bv\u0101 stresa<\/li>\n<\/ul>\n","protected":false},"featured_media":11564,"template":"","meta":{"site-sidebar-layout":"default","site-content-layout":"default","ast-site-content-layout":"default","site-content-style":"default","site-sidebar-style":"default","ast-global-header-display":"","ast-banner-title-visibility":"","ast-main-header-display":"","ast-hfb-above-header-display":"","ast-hfb-below-header-display":"","ast-hfb-mobile-header-display":"","site-post-title":"","ast-breadcrumbs-content":"","ast-featured-img":"","footer-sml-layout":"","ast-disable-related-posts":"","theme-transparent-header-meta":"default","adv-header-id-meta":"","stick-header-meta":"","header-above-stick-meta":"","header-main-stick-meta":"","header-below-stick-meta":"","astra-migrate-meta-layouts":"default","ast-page-background-enabled":"default","ast-page-background-meta":{"desktop":{"background-color":"","background-image":"","background-repeat":"repeat","background-position":"center center","background-size":"auto","background-attachment":"scroll","background-type":"","background-media":"","overlay-type":"","overlay-color":"","overlay-opacity":"","overlay-gradient":""},"tablet":{"background-color":"","background-image":"","background-repeat":"repeat","background-position":"center center","background-size":"auto","background-attachment":"scroll","background-type":"","background-media":"","overlay-type":"","overlay-color":"","overlay-opacity":"","overlay-gradient":""},"mobile":{"background-color":"","background-image":"","background-repeat":"repeat","background-position":"center center","background-size":"auto","background-attachment":"scroll","background-type":"","background-media":"","overlay-type":"","overlay-color":"","overlay-opacity":"","overlay-gradient":""}},"ast-content-background-meta":{"desktop":{"background-color":"var(--ast-global-color-5)","background-image":"","background-repeat":"repeat","background-position":"center center","background-size":"auto","background-attachment":"scroll","background-type":"","background-media":"","overlay-type":"","overlay-color":"","overlay-opacity":"","overlay-gradient":""},"tablet":{"background-color":"var(--ast-global-color-5)","background-image":"","background-repeat":"repeat","background-position":"center center","background-size":"auto","background-attachment":"scroll","background-type":"","background-media":"","overlay-type":"","overlay-color":"","overlay-opacity":"","overlay-gradient":""},"mobile":{"background-color":"var(--ast-global-color-5)","background-image":"","background-repeat":"repeat","background-position":"center center","background-size":"auto","background-attachment":"scroll","background-type":"","background-media":"","overlay-type":"","overlay-color":"","overlay-opacity":"","overlay-gradient":""}}},"product_brand":[],"product_cat":[600,601],"product_tag":[676,1519,632],"class_list":{"0":"post-16367","1":"product","2":"type-product","3":"status-publish","4":"has-post-thumbnail","6":"product_cat-eteriskas-ellas","7":"product_cat-eterisko-ellu-maisijumi","8":"product_tag-15-ml-lv","9":"product_tag-ddr-prime-lv","10":"product_tag-eterisko-ellu-maisijumi","11":"desktop-align-left","12":"tablet-align-left","13":"mobile-align-left","15":"first","16":"instock","17":"taxable","18":"shipping-taxable","19":"purchasable","20":"product-type-simple"},"_links":{"self":[{"href":"https:\/\/mamaterra.lt\/lv\/wp-json\/wp\/v2\/product\/16367","targetHints":{"allow":["GET"]}}],"collection":[{"href":"https:\/\/mamaterra.lt\/lv\/wp-json\/wp\/v2\/product"}],"about":[{"href":"https:\/\/mamaterra.lt\/lv\/wp-json\/wp\/v2\/types\/product"}],"wp:featuredmedia":[{"embeddable":true,"href":"https:\/\/mamaterra.lt\/lv\/wp-json\/wp\/v2\/media\/11564"}],"wp:attachment":[{"href":"https:\/\/mamaterra.lt\/lv\/wp-json\/wp\/v2\/media?parent=16367"}],"wp:term":[{"taxonomy":"product_brand","embeddable":true,"href":"https:\/\/mamaterra.lt\/lv\/wp-json\/wp\/v2\/product_brand?post=16367"},{"taxonomy":"product_cat","embeddable":true,"href":"https:\/\/mamaterra.lt\/lv\/wp-json\/wp\/v2\/product_cat?post=16367"},{"taxonomy":"product_tag","embeddable":true,"href":"https:\/\/mamaterra.lt\/lv\/wp-json\/wp\/v2\/product_tag?post=16367"}],"curies":[{"name":"wp","href":"https:\/\/api.w.org\/{rel}","templated":true}]}}