{"id":16364,"date":"2021-04-18T17:30:26","date_gmt":"2021-04-18T16:30:26","guid":{"rendered":"https:\/\/mamaterra.lt\/parduotuve\/uncategorized\/doterra-motivate-noteiksana-dodot-eterisko-ellu-maisijumu-5ml\/"},"modified":"2021-04-18T17:30:26","modified_gmt":"2021-04-18T16:30:26","slug":"doterra-motivate-essential-oil-blend-5ml","status":"publish","type":"product","link":"https:\/\/mamaterra.lt\/lv\/parduotuve\/eteriskas-ellas\/eterisko-ellu-maisijumi\/doterra-motivate-essential-oil-blend-5ml\/","title":{"rendered":"doTERRA MOTIVATE\u2122 noteik\u0161ana, dodot \u0113terisko e\u013c\u013cu mais\u012bjumu 5ml"},"content":{"rendered":"<p><strong>doTERRA MOTIVATE\u2122 noteik\u0161anu dodo\u0161s \u0113terisko e\u013c\u013cu mais\u012bjums<\/strong><\/p>\n<p>5 ml<\/p>\n<p>&nbsp;<\/p>\n<p><strong>doTERRA MOTIVATE\u2122 Nosak\u0101mo \u0113terisko e\u013c\u013cu mais\u012bjuma apraksts un sast\u0101vs:<\/strong><\/p>\n<p>Izmantojot unik\u0101lu piparm\u0113tru un citrusaug\u013cu \u0113terisko e\u013c\u013cu mais\u012bjumu, doTERRA Motiv\u0113t, j\u016bs varat aizst\u0101t negat\u012bv\u0101s emocijas ar p\u0101rliec\u012bbas un drosmes saj\u016btu.<\/p>\n<ul>\n<li>Veicina uztic\u012bbas, drosmes un tic\u012bbas saj\u016btu<\/li>\n<li>Rada pacil\u0101jo\u0161u arom\u0101tu<\/li>\n<li>Pal\u012bdz sazem\u0113t un l\u012bdzsvarot emocijas<\/li>\n<\/ul>\n<p>Vair\u0101k par <strong>doTERRA MOTIVATE\u2122<\/strong><strong> <\/strong><strong>\u0112terisko e\u013c\u013cu mais\u012bjumu <\/strong>atrad\u012bsit t\u0101l\u0101k redzamaj\u0101 videoklip\u0101.<\/p>\n<p><iframe title=\"doTERRA motiv\u0113: Blend veicin\u0101\u0161ana - e\u013c\u013caina izgl\u012bt\u012bba - k\u0101 to izmantot un kam tas ir lieliski piem\u0113rots\" src=\"https:\/\/www.youtube.com\/embed\/kP3RoqbBjpw\" width=\"853\" height=\"480\" frameborder=\"0\" allowfullscreen=\"allowfullscreen\"><\/iframe><\/p>\n","protected":false},"excerpt":{"rendered":"<ul>\n<li>Veicina uztic\u012bbas, drosmes un tic\u012bbas saj\u016btu<\/li>\n<li>Rada pacil\u0101jo\u0161u arom\u0101tu<\/li>\n<li>Pal\u012bdz sazem\u0113t un l\u012bdzsvarot emocijas<\/li>\n<\/ul>\n","protected":false},"featured_media":11544,"template":"","meta":{"site-sidebar-layout":"default","site-content-layout":"default","ast-site-content-layout":"default","site-content-style":"default","site-sidebar-style":"default","ast-global-header-display":"","ast-banner-title-visibility":"","ast-main-header-display":"","ast-hfb-above-header-display":"","ast-hfb-below-header-display":"","ast-hfb-mobile-header-display":"","site-post-title":"","ast-breadcrumbs-content":"","ast-featured-img":"","footer-sml-layout":"","ast-disable-related-posts":"","theme-transparent-header-meta":"default","adv-header-id-meta":"","stick-header-meta":"","header-above-stick-meta":"","header-main-stick-meta":"","header-below-stick-meta":"","astra-migrate-meta-layouts":"default","ast-page-background-enabled":"default","ast-page-background-meta":{"desktop":{"background-color":"","background-image":"","background-repeat":"repeat","background-position":"center center","background-size":"auto","background-attachment":"scroll","background-type":"","background-media":"","overlay-type":"","overlay-color":"","overlay-opacity":"","overlay-gradient":""},"tablet":{"background-color":"","background-image":"","background-repeat":"repeat","background-position":"center center","background-size":"auto","background-attachment":"scroll","background-type":"","background-media":"","overlay-type":"","overlay-color":"","overlay-opacity":"","overlay-gradient":""},"mobile":{"background-color":"","background-image":"","background-repeat":"repeat","background-position":"center center","background-size":"auto","background-attachment":"scroll","background-type":"","background-media":"","overlay-type":"","overlay-color":"","overlay-opacity":"","overlay-gradient":""}},"ast-content-background-meta":{"desktop":{"background-color":"var(--ast-global-color-5)","background-image":"","background-repeat":"repeat","background-position":"center center","background-size":"auto","background-attachment":"scroll","background-type":"","background-media":"","overlay-type":"","overlay-color":"","overlay-opacity":"","overlay-gradient":""},"tablet":{"background-color":"var(--ast-global-color-5)","background-image":"","background-repeat":"repeat","background-position":"center center","background-size":"auto","background-attachment":"scroll","background-type":"","background-media":"","overlay-type":"","overlay-color":"","overlay-opacity":"","overlay-gradient":""},"mobile":{"background-color":"var(--ast-global-color-5)","background-image":"","background-repeat":"repeat","background-position":"center center","background-size":"auto","background-attachment":"scroll","background-type":"","background-media":"","overlay-type":"","overlay-color":"","overlay-opacity":"","overlay-gradient":""}}},"product_brand":[],"product_cat":[600,601,618],"product_tag":[677,632,1482],"class_list":{"0":"post-16364","1":"product","2":"type-product","3":"status-publish","4":"has-post-thumbnail","6":"product_cat-eteriskas-ellas","7":"product_cat-eterisko-ellu-maisijumi","8":"product_cat-nomierinosas","9":"product_tag-5-ml-lv","10":"product_tag-eterisko-ellu-maisijumi","11":"product_tag-motivate-lv","12":"desktop-align-left","13":"tablet-align-left","14":"mobile-align-left","16":"first","17":"instock","18":"taxable","19":"shipping-taxable","20":"purchasable","21":"product-type-simple"},"_links":{"self":[{"href":"https:\/\/mamaterra.lt\/lv\/wp-json\/wp\/v2\/product\/16364","targetHints":{"allow":["GET"]}}],"collection":[{"href":"https:\/\/mamaterra.lt\/lv\/wp-json\/wp\/v2\/product"}],"about":[{"href":"https:\/\/mamaterra.lt\/lv\/wp-json\/wp\/v2\/types\/product"}],"wp:featuredmedia":[{"embeddable":true,"href":"https:\/\/mamaterra.lt\/lv\/wp-json\/wp\/v2\/media\/11544"}],"wp:attachment":[{"href":"https:\/\/mamaterra.lt\/lv\/wp-json\/wp\/v2\/media?parent=16364"}],"wp:term":[{"taxonomy":"product_brand","embeddable":true,"href":"https:\/\/mamaterra.lt\/lv\/wp-json\/wp\/v2\/product_brand?post=16364"},{"taxonomy":"product_cat","embeddable":true,"href":"https:\/\/mamaterra.lt\/lv\/wp-json\/wp\/v2\/product_cat?post=16364"},{"taxonomy":"product_tag","embeddable":true,"href":"https:\/\/mamaterra.lt\/lv\/wp-json\/wp\/v2\/product_tag?post=16364"}],"curies":[{"name":"wp","href":"https:\/\/api.w.org\/{rel}","templated":true}]}}