{"id":16361,"date":"2021-04-18T17:35:04","date_gmt":"2021-04-18T16:35:04","guid":{"rendered":"https:\/\/mamaterra.lt\/parduotuve\/uncategorized\/doterra-peace-noteiktiba-kas-dod-eterisko-ellu-maisijumu-5ml\/"},"modified":"2021-04-18T17:35:04","modified_gmt":"2021-04-18T16:35:04","slug":"doterra-miers-uzrealitate-dosana-eteriska-ella-mistika-5ml","status":"publish","type":"product","link":"https:\/\/mamaterra.lt\/lv\/parduotuve\/eteriskas-ellas\/eterisko-ellu-maisijumi\/doterra-miers-uzrealitate-dosana-eteriska-ella-mistika-5ml\/","title":{"rendered":"doTERRA PEACE\u2122 noteikt\u012bba, kas dod \u0113terisko e\u013c\u013cu mais\u012bjumu 5ml"},"content":{"rendered":"<p><strong>DoTERRA PEACE\u2122 p\u0101rliecin\u0101ts \u0113terisko e\u013c\u013cu mais\u012bjums<\/strong><\/p>\n<p>5 ml<\/p>\n<p>&nbsp;<\/p>\n<p><strong>DoTERRA PEACE\u2122 noteikt\u012bba, kas sniedz \u0113terisko e\u013c\u013cu mais\u012bjuma aprakstu:<\/strong><\/p>\n<p>Ziedu un piparm\u0113tru \u0113terisko e\u013c\u013cu mais\u012bjums doterra PEACE ir pozit\u012bvs atg\u0101din\u0101jums, ka jums nav j\u0101b\u016bt perfektam, lai atrastu mieru. Nomierinieties, dzi\u013ci elpojiet un atrodiet saikni ar mier\u012bgu un trauc\u0113jo\u0161u sevi<\/p>\n<p>Dz\u012bves notikumi var piepild\u012bt m\u016bs ar daudz\u0101m da\u017e\u0101d\u0101m un da\u017ereiz nev\u0113lam\u0101m emocij\u0101m. Da\u017ei no vi\u0146iem ir \u012bpa\u0161i nom\u0101kti, ar bail\u0113m un trauksmi. T\u0101 k\u0101 ap mums grie\u017eas tik daudz nom\u0101co\u0161u situ\u0101ciju un emociju, ir svar\u012bgi velt\u012bt laiku, lai dzi\u013ci ievilktu elpu un l\u012bdzsvarotu emocijas ar doTERRA PEACE pal\u012bdz\u012bbu. Izgatavots no piparm\u0113tru un ziedu \u0113terisko e\u013c\u013cu mais\u012bjuma, doTERRA PEACE var pal\u012bdz\u0113t nomierin\u0101t negat\u012bv\u0101s emocijas, kas rodas iek\u0161pus\u0113, un dot jums iesp\u0113ju mier\u012bgi dom\u0101t. Kad j\u016btat, ka j\u016bs s\u0101k apspiest dz\u012bves r\u016bpes un spiediens, izmantojiet doTERRA PEACE, lai pal\u012bdz\u0113tu sev atjaunot noteikt\u012bbas un apmierin\u0101t\u012bbas saj\u016btas.<\/p>\n<p>Satur da\u017eas no relaks\u0113jo\u0161\u0101kaj\u0101m un nomierino\u0161\u0101kaj\u0101m e\u013c\u013c\u0101m, piem\u0113ram, lavandas, major\u0101na, vetivera un ylang ylang \u0113terisk\u0101s e\u013c\u013cas. Nomierino\u0161o \u0113terisko e\u013c\u013cu l\u012bdzsvars \u0161aj\u0101 mais\u012bjum\u0101 rada kombin\u0101ciju, kas lieliski atjauno mier\u012bgas emocijas.<\/p>\n<p><strong>DoTERRA PEACE\u2122 Reassurance \u0113terisko e\u013c\u013cu mais\u012bjuma izmanto\u0161ana:<\/strong><\/p>\n<p>Lietojot lok\u0101li vai arom\u0101tiski, mais\u012bjums doterra PEACE var rad\u012bt miera, gandar\u012bjuma un miera saj\u016btu.<br \/>\nKad s\u0101k rasties trauksme un bailes, izmantojiet doTERRA Peace mais\u012bjumu, lai c\u012bn\u012btos pret \u0161\u012bm emocij\u0101m. DoTERRA PEACE ir izstr\u0101d\u0101ts ar \u012bpa\u0161\u0101m \u0113teriskaj\u0101m e\u013c\u013c\u0101m, kas pal\u012bdz nov\u0113rst bailes un trauksmi.<\/p>\n<p>Lai pan\u0101ktu \u0101tru efektu, uz rok\u0101m uzkl\u0101jiet vienu pilienu doTERRA PEACE un berz\u0113jiet t\u0101s. Tad aptiniet rokas ap degunu un dzi\u013ci elpojiet.<br \/>\nJa jums ir gr\u016bti aizmigt nakt\u012b, tvaic\u0113jiet PEACE e\u013c\u013cu. Blend Peace ir ide\u0101ls nakts mais\u012bjums, kas veicina nomierino\u0161u vidi un mier\u012bgu miegu. Lai ieg\u016btu vislab\u0101kos rezult\u0101tus, vienu vai divus pilienus doTERRA PEACE mais\u012bjuma piliniet difuzor\u0101 un tvaik\u0101.<\/p>\n<p>Vai j\u016bs uztraucaties pirms eks\u0101mena vai uzst\u0101\u0161an\u0101s uz skatuves? Ja s\u0101kat uztraukties, no\u0137eriet vai ieelpojiet no plaukst\u0101m Peace \u0113terisko e\u013c\u013cu mais\u012bjumu, kas nodro\u0161in\u0101s emocion\u0101lu komfortu.<br \/>\nNeatkar\u012bgi no t\u0101, vai esat vec\u0101ki, vecvec\u0101ki, br\u0101\u013ci vai m\u0101sas, vai draugs, ikviens ir redz\u0113jis vai piedz\u012bvojis b\u0113rna dusmu l\u0113kmi. Tiem mirk\u013ciem ir doTERRA MIERS. N\u0101kamreiz, kad redzat, ka j\u016bsu d\u0113ls, meita vai m\u012b\u013cot\u0101 b\u0113rns ir sajukums vai nemier\u012bgs, uzkl\u0101jiet doTERRA PEACE uz b\u0113rna k\u0101j\u0101m, lai vi\u0146u nomierin\u0101tu. (Tas j\u0101dara ar vec\u0101ku piekri\u0161anu.)<\/p>\n<p><strong>DoTERRA PEACE\u2122 \u0112terisko e\u013c\u013cu mais\u012bjuma sast\u0101vs:<\/strong><\/p>\n<ul>\n<li>Vetivera sakne<\/li>\n<li>Lavandas ziedi<\/li>\n<li>Ylang Ylang gredzeni<\/li>\n<li>V\u012braka sve\u0137i<\/li>\n<li>Salvijas ziedi<\/li>\n<li>Major\u0101na lapas<\/li>\n<li>Labdan zari absol\u016bts<\/li>\n<li>\u0160\u0137\u0113pu z\u0101le<\/li>\n<\/ul>\n<p>&nbsp;<\/p>\n<p>Pla\u0161\u0101ku inform\u0101ciju par <strong>doterra PEACE p\u0101rliecino\u0161o \u0113terisko e\u013c\u013cu mais\u012bjumu<\/strong> skatiet t\u0101l\u0101k redzamaj\u0101 videoklip\u0101.<\/p>\n<p><iframe title=\"K\u0101 lietot \u0113terisk\u0101s e\u013c\u013cas trauksmei un stresam \/\/ doTERRA miera mais\u012bjums\" src=\"https:\/\/www.youtube.com\/embed\/gHn6a6KdUMg\" width=\"853\" height=\"480\" frameborder=\"0\" allowfullscreen=\"allowfullscreen\"><\/iframe><\/p>\n","protected":false},"excerpt":{"rendered":"<ul>\n<li>DoTERRA PEACE mais\u012bjums sast\u0101v no lavandas, major\u0101na, zeltain\u0101 un Ylang Ylang arom\u0101ta (Ylang Ylang) \u0113teriskaj\u0101m e\u013c\u013c\u0101m<\/li>\n<li>Rada nomierino\u0161u arom\u0101tu<\/li>\n<li>Dod miera un noteikt\u012bbas saj\u016btu<\/li>\n<\/ul>\n","protected":false},"featured_media":11542,"template":"","meta":{"site-sidebar-layout":"default","site-content-layout":"default","ast-site-content-layout":"default","site-content-style":"default","site-sidebar-style":"default","ast-global-header-display":"","ast-banner-title-visibility":"","ast-main-header-display":"","ast-hfb-above-header-display":"","ast-hfb-below-header-display":"","ast-hfb-mobile-header-display":"","site-post-title":"","ast-breadcrumbs-content":"","ast-featured-img":"","footer-sml-layout":"","ast-disable-related-posts":"","theme-transparent-header-meta":"default","adv-header-id-meta":"","stick-header-meta":"","header-above-stick-meta":"","header-main-stick-meta":"","header-below-stick-meta":"","astra-migrate-meta-layouts":"default","ast-page-background-enabled":"default","ast-page-background-meta":{"desktop":{"background-color":"","background-image":"","background-repeat":"repeat","background-position":"center center","background-size":"auto","background-attachment":"scroll","background-type":"","background-media":"","overlay-type":"","overlay-color":"","overlay-opacity":"","overlay-gradient":""},"tablet":{"background-color":"","background-image":"","background-repeat":"repeat","background-position":"center center","background-size":"auto","background-attachment":"scroll","background-type":"","background-media":"","overlay-type":"","overlay-color":"","overlay-opacity":"","overlay-gradient":""},"mobile":{"background-color":"","background-image":"","background-repeat":"repeat","background-position":"center center","background-size":"auto","background-attachment":"scroll","background-type":"","background-media":"","overlay-type":"","overlay-color":"","overlay-opacity":"","overlay-gradient":""}},"ast-content-background-meta":{"desktop":{"background-color":"var(--ast-global-color-5)","background-image":"","background-repeat":"repeat","background-position":"center center","background-size":"auto","background-attachment":"scroll","background-type":"","background-media":"","overlay-type":"","overlay-color":"","overlay-opacity":"","overlay-gradient":""},"tablet":{"background-color":"var(--ast-global-color-5)","background-image":"","background-repeat":"repeat","background-position":"center center","background-size":"auto","background-attachment":"scroll","background-type":"","background-media":"","overlay-type":"","overlay-color":"","overlay-opacity":"","overlay-gradient":""},"mobile":{"background-color":"var(--ast-global-color-5)","background-image":"","background-repeat":"repeat","background-position":"center center","background-size":"auto","background-attachment":"scroll","background-type":"","background-media":"","overlay-type":"","overlay-color":"","overlay-opacity":"","overlay-gradient":""}}},"product_brand":[],"product_cat":[600,601,613,618],"product_tag":[677,632,1447],"class_list":{"0":"post-16361","1":"product","2":"type-product","3":"status-publish","4":"has-post-thumbnail","6":"product_cat-eteriskas-ellas","7":"product_cat-eterisko-ellu-maisijumi","8":"product_cat-miegam","9":"product_cat-nomierinosas","10":"product_tag-5-ml-lv","11":"product_tag-eterisko-ellu-maisijumi","12":"product_tag-peace-lv","13":"desktop-align-left","14":"tablet-align-left","15":"mobile-align-left","17":"first","18":"instock","19":"sale","20":"taxable","21":"shipping-taxable","22":"purchasable","23":"product-type-simple"},"_links":{"self":[{"href":"https:\/\/mamaterra.lt\/lv\/wp-json\/wp\/v2\/product\/16361","targetHints":{"allow":["GET"]}}],"collection":[{"href":"https:\/\/mamaterra.lt\/lv\/wp-json\/wp\/v2\/product"}],"about":[{"href":"https:\/\/mamaterra.lt\/lv\/wp-json\/wp\/v2\/types\/product"}],"wp:featuredmedia":[{"embeddable":true,"href":"https:\/\/mamaterra.lt\/lv\/wp-json\/wp\/v2\/media\/11542"}],"wp:attachment":[{"href":"https:\/\/mamaterra.lt\/lv\/wp-json\/wp\/v2\/media?parent=16361"}],"wp:term":[{"taxonomy":"product_brand","embeddable":true,"href":"https:\/\/mamaterra.lt\/lv\/wp-json\/wp\/v2\/product_brand?post=16361"},{"taxonomy":"product_cat","embeddable":true,"href":"https:\/\/mamaterra.lt\/lv\/wp-json\/wp\/v2\/product_cat?post=16361"},{"taxonomy":"product_tag","embeddable":true,"href":"https:\/\/mamaterra.lt\/lv\/wp-json\/wp\/v2\/product_tag?post=16361"}],"curies":[{"name":"wp","href":"https:\/\/api.w.org\/{rel}","templated":true}]}}