{"id":16360,"date":"2021-04-18T17:32:30","date_gmt":"2021-04-18T16:32:30","guid":{"rendered":"https:\/\/mamaterra.lt\/parduotuve\/uncategorized\/doterra-on-guard-eterisko-ellu-zirni-125-gab\/"},"modified":"2021-04-18T17:32:30","modified_gmt":"2021-04-18T16:32:30","slug":"doterra-on-guard-essential-oil-zirni-125-gab","status":"publish","type":"product","link":"https:\/\/mamaterra.lt\/lv\/parduotuve\/eteriskas-ellas\/eterisko-ellu-maisijumi\/doterra-on-guard-essential-oil-zirni-125-gab\/","title":{"rendered":"doTERRA On Guard\u2122 \u0113terisko e\u013c\u013cu zir\u0146i (125 gab.)"},"content":{"rendered":"<p><strong>doTERRA uz aizsarga\u2122 \u0113terisko e\u013c\u013cu zir\u0146iem<\/strong><\/p>\n<p>125 gab.<\/p>\n<p>&nbsp;<\/p>\n<p><strong>doTERRA uz aizsargu\u2122 \u0113terisk\u0101s e\u013c\u013cas zir\u0146u kop\u0113j\u0101s \u012bpa\u0161\u012bbas:<\/strong><\/p>\n<p>Viena no liel\u0101kaj\u0101m doTERRA On Guard zir\u0146u priek\u0161roc\u012bb\u0101m ir t\u0101, ka, lietojot tos, ir vienk\u0101r\u0161i un \u0113rti izmantot aizsarg\u0101jo\u0161\u0101 mais\u012bjuma doTERRA On Guard \u012bpa\u0161\u012bbas gan m\u0101j\u0101s, gan iesaistoties akt\u012bv\u0101s aktivit\u0101t\u0113s.<\/p>\n<ul>\n<li>Pat\u0113r\u0113 ziem\u0101, ce\u013cojot vai liel\u0101s cilv\u0113ku pulc\u0113\u0161an\u0101s viet\u0101s<\/li>\n<li>Vienk\u0101r\u0161s veids, k\u0101 lietot doTERRA \u0113terisko e\u013c\u013cu mais\u012bjumu On Guard<\/li>\n<li>Dod svaigu elpu<\/li>\n<\/ul>\n<p>&nbsp;<\/p>\n<p>Vair\u0101k par <strong>doTERRA On Guard\u2122 \u0113terisko e\u013c\u013cu zir\u0146iem<\/strong><strong> <\/strong>To atrad\u012bsit t\u0101l\u0101k redzamaj\u0101 videoklip\u0101.<\/p>\n<p><iframe title=\"Izcils doTERRA uz aizsargu lod\u012b\u0161u izmanto\u0161anas\" src=\"https:\/\/www.youtube.com\/embed\/p96IwBNszrY\" width=\"853\" height=\"480\" frameborder=\"0\" allowfullscreen=\"allowfullscreen\"><\/iframe><\/p>\n","protected":false},"excerpt":{"rendered":"<ul>\n<li>Pat\u0113r\u0113 ziem\u0101, ce\u013cojot vai liel\u0101s cilv\u0113ku pulc\u0113\u0161an\u0101s viet\u0101s<\/li>\n<li>Vienk\u0101r\u0161s veids, k\u0101 lietot doTERRA \u0113terisko e\u013c\u013cu mais\u012bjumu On Guard<\/li>\n<li>Dod svaigu elpu<\/li>\n<\/ul>\n","protected":false},"featured_media":11477,"template":"","meta":{"site-sidebar-layout":"default","site-content-layout":"default","ast-site-content-layout":"default","site-content-style":"default","site-sidebar-style":"default","ast-global-header-display":"","ast-banner-title-visibility":"","ast-main-header-display":"","ast-hfb-above-header-display":"","ast-hfb-below-header-display":"","ast-hfb-mobile-header-display":"","site-post-title":"","ast-breadcrumbs-content":"","ast-featured-img":"","footer-sml-layout":"","ast-disable-related-posts":"","theme-transparent-header-meta":"default","adv-header-id-meta":"","stick-header-meta":"","header-above-stick-meta":"","header-main-stick-meta":"","header-below-stick-meta":"","astra-migrate-meta-layouts":"default","ast-page-background-enabled":"default","ast-page-background-meta":{"desktop":{"background-color":"","background-image":"","background-repeat":"repeat","background-position":"center center","background-size":"auto","background-attachment":"scroll","background-type":"","background-media":"","overlay-type":"","overlay-color":"","overlay-opacity":"","overlay-gradient":""},"tablet":{"background-color":"","background-image":"","background-repeat":"repeat","background-position":"center center","background-size":"auto","background-attachment":"scroll","background-type":"","background-media":"","overlay-type":"","overlay-color":"","overlay-opacity":"","overlay-gradient":""},"mobile":{"background-color":"","background-image":"","background-repeat":"repeat","background-position":"center center","background-size":"auto","background-attachment":"scroll","background-type":"","background-media":"","overlay-type":"","overlay-color":"","overlay-opacity":"","overlay-gradient":""}},"ast-content-background-meta":{"desktop":{"background-color":"var(--ast-global-color-5)","background-image":"","background-repeat":"repeat","background-position":"center center","background-size":"auto","background-attachment":"scroll","background-type":"","background-media":"","overlay-type":"","overlay-color":"","overlay-opacity":"","overlay-gradient":""},"tablet":{"background-color":"var(--ast-global-color-5)","background-image":"","background-repeat":"repeat","background-position":"center center","background-size":"auto","background-attachment":"scroll","background-type":"","background-media":"","overlay-type":"","overlay-color":"","overlay-opacity":"","overlay-gradient":""},"mobile":{"background-color":"var(--ast-global-color-5)","background-image":"","background-repeat":"repeat","background-position":"center center","background-size":"auto","background-attachment":"scroll","background-type":"","background-media":"","overlay-type":"","overlay-color":"","overlay-opacity":"","overlay-gradient":""}}},"product_brand":[],"product_cat":[600,601,616],"product_tag":[1440,674],"class_list":{"0":"post-16360","1":"product","2":"type-product","3":"status-publish","4":"has-post-thumbnail","6":"product_cat-eteriskas-ellas","7":"product_cat-eterisko-ellu-maisijumi","8":"product_cat-on-guard-produktiem","9":"product_tag-on-guard-lv","10":"product_tag-zirni","11":"desktop-align-left","12":"tablet-align-left","13":"mobile-align-left","15":"first","16":"instock","17":"featured","18":"taxable","19":"shipping-taxable","20":"purchasable","21":"product-type-simple"},"_links":{"self":[{"href":"https:\/\/mamaterra.lt\/lv\/wp-json\/wp\/v2\/product\/16360","targetHints":{"allow":["GET"]}}],"collection":[{"href":"https:\/\/mamaterra.lt\/lv\/wp-json\/wp\/v2\/product"}],"about":[{"href":"https:\/\/mamaterra.lt\/lv\/wp-json\/wp\/v2\/types\/product"}],"wp:featuredmedia":[{"embeddable":true,"href":"https:\/\/mamaterra.lt\/lv\/wp-json\/wp\/v2\/media\/11477"}],"wp:attachment":[{"href":"https:\/\/mamaterra.lt\/lv\/wp-json\/wp\/v2\/media?parent=16360"}],"wp:term":[{"taxonomy":"product_brand","embeddable":true,"href":"https:\/\/mamaterra.lt\/lv\/wp-json\/wp\/v2\/product_brand?post=16360"},{"taxonomy":"product_cat","embeddable":true,"href":"https:\/\/mamaterra.lt\/lv\/wp-json\/wp\/v2\/product_cat?post=16360"},{"taxonomy":"product_tag","embeddable":true,"href":"https:\/\/mamaterra.lt\/lv\/wp-json\/wp\/v2\/product_tag?post=16360"}],"curies":[{"name":"wp","href":"https:\/\/api.w.org\/{rel}","templated":true}]}}