{"id":16345,"date":"2021-04-18T17:18:00","date_gmt":"2021-04-18T16:18:00","guid":{"rendered":"https:\/\/mamaterra.lt\/parduotuve\/uncategorized\/doterra-console-mierinajuma-eterisko-ellu-maisijums-5ml\/"},"modified":"2021-04-18T17:18:00","modified_gmt":"2021-04-18T16:18:00","slug":"doterra-konsole-mierinajums-eteriskas-ellas-maisijums-5ml","status":"publish","type":"product","link":"https:\/\/mamaterra.lt\/lv\/parduotuve\/eteriskas-ellas\/eterisko-ellu-maisijumi\/doterra-konsole-mierinajums-eteriskas-ellas-maisijums-5ml\/","title":{"rendered":"doTERRA CONSOLE\u2122 Mierin\u0101juma \u0113terisko e\u013c\u013cu mais\u012bjums 5ml"},"content":{"rendered":"<p><strong>doTERRA CONSOLE\u2122 Comfort \u0113terisko e\u013c\u013cu mais\u012bjums<\/strong><\/p>\n<p>5ml<\/p>\n<p>&nbsp;<\/p>\n<p><strong>doTERRA CONSOLE\u2122 \u0113terisko e\u013c\u013cu mais\u012bjuma apraksts un sast\u0101vda\u013cas:<\/strong><\/p>\n<p>doTERRA konsole, mierin\u0101juma mais\u012bjums, satur saldu ziedu un koku \u0113terisk\u0101s e\u013c\u013cas, kas sniedz mieru un cer\u012bbu, ejot emocion\u0101l\u0101s dziedin\u0101\u0161anas ce\u013cu.<\/p>\n<ul>\n<li>Sniedz komforta saj\u016btu<\/li>\n<li>Pal\u012bdz sajust cer\u012bbu un pozit\u012bvu attieksmi<\/li>\n<li>Ar \u0113teriskaj\u0101m e\u013c\u013c\u0101m no boswellia, pa\u010d\u016blijas, smar\u017e\u012bga kanang (Ylang Ylang), labdans, balzamiko deg\u013ca, rozes, quepenes<\/li>\n<\/ul>\n<p>&nbsp;<\/p>\n<p>Vair\u0101k par <strong>doTERRA CONSOLE\u2122<\/strong><strong> <\/strong><strong>\u0112terisko e\u013c\u013cu mais\u012bjumu <\/strong>atrad\u012bsit t\u0101l\u0101k redzamaj\u0101 videoklip\u0101.<\/p>\n<p><iframe title=\"Lab\u0101kie doTERRA konsoles e\u013c\u013cas mais\u012bjuma lietojumi\" src=\"https:\/\/www.youtube.com\/embed\/HJnnL50gMCU\" width=\"853\" height=\"480\" frameborder=\"0\" allowfullscreen=\"allowfullscreen\"><\/iframe><\/p>\n","protected":false},"excerpt":{"rendered":"<ul>\n<li>Sniedz komforta saj\u016btu<\/li>\n<li>Pal\u012bdz sajust cer\u012bbu un pozit\u012bvu attieksmi<\/li>\n<li>Ar \u0113teriskaj\u0101m e\u013c\u013c\u0101m no boswellia, pa\u010d\u016blijas, smar\u017e\u012bga kanang (Ylang Ylang), labdans, balzamiko deg\u013ca, rozes, quepenes<\/li>\n<\/ul>\n","protected":false},"featured_media":11549,"template":"","meta":{"site-sidebar-layout":"default","site-content-layout":"default","ast-site-content-layout":"default","site-content-style":"default","site-sidebar-style":"default","ast-global-header-display":"","ast-banner-title-visibility":"","ast-main-header-display":"","ast-hfb-above-header-display":"","ast-hfb-below-header-display":"","ast-hfb-mobile-header-display":"","site-post-title":"","ast-breadcrumbs-content":"","ast-featured-img":"","footer-sml-layout":"","ast-disable-related-posts":"","theme-transparent-header-meta":"default","adv-header-id-meta":"","stick-header-meta":"","header-above-stick-meta":"","header-main-stick-meta":"","header-below-stick-meta":"","astra-migrate-meta-layouts":"default","ast-page-background-enabled":"default","ast-page-background-meta":{"desktop":{"background-color":"","background-image":"","background-repeat":"repeat","background-position":"center center","background-size":"auto","background-attachment":"scroll","background-type":"","background-media":"","overlay-type":"","overlay-color":"","overlay-opacity":"","overlay-gradient":""},"tablet":{"background-color":"","background-image":"","background-repeat":"repeat","background-position":"center center","background-size":"auto","background-attachment":"scroll","background-type":"","background-media":"","overlay-type":"","overlay-color":"","overlay-opacity":"","overlay-gradient":""},"mobile":{"background-color":"","background-image":"","background-repeat":"repeat","background-position":"center center","background-size":"auto","background-attachment":"scroll","background-type":"","background-media":"","overlay-type":"","overlay-color":"","overlay-opacity":"","overlay-gradient":""}},"ast-content-background-meta":{"desktop":{"background-color":"var(--ast-global-color-5)","background-image":"","background-repeat":"repeat","background-position":"center center","background-size":"auto","background-attachment":"scroll","background-type":"","background-media":"","overlay-type":"","overlay-color":"","overlay-opacity":"","overlay-gradient":""},"tablet":{"background-color":"var(--ast-global-color-5)","background-image":"","background-repeat":"repeat","background-position":"center center","background-size":"auto","background-attachment":"scroll","background-type":"","background-media":"","overlay-type":"","overlay-color":"","overlay-opacity":"","overlay-gradient":""},"mobile":{"background-color":"var(--ast-global-color-5)","background-image":"","background-repeat":"repeat","background-position":"center center","background-size":"auto","background-attachment":"scroll","background-type":"","background-media":"","overlay-type":"","overlay-color":"","overlay-opacity":"","overlay-gradient":""}}},"product_brand":[],"product_cat":[600,601],"product_tag":[677,1522,632],"class_list":{"0":"post-16345","1":"product","2":"type-product","3":"status-publish","4":"has-post-thumbnail","6":"product_cat-eteriskas-ellas","7":"product_cat-eterisko-ellu-maisijumi","8":"product_tag-5-ml-lv","9":"product_tag-console-lv","10":"product_tag-eterisko-ellu-maisijumi","11":"desktop-align-left","12":"tablet-align-left","13":"mobile-align-left","15":"first","16":"instock","17":"sale","18":"taxable","19":"shipping-taxable","20":"purchasable","21":"product-type-simple"},"_links":{"self":[{"href":"https:\/\/mamaterra.lt\/lv\/wp-json\/wp\/v2\/product\/16345","targetHints":{"allow":["GET"]}}],"collection":[{"href":"https:\/\/mamaterra.lt\/lv\/wp-json\/wp\/v2\/product"}],"about":[{"href":"https:\/\/mamaterra.lt\/lv\/wp-json\/wp\/v2\/types\/product"}],"wp:featuredmedia":[{"embeddable":true,"href":"https:\/\/mamaterra.lt\/lv\/wp-json\/wp\/v2\/media\/11549"}],"wp:attachment":[{"href":"https:\/\/mamaterra.lt\/lv\/wp-json\/wp\/v2\/media?parent=16345"}],"wp:term":[{"taxonomy":"product_brand","embeddable":true,"href":"https:\/\/mamaterra.lt\/lv\/wp-json\/wp\/v2\/product_brand?post=16345"},{"taxonomy":"product_cat","embeddable":true,"href":"https:\/\/mamaterra.lt\/lv\/wp-json\/wp\/v2\/product_cat?post=16345"},{"taxonomy":"product_tag","embeddable":true,"href":"https:\/\/mamaterra.lt\/lv\/wp-json\/wp\/v2\/product_tag?post=16345"}],"curies":[{"name":"wp","href":"https:\/\/api.w.org\/{rel}","templated":true}]}}