{"id":16335,"date":"2021-04-18T17:19:44","date_gmt":"2021-04-18T16:19:44","guid":{"rendered":"https:\/\/mamaterra.lt\/parduotuve\/uncategorized\/doterra-deep-blue-eterisko-ellu-maisijums-5ml\/"},"modified":"2021-04-18T17:19:44","modified_gmt":"2021-04-18T16:19:44","slug":"doterra-deep-blue-pain-reveving-essential-oil-blend-5ml","status":"publish","type":"product","link":"https:\/\/mamaterra.lt\/lv\/parduotuve\/eteriskas-ellas\/eterisko-ellu-maisijumi\/doterra-deep-blue-pain-reveving-essential-oil-blend-5ml\/","title":{"rendered":"doterra DEEP BLUE\u2122 \u0112terisko e\u013c\u013cu mais\u012bjums 5ml"},"content":{"rendered":"<p><strong>doterra deep blue\u2122 atbr\u012bvojo\u0161ais \u0113terisko e\u013c\u013cu mais\u012bjums<\/strong><\/p>\n<p>5ml<\/p>\n<p>&nbsp;<\/p>\n<p><strong>DOTERRA DEEP BLUE\u2122 Nomierino\u0161s \u0113terisko e\u013c\u013cu mais\u012bjums Apraksts un visp\u0101r\u012bg\u0101s \u012bpa\u0161\u012bbas:<\/strong><\/p>\n<p>Izbaudiet m\u016bsu patent\u0113t\u0101 \u0113terisko e\u013c\u013cu mais\u012bjuma Deep Blue labv\u0113l\u012bg\u0101s \u012bpa\u0161\u012bbas, izmantojot \u0161o produktu \u0113rt\u0101 iepakojum\u0101.<\/p>\n<p>doTERRA\u00ae zin\u0101tnieki veica p\u0113t\u012bjumu, lai nov\u0113rt\u0113tu Deep Blue\u00ae ietekmi uz \u0101das \u0161\u016bn\u0101m. Rezult\u0101ti par\u0101d\u012bja, ka \u0161is neticamais mais\u012bjums ietekm\u0113 ar iekaisumu un br\u016b\u010du dz\u012b\u0161anu saist\u012bto sign\u0101lu p\u0101rraidi uz \u0161\u016bn\u0101m.<\/p>\n<ul>\n<li>Uzkl\u0101jiet uz p\u0113d\u0101m un ce\u013cgaliem pirms un p\u0113c treni\u0146a.<\/li>\n<li>Pirms gul\u0113tie\u0161anas iemas\u0113jiet dzi\u013ci zilo ar da\u017eiem pilieniem nes\u0113je\u013c\u013cas augo\u0161u b\u0113rnu k\u0101j\u0101m.<\/li>\n<li>P\u0113c smagas cel\u0161anas dienas darb\u0101 vai kust\u012bbas laik\u0101 berz\u0113jiet dzi\u013ci zilus muguras lejasda\u013cas musku\u013cus<\/li>\n<li>Tiem, kas str\u0101d\u0101 pie datora! Izmantojiet Deep Blue, lai mazin\u0101tu spriedzi uz pirkstiem un rok\u0101m p\u0113c garas darba dienas pie datora. Turkl\u0101t arom\u0101ts nomierina un mazina stresu.<\/li>\n<\/ul>\n<p><strong>DOTERRA DEEP BLUE\u2122 \u0113terisko e\u013c\u013cu mais\u012bjuma sast\u0101vda\u013cas:<\/strong><\/p>\n<p>Wintergreen, kampars, piparm\u0113tras, Ylang Ylang, Helichrysum, Blue Tansy, Blue Chasmokemile un Osmanthus<\/p>\n<p><strong>doterra deep blue\u2122 Dzes\u0113\u0161anas \u0113terisko e\u013c\u013cu mais\u012bjuma lieto\u0161anas instrukcijas:<\/strong><\/p>\n<p><strong>Viet\u0113j\u0101 lieto\u0161ana:<\/strong> uzkl\u0101jiet v\u0113lamaj\u0101 viet\u0101.<\/p>\n<p>At\u0161\u0137aidiet doTERRA ar frakcion\u0113tu kokosriekstu e\u013c\u013cu, lai samazin\u0101tu \u0101das jut\u012bgumu.<\/p>\n<p>&nbsp;<\/p>\n<p>Lai ieg\u016btu <strong>papildinform\u0101ciju par doTERRA DEEP BLUE-mazin\u0101\u0161anu\u2122<\/strong><strong> <\/strong><strong>\u0113terisko e\u013c\u013cu mais\u012bjums, <\/strong>skatiet t\u0101l\u0101k redzamo video.<\/p>\n<p><iframe title=\"doTERRA dzi\u013ci zils\" src=\"https:\/\/www.youtube.com\/embed\/fFXeF732L_g\" width=\"853\" height=\"480\" frameborder=\"0\" allowfullscreen=\"allowfullscreen\"><\/iframe><\/p>\n","protected":false},"excerpt":{"rendered":"<ul>\n<li>Ir atv\u0113sino\u0161a un nomierino\u0161a iedarb\u012bba uz m\u0113r\u0137a zon\u0101m<\/li>\n<li>P\u0101rv\u0113r\u0161 mas\u0101\u017eu par atsvaidzino\u0161u un nomierino\u0161u pieredzi<\/li>\n<li>Mazina s\u0101pes saspringtos un noguru\u0161os musku\u013cos<\/li>\n<\/ul>\n","protected":false},"featured_media":11562,"template":"","meta":{"site-sidebar-layout":"default","site-content-layout":"default","ast-site-content-layout":"default","site-content-style":"default","site-sidebar-style":"default","ast-global-header-display":"","ast-banner-title-visibility":"","ast-main-header-display":"","ast-hfb-above-header-display":"","ast-hfb-below-header-display":"","ast-hfb-mobile-header-display":"","site-post-title":"","ast-breadcrumbs-content":"","ast-featured-img":"","footer-sml-layout":"","ast-disable-related-posts":"","theme-transparent-header-meta":"default","adv-header-id-meta":"","stick-header-meta":"","header-above-stick-meta":"","header-main-stick-meta":"","header-below-stick-meta":"","astra-migrate-meta-layouts":"default","ast-page-background-enabled":"default","ast-page-background-meta":{"desktop":{"background-color":"","background-image":"","background-repeat":"repeat","background-position":"center center","background-size":"auto","background-attachment":"scroll","background-type":"","background-media":"","overlay-type":"","overlay-color":"","overlay-opacity":"","overlay-gradient":""},"tablet":{"background-color":"","background-image":"","background-repeat":"repeat","background-position":"center center","background-size":"auto","background-attachment":"scroll","background-type":"","background-media":"","overlay-type":"","overlay-color":"","overlay-opacity":"","overlay-gradient":""},"mobile":{"background-color":"","background-image":"","background-repeat":"repeat","background-position":"center center","background-size":"auto","background-attachment":"scroll","background-type":"","background-media":"","overlay-type":"","overlay-color":"","overlay-opacity":"","overlay-gradient":""}},"ast-content-background-meta":{"desktop":{"background-color":"var(--ast-global-color-5)","background-image":"","background-repeat":"repeat","background-position":"center center","background-size":"auto","background-attachment":"scroll","background-type":"","background-media":"","overlay-type":"","overlay-color":"","overlay-opacity":"","overlay-gradient":""},"tablet":{"background-color":"var(--ast-global-color-5)","background-image":"","background-repeat":"repeat","background-position":"center center","background-size":"auto","background-attachment":"scroll","background-type":"","background-media":"","overlay-type":"","overlay-color":"","overlay-opacity":"","overlay-gradient":""},"mobile":{"background-color":"var(--ast-global-color-5)","background-image":"","background-repeat":"repeat","background-position":"center center","background-size":"auto","background-attachment":"scroll","background-type":"","background-media":"","overlay-type":"","overlay-color":"","overlay-opacity":"","overlay-gradient":""}}},"product_brand":[],"product_cat":[595,600,601,612,618],"product_tag":[677,1506,632],"class_list":{"0":"post-16335","1":"product","2":"type-product","3":"status-publish","4":"has-post-thumbnail","6":"product_cat-deep-blue-preces","7":"product_cat-eteriskas-ellas","8":"product_cat-eterisko-ellu-maisijumi","9":"product_cat-masazai","10":"product_cat-nomierinosas","11":"product_tag-5-ml-lv","12":"product_tag-deep-blue-lv","13":"product_tag-eterisko-ellu-maisijumi","14":"desktop-align-left","15":"tablet-align-left","16":"mobile-align-left","18":"first","19":"instock","20":"sale","21":"taxable","22":"shipping-taxable","23":"purchasable","24":"product-type-simple"},"_links":{"self":[{"href":"https:\/\/mamaterra.lt\/lv\/wp-json\/wp\/v2\/product\/16335","targetHints":{"allow":["GET"]}}],"collection":[{"href":"https:\/\/mamaterra.lt\/lv\/wp-json\/wp\/v2\/product"}],"about":[{"href":"https:\/\/mamaterra.lt\/lv\/wp-json\/wp\/v2\/types\/product"}],"wp:featuredmedia":[{"embeddable":true,"href":"https:\/\/mamaterra.lt\/lv\/wp-json\/wp\/v2\/media\/11562"}],"wp:attachment":[{"href":"https:\/\/mamaterra.lt\/lv\/wp-json\/wp\/v2\/media?parent=16335"}],"wp:term":[{"taxonomy":"product_brand","embeddable":true,"href":"https:\/\/mamaterra.lt\/lv\/wp-json\/wp\/v2\/product_brand?post=16335"},{"taxonomy":"product_cat","embeddable":true,"href":"https:\/\/mamaterra.lt\/lv\/wp-json\/wp\/v2\/product_cat?post=16335"},{"taxonomy":"product_tag","embeddable":true,"href":"https:\/\/mamaterra.lt\/lv\/wp-json\/wp\/v2\/product_tag?post=16335"}],"curies":[{"name":"wp","href":"https:\/\/api.w.org\/{rel}","templated":true}]}}