{"id":16334,"date":"2021-04-18T17:31:29","date_gmt":"2021-04-18T16:31:29","guid":{"rendered":"https:\/\/mamaterra.lt\/parduotuve\/uncategorized\/doterra-on-guard-eterisko-ellu-maisijums-15ml\/"},"modified":"2021-04-18T17:31:29","modified_gmt":"2021-04-18T16:31:29","slug":"doterra-on-guard-essential-oil-blend-15ml","status":"publish","type":"product","link":"https:\/\/mamaterra.lt\/lv\/parduotuve\/eteriskas-ellas\/eterisko-ellu-maisijumi\/doterra-on-guard-essential-oil-blend-15ml\/","title":{"rendered":"doTERRA On Guard\u2122 \u0113terisko e\u013c\u013cu mais\u012bjums 15ml"},"content":{"rendered":"<p><strong>doTERRA On Guard\u2122 \u0113terisko e\u013c\u013cu mais\u012bjums<\/strong><\/p>\n<p>15 ml<\/p>\n<p>&nbsp;<\/p>\n<p><strong>doTERRA On Guard\u2122 \u0113terisko e\u013c\u013cu mais\u012bjuma apraksts un visp\u0101r\u012bg\u0101s \u012bpa\u0161\u012bbas:<\/strong><\/p>\n<p>Sakar\u0101 ar viena no popul\u0101r\u0101kajiem doTERRA mais\u012bjumiem \u0101rk\u0101rt\u012bgi noder\u012bgaj\u0101m \u012bpa\u0161\u012bb\u0101m, doTERRA On Guard j\u0101b\u016bt katr\u0101 m\u0101j\u0101.<\/p>\n<p>Tas ir sp\u0113c\u012bgs patent\u0113ts mais\u012bjums, kas atbalsta vesel\u012bgu im\u016bno funkciju, ja to lieto uz iek\u0161u*, un tam piem\u012bt att\u012bro\u0161as \u012bpa\u0161\u012bbas.<\/p>\n<ul>\n<li>Sp\u0113c\u012bgs antioksidants, atbalsta im\u016bnsist\u0113mas dabisk\u0101s funkcijas<\/li>\n<li>Pie\u0161\u0137ir sildo\u0161u citrusaug\u013cu gar\u0161vielu karstajiem dz\u0113rieniem un desertiem<\/li>\n<li>Ener\u0123isks un pacil\u0101jo\u0161s<\/li>\n<\/ul>\n<p><strong>doTERRA On Guard\u2122 \u0113terisko e\u013c\u013cu mais\u012bjuma lieto\u0161ana:<\/strong><\/p>\n<p><strong>Izmanto visos 3 veidos:<\/strong> tvaic\u0113, uzkl\u0101j uz \u0101das un lieto uz iek\u0161u<\/p>\n<ul>\n<li>Pievienojiet divus vai tr\u012bs pilienus tuk\u0161ai kapsulai un dzeriet, gatavojoties aukstajai sezonai.<\/li>\n<li>Ielejiet \u016bden\u012b, lai ieg\u016btu efekt\u012bvu univers\u0101lu virsmas t\u012br\u012b\u0161anas l\u012bdzekli.<\/li>\n<li>Sam\u0113rciet sagrieztus \u0101bolus \u016bden\u012b ar da\u017eiem pilieniem, lai ieg\u016btu vesel\u012bgu, stiprino\u0161u uzkodu.<\/li>\n<li>Sajauciet da\u017eus pilienus doTERRA On Guard ar frakcion\u0113tu kokosriekstu e\u013c\u013cu &#8211; j\u016bs sa\u0146emat dabisku roku t\u012br\u012b\u0161anas l\u012bdzekli.<\/li>\n<\/ul>\n<p><strong>doTERRA On Guard\u2122 iedvesmojo\u0161s \u0113terisko e\u013c\u013cu mais\u012bjums Sast\u0101vda\u013cas:<\/strong><\/p>\n<p>Savva\u013cas apels\u012bns, krustnagli\u0146a, \u0137\u012bnie\u0161u kan\u0113lis, kan\u0113lis, eikalipts, rozmar\u012bns<\/p>\n<p>&nbsp;<\/p>\n<p>Vair\u0101k inform\u0101cijas par <strong>doTERRA On Guard\u2122<\/strong><strong> <\/strong><strong>\u0112terisko e\u013c\u013cu mais\u012bjumu <\/strong>atrad\u012bsit t\u0101l\u0101k redzamaj\u0101 videoklip\u0101.<\/p>\n<p><iframe title=\"Kas ir On Guard \u0113terisk\u0101 e\u013c\u013ca?\" src=\"https:\/\/www.youtube.com\/embed\/uBIWyCYwy30\" width=\"853\" height=\"480\" frameborder=\"0\" allowfullscreen=\"allowfullscreen\"><\/iframe><\/p>\n","protected":false},"excerpt":{"rendered":"<ul>\n<li>Stiprina im\u016bnsist\u0113mas dabisk\u0101s funkcijas<\/li>\n<li>Pie\u0161\u0137ir sildo\u0161u citrusaug\u013cu gar\u0161vielu karstajiem dz\u0113rieniem un desertiem<\/li>\n<li>Ener\u0123isks un pacil\u0101jo\u0161s<\/li>\n<\/ul>\n","protected":false},"featured_media":11506,"template":"","meta":{"site-sidebar-layout":"default","site-content-layout":"default","ast-site-content-layout":"default","site-content-style":"default","site-sidebar-style":"default","ast-global-header-display":"","ast-banner-title-visibility":"","ast-main-header-display":"","ast-hfb-above-header-display":"","ast-hfb-below-header-display":"","ast-hfb-mobile-header-display":"","site-post-title":"","ast-breadcrumbs-content":"","ast-featured-img":"","footer-sml-layout":"","ast-disable-related-posts":"","theme-transparent-header-meta":"default","adv-header-id-meta":"","stick-header-meta":"","header-above-stick-meta":"","header-main-stick-meta":"","header-below-stick-meta":"","astra-migrate-meta-layouts":"default","ast-page-background-enabled":"default","ast-page-background-meta":{"desktop":{"background-color":"","background-image":"","background-repeat":"repeat","background-position":"center center","background-size":"auto","background-attachment":"scroll","background-type":"","background-media":"","overlay-type":"","overlay-color":"","overlay-opacity":"","overlay-gradient":""},"tablet":{"background-color":"","background-image":"","background-repeat":"repeat","background-position":"center center","background-size":"auto","background-attachment":"scroll","background-type":"","background-media":"","overlay-type":"","overlay-color":"","overlay-opacity":"","overlay-gradient":""},"mobile":{"background-color":"","background-image":"","background-repeat":"repeat","background-position":"center center","background-size":"auto","background-attachment":"scroll","background-type":"","background-media":"","overlay-type":"","overlay-color":"","overlay-opacity":"","overlay-gradient":""}},"ast-content-background-meta":{"desktop":{"background-color":"var(--ast-global-color-5)","background-image":"","background-repeat":"repeat","background-position":"center center","background-size":"auto","background-attachment":"scroll","background-type":"","background-media":"","overlay-type":"","overlay-color":"","overlay-opacity":"","overlay-gradient":""},"tablet":{"background-color":"var(--ast-global-color-5)","background-image":"","background-repeat":"repeat","background-position":"center center","background-size":"auto","background-attachment":"scroll","background-type":"","background-media":"","overlay-type":"","overlay-color":"","overlay-opacity":"","overlay-gradient":""},"mobile":{"background-color":"var(--ast-global-color-5)","background-image":"","background-repeat":"repeat","background-position":"center center","background-size":"auto","background-attachment":"scroll","background-type":"","background-media":"","overlay-type":"","overlay-color":"","overlay-opacity":"","overlay-gradient":""}}},"product_brand":[],"product_cat":[600,601,616],"product_tag":[676,632,1440,643],"class_list":{"0":"post-16334","1":"product","2":"type-product","3":"status-publish","4":"has-post-thumbnail","6":"product_cat-eteriskas-ellas","7":"product_cat-eterisko-ellu-maisijumi","8":"product_cat-on-guard-produktiem","9":"product_tag-15-ml-lv","10":"product_tag-eterisko-ellu-maisijumi","11":"product_tag-on-guard-lv","12":"product_tag-populars","13":"desktop-align-left","14":"tablet-align-left","15":"mobile-align-left","17":"first","18":"instock","19":"sale","20":"featured","21":"taxable","22":"shipping-taxable","23":"purchasable","24":"product-type-simple"},"_links":{"self":[{"href":"https:\/\/mamaterra.lt\/lv\/wp-json\/wp\/v2\/product\/16334","targetHints":{"allow":["GET"]}}],"collection":[{"href":"https:\/\/mamaterra.lt\/lv\/wp-json\/wp\/v2\/product"}],"about":[{"href":"https:\/\/mamaterra.lt\/lv\/wp-json\/wp\/v2\/types\/product"}],"wp:featuredmedia":[{"embeddable":true,"href":"https:\/\/mamaterra.lt\/lv\/wp-json\/wp\/v2\/media\/11506"}],"wp:attachment":[{"href":"https:\/\/mamaterra.lt\/lv\/wp-json\/wp\/v2\/media?parent=16334"}],"wp:term":[{"taxonomy":"product_brand","embeddable":true,"href":"https:\/\/mamaterra.lt\/lv\/wp-json\/wp\/v2\/product_brand?post=16334"},{"taxonomy":"product_cat","embeddable":true,"href":"https:\/\/mamaterra.lt\/lv\/wp-json\/wp\/v2\/product_cat?post=16334"},{"taxonomy":"product_tag","embeddable":true,"href":"https:\/\/mamaterra.lt\/lv\/wp-json\/wp\/v2\/product_tag?post=16334"}],"curies":[{"name":"wp","href":"https:\/\/api.w.org\/{rel}","templated":true}]}}