{"id":16328,"date":"2021-04-18T17:36:42","date_gmt":"2021-04-18T16:36:42","guid":{"rendered":"https:\/\/mamaterra.lt\/parduotuve\/uncategorized\/doterra-salubelle-eterisko-ellu-maisijums-skaistumam-10ml\/"},"modified":"2021-04-18T17:36:42","modified_gmt":"2021-04-18T16:36:42","slug":"doterra-salubelle-essential-oil-mystic-groziui-10ml","status":"publish","type":"product","link":"https:\/\/mamaterra.lt\/lv\/parduotuve\/eteriskas-ellas\/eterisko-ellu-maisijumi\/doterra-salubelle-essential-oil-mystic-groziui-10ml\/","title":{"rendered":"doTERRA SALUBELLE\u2122 \u0113terisko e\u013c\u013cu mais\u012bjums skaistumam 10ml"},"content":{"rendered":"<p><strong>DoTERRA SALUBELLE\u2122 \u0113terisko e\u013c\u013cu mais\u012bjums skaistumam<\/strong><\/p>\n<p>10 ml pudele ar lod\u012b\u0161u aplikatoru<\/p>\n<p>&nbsp;<\/p>\n<p><strong>DoTERRA SALUBELLE\u2122 \u0113terisko e\u013c\u013cu mais\u012bjums skaistuma aprakstam un sast\u0101vda\u013c\u0101m:<\/strong><\/p>\n<p>Patent\u0113tais sp\u0113c\u012bgu un atjaunojo\u0161u retu e\u013c\u013cu mais\u012bjums, kas gadsimtiem ilgi tiek izmantots to skaistumu uzlabojo\u0161o \u012bpa\u0161\u012bbu d\u0113\u013c, doTERRA Salubelle ir izstr\u0101d\u0101ts, lai aizsarg\u0101tu un barotu \u0101du un samazin\u0101tu kait\u0113jumu, ko izraisa faktori, kas izraisa noveco\u0161anos.<\/p>\n<ul>\n<li>Sast\u0101v no v\u0113rt\u012bg\u0101kaj\u0101m un ret\u0101kaj\u0101m e\u013c\u013c\u0101m, lai barotu \u0101du un uzlabotu t\u0101s st\u0101vokli<\/li>\n<li>Paredz\u0113ts, lai samazin\u0101tu \u0101das aps\u0101rtumu, kas laika gait\u0101 rodas dabiski<\/li>\n<li>\u0100da k\u013c\u016bst glud\u0101ka, starojo\u0161\u0101ka un izskat\u0101s jauna<\/li>\n<\/ul>\n<p>&nbsp;<\/p>\n<p>Vair\u0101k par <strong>doTERRA SALUBELLE\u2122<\/strong><strong> <\/strong><strong>\u0112terisko e\u013c\u013cu mais\u012bjumu skaistumam <\/strong>atrad\u012bsit t\u0101l\u0101k redzamaj\u0101 videoklip\u0101.<\/p>\n<p><iframe title=\"doTERRA Salubelle inform\u0101cija un lieto\u0161anas veids\" src=\"https:\/\/www.youtube.com\/embed\/1m7YersowiE\" width=\"853\" height=\"480\" frameborder=\"0\" allowfullscreen=\"allowfullscreen\"><\/iframe><\/p>\n","protected":false},"excerpt":{"rendered":"<ul>\n<li>Sast\u0101v no v\u0113rt\u012bg\u0101kaj\u0101m un ret\u0101kaj\u0101m e\u013c\u013c\u0101m, lai barotu \u0101du un uzlabotu t\u0101s st\u0101vokli<\/li>\n<li>Paredz\u0113ts, lai samazin\u0101tu \u0101das aps\u0101rtumu, kas laika gait\u0101 rodas dabiski<\/li>\n<li>\u0100da k\u013c\u016bst glud\u0101ka, starojo\u0161\u0101ka un izskat\u0101s jauna<\/li>\n<\/ul>\n","protected":false},"featured_media":11486,"template":"","meta":{"site-sidebar-layout":"default","site-content-layout":"default","ast-site-content-layout":"default","site-content-style":"default","site-sidebar-style":"default","ast-global-header-display":"","ast-banner-title-visibility":"","ast-main-header-display":"","ast-hfb-above-header-display":"","ast-hfb-below-header-display":"","ast-hfb-mobile-header-display":"","site-post-title":"","ast-breadcrumbs-content":"","ast-featured-img":"","footer-sml-layout":"","ast-disable-related-posts":"","theme-transparent-header-meta":"default","adv-header-id-meta":"","stick-header-meta":"","header-above-stick-meta":"","header-main-stick-meta":"","header-below-stick-meta":"","astra-migrate-meta-layouts":"default","ast-page-background-enabled":"default","ast-page-background-meta":{"desktop":{"background-color":"","background-image":"","background-repeat":"repeat","background-position":"center center","background-size":"auto","background-attachment":"scroll","background-type":"","background-media":"","overlay-type":"","overlay-color":"","overlay-opacity":"","overlay-gradient":""},"tablet":{"background-color":"","background-image":"","background-repeat":"repeat","background-position":"center center","background-size":"auto","background-attachment":"scroll","background-type":"","background-media":"","overlay-type":"","overlay-color":"","overlay-opacity":"","overlay-gradient":""},"mobile":{"background-color":"","background-image":"","background-repeat":"repeat","background-position":"center center","background-size":"auto","background-attachment":"scroll","background-type":"","background-media":"","overlay-type":"","overlay-color":"","overlay-opacity":"","overlay-gradient":""}},"ast-content-background-meta":{"desktop":{"background-color":"var(--ast-global-color-5)","background-image":"","background-repeat":"repeat","background-position":"center center","background-size":"auto","background-attachment":"scroll","background-type":"","background-media":"","overlay-type":"","overlay-color":"","overlay-opacity":"","overlay-gradient":""},"tablet":{"background-color":"var(--ast-global-color-5)","background-image":"","background-repeat":"repeat","background-position":"center center","background-size":"auto","background-attachment":"scroll","background-type":"","background-media":"","overlay-type":"","overlay-color":"","overlay-opacity":"","overlay-gradient":""},"mobile":{"background-color":"var(--ast-global-color-5)","background-image":"","background-repeat":"repeat","background-position":"center center","background-size":"auto","background-attachment":"scroll","background-type":"","background-media":"","overlay-type":"","overlay-color":"","overlay-opacity":"","overlay-gradient":""}}},"product_brand":[],"product_cat":[600,601,604,614],"product_tag":[682,632,982,640],"class_list":{"0":"post-16328","1":"product","2":"type-product","3":"status-publish","4":"has-post-thumbnail","6":"product_cat-eteriskas-ellas","7":"product_cat-eterisko-ellu-maisijumi","8":"product_cat-higiena-un-adas-kopsana","9":"product_cat-sievietem","10":"product_tag-10-ml-lv","11":"product_tag-eterisko-ellu-maisijumi","12":"product_tag-salubelle-lv","13":"product_tag-sieviesu","14":"desktop-align-left","15":"tablet-align-left","16":"mobile-align-left","18":"first","19":"instock","20":"sale","21":"taxable","22":"shipping-taxable","23":"purchasable","24":"product-type-simple"},"_links":{"self":[{"href":"https:\/\/mamaterra.lt\/lv\/wp-json\/wp\/v2\/product\/16328","targetHints":{"allow":["GET"]}}],"collection":[{"href":"https:\/\/mamaterra.lt\/lv\/wp-json\/wp\/v2\/product"}],"about":[{"href":"https:\/\/mamaterra.lt\/lv\/wp-json\/wp\/v2\/types\/product"}],"wp:featuredmedia":[{"embeddable":true,"href":"https:\/\/mamaterra.lt\/lv\/wp-json\/wp\/v2\/media\/11486"}],"wp:attachment":[{"href":"https:\/\/mamaterra.lt\/lv\/wp-json\/wp\/v2\/media?parent=16328"}],"wp:term":[{"taxonomy":"product_brand","embeddable":true,"href":"https:\/\/mamaterra.lt\/lv\/wp-json\/wp\/v2\/product_brand?post=16328"},{"taxonomy":"product_cat","embeddable":true,"href":"https:\/\/mamaterra.lt\/lv\/wp-json\/wp\/v2\/product_cat?post=16328"},{"taxonomy":"product_tag","embeddable":true,"href":"https:\/\/mamaterra.lt\/lv\/wp-json\/wp\/v2\/product_tag?post=16328"}],"curies":[{"name":"wp","href":"https:\/\/api.w.org\/{rel}","templated":true}]}}