{"id":16323,"date":"2021-04-18T17:43:07","date_gmt":"2021-04-18T16:43:07","guid":{"rendered":"https:\/\/mamaterra.lt\/parduotuve\/uncategorized\/doterra-zengest-atbalsta-eterisko-ellu-maisijums-15ml\/"},"modified":"2021-04-18T17:43:07","modified_gmt":"2021-04-18T16:43:07","slug":"doterra-zengest-atbalstosa-eteriska-ella-misogyny-15ml","status":"publish","type":"product","link":"https:\/\/mamaterra.lt\/lv\/parduotuve\/eteriskas-ellas\/eterisko-ellu-maisijumi\/doterra-zengest-atbalstosa-eteriska-ella-misogyny-15ml\/","title":{"rendered":"doTERRA ZenGest\u2122 atbalsta \u0113terisko e\u013c\u013cu mais\u012bjums 15ml"},"content":{"rendered":"<p><strong>doTERRA ZenGest\u2122 atbalsta \u0113terisko e\u013c\u013cu mais\u012bjums<\/strong><\/p>\n<p>15 ml<\/p>\n<p>&nbsp;<\/p>\n<p><strong>DoTERRA ZenGest\u2122 \u0113terisko e\u013c\u013cu mais\u012bjuma apraksts un sast\u0101vda\u013cas:<\/strong><\/p>\n<p>Mais\u012bjums doTERRA ZenGest, ko raksturo pozit\u012bva ietekme uz ku\u0146\u0123a-zarnu trakta vesel\u012bbu. \u0160\u012bs e\u013c\u013cas prets\u0101pju iedarb\u012bba var pal\u012bdz\u0113t atbr\u012bvoties no nepat\u012bkam\u0101s saj\u016btas ku\u0146\u0123\u012b.<\/p>\n<ul>\n<li>Uztur vesel\u012bgu gremo\u0161anas sist\u0113mas st\u0101vokli<\/li>\n<li>Mazina r\u016bgto nepat\u012bkamo saj\u016btu ku\u0146\u0123\u012b<\/li>\n<li>Uzkl\u0101ts uz v\u0113dera ZenGest mazina s\u0101pes un nepat\u012bkamu saj\u016btu ku\u0146\u0123\u012b<\/li>\n<\/ul>\n<p>&nbsp;<\/p>\n<p>Vair\u0101k par <strong>doTERRA ZenGest\u2122<\/strong><strong> <\/strong><strong>\u0112terisko e\u013c\u013cu mais\u012bjumu <\/strong>atrad\u012bsit t\u0101l\u0101k redzamaj\u0101 videoklip\u0101.<\/p>\n<p><iframe title=\"doTERRA ZenGest \u0113terisko e\u013c\u013cu mais\u012bjuma-DEOWA akad\u0113mijas grupa\" src=\"https:\/\/www.youtube.com\/embed\/6dC8cvCTh4Q\" width=\"853\" height=\"480\" frameborder=\"0\" allowfullscreen=\"allowfullscreen\"><\/iframe><\/p>\n","protected":false},"excerpt":{"rendered":"<ul>\n<li>Uztur vesel\u012bgu gremo\u0161anas sist\u0113mas st\u0101vokli<\/li>\n<li>Mazina r\u016bgto nepat\u012bkamo saj\u016btu ku\u0146\u0123\u012b<\/li>\n<li>Uzkl\u0101ts uz v\u0113dera ZenGest mazina s\u0101pes un nepat\u012bkamu saj\u016btu ku\u0146\u0123\u012b<\/li>\n<\/ul>\n","protected":false},"featured_media":11478,"template":"","meta":{"site-sidebar-layout":"default","site-content-layout":"default","ast-site-content-layout":"default","site-content-style":"default","site-sidebar-style":"default","ast-global-header-display":"","ast-banner-title-visibility":"","ast-main-header-display":"","ast-hfb-above-header-display":"","ast-hfb-below-header-display":"","ast-hfb-mobile-header-display":"","site-post-title":"","ast-breadcrumbs-content":"","ast-featured-img":"","footer-sml-layout":"","ast-disable-related-posts":"","theme-transparent-header-meta":"default","adv-header-id-meta":"","stick-header-meta":"","header-above-stick-meta":"","header-main-stick-meta":"","header-below-stick-meta":"","astra-migrate-meta-layouts":"default","ast-page-background-enabled":"default","ast-page-background-meta":{"desktop":{"background-color":"","background-image":"","background-repeat":"repeat","background-position":"center center","background-size":"auto","background-attachment":"scroll","background-type":"","background-media":"","overlay-type":"","overlay-color":"","overlay-opacity":"","overlay-gradient":""},"tablet":{"background-color":"","background-image":"","background-repeat":"repeat","background-position":"center center","background-size":"auto","background-attachment":"scroll","background-type":"","background-media":"","overlay-type":"","overlay-color":"","overlay-opacity":"","overlay-gradient":""},"mobile":{"background-color":"","background-image":"","background-repeat":"repeat","background-position":"center center","background-size":"auto","background-attachment":"scroll","background-type":"","background-media":"","overlay-type":"","overlay-color":"","overlay-opacity":"","overlay-gradient":""}},"ast-content-background-meta":{"desktop":{"background-color":"var(--ast-global-color-5)","background-image":"","background-repeat":"repeat","background-position":"center center","background-size":"auto","background-attachment":"scroll","background-type":"","background-media":"","overlay-type":"","overlay-color":"","overlay-opacity":"","overlay-gradient":""},"tablet":{"background-color":"var(--ast-global-color-5)","background-image":"","background-repeat":"repeat","background-position":"center center","background-size":"auto","background-attachment":"scroll","background-type":"","background-media":"","overlay-type":"","overlay-color":"","overlay-opacity":"","overlay-gradient":""},"mobile":{"background-color":"var(--ast-global-color-5)","background-image":"","background-repeat":"repeat","background-position":"center center","background-size":"auto","background-attachment":"scroll","background-type":"","background-media":"","overlay-type":"","overlay-color":"","overlay-opacity":"","overlay-gradient":""}}},"product_brand":[],"product_cat":[600,601,620],"product_tag":[676,632,643,1412],"class_list":{"0":"post-16323","1":"product","2":"type-product","3":"status-publish","4":"has-post-thumbnail","6":"product_cat-eteriskas-ellas","7":"product_cat-eterisko-ellu-maisijumi","8":"product_cat-gremosanai","9":"product_tag-15-ml-lv","10":"product_tag-eterisko-ellu-maisijumi","11":"product_tag-populars","12":"product_tag-zengest-lv","13":"desktop-align-left","14":"tablet-align-left","15":"mobile-align-left","17":"first","18":"instock","19":"taxable","20":"shipping-taxable","21":"purchasable","22":"product-type-simple"},"_links":{"self":[{"href":"https:\/\/mamaterra.lt\/lv\/wp-json\/wp\/v2\/product\/16323","targetHints":{"allow":["GET"]}}],"collection":[{"href":"https:\/\/mamaterra.lt\/lv\/wp-json\/wp\/v2\/product"}],"about":[{"href":"https:\/\/mamaterra.lt\/lv\/wp-json\/wp\/v2\/types\/product"}],"wp:featuredmedia":[{"embeddable":true,"href":"https:\/\/mamaterra.lt\/lv\/wp-json\/wp\/v2\/media\/11478"}],"wp:attachment":[{"href":"https:\/\/mamaterra.lt\/lv\/wp-json\/wp\/v2\/media?parent=16323"}],"wp:term":[{"taxonomy":"product_brand","embeddable":true,"href":"https:\/\/mamaterra.lt\/lv\/wp-json\/wp\/v2\/product_brand?post=16323"},{"taxonomy":"product_cat","embeddable":true,"href":"https:\/\/mamaterra.lt\/lv\/wp-json\/wp\/v2\/product_cat?post=16323"},{"taxonomy":"product_tag","embeddable":true,"href":"https:\/\/mamaterra.lt\/lv\/wp-json\/wp\/v2\/product_tag?post=16323"}],"curies":[{"name":"wp","href":"https:\/\/api.w.org\/{rel}","templated":true}]}}