{"id":16320,"date":"2021-04-18T17:38:23","date_gmt":"2021-04-18T16:38:23","guid":{"rendered":"https:\/\/mamaterra.lt\/parduotuve\/uncategorized\/smart-sassy-aktivizejosais-doterra-eterisko-ellu-maisijums-15ml\/"},"modified":"2021-04-18T17:38:23","modified_gmt":"2021-04-18T16:38:23","slug":"smart-sassy-activating-doterra-essential-oil-misogynist-15ml","status":"publish","type":"product","link":"https:\/\/mamaterra.lt\/lv\/parduotuve\/eteriskas-ellas\/eterisko-ellu-maisijumi\/smart-sassy-activating-doterra-essential-oil-misogynist-15ml\/","title":{"rendered":"Smart &amp; Sassy\u2122 aktiviz\u0113jo\u0161ais DoTERRA \u0113terisko e\u013c\u013cu mais\u012bjums 15ml"},"content":{"rendered":"<p><strong>Smart &amp; Sassy\u2122 aktiviz\u0113jo\u0161ais Doterra \u0113terisko e\u013c\u013cu mais\u012bjums<\/strong><\/p>\n<p>15 ml<\/p>\n<p>&nbsp;<\/p>\n<p><strong>Smart &amp; Sassy\u2122 \u0113terisko e\u013c\u013cu mais\u012bjuma apraksts un sast\u0101vda\u013cas:<\/strong><\/p>\n<p>Blend Smart &amp; Sassy lieliski papildina j\u016bsu svara kontroles pl\u0101nu, apvienojot t\u0101 pat\u0113ri\u0146u ar sportu un vesel\u012bgu uzturu.<\/p>\n<ul>\n<li>Smart &amp; Sassy e\u013c\u013cas bra\u0161ais un pikantais arom\u0101ts var pal\u012bdz\u0113t rad\u012bt pozit\u012bvu noska\u0146ojumu ener\u0123iskam treni\u0146am<\/li>\n<li>Mais\u012bjums bez kalorij\u0101m var b\u016bt smar\u017e\u012bgs papildin\u0101jums jebkuram dz\u0113rienam vai desertam<\/li>\n<\/ul>\n<p>&nbsp;<\/p>\n<p>Vair\u0101k par <strong>Smart &amp; Sassy\u2122<\/strong><strong> <\/strong><strong>\u0112terisko e\u013c\u013cu mais\u012bjumu <\/strong>atrad\u012bsit t\u0101l\u0101k redzamaj\u0101 videoklip\u0101.<\/p>\n<p><iframe title=\"doTERRA Smart &amp; Sassy \u0113terisko e\u013c\u013cu mais\u012bjuma-DEOWA akad\u0113mijas grupa\" src=\"https:\/\/www.youtube.com\/embed\/koCggRxcbj0\" width=\"853\" height=\"480\" frameborder=\"0\" allowfullscreen=\"allowfullscreen\"><\/iframe><\/p>\n","protected":false},"excerpt":{"rendered":"<ul>\n<li>Smart &amp; Sassy e\u013c\u013cas bra\u0161ais un pikantais arom\u0101ts var pal\u012bdz\u0113t rad\u012bt pozit\u012bvu noska\u0146ojumu ener\u0123iskam treni\u0146am<\/li>\n<li>Mais\u012bjums bez kalorij\u0101m var b\u016bt smar\u017e\u012bgs papildin\u0101jums jebkuram dz\u0113rienam vai desertam<\/li>\n<\/ul>\n","protected":false},"featured_media":11483,"template":"","meta":{"site-sidebar-layout":"default","site-content-layout":"default","ast-site-content-layout":"default","site-content-style":"default","site-sidebar-style":"default","ast-global-header-display":"","ast-banner-title-visibility":"","ast-main-header-display":"","ast-hfb-above-header-display":"","ast-hfb-below-header-display":"","ast-hfb-mobile-header-display":"","site-post-title":"","ast-breadcrumbs-content":"","ast-featured-img":"","footer-sml-layout":"","ast-disable-related-posts":"","theme-transparent-header-meta":"default","adv-header-id-meta":"","stick-header-meta":"","header-above-stick-meta":"","header-main-stick-meta":"","header-below-stick-meta":"","astra-migrate-meta-layouts":"default","ast-page-background-enabled":"default","ast-page-background-meta":{"desktop":{"background-color":"","background-image":"","background-repeat":"repeat","background-position":"center center","background-size":"auto","background-attachment":"scroll","background-type":"","background-media":"","overlay-type":"","overlay-color":"","overlay-opacity":"","overlay-gradient":""},"tablet":{"background-color":"","background-image":"","background-repeat":"repeat","background-position":"center center","background-size":"auto","background-attachment":"scroll","background-type":"","background-media":"","overlay-type":"","overlay-color":"","overlay-opacity":"","overlay-gradient":""},"mobile":{"background-color":"","background-image":"","background-repeat":"repeat","background-position":"center center","background-size":"auto","background-attachment":"scroll","background-type":"","background-media":"","overlay-type":"","overlay-color":"","overlay-opacity":"","overlay-gradient":""}},"ast-content-background-meta":{"desktop":{"background-color":"var(--ast-global-color-5)","background-image":"","background-repeat":"repeat","background-position":"center center","background-size":"auto","background-attachment":"scroll","background-type":"","background-media":"","overlay-type":"","overlay-color":"","overlay-opacity":"","overlay-gradient":""},"tablet":{"background-color":"var(--ast-global-color-5)","background-image":"","background-repeat":"repeat","background-position":"center center","background-size":"auto","background-attachment":"scroll","background-type":"","background-media":"","overlay-type":"","overlay-color":"","overlay-opacity":"","overlay-gradient":""},"mobile":{"background-color":"var(--ast-global-color-5)","background-image":"","background-repeat":"repeat","background-position":"center center","background-size":"auto","background-attachment":"scroll","background-type":"","background-media":"","overlay-type":"","overlay-color":"","overlay-opacity":"","overlay-gradient":""}}},"product_brand":[],"product_cat":[600,601],"product_tag":[676,632],"class_list":{"0":"post-16320","1":"product","2":"type-product","3":"status-publish","4":"has-post-thumbnail","6":"product_cat-eteriskas-ellas","7":"product_cat-eterisko-ellu-maisijumi","8":"product_tag-15-ml-lv","9":"product_tag-eterisko-ellu-maisijumi","10":"desktop-align-left","11":"tablet-align-left","12":"mobile-align-left","14":"first","15":"instock","16":"taxable","17":"shipping-taxable","18":"purchasable","19":"product-type-simple"},"_links":{"self":[{"href":"https:\/\/mamaterra.lt\/lv\/wp-json\/wp\/v2\/product\/16320","targetHints":{"allow":["GET"]}}],"collection":[{"href":"https:\/\/mamaterra.lt\/lv\/wp-json\/wp\/v2\/product"}],"about":[{"href":"https:\/\/mamaterra.lt\/lv\/wp-json\/wp\/v2\/types\/product"}],"wp:featuredmedia":[{"embeddable":true,"href":"https:\/\/mamaterra.lt\/lv\/wp-json\/wp\/v2\/media\/11483"}],"wp:attachment":[{"href":"https:\/\/mamaterra.lt\/lv\/wp-json\/wp\/v2\/media?parent=16320"}],"wp:term":[{"taxonomy":"product_brand","embeddable":true,"href":"https:\/\/mamaterra.lt\/lv\/wp-json\/wp\/v2\/product_brand?post=16320"},{"taxonomy":"product_cat","embeddable":true,"href":"https:\/\/mamaterra.lt\/lv\/wp-json\/wp\/v2\/product_cat?post=16320"},{"taxonomy":"product_tag","embeddable":true,"href":"https:\/\/mamaterra.lt\/lv\/wp-json\/wp\/v2\/product_tag?post=16320"}],"curies":[{"name":"wp","href":"https:\/\/api.w.org\/{rel}","templated":true}]}}