{"id":16317,"date":"2021-04-19T07:56:50","date_gmt":"2021-04-19T06:56:50","guid":{"rendered":"https:\/\/mamaterra.lt\/parduotuve\/uncategorized\/doterra-deep-blue-sapju-mazinosais-eterisko-ellu-maisijums-10ml\/"},"modified":"2021-04-19T07:56:50","modified_gmt":"2021-04-19T06:56:50","slug":"doterra-deep-blue-pain-releasing-essential-oil-blend-10ml","status":"publish","type":"product","link":"https:\/\/mamaterra.lt\/lv\/parduotuve\/eteriskas-ellas\/eterisko-ellu-maisijumi\/doterra-deep-blue-pain-releasing-essential-oil-blend-10ml\/","title":{"rendered":"doTERRA DEEP BLUE\u2122 S\u0101pju mazino\u0161ais \u0113terisko e\u013c\u013cu mais\u012bjums 10ml"},"content":{"rendered":"<p><strong>doTERRA DEEP BLUE\u2122 S\u0101pju mazino\u0161ais \u0113terisko e\u013c\u013cu mais\u012bjums<\/strong><\/p>\n<p>10ml pudele ar lod\u012b\u0161u aplikatoru<\/p>\n<p>&nbsp;<\/p>\n<p><strong>DOTERRA DEEP BLUE\u2122 \u0113terisko e\u013c\u013cu mais\u012bjuma apraksts un visp\u0101r\u012bg\u0101s \u012bpa\u0161\u012bbas:<\/strong><\/p>\n<p>DoTERRA Deep Blue mais\u012bjums, kas paredz\u0113ts nomierin\u0101t un atdzes\u0113t, ir mais\u012bjums, kas bag\u0101tin\u0101ts ar \u0113teriskaj\u0101m e\u013c\u013c\u0101m un ir lieliski piem\u0113rots mas\u0101\u017eai p\u0113c garas dienas vai intens\u012bva treni\u0146a. Maigs produkts (at\u0161\u0137aid\u012b\u0161anas d\u0113\u013c) ir piem\u0113rots gan b\u0113rniem, gan pieaugu\u0161ajiem.<\/p>\n<ul>\n<li>Pal\u012bdz mazin\u0101t spriedzi<\/li>\n<li>Ir relaks\u0113jo\u0161a iedarb\u012bba<\/li>\n<li>Pal\u012bdz mazin\u0101t s\u0101pes<\/li>\n<\/ul>\n<p>Izbaudiet m\u016bsu patent\u0113t\u0101 \u0113terisko e\u013c\u013cu mais\u012bjuma Deep Blue labv\u0113l\u012bg\u0101s \u012bpa\u0161\u012bbas, izmantojot \u0161o produktu \u0113rt\u0101 iepakojum\u0101.<\/p>\n<p>doTERRA\u00ae zin\u0101tnieki veica p\u0113t\u012bjumu, lai nov\u0113rt\u0113tu Deep Blue\u00ae ietekmi uz \u0101das \u0161\u016bn\u0101m. Rezult\u0101ti par\u0101d\u012bja, ka \u0161is neticamais mais\u012bjums ietekm\u0113 ar iekaisumu un br\u016b\u010du dz\u012b\u0161anu saist\u012bto sign\u0101lu p\u0101rraidi uz \u0161\u016bn\u0101m.<\/p>\n<ul>\n<li>Uzkl\u0101jiet uz p\u0113d\u0101m un ce\u013cgaliem pirms un p\u0113c treni\u0146a.<\/li>\n<li>Pirms gul\u0113tie\u0161anas iemas\u0113jiet dzi\u013ci zilo ar da\u017eiem pilieniem nes\u0113je\u013c\u013cas augo\u0161u b\u0113rnu k\u0101j\u0101m.<\/li>\n<li>P\u0113c smagas cel\u0161anas dienas darb\u0101 vai kust\u012bbas laik\u0101 berz\u0113jiet dzi\u013ci zilus muguras lejasda\u013cas musku\u013cus<\/li>\n<li>Tiem, kas str\u0101d\u0101 pie datora! Izmantojiet Deep Blue, lai mazin\u0101tu spriedzi uz pirkstiem un rok\u0101m p\u0113c garas darba dienas pie datora. Turkl\u0101t arom\u0101ts nomierina un mazina stresu.<\/li>\n<\/ul>\n<p><strong>DOTERRA DEEP BLUE\u2122 \u0113terisko e\u013c\u013cu mais\u012bjuma sast\u0101vda\u013cas:<\/strong><\/p>\n<p>Wintergreen, kampars, piparm\u0113tras, Ylang Ylang, Helichrysum, Blue Tansy, Blue Chasmokemile un Osmanthus<\/p>\n<p><strong>doTERRA DEEP BLUE\u2122 \u0112terisko e\u013c\u013cu mais\u012bjuma lieto\u0161anas instrukcijas:<\/strong><\/p>\n<p><strong>Viet\u0113j\u0101 lieto\u0161ana:<\/strong> uzkl\u0101jiet v\u0113lamaj\u0101 viet\u0101.<\/p>\n<p>At\u0161\u0137aidiet doTERRA ar frakcion\u0113tu kokosriekstu e\u013c\u013cu, lai samazin\u0101tu \u0101das jut\u012bgumu.<\/p>\n<p>&nbsp;<\/p>\n<p>Vair\u0101k inform\u0101cijas par <strong>doTERRA DEEP BLUE\u2122<\/strong><strong> <\/strong><strong>\u0112terisko e\u013c\u013cu mais\u012bjumu <\/strong>atrad\u012bsit t\u0101l\u0101k redzamaj\u0101 videoklip\u0101.<\/p>\n<p><iframe title=\"K\u0101 lietot doTERRA dzi\u013ci zilo rull\u012bti\" src=\"https:\/\/www.youtube.com\/embed\/CXTXEAWOueI\" width=\"853\" height=\"480\" frameborder=\"0\" allowfullscreen=\"allowfullscreen\"><\/iframe><\/p>\n","protected":false},"excerpt":{"rendered":"<ul>\n<li>Uzmundrino\u0161s arom\u0101ts<\/li>\n<li>Mazina musku\u013cu s\u0101pes<\/li>\n<li>Mazina diskomfortu un s\u0101pes fizisk\u0101s slodzes laik\u0101<\/li>\n<\/ul>\n","protected":false},"featured_media":11560,"template":"","meta":{"site-sidebar-layout":"default","site-content-layout":"default","ast-site-content-layout":"default","site-content-style":"default","site-sidebar-style":"default","ast-global-header-display":"","ast-banner-title-visibility":"","ast-main-header-display":"","ast-hfb-above-header-display":"","ast-hfb-below-header-display":"","ast-hfb-mobile-header-display":"","site-post-title":"","ast-breadcrumbs-content":"","ast-featured-img":"","footer-sml-layout":"","ast-disable-related-posts":"","theme-transparent-header-meta":"default","adv-header-id-meta":"","stick-header-meta":"","header-above-stick-meta":"","header-main-stick-meta":"","header-below-stick-meta":"","astra-migrate-meta-layouts":"default","ast-page-background-enabled":"default","ast-page-background-meta":{"desktop":{"background-color":"","background-image":"","background-repeat":"repeat","background-position":"center center","background-size":"auto","background-attachment":"scroll","background-type":"","background-media":"","overlay-type":"","overlay-color":"","overlay-opacity":"","overlay-gradient":""},"tablet":{"background-color":"","background-image":"","background-repeat":"repeat","background-position":"center center","background-size":"auto","background-attachment":"scroll","background-type":"","background-media":"","overlay-type":"","overlay-color":"","overlay-opacity":"","overlay-gradient":""},"mobile":{"background-color":"","background-image":"","background-repeat":"repeat","background-position":"center center","background-size":"auto","background-attachment":"scroll","background-type":"","background-media":"","overlay-type":"","overlay-color":"","overlay-opacity":"","overlay-gradient":""}},"ast-content-background-meta":{"desktop":{"background-color":"var(--ast-global-color-5)","background-image":"","background-repeat":"repeat","background-position":"center center","background-size":"auto","background-attachment":"scroll","background-type":"","background-media":"","overlay-type":"","overlay-color":"","overlay-opacity":"","overlay-gradient":""},"tablet":{"background-color":"var(--ast-global-color-5)","background-image":"","background-repeat":"repeat","background-position":"center center","background-size":"auto","background-attachment":"scroll","background-type":"","background-media":"","overlay-type":"","overlay-color":"","overlay-opacity":"","overlay-gradient":""},"mobile":{"background-color":"var(--ast-global-color-5)","background-image":"","background-repeat":"repeat","background-position":"center center","background-size":"auto","background-attachment":"scroll","background-type":"","background-media":"","overlay-type":"","overlay-color":"","overlay-opacity":"","overlay-gradient":""}}},"product_brand":[],"product_cat":[595,600,601,612],"product_tag":[682,1506,632],"class_list":{"0":"post-16317","1":"product","2":"type-product","3":"status-publish","4":"has-post-thumbnail","6":"product_cat-deep-blue-preces","7":"product_cat-eteriskas-ellas","8":"product_cat-eterisko-ellu-maisijumi","9":"product_cat-masazai","10":"product_tag-10-ml-lv","11":"product_tag-deep-blue-lv","12":"product_tag-eterisko-ellu-maisijumi","13":"desktop-align-left","14":"tablet-align-left","15":"mobile-align-left","17":"first","18":"instock","19":"sale","20":"taxable","21":"shipping-taxable","22":"purchasable","23":"product-type-simple"},"_links":{"self":[{"href":"https:\/\/mamaterra.lt\/lv\/wp-json\/wp\/v2\/product\/16317","targetHints":{"allow":["GET"]}}],"collection":[{"href":"https:\/\/mamaterra.lt\/lv\/wp-json\/wp\/v2\/product"}],"about":[{"href":"https:\/\/mamaterra.lt\/lv\/wp-json\/wp\/v2\/types\/product"}],"wp:featuredmedia":[{"embeddable":true,"href":"https:\/\/mamaterra.lt\/lv\/wp-json\/wp\/v2\/media\/11560"}],"wp:attachment":[{"href":"https:\/\/mamaterra.lt\/lv\/wp-json\/wp\/v2\/media?parent=16317"}],"wp:term":[{"taxonomy":"product_brand","embeddable":true,"href":"https:\/\/mamaterra.lt\/lv\/wp-json\/wp\/v2\/product_brand?post=16317"},{"taxonomy":"product_cat","embeddable":true,"href":"https:\/\/mamaterra.lt\/lv\/wp-json\/wp\/v2\/product_cat?post=16317"},{"taxonomy":"product_tag","embeddable":true,"href":"https:\/\/mamaterra.lt\/lv\/wp-json\/wp\/v2\/product_tag?post=16317"}],"curies":[{"name":"wp","href":"https:\/\/api.w.org\/{rel}","templated":true}]}}