{"id":16314,"date":"2021-04-18T17:40:11","date_gmt":"2021-04-18T16:40:11","guid":{"rendered":"https:\/\/mamaterra.lt\/parduotuve\/uncategorized\/izsmidziniet-doterra-terrashield-laukam-30ml\/"},"modified":"2021-04-18T17:40:11","modified_gmt":"2021-04-18T16:40:11","slug":"smidzinatajs-doterra-terrashield-lauks-30ml","status":"publish","type":"product","link":"https:\/\/mamaterra.lt\/lv\/parduotuve\/eteriskas-ellas\/eterisko-ellu-maisijumi\/smidzinatajs-doterra-terrashield-lauks-30ml\/","title":{"rendered":"Izsmidziniet doTERRA TerraShield\u2122 laukam 30ml"},"content":{"rendered":"<p><strong>Izsmidziniet doTERRA TerraShield\u2122 laukam<\/strong><\/p>\n<p>30 ml<\/p>\n<p>&nbsp;<\/p>\n<p><strong>DoTERRA TerraShield\u2122 aerosola apraksts un sast\u0101vda\u013cas:<\/strong><\/p>\n<p>TerraShield aerosols apvieno \u0113terisk\u0101s e\u013c\u013cas, kas ir paz\u012bstamas ar savu \u0101ra aizsardz\u012bbu. T\u0101 ir dabiska un efekt\u012bva e\u013c\u013ca \u0101ra aktivit\u0101t\u0113m.<\/p>\n<ul>\n<li>Veic dabiskas un efekt\u012bvas barjeras funkciju<\/li>\n<li>Nodro\u0161ina dabisko aizsardz\u012bbu \u0101rpus telp\u0101m<\/li>\n<li>TerraShield aerosols \u0113rt\u0101 smidzin\u0101\u0161anas pudel\u0113 ir \u0113rts, lai kur j\u016bs dotos<\/li>\n<\/ul>\n<p>&nbsp;<\/p>\n<p>Vair\u0101k par <strong>doTERRA TerraShield\u2122<\/strong><strong> <\/strong><strong>Smidzin\u0101t\u0101ju laukam <\/strong>atrad\u012bsit t\u0101l\u0101k redzamaj\u0101 videoklip\u0101.<\/p>\n<p><iframe title=\"d\u014dTERRA Terrashield Spray\" src=\"https:\/\/www.youtube.com\/embed\/n-7NbYSwSPY\" width=\"853\" height=\"480\" frameborder=\"0\" allowfullscreen=\"allowfullscreen\"><\/iframe><\/p>\n","protected":false},"excerpt":{"rendered":"<ul>\n<li>Veic dabiskas un efekt\u012bvas barjeras funkciju<\/li>\n<li>Nodro\u0161ina dabisko aizsardz\u012bbu \u0101rpus telp\u0101m<\/li>\n<li>TerraShield aerosols \u0113rt\u0101 smidzin\u0101\u0161anas pudel\u0113 ir \u0113rts, lai kur j\u016bs dotos<\/li>\n<\/ul>\n","protected":false},"featured_media":11497,"template":"","meta":{"site-sidebar-layout":"default","site-content-layout":"default","ast-site-content-layout":"default","site-content-style":"default","site-sidebar-style":"default","ast-global-header-display":"","ast-banner-title-visibility":"","ast-main-header-display":"","ast-hfb-above-header-display":"","ast-hfb-below-header-display":"","ast-hfb-mobile-header-display":"","site-post-title":"","ast-breadcrumbs-content":"","ast-featured-img":"","footer-sml-layout":"","ast-disable-related-posts":"","theme-transparent-header-meta":"default","adv-header-id-meta":"","stick-header-meta":"","header-above-stick-meta":"","header-main-stick-meta":"","header-below-stick-meta":"","astra-migrate-meta-layouts":"default","ast-page-background-enabled":"default","ast-page-background-meta":{"desktop":{"background-color":"","background-image":"","background-repeat":"repeat","background-position":"center center","background-size":"auto","background-attachment":"scroll","background-type":"","background-media":"","overlay-type":"","overlay-color":"","overlay-opacity":"","overlay-gradient":""},"tablet":{"background-color":"","background-image":"","background-repeat":"repeat","background-position":"center center","background-size":"auto","background-attachment":"scroll","background-type":"","background-media":"","overlay-type":"","overlay-color":"","overlay-opacity":"","overlay-gradient":""},"mobile":{"background-color":"","background-image":"","background-repeat":"repeat","background-position":"center center","background-size":"auto","background-attachment":"scroll","background-type":"","background-media":"","overlay-type":"","overlay-color":"","overlay-opacity":"","overlay-gradient":""}},"ast-content-background-meta":{"desktop":{"background-color":"var(--ast-global-color-5)","background-image":"","background-repeat":"repeat","background-position":"center center","background-size":"auto","background-attachment":"scroll","background-type":"","background-media":"","overlay-type":"","overlay-color":"","overlay-opacity":"","overlay-gradient":""},"tablet":{"background-color":"var(--ast-global-color-5)","background-image":"","background-repeat":"repeat","background-position":"center center","background-size":"auto","background-attachment":"scroll","background-type":"","background-media":"","overlay-type":"","overlay-color":"","overlay-opacity":"","overlay-gradient":""},"mobile":{"background-color":"var(--ast-global-color-5)","background-image":"","background-repeat":"repeat","background-position":"center center","background-size":"auto","background-attachment":"scroll","background-type":"","background-media":"","overlay-type":"","overlay-color":"","overlay-opacity":"","overlay-gradient":""}}},"product_brand":[],"product_cat":[600,601],"product_tag":[689,632,646,914],"class_list":{"0":"post-16314","1":"product","2":"type-product","3":"status-publish","4":"has-post-thumbnail","6":"product_cat-eteriskas-ellas","7":"product_cat-eterisko-ellu-maisijumi","8":"product_tag-30-ml-lv","9":"product_tag-eterisko-ellu-maisijumi","10":"product_tag-smidzinatajs","11":"product_tag-terrashield-lv","12":"desktop-align-left","13":"tablet-align-left","14":"mobile-align-left","16":"first","17":"instock","18":"taxable","19":"shipping-taxable","20":"purchasable","21":"product-type-simple"},"_links":{"self":[{"href":"https:\/\/mamaterra.lt\/lv\/wp-json\/wp\/v2\/product\/16314","targetHints":{"allow":["GET"]}}],"collection":[{"href":"https:\/\/mamaterra.lt\/lv\/wp-json\/wp\/v2\/product"}],"about":[{"href":"https:\/\/mamaterra.lt\/lv\/wp-json\/wp\/v2\/types\/product"}],"wp:featuredmedia":[{"embeddable":true,"href":"https:\/\/mamaterra.lt\/lv\/wp-json\/wp\/v2\/media\/11497"}],"wp:attachment":[{"href":"https:\/\/mamaterra.lt\/lv\/wp-json\/wp\/v2\/media?parent=16314"}],"wp:term":[{"taxonomy":"product_brand","embeddable":true,"href":"https:\/\/mamaterra.lt\/lv\/wp-json\/wp\/v2\/product_brand?post=16314"},{"taxonomy":"product_cat","embeddable":true,"href":"https:\/\/mamaterra.lt\/lv\/wp-json\/wp\/v2\/product_cat?post=16314"},{"taxonomy":"product_tag","embeddable":true,"href":"https:\/\/mamaterra.lt\/lv\/wp-json\/wp\/v2\/product_tag?post=16314"}],"curies":[{"name":"wp","href":"https:\/\/api.w.org\/{rel}","templated":true}]}}