{"id":16306,"date":"2021-04-18T17:37:27","date_gmt":"2021-04-18T16:37:27","guid":{"rendered":"https:\/\/mamaterra.lt\/parduotuve\/uncategorized\/doterra-serenity-nomierinoss-eterisko-ellu-maisijums-15ml\/"},"modified":"2023-08-02T13:02:18","modified_gmt":"2023-08-02T12:02:18","slug":"doterra-ramums-nomierinoss-eterisks-ella-misinis-15ml","status":"publish","type":"product","link":"https:\/\/mamaterra.lt\/lv\/parduotuve\/eteriskas-ellas\/eterisko-ellu-maisijumi\/doterra-ramums-nomierinoss-eterisks-ella-misinis-15ml\/","title":{"rendered":"doTERRA SERENITY\u2122 nomierino\u0161s \u0113terisko e\u013c\u013cu mais\u012bjums 15ml"},"content":{"rendered":"<p><strong>doTERRA SERENITY\u2122 nomierino\u0161s \u0113terisko e\u013c\u013cu mais\u012bjums<\/strong><\/p>\n<p>15 ml<\/p>\n<p>&nbsp;<\/p>\n<p><strong>DoTERRA SERENITY\u2122 nomierino\u0161s \u0113terisko e\u013c\u013cu mais\u012bjums Apraksts:<\/strong><\/p>\n<p>DoTERRA Serenity ir nomierino\u0161u \u0113terisko e\u013c\u013cu mais\u012bjums, kas pal\u012bdz aizmirst par raiz\u0113m un atp\u016bsties. \u0160is mieru dodo\u0161ais mais\u012bjums nekav\u0113joties pal\u012bdz\u0113s jums non\u0101kt sv\u0113tlaim\u012bgas relaks\u0101cijas st\u0101vokl\u012b.<\/p>\n<ul>\n<li>Nomierina ma\u0146as<\/li>\n<li>Pal\u012bdz mazin\u0101t spriedzi, ko j\u016btat<\/li>\n<li>Pal\u012bdz rad\u012bt atmosf\u0113ru, kas uzmundrina atp\u016btu<\/li>\n<\/ul>\n<p><strong>DoTERRA SERENITY\u2122 nomierino\u0161as \u0113terisko e\u013c\u013cu mais\u012bjuma sast\u0101vda\u013cas:<\/strong><\/p>\n<p>Lavanda, ciedrs, ylang -ilang, major\u0101ns, romie\u0161u kumel\u012bte, vetivers, vani\u013cas absol\u016bts, Havaju sandalkoks<\/p>\n<p><strong>DoTERRA SERENITY\u2122 nomierino\u0161s \u0113terisko e\u013c\u013cu mais\u012bjums Visp\u0101r\u012bg\u0101s \u012bpa\u0161\u012bbas un lietojumi:<\/strong><\/p>\n<p>DoTERRA Serenity Restful Blend ir nomierino\u0161s un relaks\u0113jo\u0161s arom\u0101ts, kas sniedz lietot\u0101jam unik\u0101lu pieredzi. \u0160o perfekti l\u012bdzsvaroto, mier\u012bgo mais\u012bjumu var sajust uzreiz &#8211; lietot\u0101js non\u0101k sv\u0113tlaim\u012bg\u0101 st\u0101vokl\u012b. doTERRA Serenity apvieno \u0113terisk\u0101s e\u013c\u013cas, kas slavenas ar sp\u0113ju rad\u012bt mier\u012bgu vidi pirms gul\u0113tie\u0161anas. <span style=\"font-size: 16px; font-style: normal; font-weight: 400;\">Ciedra, ho koka un vetivera \u0113terisk\u0101s e\u013c\u013cas doTERRA Serenity<\/span><span style=\"font-size: 16px;\"> pie\u0161\u0137ir zemes arom\u0101tu, kas veicina mier\u012bgu atmosf\u0113ru, kad ir pien\u0101cis laiks nomierin\u0101ties.<\/span><\/p>\n<ul>\n<li>Uzkl\u0101jiet vienu l\u012bdz divus pilienus uz plaukst\u0101m un ieelpojiet vair\u0101kas reizes dien\u0101, t\u0101d\u0113j\u0101di samazinot ikdienas stresu.<\/li>\n<li>Tvaiks nakt\u012b, lai pal\u012bdz\u0113tu nomierin\u0101t nemier\u012bgu b\u0113rnu vai b\u0113rnu<\/li>\n<li>Pirms gul\u0113tie\u0161anas uzkl\u0101jiet p\u0113du zoles, lai atp\u016bstos.<\/li>\n<li>Izmantojiet kop\u0101 ar doTERRA Serenity Restful Complex Softgels, lai uzlabotu efektu.<\/li>\n<li>Pievienojiet divus vai tr\u012bs pilienus Epsom s\u0101\u013ciem un izveidojiet relaks\u0113jo\u0161u un atsvaidzino\u0161u vannu.<\/li>\n<li>Uzkl\u0101jiet divus l\u012bdz tr\u012bs pilienus uz pakau\u0161a vai sirds, lai sajustu mieru.<\/li>\n<\/ul>\n<p>&nbsp;<\/p>\n<p>Vair\u0101k par <strong>doTERRA SERENITY\u2122 nomierino\u0161u l\u012bdzekli<\/strong><strong> <\/strong><strong>\u0112terisko e\u013c\u013cu mais\u012bjumu <\/strong>atrad\u012bsit t\u0101l\u0101k redzamaj\u0101 videoklip\u0101.<\/p>\n<p><iframe title=\"d\u014dTERRA SERENITY \ud83c\udf1cTop 4 izmanto Serenity mier\u012bgo e\u013c\u013cu mais\u012bjumu\" src=\"https:\/\/www.youtube.com\/embed\/6YqnbFB6wHs\" width=\"853\" height=\"480\" frameborder=\"0\" allowfullscreen=\"allowfullscreen\"><\/iframe><\/p>\n","protected":false},"excerpt":{"rendered":"<ul>\n<li>Nomierina ma\u0146as<\/li>\n<li>Pal\u012bdz mazin\u0101t spriedzi, ko j\u016btat<\/li>\n<li>Pal\u012bdz rad\u012bt atmosf\u0113ru, kas uzmundrina atp\u016btu<\/li>\n<\/ul>\n","protected":false},"featured_media":11537,"template":"","meta":{"site-sidebar-layout":"default","site-content-layout":"default","ast-site-content-layout":"default","site-content-style":"default","site-sidebar-style":"default","ast-global-header-display":"","ast-banner-title-visibility":"","ast-main-header-display":"","ast-hfb-above-header-display":"","ast-hfb-below-header-display":"","ast-hfb-mobile-header-display":"","site-post-title":"","ast-breadcrumbs-content":"","ast-featured-img":"","footer-sml-layout":"","ast-disable-related-posts":"","theme-transparent-header-meta":"default","adv-header-id-meta":"","stick-header-meta":"","header-above-stick-meta":"","header-main-stick-meta":"","header-below-stick-meta":"","astra-migrate-meta-layouts":"default","ast-page-background-enabled":"default","ast-page-background-meta":{"desktop":{"background-color":"","background-image":"","background-repeat":"repeat","background-position":"center center","background-size":"auto","background-attachment":"scroll","background-type":"","background-media":"","overlay-type":"","overlay-color":"","overlay-opacity":"","overlay-gradient":""},"tablet":{"background-color":"","background-image":"","background-repeat":"repeat","background-position":"center center","background-size":"auto","background-attachment":"scroll","background-type":"","background-media":"","overlay-type":"","overlay-color":"","overlay-opacity":"","overlay-gradient":""},"mobile":{"background-color":"","background-image":"","background-repeat":"repeat","background-position":"center center","background-size":"auto","background-attachment":"scroll","background-type":"","background-media":"","overlay-type":"","overlay-color":"","overlay-opacity":"","overlay-gradient":""}},"ast-content-background-meta":{"desktop":{"background-color":"var(--ast-global-color-5)","background-image":"","background-repeat":"repeat","background-position":"center center","background-size":"auto","background-attachment":"scroll","background-type":"","background-media":"","overlay-type":"","overlay-color":"","overlay-opacity":"","overlay-gradient":""},"tablet":{"background-color":"var(--ast-global-color-5)","background-image":"","background-repeat":"repeat","background-position":"center center","background-size":"auto","background-attachment":"scroll","background-type":"","background-media":"","overlay-type":"","overlay-color":"","overlay-opacity":"","overlay-gradient":""},"mobile":{"background-color":"var(--ast-global-color-5)","background-image":"","background-repeat":"repeat","background-position":"center center","background-size":"auto","background-attachment":"scroll","background-type":"","background-media":"","overlay-type":"","overlay-color":"","overlay-opacity":"","overlay-gradient":""}}},"product_brand":[],"product_cat":[619,600,601,613,618],"product_tag":[676,632,643,1430],"class_list":{"0":"post-16306","1":"product","2":"type-product","3":"status-publish","4":"has-post-thumbnail","6":"product_cat-berniem","7":"product_cat-eteriskas-ellas","8":"product_cat-eterisko-ellu-maisijumi","9":"product_cat-miegam","10":"product_cat-nomierinosas","11":"product_tag-15-ml-lv","12":"product_tag-eterisko-ellu-maisijumi","13":"product_tag-populars","14":"product_tag-serenity-lv","15":"desktop-align-left","16":"tablet-align-left","17":"mobile-align-left","19":"first","20":"instock","21":"sale","22":"featured","23":"taxable","24":"shipping-taxable","25":"purchasable","26":"product-type-simple"},"_links":{"self":[{"href":"https:\/\/mamaterra.lt\/lv\/wp-json\/wp\/v2\/product\/16306","targetHints":{"allow":["GET"]}}],"collection":[{"href":"https:\/\/mamaterra.lt\/lv\/wp-json\/wp\/v2\/product"}],"about":[{"href":"https:\/\/mamaterra.lt\/lv\/wp-json\/wp\/v2\/types\/product"}],"wp:featuredmedia":[{"embeddable":true,"href":"https:\/\/mamaterra.lt\/lv\/wp-json\/wp\/v2\/media\/11537"}],"wp:attachment":[{"href":"https:\/\/mamaterra.lt\/lv\/wp-json\/wp\/v2\/media?parent=16306"}],"wp:term":[{"taxonomy":"product_brand","embeddable":true,"href":"https:\/\/mamaterra.lt\/lv\/wp-json\/wp\/v2\/product_brand?post=16306"},{"taxonomy":"product_cat","embeddable":true,"href":"https:\/\/mamaterra.lt\/lv\/wp-json\/wp\/v2\/product_cat?post=16306"},{"taxonomy":"product_tag","embeddable":true,"href":"https:\/\/mamaterra.lt\/lv\/wp-json\/wp\/v2\/product_tag?post=16306"}],"curies":[{"name":"wp","href":"https:\/\/api.w.org\/{rel}","templated":true}]}}