{"id":16300,"date":"2021-04-19T07:56:05","date_gmt":"2021-04-19T06:56:05","guid":{"rendered":"https:\/\/mamaterra.lt\/parduotuve\/uncategorized\/doterra-console-touch-eterisko-ellu-maisijums-10ml\/"},"modified":"2021-04-19T07:56:05","modified_gmt":"2021-04-19T06:56:05","slug":"doterra-konsole-touch-essential-oil-blend-10ml","status":"publish","type":"product","link":"https:\/\/mamaterra.lt\/lv\/parduotuve\/eteriskas-ellas\/eterisko-ellu-maisijumi\/doterra-konsole-touch-essential-oil-blend-10ml\/","title":{"rendered":"DOTERRA CONSOLE\u2122 TOUCH \u0113terisko e\u013c\u013cu mais\u012bjums 10ml"},"content":{"rendered":"<p><strong>doterra console\u2122 touch \u0113terisko e\u013c\u013cu mais\u012bjums<\/strong><\/p>\n<p>10 ml pudele ar lod\u012b\u0161u aplikatoru<\/p>\n<p>&nbsp;<\/p>\n<p><strong>doTERRA CONSOLE\u2122 TOUCH \u0113terisko e\u013c\u013cu mais\u012bjuma apraksts un sast\u0101vda\u013cas:<\/strong><\/p>\n<p>doTERRA Console Touch sniedz komfortu un cer\u012bbu. \u0160is patent\u0113tais mais\u012bjums apvieno doTERRA Console komforta mais\u012bjuma silto muskusa arom\u0101tu ar frakcion\u0113tu kokosriekstu e\u013c\u013cu un rada produktu, kas ir saudz\u012bgs j\u016bsu \u0101dai.<\/p>\n<ul>\n<li>Sniedz komforta saj\u016btu<\/li>\n<li>Pal\u012bdz sajust cer\u012bbu un pozit\u012bvu attieksmi<\/li>\n<li>Ar \u0113teriskaj\u0101m e\u013c\u013c\u0101m no boswellia, pa\u010d\u016blijas, smar\u017e\u012bga kanang (Ylang Ylang), labdans, balzamiko deg\u013ca, rozes, quepenes<\/li>\n<\/ul>\n<p>&nbsp;<\/p>\n<p>Papildinform\u0101cija par <strong>doTERRA CONSOLE\u2122 TOUCH<\/strong><strong> <\/strong><strong>\u0112terisko e\u013c\u013cu mais\u012bjumu <\/strong>atrad\u012bsit t\u0101l\u0101k redzamaj\u0101 videoklip\u0101.<\/p>\n<p><iframe title=\"K\u0101 lietot doTERRA Console Touch\" src=\"https:\/\/www.youtube.com\/embed\/EFB9Omj8Qv4\" width=\"853\" height=\"480\" frameborder=\"0\" allowfullscreen=\"allowfullscreen\"><\/iframe><\/p>\n","protected":false},"excerpt":{"rendered":"<ul>\n<li>Sniedz komforta saj\u016btu<\/li>\n<li>Pal\u012bdz sajust cer\u012bbu un pozit\u012bvu attieksmi<\/li>\n<li>Ar \u0113teriskaj\u0101m e\u013c\u013c\u0101m no boswellia, pa\u010d\u016blijas, smar\u017e\u012bga kanang (Ylang Ylang), labdans, balzamiko deg\u013ca, rozes, quepenes<\/li>\n<\/ul>\n","protected":false},"featured_media":23744,"template":"","meta":{"site-sidebar-layout":"default","site-content-layout":"default","ast-site-content-layout":"default","site-content-style":"default","site-sidebar-style":"default","ast-global-header-display":"","ast-banner-title-visibility":"","ast-main-header-display":"","ast-hfb-above-header-display":"","ast-hfb-below-header-display":"","ast-hfb-mobile-header-display":"","site-post-title":"","ast-breadcrumbs-content":"","ast-featured-img":"","footer-sml-layout":"","ast-disable-related-posts":"","theme-transparent-header-meta":"default","adv-header-id-meta":"","stick-header-meta":"","header-above-stick-meta":"","header-main-stick-meta":"","header-below-stick-meta":"","astra-migrate-meta-layouts":"default","ast-page-background-enabled":"default","ast-page-background-meta":{"desktop":{"background-color":"","background-image":"","background-repeat":"repeat","background-position":"center center","background-size":"auto","background-attachment":"scroll","background-type":"","background-media":"","overlay-type":"","overlay-color":"","overlay-opacity":"","overlay-gradient":""},"tablet":{"background-color":"","background-image":"","background-repeat":"repeat","background-position":"center center","background-size":"auto","background-attachment":"scroll","background-type":"","background-media":"","overlay-type":"","overlay-color":"","overlay-opacity":"","overlay-gradient":""},"mobile":{"background-color":"","background-image":"","background-repeat":"repeat","background-position":"center center","background-size":"auto","background-attachment":"scroll","background-type":"","background-media":"","overlay-type":"","overlay-color":"","overlay-opacity":"","overlay-gradient":""}},"ast-content-background-meta":{"desktop":{"background-color":"var(--ast-global-color-5)","background-image":"","background-repeat":"repeat","background-position":"center center","background-size":"auto","background-attachment":"scroll","background-type":"","background-media":"","overlay-type":"","overlay-color":"","overlay-opacity":"","overlay-gradient":""},"tablet":{"background-color":"var(--ast-global-color-5)","background-image":"","background-repeat":"repeat","background-position":"center center","background-size":"auto","background-attachment":"scroll","background-type":"","background-media":"","overlay-type":"","overlay-color":"","overlay-opacity":"","overlay-gradient":""},"mobile":{"background-color":"var(--ast-global-color-5)","background-image":"","background-repeat":"repeat","background-position":"center center","background-size":"auto","background-attachment":"scroll","background-type":"","background-media":"","overlay-type":"","overlay-color":"","overlay-opacity":"","overlay-gradient":""}}},"product_brand":[],"product_cat":[600,601,618],"product_tag":[682,1240,632],"class_list":{"0":"post-16300","1":"product","2":"type-product","3":"status-publish","4":"has-post-thumbnail","6":"product_cat-eteriskas-ellas","7":"product_cat-eterisko-ellu-maisijumi","8":"product_cat-nomierinosas","9":"product_tag-10-ml-lv","10":"product_tag-console-touch-lv","11":"product_tag-eterisko-ellu-maisijumi","12":"desktop-align-left","13":"tablet-align-left","14":"mobile-align-left","16":"first","17":"instock","18":"sale","19":"taxable","20":"shipping-taxable","21":"purchasable","22":"product-type-simple"},"_links":{"self":[{"href":"https:\/\/mamaterra.lt\/lv\/wp-json\/wp\/v2\/product\/16300","targetHints":{"allow":["GET"]}}],"collection":[{"href":"https:\/\/mamaterra.lt\/lv\/wp-json\/wp\/v2\/product"}],"about":[{"href":"https:\/\/mamaterra.lt\/lv\/wp-json\/wp\/v2\/types\/product"}],"wp:featuredmedia":[{"embeddable":true,"href":"https:\/\/mamaterra.lt\/lv\/wp-json\/wp\/v2\/media\/23744"}],"wp:attachment":[{"href":"https:\/\/mamaterra.lt\/lv\/wp-json\/wp\/v2\/media?parent=16300"}],"wp:term":[{"taxonomy":"product_brand","embeddable":true,"href":"https:\/\/mamaterra.lt\/lv\/wp-json\/wp\/v2\/product_brand?post=16300"},{"taxonomy":"product_cat","embeddable":true,"href":"https:\/\/mamaterra.lt\/lv\/wp-json\/wp\/v2\/product_cat?post=16300"},{"taxonomy":"product_tag","embeddable":true,"href":"https:\/\/mamaterra.lt\/lv\/wp-json\/wp\/v2\/product_tag?post=16300"}],"curies":[{"name":"wp","href":"https:\/\/api.w.org\/{rel}","templated":true}]}}