{"id":16297,"date":"2021-04-18T17:42:06","date_gmt":"2021-04-18T16:42:06","guid":{"rendered":"https:\/\/mamaterra.lt\/parduotuve\/uncategorized\/zendokrinas-sistemas-speku-atjaunojosais-doterra-eterisko-ellu-maisijums-15ml\/"},"modified":"2021-04-18T17:42:06","modified_gmt":"2021-04-18T16:42:06","slug":"zendocrine-jegas-atjaunojoss-doterra-essential-oil-misogyny-15ml","status":"publish","type":"product","link":"https:\/\/mamaterra.lt\/lv\/parduotuve\/eteriskas-ellas\/eterisko-ellu-maisijumi\/zendocrine-jegas-atjaunojoss-doterra-essential-oil-misogyny-15ml\/","title":{"rendered":"Zendokr\u012bn\u0101s\u2122 sist\u0113mas sp\u0113ku atjaunojo\u0161ais Doterra \u0113terisko e\u013c\u013cu mais\u012bjums 15ml"},"content":{"rendered":"<p><strong>Zendokr\u012bna\u2122 sp\u0113ku atjaunojo\u0161ais Doterra \u0113terisko e\u013c\u013cu mais\u012bjums<\/strong><\/p>\n<p>15 ml<\/p>\n<p>&nbsp;<\/p>\n<p><strong>Zendokr\u012bnie\u2122 sp\u0113ki atjaunojo\u0161s Doterra \u0113terisko e\u013c\u013cu mais\u012bjums Apraksts un sast\u0101vs:<\/strong><\/p>\n<p>Sp\u0113ku atjaunojo\u0161ais mais\u012bjums Zendocrine uzlabo organisma dabisko sp\u0113ju izvad\u012bt nev\u0113lamas vielas.<\/p>\n<ul>\n<li>Apvieno rozmar\u012bna, koriandra lapu un kadi\u0137ogu \u0113terisko e\u013c\u013cu lab\u0101s \u012bpa\u0161\u012bbas<\/li>\n<li>Lietojot katru dienu, ir \u0101rk\u0101rt\u0113js t\u012br\u012b\u0161anas efekts<\/li>\n<li>Stiprina organisma sp\u0113ju izvad\u012bt nev\u0113lamas vielas<\/li>\n<\/ul>\n<p>&nbsp;<\/p>\n<p>Vair\u0101k inform\u0101cijas par <strong>Zendokr\u012bno\u2122 ener\u0123iju atjaunojo\u0161o doTERRA<\/strong><strong> <\/strong><strong>\u0112terisko e\u013c\u013cu mais\u012bjumu <\/strong>atrad\u012bsit t\u0101l\u0101k redzamaj\u0101 videoklip\u0101.<\/p>\n<p><iframe title=\"Not\u012briet ar denokr\u012bno sist\u0113mu\" src=\"https:\/\/www.youtube.com\/embed\/cWLgzLxjgtI\" width=\"853\" height=\"480\" frameborder=\"0\" allowfullscreen=\"allowfullscreen\"><\/iframe><\/p>\n","protected":false},"excerpt":{"rendered":"<ul>\n<li>Apvieno rozmar\u012bna, koriandra lapu un kadi\u0137ogu \u0113terisko e\u013c\u013cu lab\u0101s \u012bpa\u0161\u012bbas<\/li>\n<li>Lietojot katru dienu, ir \u0101rk\u0101rt\u0113js t\u012br\u012b\u0161anas efekts<\/li>\n<li>Stiprina organisma sp\u0113ju izvad\u012bt nev\u0113lamas vielas<\/li>\n<\/ul>\n","protected":false},"featured_media":11417,"template":"","meta":{"site-sidebar-layout":"default","site-content-layout":"default","ast-site-content-layout":"default","site-content-style":"default","site-sidebar-style":"default","ast-global-header-display":"","ast-banner-title-visibility":"","ast-main-header-display":"","ast-hfb-above-header-display":"","ast-hfb-below-header-display":"","ast-hfb-mobile-header-display":"","site-post-title":"","ast-breadcrumbs-content":"","ast-featured-img":"","footer-sml-layout":"","ast-disable-related-posts":"","theme-transparent-header-meta":"default","adv-header-id-meta":"","stick-header-meta":"","header-above-stick-meta":"","header-main-stick-meta":"","header-below-stick-meta":"","astra-migrate-meta-layouts":"default","ast-page-background-enabled":"default","ast-page-background-meta":{"desktop":{"background-color":"","background-image":"","background-repeat":"repeat","background-position":"center center","background-size":"auto","background-attachment":"scroll","background-type":"","background-media":"","overlay-type":"","overlay-color":"","overlay-opacity":"","overlay-gradient":""},"tablet":{"background-color":"","background-image":"","background-repeat":"repeat","background-position":"center center","background-size":"auto","background-attachment":"scroll","background-type":"","background-media":"","overlay-type":"","overlay-color":"","overlay-opacity":"","overlay-gradient":""},"mobile":{"background-color":"","background-image":"","background-repeat":"repeat","background-position":"center center","background-size":"auto","background-attachment":"scroll","background-type":"","background-media":"","overlay-type":"","overlay-color":"","overlay-opacity":"","overlay-gradient":""}},"ast-content-background-meta":{"desktop":{"background-color":"var(--ast-global-color-5)","background-image":"","background-repeat":"repeat","background-position":"center center","background-size":"auto","background-attachment":"scroll","background-type":"","background-media":"","overlay-type":"","overlay-color":"","overlay-opacity":"","overlay-gradient":""},"tablet":{"background-color":"var(--ast-global-color-5)","background-image":"","background-repeat":"repeat","background-position":"center center","background-size":"auto","background-attachment":"scroll","background-type":"","background-media":"","overlay-type":"","overlay-color":"","overlay-opacity":"","overlay-gradient":""},"mobile":{"background-color":"var(--ast-global-color-5)","background-image":"","background-repeat":"repeat","background-position":"center center","background-size":"auto","background-attachment":"scroll","background-type":"","background-media":"","overlay-type":"","overlay-color":"","overlay-opacity":"","overlay-gradient":""}}},"product_brand":[],"product_cat":[600,601],"product_tag":[676,632,900],"class_list":{"0":"post-16297","1":"product","2":"type-product","3":"status-publish","4":"has-post-thumbnail","6":"product_cat-eteriskas-ellas","7":"product_cat-eterisko-ellu-maisijumi","8":"product_tag-15-ml-lv","9":"product_tag-eterisko-ellu-maisijumi","10":"product_tag-zendocrine-lv","11":"desktop-align-left","12":"tablet-align-left","13":"mobile-align-left","15":"first","16":"instock","17":"taxable","18":"shipping-taxable","19":"purchasable","20":"product-type-simple"},"_links":{"self":[{"href":"https:\/\/mamaterra.lt\/lv\/wp-json\/wp\/v2\/product\/16297","targetHints":{"allow":["GET"]}}],"collection":[{"href":"https:\/\/mamaterra.lt\/lv\/wp-json\/wp\/v2\/product"}],"about":[{"href":"https:\/\/mamaterra.lt\/lv\/wp-json\/wp\/v2\/types\/product"}],"wp:featuredmedia":[{"embeddable":true,"href":"https:\/\/mamaterra.lt\/lv\/wp-json\/wp\/v2\/media\/11417"}],"wp:attachment":[{"href":"https:\/\/mamaterra.lt\/lv\/wp-json\/wp\/v2\/media?parent=16297"}],"wp:term":[{"taxonomy":"product_brand","embeddable":true,"href":"https:\/\/mamaterra.lt\/lv\/wp-json\/wp\/v2\/product_brand?post=16297"},{"taxonomy":"product_cat","embeddable":true,"href":"https:\/\/mamaterra.lt\/lv\/wp-json\/wp\/v2\/product_cat?post=16297"},{"taxonomy":"product_tag","embeddable":true,"href":"https:\/\/mamaterra.lt\/lv\/wp-json\/wp\/v2\/product_tag?post=16297"}],"curies":[{"name":"wp","href":"https:\/\/api.w.org\/{rel}","templated":true}]}}