{"id":16279,"date":"2021-04-19T08:08:30","date_gmt":"2021-04-19T07:08:30","guid":{"rendered":"https:\/\/mamaterra.lt\/parduotuve\/uncategorized\/piparmetru-peppermint-touch-doterra-eterisko-ellu-maisijums-10ml\/"},"modified":"2021-04-19T08:08:30","modified_gmt":"2021-04-19T07:08:30","slug":"piparmetru-pieskariens-doterra-eteriskas-ellas-maisijums-10ml","status":"publish","type":"product","link":"https:\/\/mamaterra.lt\/lv\/parduotuve\/eteriskas-ellas\/tiras-eteriskas-ellas\/piparmetru-pieskariens-doterra-eteriskas-ellas-maisijums-10ml\/","title":{"rendered":"Piparm\u0113tru (PEPPERMINT TOUCH) doTERRA \u0113terisko e\u013c\u013cu mais\u012bjums 10ml"},"content":{"rendered":"<p><strong>Piparm\u0113tru (PEPPERMINT TOUCH) doTERRA \u0113terisko e\u013c\u013cu mais\u012bjums<\/strong><\/p>\n<p>10 ml pudele ar lod\u012b\u0161u aplikatoru<\/p>\n<p>&nbsp;<\/p>\n<p><strong>Piparm\u0113tru (PEPPERMINT TOUCH) doTERRA \u0113terisko e\u013c\u013cu mais\u012bjuma apraksts un sast\u0101vda\u013cas:<\/strong><\/p>\n<p>doTERRA Peppermint Touch var izmantot jebkur\u0101 laik\u0101 un viet\u0101, ja jums nepiecie\u0161ama \u0101tra ener\u0123ijas uzl\u0101de, un izbaudiet t\u0101 att\u012bro\u0161o un atv\u0113sino\u0161o arom\u0101tu.<\/p>\n<ul>\n<li>Pal\u012bdz mazin\u0101t spriedzi, ko j\u016btat<\/li>\n<li>Uzlabo garast\u0101vokli<\/li>\n<li>Pie\u0161\u0137ir jutek\u013ciem sparu un asumu<\/li>\n<\/ul>\n<p>&nbsp;<\/p>\n<p>Pla\u0161\u0101ku inform\u0101ciju par <strong>piparm\u0113tru (PEPPERMINT TOUCH)<\/strong> <strong>\u0113terisko e\u013c\u013cu mais\u012bjumu <\/strong><strong> doTERRA <\/strong> skatiet t\u0101l\u0101k redzamaj\u0101 videoklip\u0101.<\/p>\n<p><iframe title=\"Izmanto\u0161ana doTERRA piparm\u0113tru sk\u0101rienjut\u012bgajam rull\u012btim\" src=\"https:\/\/www.youtube.com\/embed\/YAKTvOOcWHs\" width=\"942\" height=\"530\" frameborder=\"0\" allowfullscreen=\"allowfullscreen\"><\/iframe><\/p>\n","protected":false},"excerpt":{"rendered":"<ul>\n<li>Pal\u012bdz mazin\u0101t spriedzi, ko j\u016btat<\/li>\n<li>Uzlabo garast\u0101vokli<\/li>\n<li>Pie\u0161\u0137ir jutek\u013ciem sparu un asumu<\/li>\n<\/ul>\n","protected":false},"featured_media":11423,"template":"","meta":{"site-sidebar-layout":"default","site-content-layout":"default","ast-site-content-layout":"default","site-content-style":"default","site-sidebar-style":"default","ast-global-header-display":"","ast-banner-title-visibility":"","ast-main-header-display":"","ast-hfb-above-header-display":"","ast-hfb-below-header-display":"","ast-hfb-mobile-header-display":"","site-post-title":"","ast-breadcrumbs-content":"","ast-featured-img":"","footer-sml-layout":"","ast-disable-related-posts":"","theme-transparent-header-meta":"default","adv-header-id-meta":"","stick-header-meta":"","header-above-stick-meta":"","header-main-stick-meta":"","header-below-stick-meta":"","astra-migrate-meta-layouts":"default","ast-page-background-enabled":"default","ast-page-background-meta":{"desktop":{"background-color":"","background-image":"","background-repeat":"repeat","background-position":"center center","background-size":"auto","background-attachment":"scroll","background-type":"","background-media":"","overlay-type":"","overlay-color":"","overlay-opacity":"","overlay-gradient":""},"tablet":{"background-color":"","background-image":"","background-repeat":"repeat","background-position":"center center","background-size":"auto","background-attachment":"scroll","background-type":"","background-media":"","overlay-type":"","overlay-color":"","overlay-opacity":"","overlay-gradient":""},"mobile":{"background-color":"","background-image":"","background-repeat":"repeat","background-position":"center center","background-size":"auto","background-attachment":"scroll","background-type":"","background-media":"","overlay-type":"","overlay-color":"","overlay-opacity":"","overlay-gradient":""}},"ast-content-background-meta":{"desktop":{"background-color":"var(--ast-global-color-5)","background-image":"","background-repeat":"repeat","background-position":"center center","background-size":"auto","background-attachment":"scroll","background-type":"","background-media":"","overlay-type":"","overlay-color":"","overlay-opacity":"","overlay-gradient":""},"tablet":{"background-color":"var(--ast-global-color-5)","background-image":"","background-repeat":"repeat","background-position":"center center","background-size":"auto","background-attachment":"scroll","background-type":"","background-media":"","overlay-type":"","overlay-color":"","overlay-opacity":"","overlay-gradient":""},"mobile":{"background-color":"var(--ast-global-color-5)","background-image":"","background-repeat":"repeat","background-position":"center center","background-size":"auto","background-attachment":"scroll","background-type":"","background-media":"","overlay-type":"","overlay-color":"","overlay-opacity":"","overlay-gradient":""}}},"product_brand":[],"product_cat":[600,620,602],"product_tag":[682,632,1025],"class_list":{"0":"post-16279","1":"product","2":"type-product","3":"status-publish","4":"has-post-thumbnail","6":"product_cat-eteriskas-ellas","7":"product_cat-gremosanai","8":"product_cat-tiras-eteriskas-ellas","9":"product_tag-10-ml-lv","10":"product_tag-eterisko-ellu-maisijumi","11":"product_tag-peppermint-touch-lv","12":"desktop-align-left","13":"tablet-align-left","14":"mobile-align-left","16":"first","17":"instock","18":"sale","19":"taxable","20":"shipping-taxable","21":"purchasable","22":"product-type-simple"},"_links":{"self":[{"href":"https:\/\/mamaterra.lt\/lv\/wp-json\/wp\/v2\/product\/16279","targetHints":{"allow":["GET"]}}],"collection":[{"href":"https:\/\/mamaterra.lt\/lv\/wp-json\/wp\/v2\/product"}],"about":[{"href":"https:\/\/mamaterra.lt\/lv\/wp-json\/wp\/v2\/types\/product"}],"wp:featuredmedia":[{"embeddable":true,"href":"https:\/\/mamaterra.lt\/lv\/wp-json\/wp\/v2\/media\/11423"}],"wp:attachment":[{"href":"https:\/\/mamaterra.lt\/lv\/wp-json\/wp\/v2\/media?parent=16279"}],"wp:term":[{"taxonomy":"product_brand","embeddable":true,"href":"https:\/\/mamaterra.lt\/lv\/wp-json\/wp\/v2\/product_brand?post=16279"},{"taxonomy":"product_cat","embeddable":true,"href":"https:\/\/mamaterra.lt\/lv\/wp-json\/wp\/v2\/product_cat?post=16279"},{"taxonomy":"product_tag","embeddable":true,"href":"https:\/\/mamaterra.lt\/lv\/wp-json\/wp\/v2\/product_tag?post=16279"}],"curies":[{"name":"wp","href":"https:\/\/api.w.org\/{rel}","templated":true}]}}