{"id":16270,"date":"2021-04-19T08:21:38","date_gmt":"2021-04-19T07:21:38","guid":{"rendered":"https:\/\/mamaterra.lt\/parduotuve\/uncategorized\/eterisko-ellu-komplekts-doterra-essential-aromatics-touch-6-dazadi-eterisko-ellu-maisijumi-pa-10ml-katrs\/"},"modified":"2021-04-19T08:21:38","modified_gmt":"2021-04-19T07:21:38","slug":"eterisko-ellu-komplekts-doterra-essential-aromatics-touch-6-different-essential-oil-blends-x-10ml","status":"publish","type":"product","link":"https:\/\/mamaterra.lt\/lv\/parduotuve\/eteriskas-ellas\/komplekti-un-kolekcijas\/eterisko-ellu-komplekts-doterra-essential-aromatics-touch-6-different-essential-oil-blends-x-10ml\/","title":{"rendered":"\u0112terisko e\u013c\u013cu komplekts doTERRA essential aromatics\u2122 touch (6 da\u017e\u0101di \u0113terisko e\u013c\u013cu mais\u012bjumi pa 10ml katrs)"},"content":{"rendered":"<p><strong>\u0112terisko e\u013c\u013cu komplekts doTERRA ESSENTIAL AROMATICS\u2122 TOUCH<\/strong><\/p>\n<p>6 da\u017e\u0101di \u0113terisko e\u013c\u013cu mais\u012bjumi pa 10ml katrs<\/p>\n<p>&nbsp;<\/p>\n<p><strong>\u0112terisko e\u013c\u013cu komplekta doTERRA \u0113terisko arom\u0101tisko\u2122 vielu TOUCH apraksts un sast\u0101vs:<\/strong><\/p>\n<p>DoTERRA Essential Aromatics Touch komplekts sast\u0101v no se\u0161iem unik\u0101liem \u0113terisko e\u013c\u013cu mais\u012bjumiem, kas sajaukti ar frakcion\u0113tu kokosriekstu e\u013c\u013cu, iepild\u012bti 10 ml pudel\u0113s ar lod\u012b\u0161u aplikatoru, kas \u0113rti un maigi uzkl\u0101j mais\u012bjumu uz \u0101das.<\/p>\n<p>\u0160ie patent\u0113tie mais\u012bjumi m\u0113r\u0137tiec\u012bgi ietekm\u0113 visu \u0123imenes locek\u013cu emocion\u0101lo labsaj\u016btu, un tos katru dienu var lietot noteikt\u0101s \u0137erme\u0146a zon\u0101s, lai saglab\u0101tu l\u012bdzsvaru un atdz\u012bvin\u0101tu main\u012bgo noska\u0146ojumu.<\/p>\n<ul>\n<li><strong>Se\u0161as pudeles \u0113terisko e\u013c\u013cu un to mais\u012bjumu ar tilpumu 10 ml ar lod\u012b\u0161u aplikatoru:<\/strong>\n<ol>\n<li>doTERRA Motiv\u0113t\u2122<\/li>\n<li>doTERRA Cheer\u2122<\/li>\n<li>doTERRA kaisl\u012bba\u2122<\/li>\n<li>doTERRA Piedod\u2122<\/li>\n<li>doTERRA konsole\u2122<\/li>\n<li>doTERRA miers\u2122<\/li>\n<\/ol>\n<\/li>\n<\/ul>\n<p>Lai ieg\u016btu vair\u0101k inform\u0101cijas par <strong>\u0113terisko e\u013c\u013cu komplektu doTERRA ESSENTIAL AROMATICS\u2122 TOUCH , <\/strong>SKATIET T\u0100L\u0100K REDZAMO VIDEO.<\/p>\n<p><iframe title=\"6 \u0113terisk\u0101s e\u013c\u013cas, lai main\u012btu garast\u0101vok\u013ca | Emocion\u0101l\u0101s aromterapijas komplekts ar doTERRA\" src=\"https:\/\/www.youtube.com\/embed\/a9MjZKmhws4\" width=\"942\" height=\"530\" frameborder=\"0\" allowfullscreen=\"allowfullscreen\"><\/iframe><\/p>\n","protected":false},"excerpt":{"rendered":"<ul>\n<li>Se\u0161as pudeles \u0113terisko e\u013c\u013cu un to mais\u012bjumu ar tilpumu 10 ml ar lod\u012b\u0161u aplikatoru:\n<ol>\n<li>doTERRA Motiv\u0113t\u2122<\/li>\n<li>doTERRA Cheer\u2122<\/li>\n<li>doTERRA kaisl\u012bba\u2122<\/li>\n<li>doTERRA Piedod\u2122<\/li>\n<li>doTERRA konsole\u2122<\/li>\n<li>doTERRA miers\u2122<\/li>\n<\/ol>\n<\/li>\n<\/ul>\n","protected":false},"featured_media":11493,"template":"","meta":{"site-sidebar-layout":"default","site-content-layout":"default","ast-site-content-layout":"default","site-content-style":"default","site-sidebar-style":"default","ast-global-header-display":"","ast-banner-title-visibility":"","ast-main-header-display":"","ast-hfb-above-header-display":"","ast-hfb-below-header-display":"","ast-hfb-mobile-header-display":"","site-post-title":"","ast-breadcrumbs-content":"","ast-featured-img":"","footer-sml-layout":"","ast-disable-related-posts":"","theme-transparent-header-meta":"default","adv-header-id-meta":"","stick-header-meta":"","header-above-stick-meta":"","header-main-stick-meta":"","header-below-stick-meta":"","astra-migrate-meta-layouts":"default","ast-page-background-enabled":"default","ast-page-background-meta":{"desktop":{"background-color":"","background-image":"","background-repeat":"repeat","background-position":"center center","background-size":"auto","background-attachment":"scroll","background-type":"","background-media":"","overlay-type":"","overlay-color":"","overlay-opacity":"","overlay-gradient":""},"tablet":{"background-color":"","background-image":"","background-repeat":"repeat","background-position":"center center","background-size":"auto","background-attachment":"scroll","background-type":"","background-media":"","overlay-type":"","overlay-color":"","overlay-opacity":"","overlay-gradient":""},"mobile":{"background-color":"","background-image":"","background-repeat":"repeat","background-position":"center center","background-size":"auto","background-attachment":"scroll","background-type":"","background-media":"","overlay-type":"","overlay-color":"","overlay-opacity":"","overlay-gradient":""}},"ast-content-background-meta":{"desktop":{"background-color":"var(--ast-global-color-5)","background-image":"","background-repeat":"repeat","background-position":"center center","background-size":"auto","background-attachment":"scroll","background-type":"","background-media":"","overlay-type":"","overlay-color":"","overlay-opacity":"","overlay-gradient":""},"tablet":{"background-color":"var(--ast-global-color-5)","background-image":"","background-repeat":"repeat","background-position":"center center","background-size":"auto","background-attachment":"scroll","background-type":"","background-media":"","overlay-type":"","overlay-color":"","overlay-opacity":"","overlay-gradient":""},"mobile":{"background-color":"var(--ast-global-color-5)","background-image":"","background-repeat":"repeat","background-position":"center center","background-size":"auto","background-attachment":"scroll","background-type":"","background-media":"","overlay-type":"","overlay-color":"","overlay-opacity":"","overlay-gradient":""}}},"product_brand":[],"product_cat":[600,603],"product_tag":[680,627,1522,632,1489,635,649,1482,1452,1447],"class_list":{"0":"post-16270","1":"product","2":"type-product","3":"status-publish","4":"has-post-thumbnail","6":"product_cat-eteriskas-ellas","7":"product_cat-komplekti-un-kolekcijas","8":"product_tag-10ml-lv","9":"product_tag-cheer-lv","10":"product_tag-console-lv","11":"product_tag-eterisko-ellu-maisijumi","12":"product_tag-forgive-lv","13":"product_tag-kolekcijas","14":"product_tag-komplekti","15":"product_tag-motivate-lv","16":"product_tag-passion-lv","17":"product_tag-peace-lv","18":"desktop-align-left","19":"tablet-align-left","20":"mobile-align-left","22":"first","23":"outofstock","24":"sale","25":"taxable","26":"shipping-taxable","27":"purchasable","28":"product-type-simple"},"_links":{"self":[{"href":"https:\/\/mamaterra.lt\/lv\/wp-json\/wp\/v2\/product\/16270","targetHints":{"allow":["GET"]}}],"collection":[{"href":"https:\/\/mamaterra.lt\/lv\/wp-json\/wp\/v2\/product"}],"about":[{"href":"https:\/\/mamaterra.lt\/lv\/wp-json\/wp\/v2\/types\/product"}],"wp:featuredmedia":[{"embeddable":true,"href":"https:\/\/mamaterra.lt\/lv\/wp-json\/wp\/v2\/media\/11493"}],"wp:attachment":[{"href":"https:\/\/mamaterra.lt\/lv\/wp-json\/wp\/v2\/media?parent=16270"}],"wp:term":[{"taxonomy":"product_brand","embeddable":true,"href":"https:\/\/mamaterra.lt\/lv\/wp-json\/wp\/v2\/product_brand?post=16270"},{"taxonomy":"product_cat","embeddable":true,"href":"https:\/\/mamaterra.lt\/lv\/wp-json\/wp\/v2\/product_cat?post=16270"},{"taxonomy":"product_tag","embeddable":true,"href":"https:\/\/mamaterra.lt\/lv\/wp-json\/wp\/v2\/product_tag?post=16270"}],"curies":[{"name":"wp","href":"https:\/\/api.w.org\/{rel}","templated":true}]}}