{"id":16267,"date":"2021-04-19T08:10:08","date_gmt":"2021-04-19T07:10:08","guid":{"rendered":"https:\/\/mamaterra.lt\/parduotuve\/uncategorized\/tejas-koks-melaleuca-tea-tree-touch-doterra-eterisko-ellu-maisijums-10ml\/"},"modified":"2021-04-19T08:10:08","modified_gmt":"2021-04-19T07:10:08","slug":"melaleuca-teja-koks-touch-doterra-essential-oil-blend-10ml","status":"publish","type":"product","link":"https:\/\/mamaterra.lt\/lv\/parduotuve\/eteriskas-ellas\/eterisko-ellu-maisijumi\/melaleuca-teja-koks-touch-doterra-essential-oil-blend-10ml\/","title":{"rendered":"T\u0113jas koks (MELALEUCA \u2013 Tea Tree Touch) doTERRA \u0113terisko e\u013c\u013cu mais\u012bjums 10ml"},"content":{"rendered":"<p><strong>T\u0113jas koks (MELALEUCA &#8211; Tea Tree Touch) doTERRA \u0113terisko e\u013c\u013cu mais\u012bjums<\/strong><\/p>\n<p>10 ml pudele ar lod\u012b\u0161u aplikatoru<\/p>\n<p>&nbsp;<\/p>\n<p><strong>T\u0113jas koka (MELALEUCA &#8211; Tea Tree Touch) apraksts un sast\u0101vda\u013cas doTERRA \u0113terisko e\u013c\u013cu mais\u012bjums:<\/strong><\/p>\n<p>doTERRA Tea Tree Touch sast\u0101v no perfekti saska\u0146otas t\u0113jas koka (prascapium myrtle) \u0113terisk\u0101s e\u013c\u013cas un frakcion\u0113tas kokosriekstu e\u013c\u013cas, t\u0101p\u0113c \u0161is produkts ir lieliski piem\u0113rots jut\u012bgai \u0101dai.<\/p>\n<ul>\n<li>Nov\u0113rt\u0113ts par t\u0101 att\u012bro\u0161o un \u0101du atjaunojo\u0161o iedarb\u012bbu<\/li>\n<li>Nagi k\u013c\u016bst veseli un stipri<\/li>\n<li>Nomierina kairin\u0101tu \u0101du<\/li>\n<\/ul>\n<p>&nbsp;<\/p>\n<p>Lai ieg\u016btu <strong>papildinform\u0101ciju par t\u0113jas koka (MELALEUCA &#8211; Tea Tree Touch) \u0113terisko e\u013c\u013cu mais\u012bjumu doTERRA, skatiet t\u0101l\u0101k redzamo <\/strong>videoklipu.<\/p>\n<p><iframe title=\"4 veidi, k\u0101 izmantot doTERRA Melaleuca Touch Roller\" src=\"https:\/\/www.youtube.com\/embed\/pgSQZJPW4Qw\" width=\"942\" height=\"530\" frameborder=\"0\" allowfullscreen=\"allowfullscreen\"><\/iframe><\/p>\n","protected":false},"excerpt":{"rendered":"<ul>\n<li>Nov\u0113rt\u0113ts par t\u0101 att\u012bro\u0161o un \u0101du atjaunojo\u0161o iedarb\u012bbu<\/li>\n<li>Nagi k\u013c\u016bst veseli un stipri<\/li>\n<li>Nomierina kairin\u0101tu \u0101du<\/li>\n<\/ul>\n","protected":false},"featured_media":11481,"template":"","meta":{"site-sidebar-layout":"default","site-content-layout":"default","ast-site-content-layout":"default","site-content-style":"default","site-sidebar-style":"default","ast-global-header-display":"","ast-banner-title-visibility":"","ast-main-header-display":"","ast-hfb-above-header-display":"","ast-hfb-below-header-display":"","ast-hfb-mobile-header-display":"","site-post-title":"","ast-breadcrumbs-content":"","ast-featured-img":"","footer-sml-layout":"","ast-disable-related-posts":"","theme-transparent-header-meta":"default","adv-header-id-meta":"","stick-header-meta":"","header-above-stick-meta":"","header-main-stick-meta":"","header-below-stick-meta":"","astra-migrate-meta-layouts":"default","ast-page-background-enabled":"default","ast-page-background-meta":{"desktop":{"background-color":"","background-image":"","background-repeat":"repeat","background-position":"center center","background-size":"auto","background-attachment":"scroll","background-type":"","background-media":"","overlay-type":"","overlay-color":"","overlay-opacity":"","overlay-gradient":""},"tablet":{"background-color":"","background-image":"","background-repeat":"repeat","background-position":"center center","background-size":"auto","background-attachment":"scroll","background-type":"","background-media":"","overlay-type":"","overlay-color":"","overlay-opacity":"","overlay-gradient":""},"mobile":{"background-color":"","background-image":"","background-repeat":"repeat","background-position":"center center","background-size":"auto","background-attachment":"scroll","background-type":"","background-media":"","overlay-type":"","overlay-color":"","overlay-opacity":"","overlay-gradient":""}},"ast-content-background-meta":{"desktop":{"background-color":"var(--ast-global-color-5)","background-image":"","background-repeat":"repeat","background-position":"center center","background-size":"auto","background-attachment":"scroll","background-type":"","background-media":"","overlay-type":"","overlay-color":"","overlay-opacity":"","overlay-gradient":""},"tablet":{"background-color":"var(--ast-global-color-5)","background-image":"","background-repeat":"repeat","background-position":"center center","background-size":"auto","background-attachment":"scroll","background-type":"","background-media":"","overlay-type":"","overlay-color":"","overlay-opacity":"","overlay-gradient":""},"mobile":{"background-color":"var(--ast-global-color-5)","background-image":"","background-repeat":"repeat","background-position":"center center","background-size":"auto","background-attachment":"scroll","background-type":"","background-media":"","overlay-type":"","overlay-color":"","overlay-opacity":"","overlay-gradient":""}}},"product_brand":[],"product_cat":[619,600,601,604],"product_tag":[682,632,1092,907],"class_list":{"0":"post-16267","1":"product","2":"type-product","3":"status-publish","4":"has-post-thumbnail","6":"product_cat-berniem","7":"product_cat-eteriskas-ellas","8":"product_cat-eterisko-ellu-maisijumi","9":"product_cat-higiena-un-adas-kopsana","10":"product_tag-10-ml-lv","11":"product_tag-eterisko-ellu-maisijumi","12":"product_tag-melaleuca-lv","13":"product_tag-tee-tree-touch-lv","14":"desktop-align-left","15":"tablet-align-left","16":"mobile-align-left","18":"first","19":"instock","20":"taxable","21":"shipping-taxable","22":"purchasable","23":"product-type-simple"},"_links":{"self":[{"href":"https:\/\/mamaterra.lt\/lv\/wp-json\/wp\/v2\/product\/16267","targetHints":{"allow":["GET"]}}],"collection":[{"href":"https:\/\/mamaterra.lt\/lv\/wp-json\/wp\/v2\/product"}],"about":[{"href":"https:\/\/mamaterra.lt\/lv\/wp-json\/wp\/v2\/types\/product"}],"wp:featuredmedia":[{"embeddable":true,"href":"https:\/\/mamaterra.lt\/lv\/wp-json\/wp\/v2\/media\/11481"}],"wp:attachment":[{"href":"https:\/\/mamaterra.lt\/lv\/wp-json\/wp\/v2\/media?parent=16267"}],"wp:term":[{"taxonomy":"product_brand","embeddable":true,"href":"https:\/\/mamaterra.lt\/lv\/wp-json\/wp\/v2\/product_brand?post=16267"},{"taxonomy":"product_cat","embeddable":true,"href":"https:\/\/mamaterra.lt\/lv\/wp-json\/wp\/v2\/product_cat?post=16267"},{"taxonomy":"product_tag","embeddable":true,"href":"https:\/\/mamaterra.lt\/lv\/wp-json\/wp\/v2\/product_tag?post=16267"}],"curies":[{"name":"wp","href":"https:\/\/api.w.org\/{rel}","templated":true}]}}