{"id":16251,"date":"2021-04-19T08:19:47","date_gmt":"2021-04-19T07:19:47","guid":{"rendered":"https:\/\/mamaterra.lt\/parduotuve\/uncategorized\/eterisko-ellu-komplekts-doterra-eteriskie-aromati-6-dazadi-eterisko-ellu-maisijumi-pa-5ml-katrs\/"},"modified":"2021-04-19T08:19:47","modified_gmt":"2021-04-19T07:19:47","slug":"eterisko-ellu-komplekts-doterra-essential-aromatics-6-different-essential-oil-blends-x-5ml","status":"publish","type":"product","link":"https:\/\/mamaterra.lt\/lv\/parduotuve\/eteriskas-ellas\/eterisko-ellu-maisijumi\/eterisko-ellu-komplekts-doterra-essential-aromatics-6-different-essential-oil-blends-x-5ml\/","title":{"rendered":"\u0112terisko e\u013c\u013cu komplekts doTERRA \u0113teriskie arom\u0101ti\u2122 (6 da\u017e\u0101di \u0113terisko e\u013c\u013cu mais\u012bjumi pa 5ml katrs)"},"content":{"rendered":"<p><strong>\u0112terisko e\u013c\u013cu komplekts doTERRA ESSENTIAL AROMATICS\u2122<\/strong><\/p>\n<p>6 da\u017e\u0101di \u0113terisko e\u013c\u013cu mais\u012bjumi pa 5ml katrs<\/p>\n<p>&nbsp;<\/p>\n<p><strong>\u0112terisko e\u013c\u013cu komplekta doTERRA b\u016btisko arom\u0101tisko\u2122 vielu apraksts un sast\u0101vs:<\/strong><\/p>\n<p>Izmantojot \u0161o patent\u0113to \u0113terisko e\u013c\u013cu mais\u012bjumu l\u012bniju, kas atspogu\u013co se\u0161as emocion\u0101l\u0101s labsaj\u016btas kategorijas, emociju p\u0101rvald\u012bba arom\u0101tisk\u0101 veid\u0101 k\u013c\u016bs vienk\u0101r\u0161a un pieejama ikvienam.<\/p>\n<p>Katrs maigais mais\u012bjums sast\u0101v no CPTG sertific\u0113t\u0101m t\u012bras p\u0101rbaud\u012btas kvalit\u0101tes\u2122 \u0113teriskaj\u0101m e\u013c\u013c\u0101m, kuras var izmantot arom\u0101tiski vai \u0101r\u0113ji un kas pal\u012bdz saglab\u0101t l\u012bdzsvaru un atdz\u012bvin\u0101t main\u012bgo noska\u0146ojumu.<\/p>\n<p>Tikai da\u017ei pilieni \u0161o dabisko komplekso smar\u017eu mais\u012bjumu var izrais\u012bt dzi\u013cas emocion\u0101las reakcijas, lai pal\u012bdz\u0113tu jums atbr\u012bvoties no sloga, atrast mierin\u0101jumu un iedro\u0161in\u0101jumu vai iedvesmot j\u016bs kaisl\u012bgi sap\u0146ot no jauna.<\/p>\n<ul>\n<li><strong>Se\u0161as pudeles \u0113terisko e\u013c\u013cu un to mais\u012bjumu 5 ml tilpum\u0101:<\/strong>\n<ol>\n<li>doTERRA Motiv\u0113t\u2122<\/li>\n<li>doTERRA Cheer\u2122<\/li>\n<li>doTERRA kaisl\u012bba\u2122<\/li>\n<li>doTERRA Piedod\u2122<\/li>\n<li>doTERRA konsole\u2122<\/li>\n<li>doTERRA miers\u2122<\/li>\n<\/ol>\n<\/li>\n<\/ul>\n<p>&nbsp;<\/p>\n<p>Lai ieg\u016btu vair\u0101k inform\u0101cijas par <strong>\u0113terisko e\u013c\u013cu komplektu doTERRA ESSENTIAL AROMATICS ,\u2122 <\/strong>skatiet t\u0101l\u0101k redzamo video.<\/p>\n<p><iframe title=\"doTERRA Europe - Essential Aromatics Dif\u016bzais komplekts (tulkotie subtitri)\" src=\"https:\/\/www.youtube.com\/embed\/4366lx1xlMw\" width=\"942\" height=\"530\" frameborder=\"0\" allowfullscreen=\"allowfullscreen\"><\/iframe><\/p>\n","protected":false},"excerpt":{"rendered":"<ul>\n<li>Se\u0161as pudeles \u0113terisko e\u013c\u013cu un to mais\u012bjumu 5 ml tilpum\u0101:\n<ol>\n<li>doTERRA Motiv\u0113t\u2122<\/li>\n<li>doTERRA Cheer\u2122<\/li>\n<li>doTERRA kaisl\u012bba\u2122<\/li>\n<li>doTERRA Piedod\u2122<\/li>\n<li>doTERRA konsole\u2122<\/li>\n<li>doTERRA miers\u2122<\/li>\n<\/ol>\n<\/li>\n<\/ul>\n","protected":false},"featured_media":11430,"template":"","meta":{"site-sidebar-layout":"default","site-content-layout":"default","ast-site-content-layout":"default","site-content-style":"default","site-sidebar-style":"default","ast-global-header-display":"","ast-banner-title-visibility":"","ast-main-header-display":"","ast-hfb-above-header-display":"","ast-hfb-below-header-display":"","ast-hfb-mobile-header-display":"","site-post-title":"","ast-breadcrumbs-content":"","ast-featured-img":"","footer-sml-layout":"","ast-disable-related-posts":"","theme-transparent-header-meta":"default","adv-header-id-meta":"","stick-header-meta":"","header-above-stick-meta":"","header-main-stick-meta":"","header-below-stick-meta":"","astra-migrate-meta-layouts":"default","ast-page-background-enabled":"default","ast-page-background-meta":{"desktop":{"background-color":"","background-image":"","background-repeat":"repeat","background-position":"center center","background-size":"auto","background-attachment":"scroll","background-type":"","background-media":"","overlay-type":"","overlay-color":"","overlay-opacity":"","overlay-gradient":""},"tablet":{"background-color":"","background-image":"","background-repeat":"repeat","background-position":"center center","background-size":"auto","background-attachment":"scroll","background-type":"","background-media":"","overlay-type":"","overlay-color":"","overlay-opacity":"","overlay-gradient":""},"mobile":{"background-color":"","background-image":"","background-repeat":"repeat","background-position":"center center","background-size":"auto","background-attachment":"scroll","background-type":"","background-media":"","overlay-type":"","overlay-color":"","overlay-opacity":"","overlay-gradient":""}},"ast-content-background-meta":{"desktop":{"background-color":"var(--ast-global-color-5)","background-image":"","background-repeat":"repeat","background-position":"center center","background-size":"auto","background-attachment":"scroll","background-type":"","background-media":"","overlay-type":"","overlay-color":"","overlay-opacity":"","overlay-gradient":""},"tablet":{"background-color":"var(--ast-global-color-5)","background-image":"","background-repeat":"repeat","background-position":"center center","background-size":"auto","background-attachment":"scroll","background-type":"","background-media":"","overlay-type":"","overlay-color":"","overlay-opacity":"","overlay-gradient":""},"mobile":{"background-color":"var(--ast-global-color-5)","background-image":"","background-repeat":"repeat","background-position":"center center","background-size":"auto","background-attachment":"scroll","background-type":"","background-media":"","overlay-type":"","overlay-color":"","overlay-opacity":"","overlay-gradient":""}}},"product_brand":[],"product_cat":[600,601,603],"product_tag":[678,627,1522,632,1489,635,649,1476,1452,1447],"class_list":{"0":"post-16251","1":"product","2":"type-product","3":"status-publish","4":"has-post-thumbnail","6":"product_cat-eteriskas-ellas","7":"product_cat-eterisko-ellu-maisijumi","8":"product_cat-komplekti-un-kolekcijas","9":"product_tag-5ml-lv","10":"product_tag-cheer-lv","11":"product_tag-console-lv","12":"product_tag-eterisko-ellu-maisijumi","13":"product_tag-forgive-lv","14":"product_tag-kolekcijas","15":"product_tag-komplekti","16":"product_tag-motivat-lv","17":"product_tag-passion-lv","18":"product_tag-peace-lv","19":"desktop-align-left","20":"tablet-align-left","21":"mobile-align-left","23":"first","24":"instock","25":"sale","26":"taxable","27":"shipping-taxable","28":"purchasable","29":"product-type-simple"},"_links":{"self":[{"href":"https:\/\/mamaterra.lt\/lv\/wp-json\/wp\/v2\/product\/16251","targetHints":{"allow":["GET"]}}],"collection":[{"href":"https:\/\/mamaterra.lt\/lv\/wp-json\/wp\/v2\/product"}],"about":[{"href":"https:\/\/mamaterra.lt\/lv\/wp-json\/wp\/v2\/types\/product"}],"wp:featuredmedia":[{"embeddable":true,"href":"https:\/\/mamaterra.lt\/lv\/wp-json\/wp\/v2\/media\/11430"}],"wp:attachment":[{"href":"https:\/\/mamaterra.lt\/lv\/wp-json\/wp\/v2\/media?parent=16251"}],"wp:term":[{"taxonomy":"product_brand","embeddable":true,"href":"https:\/\/mamaterra.lt\/lv\/wp-json\/wp\/v2\/product_brand?post=16251"},{"taxonomy":"product_cat","embeddable":true,"href":"https:\/\/mamaterra.lt\/lv\/wp-json\/wp\/v2\/product_cat?post=16251"},{"taxonomy":"product_tag","embeddable":true,"href":"https:\/\/mamaterra.lt\/lv\/wp-json\/wp\/v2\/product_tag?post=16251"}],"curies":[{"name":"wp","href":"https:\/\/api.w.org\/{rel}","templated":true}]}}