{"id":16249,"date":"2021-04-19T08:09:21","date_gmt":"2021-04-19T07:09:21","guid":{"rendered":"https:\/\/mamaterra.lt\/parduotuve\/uncategorized\/rose-rose-touch-doterra-eterisko-ellu-maisijums-10ml\/"},"modified":"2024-02-23T22:21:39","modified_gmt":"2024-02-23T21:21:39","slug":"rozu-pieskarienu-doterra-eterisko-ellu-maisijums-10ml","status":"publish","type":"product","link":"https:\/\/mamaterra.lt\/lv\/parduotuve\/eteriskas-ellas\/eterisko-ellu-maisijumi\/rozu-pieskarienu-doterra-eterisko-ellu-maisijums-10ml\/","title":{"rendered":"Rose (ROSE TOUCH) doTERRA \u0113terisko e\u013c\u013cu mais\u012bjums 10ml"},"content":{"rendered":"<p><strong>Rose Touch doTERRA \u0113terisko e\u013c\u013cu mais\u012bjums<\/strong><\/p>\n<p>10 ml pudele ar lod\u012b\u0161u aplikatoru<\/p>\n<p>&nbsp;<\/p>\n<p><strong>Rose Touch doTERRA \u0113terisko e\u013c\u013cu mais\u012bjuma apraksts un sast\u0101vda\u013cas:<\/strong><\/p>\n<p>doTERRA Rose Touch \u013cauj izbaud\u012bt ro\u017eu \u0113terisk\u0101s e\u013c\u013cas sp\u0113c\u012bg\u0101s priek\u0161roc\u012bbas \u0113rt\u0101 pudel\u0113 ar lod\u012b\u0161u aplikatoru. J\u016bs varat izmantot \u0161o mais\u012bjumu visas dienas garum\u0101, lai uzlabotu garast\u0101vokli, vai k\u0101 da\u013cu no \u0101das kop\u0161anas rut\u012bnas, lai j\u016bsu \u0101da izskat\u012btos vesel\u012bga.<\/p>\n<ul>\n<li>Emocion\u0101li pacil\u0101jo\u0161i<\/li>\n<li>Uztur pareizu mitruma l\u012bdzsvaru \u0101d\u0101<\/li>\n<li>Pie\u0161\u0137ir \u0101dai vienm\u0113r\u012bgu toni un vesel\u012bgu izskatu<\/li>\n<\/ul>\n<p>&nbsp;<\/p>\n<p>Pla\u0161\u0101ku inform\u0101ciju par <strong>ro\u017eu (ROSE TOUCH) doTERRA<\/strong><strong>\u0113terisko e\u013c\u013cu mais\u012bjumu<\/strong> skatiet t\u0101l\u0101k redzamaj\u0101 videoklip\u0101.<\/p>\n<p><iframe title=\"doTERRA Rose Touch (tulkoti subtitri)\" src=\"https:\/\/www.youtube.com\/embed\/ikQYvXgTiJA\" width=\"942\" height=\"530\" frameborder=\"0\" allowfullscreen=\"allowfullscreen\"><\/iframe><\/p>\n","protected":false},"excerpt":{"rendered":"<ul>\n<li><span style=\"font-size: 16px;\"><strong>2024. gada 23. &#8211; 29. febru\u0101r\u012b j\u016bs sa\u0146emsiet 15ml Geranium k\u0101<\/strong> <strong>d\u0101vanu.izskatu<\/strong><\/span><\/li>\n<\/ul>\n","protected":false},"featured_media":11490,"template":"","meta":{"site-sidebar-layout":"default","site-content-layout":"default","ast-site-content-layout":"default","site-content-style":"default","site-sidebar-style":"default","ast-global-header-display":"","ast-banner-title-visibility":"","ast-main-header-display":"","ast-hfb-above-header-display":"","ast-hfb-below-header-display":"","ast-hfb-mobile-header-display":"","site-post-title":"","ast-breadcrumbs-content":"","ast-featured-img":"","footer-sml-layout":"","ast-disable-related-posts":"","theme-transparent-header-meta":"default","adv-header-id-meta":"","stick-header-meta":"","header-above-stick-meta":"","header-main-stick-meta":"","header-below-stick-meta":"","astra-migrate-meta-layouts":"set","ast-page-background-enabled":"default","ast-page-background-meta":{"desktop":{"background-color":"","background-image":"","background-repeat":"repeat","background-position":"center center","background-size":"auto","background-attachment":"scroll","background-type":"","background-media":"","overlay-type":"","overlay-color":"","overlay-opacity":"","overlay-gradient":""},"tablet":{"background-color":"","background-image":"","background-repeat":"repeat","background-position":"center center","background-size":"auto","background-attachment":"scroll","background-type":"","background-media":"","overlay-type":"","overlay-color":"","overlay-opacity":"","overlay-gradient":""},"mobile":{"background-color":"","background-image":"","background-repeat":"repeat","background-position":"center center","background-size":"auto","background-attachment":"scroll","background-type":"","background-media":"","overlay-type":"","overlay-color":"","overlay-opacity":"","overlay-gradient":""}},"ast-content-background-meta":{"desktop":{"background-color":"var(--ast-global-color-5)","background-image":"","background-repeat":"repeat","background-position":"center center","background-size":"auto","background-attachment":"scroll","background-type":"","background-media":"","overlay-type":"","overlay-color":"","overlay-opacity":"","overlay-gradient":""},"tablet":{"background-color":"var(--ast-global-color-5)","background-image":"","background-repeat":"repeat","background-position":"center center","background-size":"auto","background-attachment":"scroll","background-type":"","background-media":"","overlay-type":"","overlay-color":"","overlay-opacity":"","overlay-gradient":""},"mobile":{"background-color":"var(--ast-global-color-5)","background-image":"","background-repeat":"repeat","background-position":"center center","background-size":"auto","background-attachment":"scroll","background-type":"","background-media":"","overlay-type":"","overlay-color":"","overlay-opacity":"","overlay-gradient":""}}},"product_brand":[],"product_cat":[600,601],"product_tag":[682,632,1004],"class_list":{"0":"post-16249","1":"product","2":"type-product","3":"status-publish","4":"has-post-thumbnail","6":"product_cat-eteriskas-ellas","7":"product_cat-eterisko-ellu-maisijumi","8":"product_tag-10-ml-lv","9":"product_tag-eterisko-ellu-maisijumi","10":"product_tag-rose-touch-lv","11":"desktop-align-left","12":"tablet-align-left","13":"mobile-align-left","15":"first","16":"instock","17":"sale","18":"taxable","19":"shipping-taxable","20":"purchasable","21":"product-type-simple"},"_links":{"self":[{"href":"https:\/\/mamaterra.lt\/lv\/wp-json\/wp\/v2\/product\/16249","targetHints":{"allow":["GET"]}}],"collection":[{"href":"https:\/\/mamaterra.lt\/lv\/wp-json\/wp\/v2\/product"}],"about":[{"href":"https:\/\/mamaterra.lt\/lv\/wp-json\/wp\/v2\/types\/product"}],"wp:featuredmedia":[{"embeddable":true,"href":"https:\/\/mamaterra.lt\/lv\/wp-json\/wp\/v2\/media\/11490"}],"wp:attachment":[{"href":"https:\/\/mamaterra.lt\/lv\/wp-json\/wp\/v2\/media?parent=16249"}],"wp:term":[{"taxonomy":"product_brand","embeddable":true,"href":"https:\/\/mamaterra.lt\/lv\/wp-json\/wp\/v2\/product_brand?post=16249"},{"taxonomy":"product_cat","embeddable":true,"href":"https:\/\/mamaterra.lt\/lv\/wp-json\/wp\/v2\/product_cat?post=16249"},{"taxonomy":"product_tag","embeddable":true,"href":"https:\/\/mamaterra.lt\/lv\/wp-json\/wp\/v2\/product_tag?post=16249"}],"curies":[{"name":"wp","href":"https:\/\/api.w.org\/{rel}","templated":true}]}}