{"id":16242,"date":"2021-04-19T08:03:18","date_gmt":"2021-04-19T07:03:18","guid":{"rendered":"https:\/\/mamaterra.lt\/parduotuve\/uncategorized\/magnolijas-magnolia-touch-doterra-eterisko-ellu-maisijums-10ml\/"},"modified":"2023-08-16T19:35:36","modified_gmt":"2023-08-16T18:35:36","slug":"magnolija-magnolija-touch-doterra-essential-oil-blend-10ml","status":"publish","type":"product","link":"https:\/\/mamaterra.lt\/lv\/parduotuve\/eteriskas-ellas\/tiras-eteriskas-ellas\/magnolija-magnolija-touch-doterra-essential-oil-blend-10ml\/","title":{"rendered":"Magnolijas (MAGNOLIA TOUCH) doTERRA \u0113terisko e\u013c\u013cu mais\u012bjums 10ml"},"content":{"rendered":"<p><strong>Magnolijas (MAGNOLIA TOUCH) doTERRA \u0113terisko e\u013c\u013cu mais\u012bjums<\/strong><\/p>\n<p>10 ml pudele ar lod\u012b\u0161u aplikatoru<\/p>\n<p>&nbsp;<\/p>\n<p><strong>Magnolijas (MAGNOLIA TOUCH) doTERRA \u0113terisko e\u013c\u013cu mais\u012bjuma apraksts un sast\u0101vda\u013cas:<\/strong><\/p>\n<p>Magnolia Touch, ko izmanto k\u0101 personiskas smar\u017eas, ir pacil\u0101jo\u0161s un atsvaidzino\u0161s arom\u0101ts. Iek\u013caujiet sav\u0101 ikdienas rut\u012bn\u0101, lai saglab\u0101tu \u0101du t\u012bru un mitrin\u0101tu.<\/p>\n<ul>\n<li>Sajauciet ar bergamotes vai smar\u017e\u012bgu kanang e\u013c\u013cu un uzkl\u0101jiet uz \u0101das &#8211; tas pie\u0161\u0137irs tai vesel\u012bgu izskatu<\/li>\n<li>Uzkl\u0101jiet zoles, lai nomierin\u0101tos un atp\u016bstos<\/li>\n<\/ul>\n<p>&nbsp;<\/p>\n<p>Vair\u0101k par <strong>magnoliju (MAGNOLIA TOUCH) doTERRA<\/strong> <strong>\u0112terisko e\u013c\u013cu mais\u012bjumu <\/strong>atrad\u012bsit t\u0101l\u0101k redzamaj\u0101 videoklip\u0101.<\/p>\n<p><iframe title=\"doTERRA Magnolijas \u0113terisk\u0101s e\u013c\u013cas \u0101trie padomi\" src=\"https:\/\/www.youtube.com\/embed\/n6CcQQCPfLE\" width=\"942\" height=\"530\" frameborder=\"0\" allowfullscreen=\"allowfullscreen\"><\/iframe><\/p>\n","protected":false},"excerpt":{"rendered":"<ul>\n<li>Sajauciet ar bergamotes vai smar\u017e\u012bgu kanang e\u013c\u013cu un uzkl\u0101jiet uz \u0101das &#8211; tas pie\u0161\u0137irs tai vesel\u012bgu izskatu<\/li>\n<li>Uzkl\u0101jiet zoles, lai nomierin\u0101tos un atp\u016bstos<\/li>\n<\/ul>\n","protected":false},"featured_media":11422,"template":"","meta":{"site-sidebar-layout":"default","site-content-layout":"default","ast-site-content-layout":"default","site-content-style":"default","site-sidebar-style":"default","ast-global-header-display":"","ast-banner-title-visibility":"","ast-main-header-display":"","ast-hfb-above-header-display":"","ast-hfb-below-header-display":"","ast-hfb-mobile-header-display":"","site-post-title":"","ast-breadcrumbs-content":"","ast-featured-img":"","footer-sml-layout":"","ast-disable-related-posts":"","theme-transparent-header-meta":"default","adv-header-id-meta":"","stick-header-meta":"","header-above-stick-meta":"","header-main-stick-meta":"","header-below-stick-meta":"","astra-migrate-meta-layouts":"set","ast-page-background-enabled":"default","ast-page-background-meta":{"desktop":{"background-color":"","background-image":"","background-repeat":"repeat","background-position":"center center","background-size":"auto","background-attachment":"scroll","background-type":"","background-media":"","overlay-type":"","overlay-color":"","overlay-opacity":"","overlay-gradient":""},"tablet":{"background-color":"","background-image":"","background-repeat":"repeat","background-position":"center center","background-size":"auto","background-attachment":"scroll","background-type":"","background-media":"","overlay-type":"","overlay-color":"","overlay-opacity":"","overlay-gradient":""},"mobile":{"background-color":"","background-image":"","background-repeat":"repeat","background-position":"center center","background-size":"auto","background-attachment":"scroll","background-type":"","background-media":"","overlay-type":"","overlay-color":"","overlay-opacity":"","overlay-gradient":""}},"ast-content-background-meta":{"desktop":{"background-color":"var(--ast-global-color-5)","background-image":"","background-repeat":"repeat","background-position":"center center","background-size":"auto","background-attachment":"scroll","background-type":"","background-media":"","overlay-type":"","overlay-color":"","overlay-opacity":"","overlay-gradient":""},"tablet":{"background-color":"var(--ast-global-color-5)","background-image":"","background-repeat":"repeat","background-position":"center center","background-size":"auto","background-attachment":"scroll","background-type":"","background-media":"","overlay-type":"","overlay-color":"","overlay-opacity":"","overlay-gradient":""},"mobile":{"background-color":"var(--ast-global-color-5)","background-image":"","background-repeat":"repeat","background-position":"center center","background-size":"auto","background-attachment":"scroll","background-type":"","background-media":"","overlay-type":"","overlay-color":"","overlay-opacity":"","overlay-gradient":""}}},"product_brand":[],"product_cat":[600,618,614,602],"product_tag":[682,632,1081,1086],"class_list":{"0":"post-16242","1":"product","2":"type-product","3":"status-publish","4":"has-post-thumbnail","6":"product_cat-eteriskas-ellas","7":"product_cat-nomierinosas","8":"product_cat-sievietem","9":"product_cat-tiras-eteriskas-ellas","10":"product_tag-10-ml-lv","11":"product_tag-eterisko-ellu-maisijumi","12":"product_tag-magnolia-lv","13":"product_tag-magnolia-touch-lv","14":"desktop-align-left","15":"tablet-align-left","16":"mobile-align-left","18":"first","19":"instock","20":"taxable","21":"shipping-taxable","22":"purchasable","23":"product-type-simple"},"_links":{"self":[{"href":"https:\/\/mamaterra.lt\/lv\/wp-json\/wp\/v2\/product\/16242","targetHints":{"allow":["GET"]}}],"collection":[{"href":"https:\/\/mamaterra.lt\/lv\/wp-json\/wp\/v2\/product"}],"about":[{"href":"https:\/\/mamaterra.lt\/lv\/wp-json\/wp\/v2\/types\/product"}],"wp:featuredmedia":[{"embeddable":true,"href":"https:\/\/mamaterra.lt\/lv\/wp-json\/wp\/v2\/media\/11422"}],"wp:attachment":[{"href":"https:\/\/mamaterra.lt\/lv\/wp-json\/wp\/v2\/media?parent=16242"}],"wp:term":[{"taxonomy":"product_brand","embeddable":true,"href":"https:\/\/mamaterra.lt\/lv\/wp-json\/wp\/v2\/product_brand?post=16242"},{"taxonomy":"product_cat","embeddable":true,"href":"https:\/\/mamaterra.lt\/lv\/wp-json\/wp\/v2\/product_cat?post=16242"},{"taxonomy":"product_tag","embeddable":true,"href":"https:\/\/mamaterra.lt\/lv\/wp-json\/wp\/v2\/product_tag?post=16242"}],"curies":[{"name":"wp","href":"https:\/\/api.w.org\/{rel}","templated":true}]}}