{"id":16238,"date":"2021-04-19T08:23:28","date_gmt":"2021-04-19T07:23:28","guid":{"rendered":"https:\/\/mamaterra.lt\/parduotuve\/uncategorized\/eterisko-ellu-kolekcija-doterra-joga-3-dazadi-eterisko-ellu-maisijumi-pa-10ml-katrs\/"},"modified":"2024-07-01T18:12:16","modified_gmt":"2024-07-01T17:12:16","slug":"savaksana-doterra-joga-eteriskas-ellas-3-dazadas-eteriskas-ellas-maisijumi-x-5ml","status":"publish","type":"product","link":"https:\/\/mamaterra.lt\/lv\/parduotuve\/eteriskas-ellas\/eterisko-ellu-maisijumi\/savaksana-doterra-joga-eteriskas-ellas-3-dazadas-eteriskas-ellas-maisijumi-x-5ml\/","title":{"rendered":"\u0112terisko e\u013c\u013cu kolekcija doTERRA joga (3 da\u017e\u0101di \u0113terisko e\u013c\u013cu mais\u012bjumi pa 5ml katrs)"},"content":{"rendered":"<p><strong>\u0112terisko e\u013c\u013cu kolekcija doTERRA YOGA <\/strong><\/p>\n<p>3 da\u017e\u0101di doTERRA \u0113terisko e\u013c\u013cu mais\u012bjumi pa 5ml katrs<\/p>\n<p>&nbsp;<\/p>\n<p><strong>\u0112terisko e\u013c\u013cu kolekcija doTERRA YOGA Apraksts:<\/strong><\/p>\n<p>Ekskluz\u012bvs CPTG\u2122 \u0113terisko e\u013c\u013cu tercets, ko rad\u012bjis doTERRA jogam j\u016bsu iek\u0161ien\u0113. <strong>doTERRA Anchor\u2122, doTERRA Align\u2122 un doTERRA Arise\u2122<\/strong> ir br\u012bni\u0161\u0137\u012bgi \u0113terisko e\u013c\u013cu mais\u012bjumi, kas bag\u0101tin\u0101s j\u016bsu dz\u012bvi un jogas praksi. \u0160o mais\u012bjumu arom\u0101ti mudina j\u016bs saglab\u0101t l\u012bdzsvaru, koncentr\u0113ties un atdz\u012bvin\u0101t dv\u0113seli ar katru elpu, veicot vingrin\u0101jumus, lai stiprin\u0101tu un izstieptu \u0137ermeni.<\/p>\n<p><strong>DoTERRA YOGA \u0113terisko e\u013c\u013cu kolekcija sast\u0101v no:<\/strong><\/p>\n<ul>\n<li>Tr\u012bs flakoni ar tilpumu 5 ml:\n<ol>\n<li>doTERRA enkura\u2122 \u0113terisko e\u013c\u013cu mais\u012bjums<\/li>\n<li>doTERRA Align\u2122 \u0113terisko e\u013c\u013cu mais\u012bjums<\/li>\n<li>doTERRA Arise\u2122 \u0113terisko e\u013c\u013cu mais\u012bjums<\/li>\n<\/ol>\n<\/li>\n<\/ul>\n<p>Pla\u0161\u0101ku inform\u0101ciju par <strong>\u0113terisko e\u013c\u013cu doTERRA YOGA kolekciju <\/strong>skatiet t\u0101l\u0101k redzamaj\u0101 videoklip\u0101.<\/p>\n<p><iframe title=\"Jogas \u0113terisko e\u013c\u013cu kolekcija no doTERRA - \u0113teriskaj\u0101m e\u013c\u013c\u0101m un jogas\" src=\"https:\/\/www.youtube.com\/embed\/xoMXTIy3Qwg\" width=\"853\" height=\"480\" frameborder=\"0\" allowfullscreen=\"allowfullscreen\"><\/iframe><\/p>\n","protected":false},"excerpt":{"rendered":"<ul>\n<li>Tr\u012bs flakoni ar tilpumu 5 ml:\n<ol>\n<li>doTERRA enkura\u2122 \u0113terisko e\u013c\u013cu mais\u012bjums<\/li>\n<li>doTERRA Align\u2122 \u0113terisko e\u013c\u013cu mais\u012bjums<\/li>\n<li>doTERRA Arise\u2122 \u0113terisko e\u013c\u013cu mais\u012bjums<\/li>\n<\/ol>\n<\/li>\n<\/ul>\n","protected":false},"featured_media":11425,"template":"","meta":{"site-sidebar-layout":"default","site-content-layout":"default","ast-site-content-layout":"default","site-content-style":"default","site-sidebar-style":"default","ast-global-header-display":"","ast-banner-title-visibility":"","ast-main-header-display":"","ast-hfb-above-header-display":"","ast-hfb-below-header-display":"","ast-hfb-mobile-header-display":"","site-post-title":"","ast-breadcrumbs-content":"","ast-featured-img":"","footer-sml-layout":"","ast-disable-related-posts":"","theme-transparent-header-meta":"default","adv-header-id-meta":"","stick-header-meta":"","header-above-stick-meta":"","header-main-stick-meta":"","header-below-stick-meta":"","astra-migrate-meta-layouts":"set","ast-page-background-enabled":"default","ast-page-background-meta":{"desktop":{"background-color":"","background-image":"","background-repeat":"repeat","background-position":"center center","background-size":"auto","background-attachment":"scroll","background-type":"","background-media":"","overlay-type":"","overlay-color":"","overlay-opacity":"","overlay-gradient":""},"tablet":{"background-color":"","background-image":"","background-repeat":"repeat","background-position":"center center","background-size":"auto","background-attachment":"scroll","background-type":"","background-media":"","overlay-type":"","overlay-color":"","overlay-opacity":"","overlay-gradient":""},"mobile":{"background-color":"","background-image":"","background-repeat":"repeat","background-position":"center center","background-size":"auto","background-attachment":"scroll","background-type":"","background-media":"","overlay-type":"","overlay-color":"","overlay-opacity":"","overlay-gradient":""}},"ast-content-background-meta":{"desktop":{"background-color":"var(--ast-global-color-5)","background-image":"","background-repeat":"repeat","background-position":"center center","background-size":"auto","background-attachment":"scroll","background-type":"","background-media":"","overlay-type":"","overlay-color":"","overlay-opacity":"","overlay-gradient":""},"tablet":{"background-color":"var(--ast-global-color-5)","background-image":"","background-repeat":"repeat","background-position":"center center","background-size":"auto","background-attachment":"scroll","background-type":"","background-media":"","overlay-type":"","overlay-color":"","overlay-opacity":"","overlay-gradient":""},"mobile":{"background-color":"var(--ast-global-color-5)","background-image":"","background-repeat":"repeat","background-position":"center center","background-size":"auto","background-attachment":"scroll","background-type":"","background-media":"","overlay-type":"","overlay-color":"","overlay-opacity":"","overlay-gradient":""}}},"product_brand":[],"product_cat":[600,601,603],"product_tag":[680,1361,1364,1377,632,635,649,899],"class_list":{"0":"post-16238","1":"product","2":"type-product","3":"status-publish","4":"has-post-thumbnail","6":"product_cat-eteriskas-ellas","7":"product_cat-eterisko-ellu-maisijumi","8":"product_cat-komplekti-un-kolekcijas","9":"product_tag-10ml-lv","10":"product_tag-align-lv","11":"product_tag-anchor-lv","12":"product_tag-arise-lv","13":"product_tag-eterisko-ellu-maisijumi","14":"product_tag-kolekcijas","15":"product_tag-komplekti","16":"product_tag-yoga-lv","17":"desktop-align-left","18":"tablet-align-left","19":"mobile-align-left","21":"first","22":"instock","23":"taxable","24":"shipping-taxable","25":"purchasable","26":"product-type-simple"},"_links":{"self":[{"href":"https:\/\/mamaterra.lt\/lv\/wp-json\/wp\/v2\/product\/16238","targetHints":{"allow":["GET"]}}],"collection":[{"href":"https:\/\/mamaterra.lt\/lv\/wp-json\/wp\/v2\/product"}],"about":[{"href":"https:\/\/mamaterra.lt\/lv\/wp-json\/wp\/v2\/types\/product"}],"wp:featuredmedia":[{"embeddable":true,"href":"https:\/\/mamaterra.lt\/lv\/wp-json\/wp\/v2\/media\/11425"}],"wp:attachment":[{"href":"https:\/\/mamaterra.lt\/lv\/wp-json\/wp\/v2\/media?parent=16238"}],"wp:term":[{"taxonomy":"product_brand","embeddable":true,"href":"https:\/\/mamaterra.lt\/lv\/wp-json\/wp\/v2\/product_brand?post=16238"},{"taxonomy":"product_cat","embeddable":true,"href":"https:\/\/mamaterra.lt\/lv\/wp-json\/wp\/v2\/product_cat?post=16238"},{"taxonomy":"product_tag","embeddable":true,"href":"https:\/\/mamaterra.lt\/lv\/wp-json\/wp\/v2\/product_tag?post=16238"}],"curies":[{"name":"wp","href":"https:\/\/api.w.org\/{rel}","templated":true}]}}