{"id":16231,"date":"2021-04-19T08:39:51","date_gmt":"2021-04-19T07:39:51","guid":{"rendered":"https:\/\/mamaterra.lt\/parduotuve\/uncategorized\/doterra-deep-blue-polifenola-piedevu-komplekss-60-kapsulas\/"},"modified":"2021-04-19T08:39:51","modified_gmt":"2021-04-19T07:39:51","slug":"doterra-deep-blue-polyphenol-supplement-complex-60-capsule","status":"publish","type":"product","link":"https:\/\/mamaterra.lt\/lv\/parduotuve\/eteriskas-ellas\/doterra-deep-blue-polyphenol-supplement-complex-60-capsule\/","title":{"rendered":"doTERRA DEEP BLUE POLIFENOLA piedevu komplekss (60 kapsulas)"},"content":{"rendered":"<p><strong>doTERRA DEEP BLUE POLIFENOLA piedevu komplekss<\/strong><\/p>\n<p>60 kapsulas<\/p>\n<p>&nbsp;<\/p>\n<p><strong>DOTERRA DEEP BLUE POLYPHENOL papildin\u0101jumu kompleksa galven\u0101s priek\u0161roc\u012bbas:<\/strong><\/p>\n<p>Deep Blue z\u012bmola nosaukums ir sinon\u012bms nomierino\u0161am\u2122 atbalstam. Izmantojiet \u0161o kompleksu, lai papildin\u0101tu \u0101das kop\u0161anas l\u012bdzek\u013cu un citu Deep Blue kl\u0101sta produktu priek\u0161roc\u012bbas.<\/p>\n<ul>\n<li>Satur bosvelijas, kurkumas, za\u013c\u0101s t\u0113jas, ingvera, gran\u0101t\u0101bolu un v\u012bnogu kauli\u0146u polifenolu ekstraktus<\/li>\n<li>Var lietot kombin\u0101cij\u0101 ar Deep Blue Rub\u2122 vai dzi\u013ci zilu prets\u0101pju l\u012bdzekli<\/li>\n<li>Ve\u0123et\u0101r\u0101s kapsulas nesatur n\u0101trija laurilsulf\u0101tu<\/li>\n<\/ul>\n<p>&nbsp;<\/p>\n<p>Noskatieties video par \u0161o <strong>doTERRA DEEP BLUE POLIFENOLA piedevu kompleksu.<\/strong><\/p>\n<p><iframe title=\"Dzi\u013ci zils polifenola komplekss\u00ae\" src=\"https:\/\/www.youtube.com\/embed\/6LkaHS_Wf8I\" width=\"946\" height=\"532\" frameborder=\"0\" allowfullscreen=\"allowfullscreen\"><\/iframe><\/p>\n","protected":false},"excerpt":{"rendered":"<ul>\n<li>Satur bosvelijas, kurkumas, za\u013c\u0101s t\u0113jas, ingvera, gran\u0101t\u0101bolu un v\u012bnogu kauli\u0146u polifenolu ekstraktus<\/li>\n<li>Var lietot kombin\u0101cij\u0101 ar Deep Blue Rub\u2122 vai dzi\u013ci zilu prets\u0101pju l\u012bdzekli<\/li>\n<li>Ve\u0123et\u0101r\u0101s kapsulas nesatur n\u0101trija laurilsulf\u0101tu<\/li>\n<\/ul>\n","protected":false},"featured_media":11602,"template":"","meta":{"site-sidebar-layout":"default","site-content-layout":"default","ast-site-content-layout":"default","site-content-style":"default","site-sidebar-style":"default","ast-global-header-display":"","ast-banner-title-visibility":"","ast-main-header-display":"","ast-hfb-above-header-display":"","ast-hfb-below-header-display":"","ast-hfb-mobile-header-display":"","site-post-title":"","ast-breadcrumbs-content":"","ast-featured-img":"","footer-sml-layout":"","ast-disable-related-posts":"","theme-transparent-header-meta":"default","adv-header-id-meta":"","stick-header-meta":"","header-above-stick-meta":"","header-main-stick-meta":"","header-below-stick-meta":"","astra-migrate-meta-layouts":"default","ast-page-background-enabled":"default","ast-page-background-meta":{"desktop":{"background-color":"","background-image":"","background-repeat":"repeat","background-position":"center center","background-size":"auto","background-attachment":"scroll","background-type":"","background-media":"","overlay-type":"","overlay-color":"","overlay-opacity":"","overlay-gradient":""},"tablet":{"background-color":"","background-image":"","background-repeat":"repeat","background-position":"center center","background-size":"auto","background-attachment":"scroll","background-type":"","background-media":"","overlay-type":"","overlay-color":"","overlay-opacity":"","overlay-gradient":""},"mobile":{"background-color":"","background-image":"","background-repeat":"repeat","background-position":"center center","background-size":"auto","background-attachment":"scroll","background-type":"","background-media":"","overlay-type":"","overlay-color":"","overlay-opacity":"","overlay-gradient":""}},"ast-content-background-meta":{"desktop":{"background-color":"var(--ast-global-color-5)","background-image":"","background-repeat":"repeat","background-position":"center center","background-size":"auto","background-attachment":"scroll","background-type":"","background-media":"","overlay-type":"","overlay-color":"","overlay-opacity":"","overlay-gradient":""},"tablet":{"background-color":"var(--ast-global-color-5)","background-image":"","background-repeat":"repeat","background-position":"center center","background-size":"auto","background-attachment":"scroll","background-type":"","background-media":"","overlay-type":"","overlay-color":"","overlay-opacity":"","overlay-gradient":""},"mobile":{"background-color":"var(--ast-global-color-5)","background-image":"","background-repeat":"repeat","background-position":"center center","background-size":"auto","background-attachment":"scroll","background-type":"","background-media":"","overlay-type":"","overlay-color":"","overlay-opacity":"","overlay-gradient":""}}},"product_brand":[],"product_cat":[600],"product_tag":[1506],"class_list":{"0":"post-16231","1":"product","2":"type-product","3":"status-publish","4":"has-post-thumbnail","6":"product_cat-eteriskas-ellas","7":"product_tag-deep-blue-lv","8":"desktop-align-left","9":"tablet-align-left","10":"mobile-align-left","12":"first","13":"instock","14":"sale","15":"taxable","16":"shipping-taxable","17":"purchasable","18":"product-type-simple"},"_links":{"self":[{"href":"https:\/\/mamaterra.lt\/lv\/wp-json\/wp\/v2\/product\/16231","targetHints":{"allow":["GET"]}}],"collection":[{"href":"https:\/\/mamaterra.lt\/lv\/wp-json\/wp\/v2\/product"}],"about":[{"href":"https:\/\/mamaterra.lt\/lv\/wp-json\/wp\/v2\/types\/product"}],"wp:featuredmedia":[{"embeddable":true,"href":"https:\/\/mamaterra.lt\/lv\/wp-json\/wp\/v2\/media\/11602"}],"wp:attachment":[{"href":"https:\/\/mamaterra.lt\/lv\/wp-json\/wp\/v2\/media?parent=16231"}],"wp:term":[{"taxonomy":"product_brand","embeddable":true,"href":"https:\/\/mamaterra.lt\/lv\/wp-json\/wp\/v2\/product_brand?post=16231"},{"taxonomy":"product_cat","embeddable":true,"href":"https:\/\/mamaterra.lt\/lv\/wp-json\/wp\/v2\/product_cat?post=16231"},{"taxonomy":"product_tag","embeddable":true,"href":"https:\/\/mamaterra.lt\/lv\/wp-json\/wp\/v2\/product_tag?post=16231"}],"curies":[{"name":"wp","href":"https:\/\/api.w.org\/{rel}","templated":true}]}}