{"id":16229,"date":"2021-04-19T08:35:56","date_gmt":"2021-04-19T07:35:56","guid":{"rendered":"https:\/\/mamaterra.lt\/parduotuve\/uncategorized\/doterra-uztura-bagatinatajs-digestzen-gx-assist-36g\/"},"modified":"2024-11-28T17:55:36","modified_gmt":"2024-11-28T16:55:36","slug":"doterra-digestzen-gx-assist-36g","status":"publish","type":"product","link":"https:\/\/mamaterra.lt\/lv\/parduotuve\/eteriskas-ellas\/doterra-digestzen-gx-assist-36g\/","title":{"rendered":"doTERRA DigestZen\u2122 GX Assist\u2122 36g"},"content":{"rendered":"<p><strong>doTERRA DigestZen\u2122 GX Assist\u2122<\/strong><\/p>\n<p>36g &#8211; 60 m\u012bkst\u0101s kapsulas<\/p>\n<p>&nbsp;<\/p>\n<p><strong>doTERRA\u00a0 DigestZen\u2122 GX Assist galven\u0101s priek\u0161roc\u012bbas:<\/strong><\/p>\n<p>GX Assist ir CPTG sertific\u0113tu t\u012bras p\u0101rbaud\u012btas kvalit\u0101tes\u2122 \u0113terisko e\u013c\u013cu un kaprilsk\u0101bes kombin\u0101cija. GX Assist ir paredz\u0113ts 10 dien\u0101m, p\u0113c tam PB Assist\u2122+ j\u0101lieto 20 dienas.<\/p>\n<ul>\n<li>Ar \u0113teriskaj\u0101m e\u013c\u013c\u0101m no oregano, t\u0113jas koka (mirtes), citronz\u0101les, citronz\u0101les, piparm\u0113tru un timi\u0101na un kaprilsk\u0101bes<\/li>\n<li>Apvalkot\u0101s m\u012bkstaj\u0101s kapsul\u0101s<\/li>\n<\/ul>\n<p>&nbsp;<\/p>\n<p>Noskatieties video par \u0161o <strong>DigestZen\u2122 GX Assist\u2122 uztura bag\u0101tin\u0101t\u0101ju.<\/strong><\/p>\n<p><iframe title=\"Atbalsts vesel\u012bgai gremo\u0161anai - doTERRA GX Assist &amp; PB Assist\u00ae +\" src=\"https:\/\/www.youtube.com\/embed\/dLJNVBZY87I\" width=\"946\" height=\"532\" frameborder=\"0\" allowfullscreen=\"allowfullscreen\"><\/iframe><\/p>\n","protected":false},"excerpt":{"rendered":"<ul>\n<li>Ar oregano, t\u0113jas koka (mirtes), citronz\u0101les, citronz\u0101les, piparm\u0113tru un timi\u0101na \u0113teriskaj\u0101m e\u013c\u013c\u0101m un kaprilsk\u0101bi*<\/li>\n<li>Apvalkot\u0101s m\u012bkstaj\u0101s kapsul\u0101s<\/li>\n<\/ul>\n","protected":false},"featured_media":11458,"template":"","meta":{"site-sidebar-layout":"default","site-content-layout":"default","ast-site-content-layout":"default","site-content-style":"default","site-sidebar-style":"default","ast-global-header-display":"","ast-banner-title-visibility":"","ast-main-header-display":"","ast-hfb-above-header-display":"","ast-hfb-below-header-display":"","ast-hfb-mobile-header-display":"","site-post-title":"","ast-breadcrumbs-content":"","ast-featured-img":"","footer-sml-layout":"","ast-disable-related-posts":"","theme-transparent-header-meta":"default","adv-header-id-meta":"","stick-header-meta":"","header-above-stick-meta":"","header-main-stick-meta":"","header-below-stick-meta":"","astra-migrate-meta-layouts":"set","ast-page-background-enabled":"default","ast-page-background-meta":{"desktop":{"background-color":"","background-image":"","background-repeat":"repeat","background-position":"center center","background-size":"auto","background-attachment":"scroll","background-type":"","background-media":"","overlay-type":"","overlay-color":"","overlay-opacity":"","overlay-gradient":""},"tablet":{"background-color":"","background-image":"","background-repeat":"repeat","background-position":"center center","background-size":"auto","background-attachment":"scroll","background-type":"","background-media":"","overlay-type":"","overlay-color":"","overlay-opacity":"","overlay-gradient":""},"mobile":{"background-color":"","background-image":"","background-repeat":"repeat","background-position":"center center","background-size":"auto","background-attachment":"scroll","background-type":"","background-media":"","overlay-type":"","overlay-color":"","overlay-opacity":"","overlay-gradient":""}},"ast-content-background-meta":{"desktop":{"background-color":"var(--ast-global-color-5)","background-image":"","background-repeat":"repeat","background-position":"center center","background-size":"auto","background-attachment":"scroll","background-type":"","background-media":"","overlay-type":"","overlay-color":"","overlay-opacity":"","overlay-gradient":""},"tablet":{"background-color":"var(--ast-global-color-5)","background-image":"","background-repeat":"repeat","background-position":"center center","background-size":"auto","background-attachment":"scroll","background-type":"","background-media":"","overlay-type":"","overlay-color":"","overlay-opacity":"","overlay-gradient":""},"mobile":{"background-color":"var(--ast-global-color-5)","background-image":"","background-repeat":"repeat","background-position":"center center","background-size":"auto","background-attachment":"scroll","background-type":"","background-media":"","overlay-type":"","overlay-color":"","overlay-opacity":"","overlay-gradient":""}}},"product_brand":[],"product_cat":[600],"product_tag":[690,1214,634,642],"class_list":{"0":"post-16229","1":"product","2":"type-product","3":"status-publish","4":"has-post-thumbnail","6":"product_cat-eteriskas-ellas","7":"product_tag-36g-lv","8":"product_tag-digestzen-lv","9":"product_tag-kapsulas","10":"product_tag-papildinajumi","11":"desktop-align-left","12":"tablet-align-left","13":"mobile-align-left","15":"first","16":"instock","17":"taxable","18":"shipping-taxable","19":"purchasable","20":"product-type-simple"},"_links":{"self":[{"href":"https:\/\/mamaterra.lt\/lv\/wp-json\/wp\/v2\/product\/16229","targetHints":{"allow":["GET"]}}],"collection":[{"href":"https:\/\/mamaterra.lt\/lv\/wp-json\/wp\/v2\/product"}],"about":[{"href":"https:\/\/mamaterra.lt\/lv\/wp-json\/wp\/v2\/types\/product"}],"wp:featuredmedia":[{"embeddable":true,"href":"https:\/\/mamaterra.lt\/lv\/wp-json\/wp\/v2\/media\/11458"}],"wp:attachment":[{"href":"https:\/\/mamaterra.lt\/lv\/wp-json\/wp\/v2\/media?parent=16229"}],"wp:term":[{"taxonomy":"product_brand","embeddable":true,"href":"https:\/\/mamaterra.lt\/lv\/wp-json\/wp\/v2\/product_brand?post=16229"},{"taxonomy":"product_cat","embeddable":true,"href":"https:\/\/mamaterra.lt\/lv\/wp-json\/wp\/v2\/product_cat?post=16229"},{"taxonomy":"product_tag","embeddable":true,"href":"https:\/\/mamaterra.lt\/lv\/wp-json\/wp\/v2\/product_tag?post=16229"}],"curies":[{"name":"wp","href":"https:\/\/api.w.org\/{rel}","templated":true}]}}