{"id":16223,"date":"2021-04-19T08:29:28","date_gmt":"2021-04-19T07:29:28","guid":{"rendered":"https:\/\/mamaterra.lt\/parduotuve\/uncategorized\/doterra-difuzora-pilots\/"},"modified":"2021-04-19T08:29:28","modified_gmt":"2021-04-19T07:29:28","slug":"doterra-difuzora-pilots","status":"publish","type":"product","link":"https:\/\/mamaterra.lt\/lv\/parduotuve\/difuzori\/doterra-difuzora-pilots\/","title":{"rendered":"doTERRA difuzora PILOTS"},"content":{"rendered":"<p><strong>doTERRA difuzora PILOTS<\/strong><\/p>\n<p>&nbsp;<\/p>\n<p><strong>doTERRA difuzora PILOTS Apraksts:<\/strong><\/p>\n<p>\u0112rts un bez jucek\u013ca, doTERRA Pilot ir lieliski piem\u0113rots maz\u0101k\u0101m telp\u0101m. Kompakts un neitr\u0101ls difuzors ieder\u0113sies jebkur\u0101 vid\u0113. Vi\u0146\u0161 var ce\u013cot kop\u0101 ar jums automa\u0161\u012bn\u0101, uz darbu vai vienk\u0101r\u0161i ap m\u0101ju.<\/p>\n<p><strong>doTERRA difuzora PILOT funkcijas:<\/strong><\/p>\n<ul>\n<li>Uzl\u0101d\u0113jams akumulators &#8211; t\u0101p\u0113c jums nav j\u0101uztraucas par kontaktligzdas atra\u0161anu tuvum\u0101. USB savienot\u0101js un 2.4A automa\u0161\u012bnas adapteris.<\/li>\n<li>Regul\u0113jama iztvaiko\u0161anas stipr\u012bba: \u010detras stundas nep\u0101rtrauktas darb\u012bbas vai asto\u0146as stundas periodiskas darb\u012bbas.<\/li>\n<li>Izveidots atbild\u012bgi, izmantojot videi draudz\u012bgus materi\u0101lus.<\/li>\n<li>To p\u0101rdod ar \u0113rtu lietu p\u0101rvad\u0101\u0161anai.<\/li>\n<\/ul>\n<p>&nbsp;<\/p>\n<p>Lai ieg\u016btu papildinform\u0101ciju par <strong>doTERRA difuzora PILOT<\/strong> , skatiet t\u0101l\u0101k redzamo videoklipu.<\/p>\n<p><iframe title=\"Izm\u0113\u0123in\u0101juma difuzors\" src=\"https:\/\/www.youtube.com\/embed\/RwMpNnCxscU\" width=\"853\" height=\"480\" frameborder=\"0\" allowfullscreen=\"allowfullscreen\"><\/iframe><\/p>\n","protected":false},"excerpt":{"rendered":"<ul>\n<li>Regul\u0113jama iztvaiko\u0161anas stipr\u012bba: \u010detras stundas nep\u0101rtrauktas darb\u012bbas vai asto\u0146as stundas nep\u0101rtrauktas darb\u012bbas ar p\u0101rtraukumiem<\/li>\n<li>Rad\u012bts atbild\u012bgi, izmantojot videi draudz\u012bgus materi\u0101lus<\/li>\n<li>Uzl\u0101d\u0113jams akumulators &#8211; t\u0101p\u0113c jums nav j\u0101uztraucas par kontaktligzdas atra\u0161anu tuvum\u0101. USB savienot\u0101js un 2.4A automa\u0161\u012bnas adapteris<\/li>\n<\/ul>\n","protected":false},"featured_media":11808,"template":"","meta":{"site-sidebar-layout":"default","site-content-layout":"default","ast-site-content-layout":"default","site-content-style":"default","site-sidebar-style":"default","ast-global-header-display":"","ast-banner-title-visibility":"","ast-main-header-display":"","ast-hfb-above-header-display":"","ast-hfb-below-header-display":"","ast-hfb-mobile-header-display":"","site-post-title":"","ast-breadcrumbs-content":"","ast-featured-img":"","footer-sml-layout":"","ast-disable-related-posts":"","theme-transparent-header-meta":"default","adv-header-id-meta":"","stick-header-meta":"","header-above-stick-meta":"","header-main-stick-meta":"","header-below-stick-meta":"","astra-migrate-meta-layouts":"default","ast-page-background-enabled":"default","ast-page-background-meta":{"desktop":{"background-color":"","background-image":"","background-repeat":"repeat","background-position":"center center","background-size":"auto","background-attachment":"scroll","background-type":"","background-media":"","overlay-type":"","overlay-color":"","overlay-opacity":"","overlay-gradient":""},"tablet":{"background-color":"","background-image":"","background-repeat":"repeat","background-position":"center center","background-size":"auto","background-attachment":"scroll","background-type":"","background-media":"","overlay-type":"","overlay-color":"","overlay-opacity":"","overlay-gradient":""},"mobile":{"background-color":"","background-image":"","background-repeat":"repeat","background-position":"center center","background-size":"auto","background-attachment":"scroll","background-type":"","background-media":"","overlay-type":"","overlay-color":"","overlay-opacity":"","overlay-gradient":""}},"ast-content-background-meta":{"desktop":{"background-color":"var(--ast-global-color-5)","background-image":"","background-repeat":"repeat","background-position":"center center","background-size":"auto","background-attachment":"scroll","background-type":"","background-media":"","overlay-type":"","overlay-color":"","overlay-opacity":"","overlay-gradient":""},"tablet":{"background-color":"var(--ast-global-color-5)","background-image":"","background-repeat":"repeat","background-position":"center center","background-size":"auto","background-attachment":"scroll","background-type":"","background-media":"","overlay-type":"","overlay-color":"","overlay-opacity":"","overlay-gradient":""},"mobile":{"background-color":"var(--ast-global-color-5)","background-image":"","background-repeat":"repeat","background-position":"center center","background-size":"auto","background-attachment":"scroll","background-type":"","background-media":"","overlay-type":"","overlay-color":"","overlay-opacity":"","overlay-gradient":""}}},"product_brand":[],"product_cat":[596],"product_tag":[633,629,1013],"class_list":{"0":"post-16223","1":"product","2":"type-product","3":"status-publish","4":"has-post-thumbnail","6":"product_cat-difuzori","7":"product_tag-aromterapija","8":"product_tag-difuzors","9":"product_tag-pilot-lv","10":"desktop-align-left","11":"tablet-align-left","12":"mobile-align-left","14":"first","15":"outofstock","16":"taxable","17":"shipping-taxable","18":"purchasable","19":"product-type-simple"},"_links":{"self":[{"href":"https:\/\/mamaterra.lt\/lv\/wp-json\/wp\/v2\/product\/16223","targetHints":{"allow":["GET"]}}],"collection":[{"href":"https:\/\/mamaterra.lt\/lv\/wp-json\/wp\/v2\/product"}],"about":[{"href":"https:\/\/mamaterra.lt\/lv\/wp-json\/wp\/v2\/types\/product"}],"wp:featuredmedia":[{"embeddable":true,"href":"https:\/\/mamaterra.lt\/lv\/wp-json\/wp\/v2\/media\/11808"}],"wp:attachment":[{"href":"https:\/\/mamaterra.lt\/lv\/wp-json\/wp\/v2\/media?parent=16223"}],"wp:term":[{"taxonomy":"product_brand","embeddable":true,"href":"https:\/\/mamaterra.lt\/lv\/wp-json\/wp\/v2\/product_brand?post=16223"},{"taxonomy":"product_cat","embeddable":true,"href":"https:\/\/mamaterra.lt\/lv\/wp-json\/wp\/v2\/product_cat?post=16223"},{"taxonomy":"product_tag","embeddable":true,"href":"https:\/\/mamaterra.lt\/lv\/wp-json\/wp\/v2\/product_tag?post=16223"}],"curies":[{"name":"wp","href":"https:\/\/api.w.org\/{rel}","templated":true}]}}