{"id":16221,"date":"2021-04-19T09:42:06","date_gmt":"2021-04-19T08:42:06","guid":{"rendered":"https:\/\/mamaterra.lt\/parduotuve\/uncategorized\/doterra-eterisko-ellu-maisijums-adai-hd-clear-10ml\/"},"modified":"2021-04-19T09:42:06","modified_gmt":"2021-04-19T08:42:06","slug":"doterra-essential-oil-blend-skin-hd-clear-10ml","status":"publish","type":"product","link":"https:\/\/mamaterra.lt\/lv\/parduotuve\/higiena-un-adas-kopsana\/doterra-hd-clear-lv\/doterra-essential-oil-blend-skin-hd-clear-10ml\/","title":{"rendered":"doTERRA \u0113terisko e\u013c\u013cu mais\u012bjums \u0101dai HD CLEAR\u2122 10ml"},"content":{"rendered":"<p><strong>doTERRA \u0113terisko e\u013c\u013cu mais\u012bjums \u0101dai HD CLEAR\u2122<\/strong><\/p>\n<p>10 ml pudele ar lod\u012b\u0161u aplikatoru<\/p>\n<p>&nbsp;<\/p>\n<p><strong>doTERRA \u0113terisko e\u013c\u013cu mais\u012bjums \u0101dai HD CLEAR\u2122 Visp\u0101r\u012bg\u0101s \u012bpa\u0161\u012bbas:<\/strong><\/p>\n<p>HD dzidrais mais\u012bjums \u0101dai, uzkl\u0101ts uz noteikt\u0101m viet\u0101m vai visas sejas, pateicoties sast\u0101v\u0101 eso\u0161aj\u0101m \u0113teriskaj\u0101m e\u013c\u013c\u0101m, kas baro \u0101du, pie\u0161\u0137ir \u0101dai t\u012bru un vesel\u012bgu izskatu.<\/p>\n<ul>\n<li>Ar unik\u0101lu melno \u0137imenes s\u0113klu e\u013c\u013cu un CPTG\u2122 kampara kan\u0113\u013ca, t\u0113jas koka, eikalipta, \u0123er\u0101niju un lauru \u0113teriskaj\u0101m e\u013c\u013c\u0101m<\/li>\n<li>Samazina aps\u0101rtumu un pie\u0161\u0137ir \u0101dai t\u012bru izskatu<\/li>\n<\/ul>\n<div id=\"gtx-trans\" style=\"position: absolute; left: -52px; top: 162px;\">\n<div class=\"gtx-trans-icon\"><\/div>\n<\/div>\n","protected":false},"excerpt":{"rendered":"<ul>\n<li>Ar unik\u0101lu melno \u0137imenes s\u0113klu e\u013c\u013cu un CPTG\u2122 kampara kan\u0113\u013ca, t\u0113jas koka, eikalipta, \u0123er\u0101niju un lauru \u0113teriskaj\u0101m e\u013c\u013c\u0101m<\/li>\n<li>Samazina aps\u0101rtumu un pie\u0161\u0137ir \u0101dai t\u012bru izskatu<\/li>\n<\/ul>\n","protected":false},"featured_media":11469,"template":"","meta":{"site-sidebar-layout":"default","site-content-layout":"default","ast-site-content-layout":"default","site-content-style":"default","site-sidebar-style":"default","ast-global-header-display":"","ast-banner-title-visibility":"","ast-main-header-display":"","ast-hfb-above-header-display":"","ast-hfb-below-header-display":"","ast-hfb-mobile-header-display":"","site-post-title":"","ast-breadcrumbs-content":"","ast-featured-img":"","footer-sml-layout":"","ast-disable-related-posts":"","theme-transparent-header-meta":"default","adv-header-id-meta":"","stick-header-meta":"","header-above-stick-meta":"","header-main-stick-meta":"","header-below-stick-meta":"","astra-migrate-meta-layouts":"default","ast-page-background-enabled":"default","ast-page-background-meta":{"desktop":{"background-color":"","background-image":"","background-repeat":"repeat","background-position":"center center","background-size":"auto","background-attachment":"scroll","background-type":"","background-media":"","overlay-type":"","overlay-color":"","overlay-opacity":"","overlay-gradient":""},"tablet":{"background-color":"","background-image":"","background-repeat":"repeat","background-position":"center center","background-size":"auto","background-attachment":"scroll","background-type":"","background-media":"","overlay-type":"","overlay-color":"","overlay-opacity":"","overlay-gradient":""},"mobile":{"background-color":"","background-image":"","background-repeat":"repeat","background-position":"center center","background-size":"auto","background-attachment":"scroll","background-type":"","background-media":"","overlay-type":"","overlay-color":"","overlay-opacity":"","overlay-gradient":""}},"ast-content-background-meta":{"desktop":{"background-color":"var(--ast-global-color-5)","background-image":"","background-repeat":"repeat","background-position":"center center","background-size":"auto","background-attachment":"scroll","background-type":"","background-media":"","overlay-type":"","overlay-color":"","overlay-opacity":"","overlay-gradient":""},"tablet":{"background-color":"var(--ast-global-color-5)","background-image":"","background-repeat":"repeat","background-position":"center center","background-size":"auto","background-attachment":"scroll","background-type":"","background-media":"","overlay-type":"","overlay-color":"","overlay-opacity":"","overlay-gradient":""},"mobile":{"background-color":"var(--ast-global-color-5)","background-image":"","background-repeat":"repeat","background-position":"center center","background-size":"auto","background-attachment":"scroll","background-type":"","background-media":"","overlay-type":"","overlay-color":"","overlay-opacity":"","overlay-gradient":""}}},"product_brand":[],"product_cat":[607,601,604],"product_tag":[682,1503],"class_list":{"0":"post-16221","1":"product","2":"type-product","3":"status-publish","4":"has-post-thumbnail","6":"product_cat-doterra-hd-clear-lv","7":"product_cat-eterisko-ellu-maisijumi","8":"product_cat-higiena-un-adas-kopsana","9":"product_tag-10-ml-lv","10":"product_tag-hd-clear-lv","11":"desktop-align-left","12":"tablet-align-left","13":"mobile-align-left","15":"first","16":"instock","17":"taxable","18":"shipping-taxable","19":"purchasable","20":"product-type-simple"},"_links":{"self":[{"href":"https:\/\/mamaterra.lt\/lv\/wp-json\/wp\/v2\/product\/16221","targetHints":{"allow":["GET"]}}],"collection":[{"href":"https:\/\/mamaterra.lt\/lv\/wp-json\/wp\/v2\/product"}],"about":[{"href":"https:\/\/mamaterra.lt\/lv\/wp-json\/wp\/v2\/types\/product"}],"wp:featuredmedia":[{"embeddable":true,"href":"https:\/\/mamaterra.lt\/lv\/wp-json\/wp\/v2\/media\/11469"}],"wp:attachment":[{"href":"https:\/\/mamaterra.lt\/lv\/wp-json\/wp\/v2\/media?parent=16221"}],"wp:term":[{"taxonomy":"product_brand","embeddable":true,"href":"https:\/\/mamaterra.lt\/lv\/wp-json\/wp\/v2\/product_brand?post=16221"},{"taxonomy":"product_cat","embeddable":true,"href":"https:\/\/mamaterra.lt\/lv\/wp-json\/wp\/v2\/product_cat?post=16221"},{"taxonomy":"product_tag","embeddable":true,"href":"https:\/\/mamaterra.lt\/lv\/wp-json\/wp\/v2\/product_tag?post=16221"}],"curies":[{"name":"wp","href":"https:\/\/api.w.org\/{rel}","templated":true}]}}