{"id":16219,"date":"2021-04-19T08:38:56","date_gmt":"2021-04-19T07:38:56","guid":{"rendered":"https:\/\/mamaterra.lt\/parduotuve\/uncategorized\/doterra-bagatinataju-komplekss-labakai-gremosanai-digestzen-terrazyme\/"},"modified":"2024-01-19T02:45:47","modified_gmt":"2024-01-19T01:45:47","slug":"doterra-supplement-complex-for-better-digestion-digestzen-terrazyme","status":"publish","type":"product","link":"https:\/\/mamaterra.lt\/lv\/parduotuve\/eteriskas-ellas\/doterra-supplement-complex-for-better-digestion-digestzen-terrazyme\/","title":{"rendered":"doTERRA bag\u0101tin\u0101t\u0101ju komplekss lab\u0101kai gremo\u0161anai DigestZen TerraZyme\u2122"},"content":{"rendered":"<p><strong>doTERRA bag\u0101tin\u0101t\u0101ju komplekss lab\u0101kai gremo\u0161anai DigestZen TerraZyme\u2122<\/strong><\/p>\n<p>90 kapsulas<\/p>\n<p>&nbsp;<\/p>\n<p><strong>doTERRA piedevu komplekss lab\u0101kai gremo\u0161anai Digestzen TerraZyme galven\u0101s priek\u0161roc\u012bbas:<\/strong><\/p>\n<p>Komplekss, lai uzlabotu gremo\u0161anu DigestZen TerraZyme ir v\u0113rt\u012bgs papildin\u0101jums, lai stiprin\u0101tu gremo\u0161anas trakta vesel\u012bbu. TerraZyme atbalsta dabiskos gremo\u0161anas procesus, kas notiek j\u016bsu \u0137ermen\u012b. Tas satur popul\u0101ro v\u0113deru nomierino\u0161o doTERRA piparm\u0113tru, ingvera un \u0137imenes s\u0113klu mais\u012bjumu.<\/p>\n<ul>\n<li>Patent\u0113ts akt\u012bvo pilnv\u0113rt\u012bgo fermentu mais\u012bjums<\/li>\n<li>HPMC augu kapsulas bez n\u0101trija laurilsulf\u0101ta<\/li>\n<li>Dro\u0161s un efekt\u012bvs<\/li>\n<\/ul>\n<p>&nbsp;<\/p>\n<p>Noskatieties video par \u0161o <strong>doTERRA piedevu kompleksu lab\u0101kai gremo\u0161anaiZen TerraZyme.<\/strong><\/p>\n<p><iframe title=\"Palieliniet savu enz\u012bmu daudzumu ar TerraZyme\" src=\"https:\/\/www.youtube.com\/embed\/UVvB7vraPiY\" width=\"946\" height=\"532\" frameborder=\"0\" allowfullscreen=\"allowfullscreen\"><\/iframe><\/p>\n","protected":false},"excerpt":{"rendered":"<ul>\n<li>Patent\u0113ts akt\u012bvo pilnv\u0113rt\u012bgo fermentu mais\u012bjums<\/li>\n<li>HPMC augu kapsulas bez n\u0101trija laurilsulf\u0101ta<\/li>\n<li>Dro\u0161s un efekt\u012bvs<\/li>\n<li>VE\u0122ET\u0100R\u0100S KAPSULAS NESATUR N\u0100TRIJA LAURILSULF\u0100TU<\/li>\n<\/ul>\n","protected":false},"featured_media":11606,"template":"","meta":{"site-sidebar-layout":"default","site-content-layout":"default","ast-site-content-layout":"default","site-content-style":"default","site-sidebar-style":"default","ast-global-header-display":"","ast-banner-title-visibility":"","ast-main-header-display":"","ast-hfb-above-header-display":"","ast-hfb-below-header-display":"","ast-hfb-mobile-header-display":"","site-post-title":"","ast-breadcrumbs-content":"","ast-featured-img":"","footer-sml-layout":"","ast-disable-related-posts":"","theme-transparent-header-meta":"default","adv-header-id-meta":"","stick-header-meta":"","header-above-stick-meta":"","header-main-stick-meta":"","header-below-stick-meta":"","astra-migrate-meta-layouts":"default","ast-page-background-enabled":"default","ast-page-background-meta":{"desktop":{"background-color":"","background-image":"","background-repeat":"repeat","background-position":"center center","background-size":"auto","background-attachment":"scroll","background-type":"","background-media":"","overlay-type":"","overlay-color":"","overlay-opacity":"","overlay-gradient":""},"tablet":{"background-color":"","background-image":"","background-repeat":"repeat","background-position":"center center","background-size":"auto","background-attachment":"scroll","background-type":"","background-media":"","overlay-type":"","overlay-color":"","overlay-opacity":"","overlay-gradient":""},"mobile":{"background-color":"","background-image":"","background-repeat":"repeat","background-position":"center center","background-size":"auto","background-attachment":"scroll","background-type":"","background-media":"","overlay-type":"","overlay-color":"","overlay-opacity":"","overlay-gradient":""}},"ast-content-background-meta":{"desktop":{"background-color":"var(--ast-global-color-5)","background-image":"","background-repeat":"repeat","background-position":"center center","background-size":"auto","background-attachment":"scroll","background-type":"","background-media":"","overlay-type":"","overlay-color":"","overlay-opacity":"","overlay-gradient":""},"tablet":{"background-color":"var(--ast-global-color-5)","background-image":"","background-repeat":"repeat","background-position":"center center","background-size":"auto","background-attachment":"scroll","background-type":"","background-media":"","overlay-type":"","overlay-color":"","overlay-opacity":"","overlay-gradient":""},"mobile":{"background-color":"var(--ast-global-color-5)","background-image":"","background-repeat":"repeat","background-position":"center center","background-size":"auto","background-attachment":"scroll","background-type":"","background-media":"","overlay-type":"","overlay-color":"","overlay-opacity":"","overlay-gradient":""}}},"product_brand":[],"product_cat":[600,620],"product_tag":[1214,3381,3389,917],"class_list":{"0":"post-16219","1":"product","2":"type-product","3":"status-publish","4":"has-post-thumbnail","6":"product_cat-eteriskas-ellas","7":"product_cat-gremosanai","8":"product_tag-digestzen-lv","9":"product_tag-fermenti","10":"product_tag-fermenti-lv","11":"product_tag-terrazyme-lv","12":"desktop-align-left","13":"tablet-align-left","14":"mobile-align-left","16":"first","17":"outofstock","18":"taxable","19":"shipping-taxable","20":"purchasable","21":"product-type-simple"},"_links":{"self":[{"href":"https:\/\/mamaterra.lt\/lv\/wp-json\/wp\/v2\/product\/16219","targetHints":{"allow":["GET"]}}],"collection":[{"href":"https:\/\/mamaterra.lt\/lv\/wp-json\/wp\/v2\/product"}],"about":[{"href":"https:\/\/mamaterra.lt\/lv\/wp-json\/wp\/v2\/types\/product"}],"wp:featuredmedia":[{"embeddable":true,"href":"https:\/\/mamaterra.lt\/lv\/wp-json\/wp\/v2\/media\/11606"}],"wp:attachment":[{"href":"https:\/\/mamaterra.lt\/lv\/wp-json\/wp\/v2\/media?parent=16219"}],"wp:term":[{"taxonomy":"product_brand","embeddable":true,"href":"https:\/\/mamaterra.lt\/lv\/wp-json\/wp\/v2\/product_brand?post=16219"},{"taxonomy":"product_cat","embeddable":true,"href":"https:\/\/mamaterra.lt\/lv\/wp-json\/wp\/v2\/product_cat?post=16219"},{"taxonomy":"product_tag","embeddable":true,"href":"https:\/\/mamaterra.lt\/lv\/wp-json\/wp\/v2\/product_tag?post=16219"}],"curies":[{"name":"wp","href":"https:\/\/api.w.org\/{rel}","templated":true}]}}