{"id":16211,"date":"2021-04-19T08:41:09","date_gmt":"2021-04-19T07:41:09","guid":{"rendered":"https:\/\/mamaterra.lt\/parduotuve\/uncategorized\/doterra-papildinajums-ddr-prime-mikstas-kapsulas\/"},"modified":"2021-04-19T08:41:09","modified_gmt":"2021-04-19T07:41:09","slug":"doterra-supplement-ddr-prime-micisanas-kapsulas","status":"publish","type":"product","link":"https:\/\/mamaterra.lt\/lv\/parduotuve\/eteriskas-ellas\/eterisko-ellu-maisijumi\/doterra-supplement-ddr-prime-micisanas-kapsulas\/","title":{"rendered":"doTERRA papildin\u0101jums DDR PRIME\u2122 m\u012bkst\u0101s kapsulas"},"content":{"rendered":"<p><strong>doTERRA papildin\u0101jums DDR PRIME\u2122 m\u012bkst\u0101s kapsulas<\/strong><\/p>\n<p>60 m\u012bkst\u0101s kapsulas<\/p>\n<p>&nbsp;<\/p>\n<p><strong>doTERRA papildin\u0101jums DDR PRIME\u2122 galven\u0101s priek\u0161roc\u012bbas:<\/strong><\/p>\n<p>DDR Prime apvieno krustnagli\u0146u, timi\u0101na un savva\u013cas apels\u012bnu \u0113terisk\u0101s e\u013c\u013cas, kur\u0101m ir antioksidanta iedarb\u012bba. \u0160is mais\u012bjums ir paredz\u0113ts, lai aizsarg\u0101tu \u0137ermeni un \u0161\u016bnas no oksidat\u012bv\u0101 stresa.<\/p>\n<ul>\n<li>Ar krustnagli\u0146u, timi\u0101na un savva\u013cas apels\u012bnu \u0113teriskaj\u0101m e\u013c\u013c\u0101m<\/li>\n<li>Ve\u0123et\u0101raj\u0101s m\u012bkstaj\u0101s kapsul\u0101s<\/li>\n<\/ul>\n<p>&nbsp;<\/p>\n<p>Noskatieties video par \u0161o <strong>doTERRA DDR PRIME\u2122 papildin\u0101jumu.<\/strong><\/p>\n<p><iframe title=\"DDR Prime\" src=\"https:\/\/www.youtube.com\/embed\/AJZyWXNSktc\" width=\"946\" height=\"532\" frameborder=\"0\" allowfullscreen=\"allowfullscreen\"><\/iframe><\/p>\n","protected":false},"excerpt":{"rendered":"<ul>\n<li>Ar krustnagli\u0146u, timi\u0101na un savva\u013cas apels\u012bnu \u0113teriskaj\u0101m e\u013c\u013c\u0101m<\/li>\n<li>Ve\u0123et\u0101raj\u0101s m\u012bkstaj\u0101s kapsul\u0101s<\/li>\n<\/ul>\n","protected":false},"featured_media":11457,"template":"","meta":{"site-sidebar-layout":"default","site-content-layout":"default","ast-site-content-layout":"default","site-content-style":"default","site-sidebar-style":"default","ast-global-header-display":"","ast-banner-title-visibility":"","ast-main-header-display":"","ast-hfb-above-header-display":"","ast-hfb-below-header-display":"","ast-hfb-mobile-header-display":"","site-post-title":"","ast-breadcrumbs-content":"","ast-featured-img":"","footer-sml-layout":"","ast-disable-related-posts":"","theme-transparent-header-meta":"default","adv-header-id-meta":"","stick-header-meta":"","header-above-stick-meta":"","header-main-stick-meta":"","header-below-stick-meta":"","astra-migrate-meta-layouts":"default","ast-page-background-enabled":"default","ast-page-background-meta":{"desktop":{"background-color":"","background-image":"","background-repeat":"repeat","background-position":"center center","background-size":"auto","background-attachment":"scroll","background-type":"","background-media":"","overlay-type":"","overlay-color":"","overlay-opacity":"","overlay-gradient":""},"tablet":{"background-color":"","background-image":"","background-repeat":"repeat","background-position":"center center","background-size":"auto","background-attachment":"scroll","background-type":"","background-media":"","overlay-type":"","overlay-color":"","overlay-opacity":"","overlay-gradient":""},"mobile":{"background-color":"","background-image":"","background-repeat":"repeat","background-position":"center center","background-size":"auto","background-attachment":"scroll","background-type":"","background-media":"","overlay-type":"","overlay-color":"","overlay-opacity":"","overlay-gradient":""}},"ast-content-background-meta":{"desktop":{"background-color":"var(--ast-global-color-5)","background-image":"","background-repeat":"repeat","background-position":"center center","background-size":"auto","background-attachment":"scroll","background-type":"","background-media":"","overlay-type":"","overlay-color":"","overlay-opacity":"","overlay-gradient":""},"tablet":{"background-color":"var(--ast-global-color-5)","background-image":"","background-repeat":"repeat","background-position":"center center","background-size":"auto","background-attachment":"scroll","background-type":"","background-media":"","overlay-type":"","overlay-color":"","overlay-opacity":"","overlay-gradient":""},"mobile":{"background-color":"var(--ast-global-color-5)","background-image":"","background-repeat":"repeat","background-position":"center center","background-size":"auto","background-attachment":"scroll","background-type":"","background-media":"","overlay-type":"","overlay-color":"","overlay-opacity":"","overlay-gradient":""}}},"product_brand":[],"product_cat":[601],"product_tag":[1519],"class_list":{"0":"post-16211","1":"product","2":"type-product","3":"status-publish","4":"has-post-thumbnail","6":"product_cat-eterisko-ellu-maisijumi","7":"product_tag-ddr-prime-lv","8":"desktop-align-left","9":"tablet-align-left","10":"mobile-align-left","12":"first","13":"instock","14":"taxable","15":"shipping-taxable","16":"purchasable","17":"product-type-simple"},"_links":{"self":[{"href":"https:\/\/mamaterra.lt\/lv\/wp-json\/wp\/v2\/product\/16211","targetHints":{"allow":["GET"]}}],"collection":[{"href":"https:\/\/mamaterra.lt\/lv\/wp-json\/wp\/v2\/product"}],"about":[{"href":"https:\/\/mamaterra.lt\/lv\/wp-json\/wp\/v2\/types\/product"}],"wp:featuredmedia":[{"embeddable":true,"href":"https:\/\/mamaterra.lt\/lv\/wp-json\/wp\/v2\/media\/11457"}],"wp:attachment":[{"href":"https:\/\/mamaterra.lt\/lv\/wp-json\/wp\/v2\/media?parent=16211"}],"wp:term":[{"taxonomy":"product_brand","embeddable":true,"href":"https:\/\/mamaterra.lt\/lv\/wp-json\/wp\/v2\/product_brand?post=16211"},{"taxonomy":"product_cat","embeddable":true,"href":"https:\/\/mamaterra.lt\/lv\/wp-json\/wp\/v2\/product_cat?post=16211"},{"taxonomy":"product_tag","embeddable":true,"href":"https:\/\/mamaterra.lt\/lv\/wp-json\/wp\/v2\/product_tag?post=16211"}],"curies":[{"name":"wp","href":"https:\/\/api.w.org\/{rel}","templated":true}]}}